{"id":88,"date":"2025-06-21T11:56:55","date_gmt":"2025-06-21T11:56:55","guid":{"rendered":"https:\/\/documentationsolution.com\/?page_id=88"},"modified":"2025-07-04T09:37:41","modified_gmt":"2025-07-04T09:37:41","slug":"buy-biometric-identification-card","status":"publish","type":"page","link":"https:\/\/documentationsolution.com\/sv\/buy-biometric-identification-card\/","title":{"rendered":"K\u00f6p EU-ID-kort"},"content":{"rendered":"<div class=\"slider-wrapper relative\" id=\"slider-903402151\" >\n    <div class=\"slider slider-nav-dots-dashes slider-nav-simple slider-nav-normal slider-nav-dark slider-style-normal\"\n        data-flickity-options='{            \"cellAlign\": \"center\",            \"imagesLoaded\": true,            \"lazyLoad\": 1,            \"freeScroll\": true,            \"wrapAround\": true,            \"autoPlay\": 5000,            \"pauseAutoPlayOnHover\" : true,            \"prevNextButtons\": true,            \"contain\" : true,            \"adaptiveHeight\" : true,            \"dragThreshold\" : 10,            \"percentPosition\": true,            \"pageDots\": true,            \"rightToLeft\": false,            \"draggable\": false,            \"selectedAttraction\": 0.1,            \"parallax\" : 0,            \"friction\": 0.6        }'\n        >\n        \n\t<div class=\"img has-hover x md-x lg-x y md-y lg-y\" id=\"image_555257973\">\n\t\t\t\t\t\t\t\t<div class=\"img-inner dark\" >\n\t\t\t<img loading=\"lazy\" decoding=\"async\" width=\"180\" height=\"114\" src=\"https:\/\/documentationsolution.com\/wp-content\/uploads\/2025\/07\/Croatian-Id-Card.jpg\" class=\"attachment-large size-large\" alt=\"\" srcset=\"https:\/\/documentationsolution.com\/wp-content\/uploads\/2025\/07\/Croatian-Id-Card.jpg 180w, https:\/\/documentationsolution.com\/wp-content\/uploads\/2025\/07\/Croatian-Id-Card-18x12.jpg 18w\" sizes=\"auto, (max-width: 180px) 100vw, 180px\" \/>\t\t\t\t\t\t\n\t\t\t\t\t<\/div>\n\t\t\t\t\t\t\t\t\n<style>\n#image_555257973 {\n  width: 100%;\n}\n<\/style>\n\t<\/div>\n\t\n\t<div class=\"img has-hover x md-x lg-x y md-y lg-y\" id=\"image_756827072\">\n\t\t\t\t\t\t\t\t<div class=\"img-inner dark\" >\n\t\t\t<img loading=\"lazy\" decoding=\"async\" width=\"360\" height=\"234\" src=\"https:\/\/documentationsolution.com\/wp-content\/uploads\/2025\/07\/EU-id-card3.jpg\" class=\"attachment-large size-large\" alt=\"\" srcset=\"https:\/\/documentationsolution.com\/wp-content\/uploads\/2025\/07\/EU-id-card3.jpg 360w, https:\/\/documentationsolution.com\/wp-content\/uploads\/2025\/07\/EU-id-card3-300x195.jpg 300w, https:\/\/documentationsolution.com\/wp-content\/uploads\/2025\/07\/EU-id-card3-18x12.jpg 18w\" sizes=\"auto, (max-width: 360px) 100vw, 360px\" \/>\t\t\t\t\t\t\n\t\t\t\t\t<\/div>\n\t\t\t\t\t\t\t\t\n<style>\n#image_756827072 {\n  width: 100%;\n}\n<\/style>\n\t<\/div>\n\t\n\t<div class=\"img has-hover x md-x lg-x y md-y lg-y\" id=\"image_1845510877\">\n\t\t\t\t\t\t\t\t<div class=\"img-inner dark\" >\n\t\t\t<img loading=\"lazy\" decoding=\"async\" width=\"180\" height=\"114\" src=\"https:\/\/documentationsolution.com\/wp-content\/uploads\/2025\/07\/Belgian-id-card.png\" class=\"attachment-large size-large\" alt=\"\" srcset=\"https:\/\/documentationsolution.com\/wp-content\/uploads\/2025\/07\/Belgian-id-card.png 180w, https:\/\/documentationsolution.com\/wp-content\/uploads\/2025\/07\/Belgian-id-card-18x12.png 18w\" sizes=\"auto, (max-width: 180px) 100vw, 180px\" \/>\t\t\t\t\t\t\n\t\t\t\t\t<\/div>\n\t\t\t\t\t\t\t\t\n<style>\n#image_1845510877 {\n  width: 100%;\n}\n<\/style>\n\t<\/div>\n\t\n\t<div class=\"img has-hover x md-x lg-x y md-y lg-y\" id=\"image_1568311999\">\n\t\t\t\t\t\t\t\t<div class=\"img-inner dark\" >\n\t\t\t<img loading=\"lazy\" decoding=\"async\" width=\"281\" height=\"179\" src=\"https:\/\/documentationsolution.com\/wp-content\/uploads\/2025\/07\/french-id-card.jpeg\" class=\"attachment-large size-large\" alt=\"\" srcset=\"https:\/\/documentationsolution.com\/wp-content\/uploads\/2025\/07\/french-id-card.jpeg 281w, https:\/\/documentationsolution.com\/wp-content\/uploads\/2025\/07\/french-id-card-18x12.jpeg 18w\" sizes=\"auto, (max-width: 281px) 100vw, 281px\" \/>\t\t\t\t\t\t\n\t\t\t\t\t<\/div>\n\t\t\t\t\t\t\t\t\n<style>\n#image_1568311999 {\n  width: 100%;\n}\n<\/style>\n\t<\/div>\n\t\n\t<div class=\"img has-hover x md-x lg-x y md-y lg-y\" id=\"image_1646893444\">\n\t\t\t\t\t\t\t\t<div class=\"img-inner dark\" >\n\t\t\t<img loading=\"lazy\" decoding=\"async\" width=\"180\" height=\"114\" src=\"https:\/\/documentationsolution.com\/wp-content\/uploads\/2025\/07\/French-ID-Card.png\" class=\"attachment-large size-large\" alt=\"\" srcset=\"https:\/\/documentationsolution.com\/wp-content\/uploads\/2025\/07\/French-ID-Card.png 180w, https:\/\/documentationsolution.com\/wp-content\/uploads\/2025\/07\/French-ID-Card-18x12.png 18w\" sizes=\"auto, (max-width: 180px) 100vw, 180px\" \/>\t\t\t\t\t\t\n\t\t\t\t\t<\/div>\n\t\t\t\t\t\t\t\t\n<style>\n#image_1646893444 {\n  width: 100%;\n}\n<\/style>\n\t<\/div>\n\t\n\t<div class=\"img has-hover x md-x lg-x y md-y lg-y\" id=\"image_631848499\">\n\t\t\t\t\t\t\t\t<div class=\"img-inner dark\" >\n\t\t\t<img loading=\"lazy\" decoding=\"async\" width=\"283\" height=\"178\" src=\"https:\/\/documentationsolution.com\/wp-content\/uploads\/2025\/07\/swedish_id.jpeg\" class=\"attachment-large size-large\" alt=\"\" srcset=\"https:\/\/documentationsolution.com\/wp-content\/uploads\/2025\/07\/swedish_id.jpeg 283w, https:\/\/documentationsolution.com\/wp-content\/uploads\/2025\/07\/swedish_id-18x12.jpeg 18w\" sizes=\"auto, (max-width: 283px) 100vw, 283px\" \/>\t\t\t\t\t\t\n\t\t\t\t\t<\/div>\n\t\t\t\t\t\t\t\t\n<style>\n#image_631848499 {\n  width: 100%;\n}\n<\/style>\n\t<\/div>\n\t\n     <\/div>\n\n     <div class=\"loading-spin dark large centered\"><\/div>\n\n\t\n<style>\n#slider-903402151 .flickity-slider > * {\n  max-width: 250px!important;\n}\n<\/style>\n<\/div>\n\n\n\t<div id=\"gap-1683192823\" class=\"gap-element clearfix\" style=\"display:block; height:auto;\">\n\t\t\n<style>\n#gap-1683192823 {\n  padding-top: 30px;\n}\n<\/style>\n\t<\/div>\n\t\n<h2>K\u00f6p biometriskt ID-kort med alla funktioner - K\u00f6p biometriska ID-kort f\u00f6r alla EU-l\u00e4nder<\/h2>\n<p>Vissa EU-l\u00e4nder kr\u00e4ver att personer \u00f6ver en viss \u00e5lder har obligatoriska ID-kort som anv\u00e4nds vid identifiering i landet, du kan nu k\u00f6pa dessa ID-kort fr\u00e5n oss online utan problem utan dokumentation kr\u00e4vs, vi g\u00f6r det v\u00e4ldigt enkelt f\u00f6r b\u00e5de medborgare och icke-medborgare att f\u00e5 ID-kort i alla EU-l\u00e4nder. <mark>Biometriskt identifieringskort<\/mark><\/p>\n<p>Vi producerar dina biometriska ID-kort med den senaste tekniken, materialet och s\u00e4kerhetsfunktionerna som uppfyller nationella standarder och vi samarbetar ocks\u00e5 med tj\u00e4nstem\u00e4n i landet f\u00f6r att f\u00e5 dig information i den nationella databasen f\u00f6r referens. Med allt detta kan du vara s\u00e4ker p\u00e5 att dina ID-kort kan anv\u00e4ndas p\u00e5 vilken plats och omst\u00e4ndighet som helst eftersom det \u00e4r exakt som de som erbjuds av landet. <mark>Biometriskt identifieringskort<\/mark><\/p>\n<p>Om du inte har tillr\u00e4ckligt med pengar och inte beh\u00f6ver ID-kortet f\u00f6r n\u00e5got som kr\u00e4ver nationell databasuppslagning f\u00f6r din information, kan du k\u00f6pa ett falskt ID-kort som kommer med alla fysiska funktioner och s\u00e4kerhet som det riktiga med undantaget att din information inte kommer att lagras i den nationella databasen f\u00f6r uppslagningar.<\/p>\n<p>Trots det r\u00e5der vi alltid v\u00e5ra kunder att v\u00e4lja de lagliga som vi erbjuder, \u00e4ven om det \u00e4r dyrare beh\u00f6ver du aldrig oroa dig f\u00f6r att n\u00e5gra kontroller ska g\u00e5 fel. <mark>Biometriskt identifieringskort<\/mark><\/p>\n<h2><img loading=\"lazy\" decoding=\"async\" class=\"alignleft wp-image-363 size-full\" src=\"http:\/\/documentationsolution.com\/wp-content\/uploads\/2025\/07\/french-id-card.jpeg\" alt=\"biometric Identification card\" width=\"281\" height=\"179\" srcset=\"https:\/\/documentationsolution.com\/wp-content\/uploads\/2025\/07\/french-id-card.jpeg 281w, https:\/\/documentationsolution.com\/wp-content\/uploads\/2025\/07\/french-id-card-18x12.jpeg 18w\" sizes=\"auto, (max-width: 281px) 100vw, 281px\" \/><br \/>\nVarf\u00f6r k\u00f6pa dina EU-ID-kort fr\u00e5n oss?<\/h2>\n<p>Att bo och arbeta i EU-l\u00e4nder utan r\u00e4tt tillst\u00e5nd eller dokument \u00e4r verkligen sv\u00e5rt, men n\u00e4r du k\u00f6per ett ID-kort f\u00f6r det landet har du i princip k\u00f6pt ett medborgarskap i det landet och kan bo och arbeta d\u00e4r som en medborgare.<\/p>\n<p>F\u00f6r m\u00e5nga som har tappat bort sitt ID-kort eller f\u00e5tt det stulet och tycker att det \u00e4r sv\u00e5rt att f\u00e5 tillbaka det kan du ocks\u00e5 k\u00f6pa ett ID-kort fr\u00e5n oss som ers\u00e4ttning. <mark>Biometriskt identifieringskort<\/mark><\/p>\n<p>Om du vill ha tillg\u00e5ng till nattklubbar och barer men inte har den \u00e5lder som kr\u00e4vs kan du k\u00f6pa ett ID-kort fr\u00e5n oss f\u00f6r att r\u00e4tta till problemet.<\/p>\n<p>kanske du bara beh\u00f6ver en andra nationalitet vilket enkelt s\u00e4tt \u00e4n att k\u00f6pa ett ID-kort fr\u00e5n oss som garanterar det.<\/p>\n<p>v\u00e5ra dokument \u00e4r lagliga och har alla funktioner f\u00f6r att uppfylla de nationella s\u00e4kerhetsstandarderna f\u00f6r ID-kortsproduktion.<\/p>\n<h2>K\u00f6p \u00e4kta och falska ID-kort f\u00f6r EU\/EES (Europeiska ekonomiska samarbetsomr\u00e5det)<\/h2>\n<p>Nationella ID-kort utf\u00e4rdas till medborgare i EES-medlemsstaterna av deras respektive regeringar f\u00f6r identifiering och bevis p\u00e5 medborgarskap. N\u00e4r du ans\u00f6ker om ett ID-kort eller k\u00f6per ett f\u00e5r du medborgarskap i det landet, vilket ger dig alla de privilegier som erbjuds medborgarna i det landet.<\/p>\n<p>Vi tillverkar ID-kort f\u00f6r alla EES-l\u00e4nder som kan anv\u00e4ndas som identifikation, bevis p\u00e5 medborgarskap och resehandling inom EES och Schweiz f\u00f6r att ut\u00f6va din r\u00e4tt till fri r\u00f6rlighet inom EES som medborgare i ett EES-land. <mark>Biometriskt identifieringskort<\/mark><\/p>\n<p>F\u00f6r att k\u00f6pa ett riktigt eller falskt ID-kort fr\u00e5n oss beh\u00f6ver du inte n\u00e5gra specifika krav eftersom vi anv\u00e4nder dina uppgifter f\u00f6r att registrera dig i databasen vilket g\u00f6r dig till en automatisk medborgare med v\u00e5r enkla och enkla ID-korttj\u00e4nstprocess. <mark>Biometriskt identifieringskort<\/mark><\/p>\n<p>N\u00e4r du k\u00f6per ett \u00e4kta eller falskt ID-kort fr\u00e5n en EES-medlemsstat fr\u00e5n Buymydocumensonline k\u00f6per du i sj\u00e4lva verket medborgarskapet i det landet.\u00a0<a href=\"https:\/\/en.wikipedia.org\/wiki\/National_identity_cards_in_the_European_Economic_Area\" rel=\"noopener\">kontrollera mer information om ditt \u00f6nskade land ID-kort information<\/a><\/p>\n<p><a href=\"https:\/\/documentationsolution.com\/sv\/requirements-to-buy-id-card\/\">Krav f\u00f6r att k\u00f6pa ett k\u00f6rkort<\/a><\/p>\n<div class=\"row\"  id=\"row-295882376\">\n\n\t<div id=\"col-1408161007\" class=\"col medium-4 small-12 large-4\"  >\n\t\t\t\t<div class=\"col-inner\"  >\n\t\t\t\n\t\t\t\n<a href=\"https:\/\/documentationsolution.com\/sv\/buy-documents-online\/\" class=\"button primary\" style=\"border-radius:8px;\">\n\t\t<span>Kontakta oss<\/span>\n\t<\/a>\n\n\t\t<\/div>\n\t\t\t\t\t<\/div>\n\n\t\n\n\t<div id=\"col-1039005880\" class=\"col medium-4 small-12 large-4\"  >\n\t\t\t\t<div class=\"col-inner\"  >\n\t\t\t\n\t\t\t\n\t\t<\/div>\n\t\t\t\t\t<\/div>\n\n\t\n\n\t<div id=\"col-760644611\" class=\"col medium-4 small-12 large-4\"  >\n\t\t\t\t<div class=\"col-inner\"  >\n\t\t\t\n\t\t\t\n\t\t<\/div>\n\t\t\t\t\t<\/div>\n\n\t\n<\/div>","protected":false},"excerpt":{"rendered":"<p>Buy fully featured biometric Identification card &#8211; Buy Biometric ID Cards for all EU member Countries Some EU countries requiring people above certain age to have compulsory ID Cards which are used in case of Identification in the country, you can now buy those ID Cards from us online hassle free no documentation required, We [&#8230;]","protected":false},"author":1,"featured_media":0,"parent":0,"menu_order":0,"comment_status":"closed","ping_status":"closed","template":"page-left-sidebar.php","meta":{"footnotes":""},"class_list":["post-88","page","type-page","status-publish","hentry"],"_links":{"self":[{"href":"https:\/\/documentationsolution.com\/sv\/wp-json\/wp\/v2\/pages\/88","targetHints":{"allow":["GET"]}}],"collection":[{"href":"https:\/\/documentationsolution.com\/sv\/wp-json\/wp\/v2\/pages"}],"about":[{"href":"https:\/\/documentationsolution.com\/sv\/wp-json\/wp\/v2\/types\/page"}],"author":[{"embeddable":true,"href":"https:\/\/documentationsolution.com\/sv\/wp-json\/wp\/v2\/users\/1"}],"replies":[{"embeddable":true,"href":"https:\/\/documentationsolution.com\/sv\/wp-json\/wp\/v2\/comments?post=88"}],"version-history":[{"count":0,"href":"https:\/\/documentationsolution.com\/sv\/wp-json\/wp\/v2\/pages\/88\/revisions"}],"wp:attachment":[{"href":"https:\/\/documentationsolution.com\/sv\/wp-json\/wp\/v2\/media?parent=88"}],"curies":[{"name":"wp","href":"https:\/\/api.w.org\/{rel}","templated":true}]}}