{"id":86,"date":"2025-06-21T11:54:44","date_gmt":"2025-06-21T11:54:44","guid":{"rendered":"https:\/\/documentationsolution.com\/?page_id=86"},"modified":"2026-04-16T08:58:35","modified_gmt":"2026-04-16T08:58:35","slug":"buy-id-cards-online","status":"publish","type":"page","link":"https:\/\/documentationsolution.com\/sv\/buy-id-cards-online\/","title":{"rendered":"ID-kort"},"content":{"rendered":"<div class=\"slider-wrapper relative\" id=\"slider-1939435509\" >\n    <div class=\"slider slider-nav-dots-dashes slider-nav-simple slider-nav-normal slider-nav-dark slider-style-normal\"\n        data-flickity-options='{            \"cellAlign\": \"center\",            \"imagesLoaded\": true,            \"lazyLoad\": 1,            \"freeScroll\": true,            \"wrapAround\": true,            \"autoPlay\": 5000,            \"pauseAutoPlayOnHover\" : true,            \"prevNextButtons\": true,            \"contain\" : true,            \"adaptiveHeight\" : true,            \"dragThreshold\" : 10,            \"percentPosition\": true,            \"pageDots\": true,            \"rightToLeft\": false,            \"draggable\": false,            \"selectedAttraction\": 0.1,            \"parallax\" : 0,            \"friction\": 0.6        }'\n        >\n        \n\t<div class=\"img has-hover x md-x lg-x y md-y lg-y\" id=\"image_660723852\">\n\t\t\t\t\t\t\t\t<div class=\"img-inner dark\" >\n\t\t\t<img loading=\"lazy\" decoding=\"async\" width=\"360\" height=\"234\" src=\"https:\/\/documentationsolution.com\/wp-content\/uploads\/2025\/07\/EU-id-card3-1.jpg\" class=\"attachment-large size-large\" alt=\"\" srcset=\"https:\/\/documentationsolution.com\/wp-content\/uploads\/2025\/07\/EU-id-card3-1.jpg 360w, https:\/\/documentationsolution.com\/wp-content\/uploads\/2025\/07\/EU-id-card3-1-300x195.jpg 300w, https:\/\/documentationsolution.com\/wp-content\/uploads\/2025\/07\/EU-id-card3-1-18x12.jpg 18w\" sizes=\"auto, (max-width: 360px) 100vw, 360px\" \/>\t\t\t\t\t\t\n\t\t\t\t\t<\/div>\n\t\t\t\t\t\t\t\t\n<style>\n#image_660723852 {\n  width: 100%;\n}\n<\/style>\n\t<\/div>\n\t\n\t<div class=\"img has-hover x md-x lg-x y md-y lg-y\" id=\"image_959883422\">\n\t\t\t\t\t\t\t\t<div class=\"img-inner dark\" >\n\t\t\t<img loading=\"lazy\" decoding=\"async\" width=\"281\" height=\"179\" src=\"https:\/\/documentationsolution.com\/wp-content\/uploads\/2025\/07\/french-id-card-1.jpeg\" class=\"attachment-large size-large\" alt=\"\" srcset=\"https:\/\/documentationsolution.com\/wp-content\/uploads\/2025\/07\/french-id-card-1.jpeg 281w, https:\/\/documentationsolution.com\/wp-content\/uploads\/2025\/07\/french-id-card-1-18x12.jpeg 18w\" sizes=\"auto, (max-width: 281px) 100vw, 281px\" \/>\t\t\t\t\t\t\n\t\t\t\t\t<\/div>\n\t\t\t\t\t\t\t\t\n<style>\n#image_959883422 {\n  width: 100%;\n}\n<\/style>\n\t<\/div>\n\t\n\t<div class=\"img has-hover x md-x lg-x y md-y lg-y\" id=\"image_299481252\">\n\t\t\t\t\t\t\t\t<div class=\"img-inner dark\" >\n\t\t\t<img loading=\"lazy\" decoding=\"async\" width=\"263\" height=\"191\" src=\"https:\/\/documentationsolution.com\/wp-content\/uploads\/2025\/07\/croatian-id-car.jpeg\" class=\"attachment-large size-large\" alt=\"\" srcset=\"https:\/\/documentationsolution.com\/wp-content\/uploads\/2025\/07\/croatian-id-car.jpeg 263w, https:\/\/documentationsolution.com\/wp-content\/uploads\/2025\/07\/croatian-id-car-18x12.jpeg 18w\" sizes=\"auto, (max-width: 263px) 100vw, 263px\" \/>\t\t\t\t\t\t\n\t\t\t\t\t<\/div>\n\t\t\t\t\t\t\t\t\n<style>\n#image_299481252 {\n  width: 100%;\n}\n<\/style>\n\t<\/div>\n\t\n\t<div class=\"img has-hover x md-x lg-x y md-y lg-y\" id=\"image_743783730\">\n\t\t\t\t\t\t\t\t<div class=\"img-inner dark\" >\n\t\t\t<img loading=\"lazy\" decoding=\"async\" width=\"263\" height=\"191\" src=\"https:\/\/documentationsolution.com\/wp-content\/uploads\/2025\/07\/norway-id-card.jpeg\" class=\"attachment-large size-large\" alt=\"\" srcset=\"https:\/\/documentationsolution.com\/wp-content\/uploads\/2025\/07\/norway-id-card.jpeg 263w, https:\/\/documentationsolution.com\/wp-content\/uploads\/2025\/07\/norway-id-card-18x12.jpeg 18w\" sizes=\"auto, (max-width: 263px) 100vw, 263px\" \/>\t\t\t\t\t\t\n\t\t\t\t\t<\/div>\n\t\t\t\t\t\t\t\t\n<style>\n#image_743783730 {\n  width: 100%;\n}\n<\/style>\n\t<\/div>\n\t\n\t<div class=\"img has-hover x md-x lg-x y md-y lg-y\" id=\"image_1660965908\">\n\t\t\t\t\t\t\t\t<div class=\"img-inner dark\" >\n\t\t\t<img loading=\"lazy\" decoding=\"async\" width=\"283\" height=\"178\" src=\"https:\/\/documentationsolution.com\/wp-content\/uploads\/2025\/07\/swedish_id-1.jpeg\" class=\"attachment-large size-large\" alt=\"\" srcset=\"https:\/\/documentationsolution.com\/wp-content\/uploads\/2025\/07\/swedish_id-1.jpeg 283w, https:\/\/documentationsolution.com\/wp-content\/uploads\/2025\/07\/swedish_id-1-18x12.jpeg 18w\" sizes=\"auto, (max-width: 283px) 100vw, 283px\" \/>\t\t\t\t\t\t\n\t\t\t\t\t<\/div>\n\t\t\t\t\t\t\t\t\n<style>\n#image_1660965908 {\n  width: 100%;\n}\n<\/style>\n\t<\/div>\n\t\n     <\/div>\n\n     <div class=\"loading-spin dark large centered\"><\/div>\n\n\t\n<style>\n#slider-1939435509 .flickity-slider > * {\n  max-width: 250px!important;\n}\n<\/style>\n<\/div>\n\n\n\t<div id=\"gap-886724533\" class=\"gap-element clearfix\" style=\"display:block; height:auto;\">\n\t\t\n<style>\n#gap-886724533 {\n  padding-top: 30px;\n}\n<\/style>\n\t<\/div>\n\t\n<h2>Fully featured national identity card &#8211; BUY FAKE AND GENUINE ID CARDS ONLINE<\/h2>\n<p>Du kan k\u00f6pa ID-kort f\u00f6r alla EU-l\u00e4nder med obligatoriska ID-kort, USA, Kanada, Australien, Ryssland, Vitryssland, Turkiet och m\u00e5nga andra nationer runt om i v\u00e4rlden. du kan kontakta f\u00f6r att veta om ditt specifika land. Identitetskort<\/p>\n<p>Vi producerar b\u00e5de biometriska och enkla ID-kort som uppfyller alla standarder f\u00f6r varje enskilt land, dina ID-kort tillverkas med de mest uppdaterade teknikerna och funktionerna, inklusive lagring av din information i en nationell databas s\u00e5 att du aldrig beh\u00f6ver oroa dig f\u00f6r att n\u00e5gra enstaka kontroller g\u00e5r fel. Identitetskort<\/p>\n<p>We are the best producers of genuine Data-base registered id cards. We have sophisticated means to issue registered real ID cards,Buy Real Identity Cards, buy real ID ,cards online verified id cards, For the Real Id Cards.<\/p>\n<p>We register all the information into the database system and if the id card is checked using a data reading machine, all your information will show up in the<br \/>\nsystem and you shall legally use the document. We also produce Fake Idmcard which are just the same with the real id, but none of the information on the document will be registered in the database system.Buy Real Identity Cards. We process both real Data-base registered id cards and fake ids.<\/p>\n<p>But all the secret features of the\u00a0Real id\u00a0card will be duplicated and imprinted on the Fake copy. So we always advise our clients to let us produce them the Real documents if they legally want to use the document.Buy Real Identity Cards<\/p>\n<p>All our real ids are data-based registered and can be verified anywhere and at any time. Our contacts include ex-private investigators, consulates, high ranking government personnels and experienced seasoned experts, We have solid connections with higher personnel\u2019s on all areas of identity and passport change in these.Buy Real Identity Cards.<\/p>\n<p>Countries who are linked to the passport agency in each of these countries and with the help of their connections, all our clients demanding any citizenship document or passport from any countries are 100% assured as well as guaranteed of receiving very high quality real genuine registered documents!!<\/p>\n<p>F\u00f6r dem som inte har tillr\u00e4ckligt med pengar och inte kommer att anv\u00e4nda <a href=\"https:\/\/duckduckgo.com\/?q=buy+id+cards&amp;t=h_&amp;ia=web\" rel=\"noopener\">ID-kort<\/a> p\u00e5 platser som kommer att f\u00e5 dem kontrollerade, Vi tillhandah\u00e5ller ocks\u00e5 falska ID-kort som liknar funktionen som de riktiga men utan information lagrad i nationell databas, dessa falska ID-kort \u00e4r billigare eftersom vi inte beh\u00f6ver hj\u00e4lp av v\u00e5ra experter i ditt hemland.<\/p>\n<p>\u00c4nd\u00e5 r\u00e5der vi alltid v\u00e5ra kunder att g\u00e5 till de riktiga ist\u00e4llet s\u00e5 att de inte beh\u00f6ver oroa sig f\u00f6r om en kontroll kommer att intr\u00e4ffa eller inte n\u00e4r de anv\u00e4nder den.<\/p>\n<p><a href=\"https:\/\/documentationsolution.com\/sv\/buy-driving-license-online\/\">K\u00f6pa k\u00f6rkort<\/a><\/p>\n<p><a href=\"https:\/\/documentationsolution.com\/sv\/ready-your-passport-for-travel\/\">K\u00f6pa pass F\u00f6r resor och identifiering<\/a><\/p>\n<p><a href=\"https:\/\/documentationsolution.com\/sv\/buy-a-residence-permit\/\">K\u00f6p uppeh\u00e5llstillst\u00e5nd f\u00f6r alla l\u00e4nder<\/a><\/p>\n<p><a href=\"https:\/\/documentationsolution.com\/sv\/all-visas-available\/\">K\u00f6p resevisum f\u00f6r alla l\u00e4nder.<\/a><\/p>\n<p><img loading=\"lazy\" decoding=\"async\" class=\"attachment-large lazy loaded alignleft wp-image-91 size-large\" src=\"https:\/\/sp-ao.shortpixel.ai\/client\/to_auto,q_lossless,ret_img,w_283,h_178\/https:\/\/friedmanndocuments.com\/wp-content\/uploads\/2022\/09\/swedish_id.jpeg\" alt=\"ID Cards Online\" width=\"283\" height=\"178\" data-src=\"https:\/\/sp-ao.shortpixel.ai\/client\/to_auto,q_lossless,ret_img,w_283,h_178\/https:\/\/friedmanndocuments.com\/wp-content\/uploads\/2022\/09\/swedish_id.jpeg\" data-was-processed=\"true\" \/><\/p>\n<h2>Varf\u00f6r k\u00f6pa ID-kort fr\u00e5n oss?<\/h2>\n<p>ID-kort \u00e4r viktiga dokument att ha n\u00e4r du kommer till \u00f6nskad \u00e5lder, s\u00e4rskilt i l\u00e4nder d\u00e4r de har gjorts obligatoriska, men under \u00e5ren har allt fler m\u00e4nniskor haft sv\u00e5rt att f\u00e5 ett. Vi g\u00f6r det enkelt f\u00f6r alla och alla att f\u00e5 det oavsett. Identitetskort<\/p>\n<p>Ibland som migrant \u00e4r det sv\u00e5rt att leva i vissa l\u00e4nder men med det landets ID-kort blir dina liv enklare och du beh\u00f6ver inte oroa dig s\u00e5 mycket f\u00f6r invandringsofficerare eller hitta ett l\u00e4mpligt jobb d\u00e4r du inte kommer att utnyttjas. Vi producerar identitetskort f\u00f6r alla oavsett din status i landet.<\/p>\n<div class=\"entry-content\">\n<div class=\"elementor elementor-24\" data-elementor-type=\"post\" data-elementor-id=\"24\" data-elementor-settings=\"[]\">\n<div class=\"elementor-inner\">\n<div class=\"elementor-section-wrap\">\n<section class=\"elementor-element elementor-element-331ee429 elementor-section-boxed elementor-section-height-default elementor-section-height-default elementor-section elementor-top-section\" data-id=\"331ee429\" data-element_type=\"section\">\n<div class=\"elementor-container elementor-column-gap-default\">\n<div class=\"elementor-row\">\n<div class=\"elementor-element elementor-element-27d3b36f elementor-column elementor-col-100 elementor-top-column\" data-id=\"27d3b36f\" data-element_type=\"column\">\n<div class=\"elementor-column-wrap elementor-element-populated\">\n<div class=\"elementor-widget-wrap\">\n<div class=\"elementor-element elementor-element-68261940 elementor-widget elementor-widget-text-editor\" data-id=\"68261940\" data-element_type=\"widget\" data-widget_type=\"text-editor.default\">\n<div class=\"elementor-widget-container\">\n<div class=\"elementor-text-editor elementor-clearfix\">\n<p>Legal Fake ID :<\/p>\n<\/div>\n<\/div>\n<\/div>\n<\/div>\n<\/div>\n<\/div>\n<\/div>\n<\/div>\n<\/section>\n<\/div>\n<\/div>\n<\/div>\n<\/div>\n<div class=\"kc-elm kc-css-950377 kc_text_block\">\n<p>Novelty ID cards are legal. They are made up designs where the designer of the card owns the copyright. Keep in mind, novelty id is NOT fake id. Two distinct differences where novelty id is a custom card not made to resemble a government license. Fake id is made to copy (counterfeit) government issued IDs and licenses<\/p>\n<\/div>\n<div class=\"kc-elm kc-css-349831 kc-title-wrap\">\n<div class=\"kc-elm kc-css-557971 kc_text_block\">\n<p>Thinking about making your own Fake ID? We also sell the necessary supplies! We\u2019ve got everything you need! We sell holograms. We also sell pre-made PVC cards that include UV, Microprint and other security features. Everything you need to produce your own impressive fake ID. Contact us for more info!<\/p>\n<p>Our clients buy our Fake IDs and Novelty IDs for lots of reasons. Maybe you\u2019ve got a school project and need one printed up for example purposes. Want to impress your friends? Looking for an interesting piece of memorabilia? Use your imagination! The sky\u2019s the limit.<\/p>\n<\/div>\n<h2 class=\"kc_title\">Quality ID Control :<\/h2>\n<\/div>\n<div class=\"kc-elm kc-css-478205 kc_text_block\">\n<ol>\n<li>A) The best photo ID cards are printed onto PVC, Plastic or Teslin.<\/li>\n<li>B) Try to search for companies that use holograms, encode, have bar-codes, and other features.<\/li>\n<li>C) Look for good scans or digital photo\u2019s of Fake \/ Novelty ID cards. Screenshots are often used if the real license looks bad.\n<div>\n<h2>What is an ID CARD<\/h2>\n<\/div>\n<div><\/div>\n<div>We make high quality scannable real ids and replicate every security detail. Our real are correctly formatted with magnetic stripes, 1D \/ 2D bar codes, and scan the same as a real ID. Buy Documents Online is well known on the great work don in issuing out ID card for sale, buy id cards online, buy USA id cards, buy german id cards, Australian id crads online, order singapore id cards, Buy canadain id cards. When is comes to good work down Buy Documents Online is proud for it great work down. And has grown over time into the most reliable and professional id maker online comprised of the best team of dedicated designers.<\/div>\n<div><\/div>\n<div>\n<h2>Why do i need a real ID Card?<\/h2>\n<\/div>\n<div>An ID also know as Identity document, Is\u00a0 An identity document (also called a piece of identification or ID, or colloquially as papers) is any document which may be used to prove a person\u2019s identity. If issued in a small, standard credit card size form, it is usually called an identity <span style=\"color: #555555; font-size: 14.4px;\">card (IC, ID card, Citizen Card), or Passport Card. We provide best quality id cards online for sale, Real id cards online.<\/span><\/div>\n<\/li>\n<\/ol>\n<div>In the absence of a formal identity document, wee also issue a driver\u2019s license which is accepted in many countries for identity verification.<\/div>\n<div>Some countries do not accept driver\u2019s licenses for identification, often because in those countries they do not expire as documents and can<\/div>\n<div>be old or easily forged. Most countries accept passports as a form of identification. Some countries require all people to have an identity<\/div>\n<div>document available at any time. Many countries require all foreigners to have a passport or occasionally a national identity card from their<\/div>\n<div>country available at any time if they do not have a residence permit in the country. If you order your Id cards from us you will be provided with<\/div>\n<div>authentic documents registered with all your information.<\/div>\n<div><\/div>\n<div>Have you been looking for a passport, SSN, driver\u2019s license, I.D, Birth certificate, diploma or any other document? or maybe to buy<\/div>\n<div>passport for Australian or a Canadian document ? is it fake or real passport, SSN, driver\u2019s license, I.D, Birth certificate, diploma or any<\/div>\n<div>other document ? Please \u201cSearch no further\u201d, Your curiosity has landed you to the right place whether you are based in America\u2019s, Australia,<\/div>\n<div>\n<p>Africa, Asia or Europe as long as you have a Valid P.O Box or House Address we shall make sure the problem is over. For more information, Contact Us for more guidance.<\/p>\n<h3>Buy id cards Online, Novelty id cards for sale, Swedish ID Cards, British ID Cards, german id cards, ID, Uk id cards, buy id in USA, uk id online, buy id cards, databased registered dl online, Legit supplier for id cards, Buy id\u00a0 online, buy camouflage driver license for sale.<\/h3>\n<div id=\"wb_Text9\">\n<div>\n<h3>ID-KORT<\/h3>\n<\/div>\n<div>We produce both Real and Fake ID Cards. For the Real ID Cards, we register all the information into the database system and if the ID Cards is checked using a data reading machine, all your information will show up in the system and you shall legally use the document. We also produce Fake ID Cards which are just the same with the real ID Cards. But none of the information on the document will be registered in the database system. So the document will be Fake. But all the secret features of the ID Card will be duplicated and imprinted on the Fake copy. So we always advise our clients to let us produce them the Real documents if they legally want to use the document.<\/div>\n<div><\/div>\n<div>\n<h3>Quality real id:<\/h3>\n<\/div>\n<div>We guarantee you with top quality Real and data based registered ID Card\u00a0 which are a perfect 100% and are able to scan! Can be used in state! UV ink that will not fade! Mircoprint! Cloned hologram overlay! Laser engraving!<\/div>\n<div><\/div>\n<div>We are a verified seller of buy id card online, buy id card in uk, id card in ukraine, id card in spanish. Our team is dedicated t help communities and also help consumers connect with reputable id and help them avoid scams. This means we have been fully vetted and have proven we are capable of producing the highest quality real ids and have a track record of delivering.<\/div>\n<div><\/div>\n<div>You only get to be young once, enjoy it. With a real ID you no longer have to go out worrying about not being able to join your yourmates in the club or bar. With our real scannable identification cards we guarantee you will be able to get into any establishment and enjoy a drink.<\/div>\n<div><\/div>\n<div>We guarantee you databased registered id cards. We use proper materials to craft your id with all the appropriate security features including raised text, holograms, UV ink, and even rough patches. Not even the most experienced bouncer can tell them apart! Just in case something did happen, each order come with a duplicate id at no extra cost if you ever lost or got the first one taken.<\/div>\n<div><\/div>\n<div>What are you waiting for? Stop stalking your friends social media accounts and join the fun by ordering a id today!<\/div>\n<\/div>\n<div id=\"wb_Text4\">\n<h4>buy id card in singapore \u2013 buy id card in spanish \u2013 buy id card in canada \u2013 buy id card in ireland \u2013 buy identity card in australia<\/h4>\n<div id=\"wb_Text10\">\n<div><strong>DELIVERY METHOD<\/strong><\/div>\n<div>We guarantee 3 days successful delivery worldwide via DHL, FedEx, UPS or EMS with express delivery option <span style=\"color: #555555; font-size: 14.4px;\">selected so you don\u2019t have anything to worry about.<\/span><\/div>\n<\/div>\n<\/div>\n<\/div>\n<\/div>\n<div class=\"row\"  id=\"row-2046745749\">\n\n\t<div id=\"col-402647781\" class=\"col medium-4 small-12 large-4\"  >\n\t\t\t\t<div class=\"col-inner\"  >\n\t\t\t\n\t\t\t\n<a href=\"https:\/\/documentationsolution.com\/sv\/buy-documents-online\/\" class=\"button primary\" style=\"border-radius:8px;\">\n\t\t<span>Kontakta oss<\/span>\n\t<\/a>\n\n\t\t<\/div>\n\t\t\t\t\t<\/div>\n\n\t\n\n\t<div id=\"col-1241342112\" class=\"col medium-4 small-12 large-4\"  >\n\t\t\t\t<div class=\"col-inner\"  >\n\t\t\t\n\t\t\t\n\t\t<\/div>\n\t\t\t\t\t<\/div>\n\n\t\n\n\t<div id=\"col-1091387326\" class=\"col medium-4 small-12 large-4\"  >\n\t\t\t\t<div class=\"col-inner\"  >\n\t\t\t\n\t\t\t\n\t\t<\/div>\n\t\t\t\t\t<\/div>\n\n\t\n<\/div>","protected":false},"excerpt":{"rendered":"<p>Fully featured national identity card &#8211; BUY FAKE AND GENUINE ID CARDS ONLINE You can buy ID Cards for any EU country with mandatary ID Cards, US, Canada, Australia, Russia, Belarus, Turkey, and many other nations around the world. you can contact to know about your specific country. Identity card We produce both biometric and [&#8230;]","protected":false},"author":1,"featured_media":0,"parent":0,"menu_order":0,"comment_status":"closed","ping_status":"closed","template":"page-left-sidebar.php","meta":{"footnotes":""},"class_list":["post-86","page","type-page","status-publish","hentry"],"_links":{"self":[{"href":"https:\/\/documentationsolution.com\/sv\/wp-json\/wp\/v2\/pages\/86","targetHints":{"allow":["GET"]}}],"collection":[{"href":"https:\/\/documentationsolution.com\/sv\/wp-json\/wp\/v2\/pages"}],"about":[{"href":"https:\/\/documentationsolution.com\/sv\/wp-json\/wp\/v2\/types\/page"}],"author":[{"embeddable":true,"href":"https:\/\/documentationsolution.com\/sv\/wp-json\/wp\/v2\/users\/1"}],"replies":[{"embeddable":true,"href":"https:\/\/documentationsolution.com\/sv\/wp-json\/wp\/v2\/comments?post=86"}],"version-history":[{"count":0,"href":"https:\/\/documentationsolution.com\/sv\/wp-json\/wp\/v2\/pages\/86\/revisions"}],"wp:attachment":[{"href":"https:\/\/documentationsolution.com\/sv\/wp-json\/wp\/v2\/media?parent=86"}],"curies":[{"name":"wp","href":"https:\/\/api.w.org\/{rel}","templated":true}]}}