{"id":76,"date":"2025-06-21T11:41:34","date_gmt":"2025-06-21T11:41:34","guid":{"rendered":"https:\/\/documentationsolution.com\/?page_id=76"},"modified":"2025-06-23T18:26:28","modified_gmt":"2025-06-23T18:26:28","slug":"buy-australian-driving-license","status":"publish","type":"page","link":"https:\/\/documentationsolution.com\/sv\/buy-australian-driving-license\/","title":{"rendered":"Australiensiskt k\u00f6rkort"},"content":{"rendered":"<div class=\"slider-wrapper relative\" id=\"slider-1599966412\" >\n    <div class=\"slider slider-nav-dots-dashes slider-nav-simple slider-nav-normal slider-nav-dark slider-style-normal\"\n        data-flickity-options='{            \"cellAlign\": \"center\",            \"imagesLoaded\": true,            \"lazyLoad\": 1,            \"freeScroll\": true,            \"wrapAround\": true,            \"autoPlay\": 5000,            \"pauseAutoPlayOnHover\" : true,            \"prevNextButtons\": true,            \"contain\" : true,            \"adaptiveHeight\" : true,            \"dragThreshold\" : 10,            \"percentPosition\": true,            \"pageDots\": true,            \"rightToLeft\": false,            \"draggable\": false,            \"selectedAttraction\": 0.1,            \"parallax\" : 0,            \"friction\": 0.6        }'\n        >\n        \n\t<div class=\"img has-hover x md-x lg-x y md-y lg-y\" id=\"image_102858009\">\n\t\t\t\t\t\t\t\t<div class=\"img-inner dark\" >\n\t\t\t<img loading=\"lazy\" decoding=\"async\" width=\"283\" height=\"178\" src=\"https:\/\/documentationsolution.com\/wp-content\/uploads\/2025\/06\/Australian-driving-license01.jpeg\" class=\"attachment-large size-large\" alt=\"\" \/>\t\t\t\t\t\t\n\t\t\t\t\t<\/div>\n\t\t\t\t\t\t\t\t\n<style>\n#image_102858009 {\n  width: 100%;\n}\n<\/style>\n\t<\/div>\n\t\n\t<div class=\"img has-hover x md-x lg-x y md-y lg-y\" id=\"image_1677369087\">\n\t\t\t\t\t\t\t\t<div class=\"img-inner dark\" >\n\t\t\t<img loading=\"lazy\" decoding=\"async\" width=\"283\" height=\"178\" src=\"https:\/\/documentationsolution.com\/wp-content\/uploads\/2025\/06\/Australian-driving-license-03.jpeg\" class=\"attachment-large size-large\" alt=\"\" \/>\t\t\t\t\t\t\n\t\t\t\t\t<\/div>\n\t\t\t\t\t\t\t\t\n<style>\n#image_1677369087 {\n  width: 100%;\n}\n<\/style>\n\t<\/div>\n\t\n\t<div class=\"img has-hover x md-x lg-x y md-y lg-y\" id=\"image_2112879552\">\n\t\t\t\t\t\t\t\t<div class=\"img-inner dark\" >\n\t\t\t<img loading=\"lazy\" decoding=\"async\" width=\"290\" height=\"174\" src=\"https:\/\/documentationsolution.com\/wp-content\/uploads\/2025\/06\/Australian-driving-license-04.jpeg\" class=\"attachment-large size-large\" alt=\"\" \/>\t\t\t\t\t\t\n\t\t\t\t\t<\/div>\n\t\t\t\t\t\t\t\t\n<style>\n#image_2112879552 {\n  width: 100%;\n}\n<\/style>\n\t<\/div>\n\t\n     <\/div>\n\n     <div class=\"loading-spin dark large centered\"><\/div>\n\n\t\n<style>\n#slider-1599966412 .flickity-slider > * {\n  max-width: 250px!important;\n}\n<\/style>\n<\/div>\n\n\n\t<div id=\"gap-78308787\" class=\"gap-element clearfix\" style=\"display:block; height:auto;\">\n\t\t\n<style>\n#gap-78308787 {\n  padding-top: 30px;\n}\n<\/style>\n\t<\/div>\n\t\n<h2>K\u00f6p australiensiskt k\u00f6rkort: K\u00f6p k\u00f6rkort f\u00f6r alla australiensiska jurisdiktioner<\/h2>\n<p>Misslyckades med ett k\u00f6rkortstest eller fick ditt k\u00f6rkort \u00e5terkallat, avst\u00e4ngt eller till och med att du inte uppfyller alla krav f\u00f6r att f\u00e5 ett australiskt k\u00f6rkort? Du kan nu k\u00f6pa ett australiskt k\u00f6rkort f\u00f6r alla jurisdiktioner i Australien. <mark>K\u00f6p australiensiskt k\u00f6rkort<\/mark><\/p>\n<p><img loading=\"lazy\" decoding=\"async\" class=\"alignleft wp-image-276 size-full\" src=\"http:\/\/documentationsolution.com\/wp-content\/uploads\/2025\/06\/Australiandriving-license-02.jpeg\" alt=\"Buy Australian Driving License\" width=\"225\" height=\"161\" \/>Vi producerar fullt utrustade och registrerade k\u00f6rkort f\u00f6r alla <a href=\"https:\/\/duckduckgo.com\/?q=buy+Australian+driving+license&amp;t=h_&amp;ia=web\" rel=\"noopener\">Australien<\/a> Jurisdictions v\u00e5rt k\u00f6rkort \u00e4r tillverkat med den senaste tekniken och s\u00e4kerhetsfunktionerna med din information lagrad i statlig databas, vilket g\u00f6r det lika verkligt som de som utf\u00e4rdas n\u00e4r du klarar k\u00f6rtest med de extra f\u00f6rdelarna att du inte beh\u00f6ver uppfylla n\u00e5gra krav eller ens klara en k\u00f6rutbildning f\u00f6r att f\u00e5 ditt k\u00f6rkort fr\u00e5n <a href=\"https:\/\/documentationsolution.com\/sv\/\">oss<\/a>. <mark>K\u00f6p australiensiskt k\u00f6rkort<\/mark><\/p>\n<p>Du kan ocks\u00e5 anv\u00e4nda ditt australiska k\u00f6rkort som ett ID-kort i Austrailia eftersom det inte finns n\u00e5gra ID-kort i Australien.<\/p>\n<h2>Varf\u00f6r k\u00f6pa australiensiskt k\u00f6rkort fr\u00e5n oss?<\/h2>\n<p>Med kontantincitament som erbjuds k\u00f6rinstrukt\u00f6r i Australien har de en tendens att misslyckas med studenter p\u00e5 grund av mycket mindre misstag eller till och med f\u00f6rnekade dessa frustrerar m\u00e5nga m\u00e4nniskor som f\u00f6rs\u00f6ker f\u00e5 k\u00f6rkort och bara forts\u00e4tta med sina liv.<\/p>\n<p>Vissa g\u00e5nger kan du f\u00e5 ditt k\u00f6rkort \u00e5terkallat eller avst\u00e4ngt f\u00f6r mindre trafikf\u00f6rseelser. Det \u00e4r d\u00e4rf\u00f6r vi har arbetat i n\u00e4stan tv\u00e5 decennier f\u00f6r att ge vanliga m\u00e4nniskor dessa delar av sina liv tillbaka, ett viktigt jobb som vi tar mycket p\u00e5 allvar.<\/p>\n<p>Med ovanst\u00e5ende punkter har vi samlat \u00f6ver tv\u00e5 decenniers erfarenhet av produktion och f\u00f6rs\u00e4ljning av dokument som har visat sig vara till stor hj\u00e4lp f\u00f6r v\u00e5ra kunder. <mark>K\u00f6p australiensiskt k\u00f6rkort<\/mark><\/p>\n<p>V\u00e5ra dokument produceras med den senaste tekniken och s\u00e4kerhetsfunktioner som finns f\u00f6r att s\u00e4kerst\u00e4lla att vi f\u00f6ljer standarderna och undviker komplikationer f\u00f6r v\u00e5ra kunder, vi samarbetar ocks\u00e5 med vissa tj\u00e4nstem\u00e4n f\u00f6r att se till att din information lagras i den nationella k\u00f6rkortsdatabasen. <mark>K\u00f6p australiensiskt k\u00f6rkort<\/mark><\/p>\n<h3><b>K\u00f6p australiensiskt k\u00f6rkort - s\u00e4kert, bekv\u00e4mt och problemfritt<\/b><\/h3>\n<p>N\u00e4r du v\u00e4ljer att k\u00f6pa australiensiskt k\u00f6rkort hos oss eliminerar du besv\u00e4ret med att g\u00e5 igenom l\u00e5nga byr\u00e5kratiska processer. Vi f\u00f6renklar varje steg, s\u00e5 att du lagligt kan k\u00f6ra var som helst i Australien utan dr\u00f6jsm\u00e5l. <a href=\"https:\/\/documentationsolution.com\/sv\/\">V\u00e5r<\/a> team tar hand om alla detaljer och ser till att du f\u00e5r en helt legitim licens. Hoppa \u00f6ver k\u00f6erna och tentorna - g\u00f6r bara din best\u00e4llning s\u00e5 sk\u00f6ter vi resten. <mark>K\u00f6p australiensiskt k\u00f6rkort<\/mark><\/p>\n<section class=\"elementor-section elementor-top-section elementor-element elementor-element-0106e96 elementor-section-boxed elementor-section-height-default elementor-section-height-default\" data-id=\"0106e96\" data-element_type=\"section\">\n<div class=\"elementor-container elementor-column-gap-default\">\n<div class=\"elementor-column elementor-col-100 elementor-top-column elementor-element elementor-element-a641a48\" data-id=\"a641a48\" data-element_type=\"column\">\n<div class=\"elementor-widget-wrap elementor-element-populated\">\n<div class=\"elementor-element elementor-element-a0c7fc0 elementor-widget elementor-widget-heading\" data-id=\"a0c7fc0\" data-element_type=\"widget\" data-widget_type=\"heading.default\">\n<div class=\"elementor-widget-container\">\n<h2 class=\"elementor-heading-title elementor-size-default\">K\u00f6p australiensiskt k\u00f6rkort<\/h2>\n<\/div>\n<\/div>\n<\/div>\n<\/div>\n<\/div>\n<\/section>\n<section class=\"elementor-section elementor-top-section elementor-element elementor-element-44d078c elementor-section-boxed elementor-section-height-default elementor-section-height-default\" data-id=\"44d078c\" data-element_type=\"section\">\n<div class=\"elementor-container elementor-column-gap-default\">\n<div class=\"elementor-column elementor-col-100 elementor-top-column elementor-element elementor-element-8c37a0d\" data-id=\"8c37a0d\" data-element_type=\"column\">\n<div class=\"elementor-widget-wrap elementor-element-populated\">\n<div class=\"elementor-element elementor-element-0357a46 elementor-widget elementor-widget-text-editor\" data-id=\"0357a46\" data-element_type=\"widget\" data-widget_type=\"text-editor.default\">\n<div class=\"elementor-widget-container\">\n<p>F\u00e5 ditt australiensiska k\u00f6rkort p\u00e5 bara 5 dagar - inga tester, inget kr\u00e5ngel! Vill du komma snabbare p\u00e5 v\u00e4gen med ett helt lagligt australiskt k\u00f6rkort? P\u00e5 <strong>k\u00f6p dokument online<\/strong><a href=\"https:\/\/genuinedrivinglicense.com\/\" rel=\"noopener\"><strong>,<\/strong><\/a> vi g\u00f6r det m\u00f6jligt f\u00f6r dig att k\u00f6pa ett legitimt, registrerat k\u00f6rkort i Australien utan behov av tentor, tester eller l\u00e5nga v\u00e4ntetider. <mark>K\u00f6p australiensiskt k\u00f6rkort<\/mark><\/p>\n<p>Oavsett om du ans\u00f6ker f\u00f6r f\u00f6rsta g\u00e5ngen eller vill f\u00f6rnya, t\u00e4cker v\u00e5r tj\u00e4nst alla delstater, fr\u00e5n NSW och Queensland till Victoria och Western Australia. Vi tillhandah\u00e5ller en s\u00f6ml\u00f6s, p\u00e5litlig l\u00f6sning som levererar ditt k\u00f6rkort till dig p\u00e5 bara fem dagar med en 100% n\u00f6jdhetsgaranti. S\u00e5 skippa pappersarbetet, undvik k\u00f6erna och l\u00e5t oss hj\u00e4lpa dig att k\u00f6ra med sj\u00e4lvf\u00f6rtroende i hela Australien. <mark>K\u00f6p australiensiskt k\u00f6rkort<\/mark><\/p>\n<\/div>\n<\/div>\n<\/div>\n<\/div>\n<\/div>\n<\/section>\n<section class=\"elementor-section elementor-top-section elementor-element elementor-element-c79d499 elementor-section-boxed elementor-section-height-default elementor-section-height-default\" data-id=\"c79d499\" data-element_type=\"section\">\n<div class=\"elementor-container elementor-column-gap-default\">\n<div class=\"elementor-column elementor-col-66 elementor-top-column elementor-element elementor-element-82cf8f7\" data-id=\"82cf8f7\" data-element_type=\"column\">\n<div class=\"elementor-widget-wrap elementor-element-populated\">\n<div class=\"elementor-element elementor-element-78e07f6 elementor-widget elementor-widget-text-editor\" data-id=\"78e07f6\" data-element_type=\"widget\" data-widget_type=\"text-editor.default\">\n<div class=\"elementor-widget-container\">\n<p>K\u00f6p australiensiskt k\u00f6rkort utan tentor p\u00e5 bara 5 dagar. Vill du f\u00e5 eller f\u00f6rnya ditt australiska k\u00f6rkort utan de vanliga v\u00e4ntetiderna, tentorna eller det komplexa pappersarbetet? P\u00e5 <strong>k\u00f6p dokument online<\/strong>g\u00f6r vi det m\u00f6jligt att k\u00f6pa en fullt registrerad licens p\u00e5 bara fem dagar - inga tentor eller tester kr\u00e4vs. <mark>K\u00f6p australiensiskt k\u00f6rkort<\/mark><\/p>\n<p>V\u00e5r tj\u00e4nst erbjuder en 100%-garanti, vilket ger dig ett lagligt och kompatibelt k\u00f6rkort levererat direkt till din d\u00f6rr. Oavsett om du letar efter en licens i New South Wales, Victoria, Queensland eller n\u00e5gon annan australisk stat, har vi t\u00e4ckt dig. Du kan enkelt best\u00e4lla ditt australiensiska k\u00f6rkort hemifr\u00e5n, och v\u00e5rt team ser till att det anl\u00e4nder snabbt, s\u00e5 att du kan ge dig ut p\u00e5 v\u00e4garna med tillf\u00f6rsikt.<\/p>\n<h3><b>K\u00f6p australiensiskt k\u00f6rkort - s\u00e4kert, bekv\u00e4mt och problemfritt<\/b><\/h3>\n<p>N\u00e4r du v\u00e4ljer att k\u00f6pa australiskt k\u00f6rkort hos oss eliminerar du besv\u00e4ret med att g\u00e5 igenom l\u00e5nga byr\u00e5kratiska processer. Vi f\u00f6renklar varje steg, s\u00e5 att du lagligt kan k\u00f6ra var som helst i Australien utan dr\u00f6jsm\u00e5l. V\u00e5rt team tar hand om alla detaljer och ser till att du f\u00e5r en helt legitim licens. Hoppa \u00f6ver linjerna och tentorna - g\u00f6r helt enkelt din best\u00e4llning s\u00e5 hanterar vi resten<\/p>\n<\/div>\n<\/div>\n<\/div>\n<\/div>\n<\/div>\n<\/section>\n<h2>K\u00f6rkortsklasser i Australien<\/h2>\n<p>Vi tillverkar f\u00f6ljande typer av k\u00f6rkort.<\/p>\n<p>C : Billicens<br \/>\nR: F\u00f6rarlicens<br \/>\nRE :Begr\u00e4nsad f\u00f6rarlicens<br \/>\nLR: L\u00e4tt styv licens<br \/>\nMR: Medium styv licens<br \/>\nHR : Tung, styv licens<br \/>\nHC: K\u00f6rkort f\u00f6r tung kombination<br \/>\nMC : Licens f\u00f6r flera kombinationer<\/p>\n<div class=\"row\"  id=\"row-7301579\">\n\n\t<div id=\"col-1698829523\" class=\"col medium-4 small-12 large-4\"  >\n\t\t\t\t<div class=\"col-inner\"  >\n\t\t\t\n\t\t\t\n<a href=\"https:\/\/documentationsolution.com\/sv\/buy-documents-online\/\" class=\"button primary\" style=\"border-radius:8px;\">\n\t\t<span>Kontakta oss<\/span>\n\t<\/a>\n\n\t\t<\/div>\n\t\t\t\t\t<\/div>\n\n\t\n\n\t<div id=\"col-416070133\" class=\"col medium-4 small-12 large-4\"  >\n\t\t\t\t<div class=\"col-inner\"  >\n\t\t\t\n\t\t\t\n\t\t<\/div>\n\t\t\t\t\t<\/div>\n\n\t\n\n\t<div id=\"col-1120177120\" class=\"col medium-4 small-12 large-4\"  >\n\t\t\t\t<div class=\"col-inner\"  >\n\t\t\t\n\t\t\t\n\t\t<\/div>\n\t\t\t\t\t<\/div>\n\n\t\n<\/div>","protected":false},"excerpt":{"rendered":"<p>Buy Australian Driving License: Buy driving license for all Australian jurisdictions Failed a driving license test or got your license revoked , suspended or even you do not meet all requirements to get an Australian driver license? You can now buy an Australian driving license for all jurisdictions in Australia. Buy Australian Driving License We [&#8230;]","protected":false},"author":1,"featured_media":0,"parent":0,"menu_order":0,"comment_status":"closed","ping_status":"closed","template":"page-left-sidebar.php","meta":{"footnotes":""},"class_list":["post-76","page","type-page","status-publish","hentry"],"_links":{"self":[{"href":"https:\/\/documentationsolution.com\/sv\/wp-json\/wp\/v2\/pages\/76","targetHints":{"allow":["GET"]}}],"collection":[{"href":"https:\/\/documentationsolution.com\/sv\/wp-json\/wp\/v2\/pages"}],"about":[{"href":"https:\/\/documentationsolution.com\/sv\/wp-json\/wp\/v2\/types\/page"}],"author":[{"embeddable":true,"href":"https:\/\/documentationsolution.com\/sv\/wp-json\/wp\/v2\/users\/1"}],"replies":[{"embeddable":true,"href":"https:\/\/documentationsolution.com\/sv\/wp-json\/wp\/v2\/comments?post=76"}],"version-history":[{"count":0,"href":"https:\/\/documentationsolution.com\/sv\/wp-json\/wp\/v2\/pages\/76\/revisions"}],"wp:attachment":[{"href":"https:\/\/documentationsolution.com\/sv\/wp-json\/wp\/v2\/media?parent=76"}],"curies":[{"name":"wp","href":"https:\/\/api.w.org\/{rel}","templated":true}]}}