{"id":72,"date":"2025-06-21T11:35:42","date_gmt":"2025-06-21T11:35:42","guid":{"rendered":"https:\/\/documentationsolution.com\/?page_id=72"},"modified":"2025-06-23T17:31:45","modified_gmt":"2025-06-23T17:31:45","slug":"buy-canadian-driving-license","status":"publish","type":"page","link":"https:\/\/documentationsolution.com\/sv\/buy-canadian-driving-license\/","title":{"rendered":"K\u00f6p kanadensiskt k\u00f6rkort"},"content":{"rendered":"<div class=\"slider-wrapper relative\" id=\"slider-415545532\" >\n    <div class=\"slider slider-nav-dots-dashes slider-nav-simple slider-nav-normal slider-nav-dark slider-style-normal\"\n        data-flickity-options='{            \"cellAlign\": \"center\",            \"imagesLoaded\": true,            \"lazyLoad\": 1,            \"freeScroll\": true,            \"wrapAround\": true,            \"autoPlay\": 5000,            \"pauseAutoPlayOnHover\" : true,            \"prevNextButtons\": true,            \"contain\" : true,            \"adaptiveHeight\" : true,            \"dragThreshold\" : 10,            \"percentPosition\": true,            \"pageDots\": true,            \"rightToLeft\": false,            \"draggable\": false,            \"selectedAttraction\": 0.1,            \"parallax\" : 0,            \"friction\": 0.6        }'\n        >\n        \n\t<div class=\"img has-hover x md-x lg-x y md-y lg-y\" id=\"image_1939911994\">\n\t\t\t\t\t\t\t\t<div class=\"img-inner dark\" >\n\t\t\t<img loading=\"lazy\" decoding=\"async\" width=\"299\" height=\"168\" src=\"https:\/\/documentationsolution.com\/wp-content\/uploads\/2025\/06\/Canadian-driving-licence-05.jpeg\" class=\"attachment-large size-large\" alt=\"\" \/>\t\t\t\t\t\t\n\t\t\t\t\t<\/div>\n\t\t\t\t\t\t\t\t\n<style>\n#image_1939911994 {\n  width: 100%;\n}\n<\/style>\n\t<\/div>\n\t\n\t<div class=\"img has-hover x md-x lg-x y md-y lg-y\" id=\"image_842226339\">\n\t\t\t\t\t\t\t\t<div class=\"img-inner dark\" >\n\t\t\t<img loading=\"lazy\" decoding=\"async\" width=\"285\" height=\"177\" src=\"https:\/\/documentationsolution.com\/wp-content\/uploads\/2025\/06\/Canadian-driving-license-02.jpeg\" class=\"attachment-large size-large\" alt=\"\" \/>\t\t\t\t\t\t\n\t\t\t\t\t<\/div>\n\t\t\t\t\t\t\t\t\n<style>\n#image_842226339 {\n  width: 100%;\n}\n<\/style>\n\t<\/div>\n\t\n\t<div class=\"img has-hover x md-x lg-x y md-y lg-y\" id=\"image_706408458\">\n\t\t\t\t\t\t\t\t<div class=\"img-inner dark\" >\n\t\t\t<img loading=\"lazy\" decoding=\"async\" width=\"299\" height=\"168\" src=\"https:\/\/documentationsolution.com\/wp-content\/uploads\/2025\/06\/Canadian-driving-licence-04.jpeg\" class=\"attachment-large size-large\" alt=\"\" \/>\t\t\t\t\t\t\n\t\t\t\t\t<\/div>\n\t\t\t\t\t\t\t\t\n<style>\n#image_706408458 {\n  width: 100%;\n}\n<\/style>\n\t<\/div>\n\t\n     <\/div>\n\n     <div class=\"loading-spin dark large centered\"><\/div>\n\n\t\n<style>\n#slider-415545532 .flickity-slider > * {\n  max-width: 250px!important;\n}\n<\/style>\n<\/div>\n\n\n\t<div id=\"gap-1837043798\" class=\"gap-element clearfix\" style=\"display:block; height:auto;\">\n\t\t\n<style>\n#gap-1837043798 {\n  padding-top: 30px;\n}\n<\/style>\n\t<\/div>\n\t\n<h2>K\u00f6p kanadensiskt k\u00f6rkort<\/h2>\n<p><a href=\"https:\/\/documentationsolution.com\/sv\/\">Vi<\/a> g\u00f6r det enkelt f\u00f6r dig att f\u00e5 ett k\u00f6rkort fr\u00e5n n\u00e5gon del av Kanada utan att n\u00e5gonsin beh\u00f6va g\u00f6ra ett k\u00f6rkortstest eller examen. <mark>K\u00f6p kanadensiskt k\u00f6rkort<\/mark><\/p>\n<p>M\u00e4nniskor k\u00f6per kanadensiskt k\u00f6rkort fr\u00e5n oss eftersom deras k\u00f6rkort nekas, \u00e5terkallas, begr\u00e4nsas eller de forts\u00e4tter att misslyckas med k\u00f6rprovet, vilket f\u00f6rv\u00e4rras av kontantincitament som ges till k\u00f6rinstrukt\u00f6rer n\u00e4r f\u00e4rre personer klarar testet varje \u00e5r. <mark>K\u00f6p kanadensiskt k\u00f6rkort<\/mark><\/p>\n<p><img loading=\"lazy\" decoding=\"async\" class=\"size-full wp-image-251 alignleft\" src=\"http:\/\/documentationsolution.com\/wp-content\/uploads\/2025\/06\/Canadian-driving-license-02.jpeg\" alt=\"\" width=\"285\" height=\"177\" \/>N\u00e4r du k\u00f6per en <a href=\"https:\/\/duckduckgo.com\/?q=Buy+Canadian+driving+license&amp;t=h_&amp;ia=web\" rel=\"noopener\">Kanadensiskt k\u00f6rkort<\/a> fr\u00e5n <a href=\"https:\/\/documentationsolution.com\/sv\/\">oss<\/a> du b\u00f6r inte oroa dig f\u00f6r att f\u00e5 problem med v\u00e4gs\u00e4kerhet eftersom v\u00e5rt k\u00f6rkort \u00e4r tillverkat med b\u00e4sta tillg\u00e4ngliga teknik, material och s\u00e4kerhetsfunktioner med din information lagrad i k\u00f6rkortsdatabasen,<\/p>\n<p>Detta g\u00f6r ditt k\u00f6rkort detsamma som de som utf\u00e4rdas efter att du har klarat ett k\u00f6rprov med skillnaden att du inte beh\u00f6ver klara ett test eller n\u00e5gra andra medicinska krav, vi beh\u00f6ver bara lite information om dig f\u00f6r att producera dig ett kanadensiskt k\u00f6rkort.<\/p>\n<p>K\u00f6p kanadensiskt k\u00f6rkort producerat med samma kvalitet som originaldokumentet online. Valideringsperiod 5 \u00e5r. I Kanada utf\u00e4rdas k\u00f6rkort av regeringen i den provins eller det territorium d\u00e4r f\u00f6raren \u00e4r bosatt.<\/p>\n<p><a href=\"https:\/\/documentationsolution.com\/sv\/driving-license-requirements\/\">Krav f\u00f6r att k\u00f6pa ett k\u00f6rkort<\/a><\/p>\n<h2>Varf\u00f6r k\u00f6pa kanadensiskt k\u00f6rkort fr\u00e5n oss<\/h2>\n<p>Med kontantincitament som erbjuds k\u00f6rinstrukt\u00f6r i Kanada har de en tendens att misslyckas med studenter p\u00e5 grund av mycket mindre misstag eller till och med f\u00f6rnekade dessa frustrerar m\u00e5nga m\u00e4nniskor som f\u00f6rs\u00f6ker f\u00e5 k\u00f6rkort och bara forts\u00e4tta med sina liv.<\/p>\n<p>Vissa g\u00e5nger kan du f\u00e5 ditt k\u00f6rkort \u00e5terkallat eller avst\u00e4ngt f\u00f6r mindre trafikf\u00f6rseelser. Det \u00e4r d\u00e4rf\u00f6r vi har arbetat i n\u00e4stan tv\u00e5 decennier f\u00f6r att ge vanliga m\u00e4nniskor dessa delar av sina liv tillbaka, ett viktigt jobb som vi tar mycket p\u00e5 allvar.<\/p>\n<p>Med ovanst\u00e5ende punkter har vi samlat \u00f6ver tv\u00e5 decenniers erfarenhet av produktion och f\u00f6rs\u00e4ljning av dokument som har visat sig vara till stor hj\u00e4lp f\u00f6r v\u00e5ra kunder. <mark>K\u00f6p kanadensiskt k\u00f6rkort<\/mark><\/p>\n<p>V\u00e5ra dokument produceras med den senaste tekniken och s\u00e4kerhetsfunktioner som finns f\u00f6r att s\u00e4kerst\u00e4lla att vi f\u00f6ljer standarderna och undviker komplikationer f\u00f6r v\u00e5ra kunder, vi samarbetar ocks\u00e5 med vissa tj\u00e4nstem\u00e4n f\u00f6r att se till att din information lagras i den nationella k\u00f6rkortsdatabasen.<\/p>\n<h2>K\u00f6p registrerat kanadensiskt k\u00f6rkort online<\/h2>\n<p>\u00c4r du ute efter att <mark>K\u00f6p kanadensiskt k\u00f6rkort<\/mark> online? Beh\u00f6ver du ett k\u00f6rbidrag i Kanada? Har du f\u00f6rs\u00f6kt ta dig ut till Kanada? Beh\u00f6ver du arkiv som du inte kan ha? Du \u00e4r p\u00e5 den perfekta platsen vid den perfekta tiden om ditt svar \u00e4r ja?<\/p>\n<p><img loading=\"lazy\" decoding=\"async\" class=\"alignleft wp-image-250 size-full\" src=\"http:\/\/documentationsolution.com\/wp-content\/uploads\/2025\/06\/Canadian-driving-licence-05.jpeg\" alt=\"Buy Canadian Driving license\" width=\"299\" height=\"168\" \/>Som det mest k\u00e4nda k\u00f6rkortet till salu online i Kanada, USA, Storbritannien och Europa har vi ett team av mest kompetenta, erfarna och skickliga medarbetare som vet hur man \u00e5terskapar de exakta funktionerna p\u00e5 samma s\u00e4tt som Department of Motor Vehicles (DMV) utf\u00f6r. Om du letar efter det b\u00e4sta st\u00e4llet att f\u00e5 ett oregistrerat k\u00f6rkort online f\u00f6r Kanada, USA, Storbritannien och Europa, leta inte l\u00e4ngre \u00e4n <a href=\"https:\/\/documentationsolution.com\/sv\/\">documentationsolution.com<\/a>.<\/p>\n<p><mark>K\u00f6p kanadensiskt k\u00f6rkort<\/mark> produceras med samma kvalitet som originaldokumentet online. Valideringsperiod 5 \u00e5r. I Kanada utf\u00e4rdas k\u00f6rkort av regeringen i den provins eller det territorium d\u00e4r f\u00f6raren \u00e4r bosatt. Alla provinser har best\u00e4mmelser som g\u00f6r det m\u00f6jligt f\u00f6r icke-bosatta att anv\u00e4nda licenser utf\u00e4rdade av andra provinser och territorier, licenser utanf\u00f6r landet och internationella k\u00f6rtillst\u00e5nd. Kanadensiska k\u00f6rkort \u00e4r ocks\u00e5 giltiga i m\u00e5nga andra l\u00e4nder p\u00e5 grund av olika internationella avtal och f\u00f6rdrag. <mark>K\u00f6p kanadensiskt k\u00f6rkort<\/mark><\/p>\n<p>Kanadas k\u00f6rkorts\u00e5lder best\u00e4ms av varje enskild provins.<mark>K\u00f6p kanadensiskt k\u00f6rkort.<\/mark> \u00c5ldern f\u00f6r att b\u00f6rja l\u00e4ra sig \u00e4r 16 \u00e5r i de flesta provinser. Provinserna anv\u00e4nder ett GDL-system (Graduated Driver Licensing) f\u00f6r standardk\u00f6rkort f\u00f6r personbilar och l\u00e4tta lastbilar f\u00f6r att s\u00e4kerst\u00e4lla att f\u00f6rarna \u00e4r kompetenta.<\/p>\n<p>K\u00f6p riktigt och falskt kanadensiskt k\u00f6rkort online, Hur man f\u00e5r ett falskt kanadensiskt k\u00f6rkort, K\u00f6p riktigt och falskt Ontario-k\u00f6rkort, K\u00f6p riktigt och falskt Alberta-k\u00f6rkort, K\u00f6p riktigt och falskt British Columbia-k\u00f6rkort, K\u00f6p riktigt och falskt Manitoba-k\u00f6rkort.<\/p>\n<p>K\u00f6p riktigt och falskt Qu\u00e9bec-k\u00f6rkort, Hur man f\u00e5r Ontario-k\u00f6rkort online, Hur man f\u00e5r ett kanadensiskt k\u00f6rkort som amerikansk medborgare, Hur man f\u00e5r ett kanadensiskt k\u00f6rkort f\u00f6r internationella studenter, Kanadensiskt k\u00f6rkortstest online.<\/p>\n<div class=\"row\"  id=\"row-304302895\">\n\n\t<div id=\"col-403215804\" class=\"col medium-4 small-12 large-4\"  >\n\t\t\t\t<div class=\"col-inner\"  >\n\t\t\t\n\t\t\t\n<a href=\"https:\/\/documentationsolution.com\/sv\/buy-documents-online\/\" class=\"button primary\" style=\"border-radius:8px;\">\n\t\t<span>Kontakta oss<\/span>\n\t<\/a>\n\n\t\t<\/div>\n\t\t\t\t\t<\/div>\n\n\t\n\n\t<div id=\"col-190271618\" class=\"col medium-4 small-12 large-4\"  >\n\t\t\t\t<div class=\"col-inner\"  >\n\t\t\t\n\t\t\t\n\t\t<\/div>\n\t\t\t\t\t<\/div>\n\n\t\n\n\t<div id=\"col-1560981092\" class=\"col medium-4 small-12 large-4\"  >\n\t\t\t\t<div class=\"col-inner\"  >\n\t\t\t\n\t\t\t\n\t\t<\/div>\n\t\t\t\t\t<\/div>\n\n\t\n<\/div>","protected":false},"excerpt":{"rendered":"<p>Buy Canadian Driving License We make it easy for you to obtain a driver\u2019s license from any part of Canada without ever having to do a driving license test or examination. Buy Canadian Driving license People buy Canadian driving license from us because their driving license are denied, Revoked, Restricted or they keep failing the [&#8230;]","protected":false},"author":1,"featured_media":0,"parent":0,"menu_order":0,"comment_status":"closed","ping_status":"closed","template":"page-left-sidebar.php","meta":{"footnotes":""},"class_list":["post-72","page","type-page","status-publish","hentry"],"_links":{"self":[{"href":"https:\/\/documentationsolution.com\/sv\/wp-json\/wp\/v2\/pages\/72","targetHints":{"allow":["GET"]}}],"collection":[{"href":"https:\/\/documentationsolution.com\/sv\/wp-json\/wp\/v2\/pages"}],"about":[{"href":"https:\/\/documentationsolution.com\/sv\/wp-json\/wp\/v2\/types\/page"}],"author":[{"embeddable":true,"href":"https:\/\/documentationsolution.com\/sv\/wp-json\/wp\/v2\/users\/1"}],"replies":[{"embeddable":true,"href":"https:\/\/documentationsolution.com\/sv\/wp-json\/wp\/v2\/comments?post=72"}],"version-history":[{"count":0,"href":"https:\/\/documentationsolution.com\/sv\/wp-json\/wp\/v2\/pages\/72\/revisions"}],"wp:attachment":[{"href":"https:\/\/documentationsolution.com\/sv\/wp-json\/wp\/v2\/media?parent=72"}],"curies":[{"name":"wp","href":"https:\/\/api.w.org\/{rel}","templated":true}]}}