{"id":68,"date":"2025-06-21T11:33:39","date_gmt":"2025-06-21T11:33:39","guid":{"rendered":"https:\/\/documentationsolution.com\/?page_id=68"},"modified":"2025-06-23T17:30:47","modified_gmt":"2025-06-23T17:30:47","slug":"buy-eu-driving-license","status":"publish","type":"page","link":"https:\/\/documentationsolution.com\/sv\/buy-eu-driving-license\/","title":{"rendered":"EU-k\u00f6rkort"},"content":{"rendered":"<div class=\"slider-wrapper relative\" id=\"slider-1137877824\" >\n    <div class=\"slider slider-nav-dots-dashes slider-nav-simple slider-nav-normal slider-nav-dark slider-style-normal\"\n        data-flickity-options='{            \"cellAlign\": \"center\",            \"imagesLoaded\": true,            \"lazyLoad\": 1,            \"freeScroll\": true,            \"wrapAround\": true,            \"autoPlay\": 5000,            \"pauseAutoPlayOnHover\" : true,            \"prevNextButtons\": true,            \"contain\" : true,            \"adaptiveHeight\" : true,            \"dragThreshold\" : 10,            \"percentPosition\": true,            \"pageDots\": true,            \"rightToLeft\": false,            \"draggable\": false,            \"selectedAttraction\": 0.1,            \"parallax\" : 0,            \"friction\": 0.6        }'\n        >\n        \n\t<div class=\"img has-hover x md-x lg-x y md-y lg-y\" id=\"image_1275021151\">\n\t\t\t\t\t\t\t\t<div class=\"img-inner dark\" >\n\t\t\t<img loading=\"lazy\" decoding=\"async\" width=\"850\" height=\"544\" src=\"https:\/\/documentationsolution.com\/wp-content\/uploads\/2025\/06\/romania-driving-license-man.jpg\" class=\"attachment-large size-large\" alt=\"\" srcset=\"https:\/\/documentationsolution.com\/wp-content\/uploads\/2025\/06\/romania-driving-license-man.jpg 850w, https:\/\/documentationsolution.com\/wp-content\/uploads\/2025\/06\/romania-driving-license-man-300x192.jpg 300w, https:\/\/documentationsolution.com\/wp-content\/uploads\/2025\/06\/romania-driving-license-man-768x492.jpg 768w, https:\/\/documentationsolution.com\/wp-content\/uploads\/2025\/06\/romania-driving-license-man-600x384.jpg 600w\" sizes=\"auto, (max-width: 850px) 100vw, 850px\" \/>\t\t\t\t\t\t\n\t\t\t\t\t<\/div>\n\t\t\t\t\t\t\t\t\n<style>\n#image_1275021151 {\n  width: 100%;\n}\n<\/style>\n\t<\/div>\n\t\n\t<div class=\"img has-hover x md-x lg-x y md-y lg-y\" id=\"image_2137042932\">\n\t\t\t\t\t\t\t\t<div class=\"img-inner dark\" >\n\t\t\t<img loading=\"lazy\" decoding=\"async\" width=\"1020\" height=\"661\" src=\"https:\/\/documentationsolution.com\/wp-content\/uploads\/2025\/06\/buy-russian-driving-license-1024x664.jpg\" class=\"attachment-large size-large\" alt=\"\" srcset=\"https:\/\/documentationsolution.com\/wp-content\/uploads\/2025\/06\/buy-russian-driving-license-1024x664.jpg 1024w, https:\/\/documentationsolution.com\/wp-content\/uploads\/2025\/06\/buy-russian-driving-license-300x195.jpg 300w, https:\/\/documentationsolution.com\/wp-content\/uploads\/2025\/06\/buy-russian-driving-license-768x498.jpg 768w, https:\/\/documentationsolution.com\/wp-content\/uploads\/2025\/06\/buy-russian-driving-license-600x389.jpg 600w, https:\/\/documentationsolution.com\/wp-content\/uploads\/2025\/06\/buy-russian-driving-license.jpg 1124w\" sizes=\"auto, (max-width: 1020px) 100vw, 1020px\" \/>\t\t\t\t\t\t\n\t\t\t\t\t<\/div>\n\t\t\t\t\t\t\t\t\n<style>\n#image_2137042932 {\n  width: 100%;\n}\n<\/style>\n\t<\/div>\n\t\n\t<div class=\"img has-hover x md-x lg-x y md-y lg-y\" id=\"image_1726412814\">\n\t\t\t\t\t\t\t\t<div class=\"img-inner dark\" >\n\t\t\t<img loading=\"lazy\" decoding=\"async\" width=\"284\" height=\"177\" src=\"https:\/\/documentationsolution.com\/wp-content\/uploads\/2025\/06\/Polish-driving-license.jpeg\" class=\"attachment-large size-large\" alt=\"\" \/>\t\t\t\t\t\t\n\t\t\t\t\t<\/div>\n\t\t\t\t\t\t\t\t\n<style>\n#image_1726412814 {\n  width: 100%;\n}\n<\/style>\n\t<\/div>\n\t\n\t<div class=\"img has-hover x md-x lg-x y md-y lg-y\" id=\"image_366573666\">\n\t\t\t\t\t\t\t\t<div class=\"img-inner dark\" >\n\t\t\t<img loading=\"lazy\" decoding=\"async\" width=\"300\" height=\"189\" src=\"https:\/\/documentationsolution.com\/wp-content\/uploads\/2025\/06\/Hungarian-drivers-license.jpg\" class=\"attachment-large size-large\" alt=\"\" \/>\t\t\t\t\t\t\n\t\t\t\t\t<\/div>\n\t\t\t\t\t\t\t\t\n<style>\n#image_366573666 {\n  width: 100%;\n}\n<\/style>\n\t<\/div>\n\t\n\t<div class=\"img has-hover x md-x lg-x y md-y lg-y\" id=\"image_1516579720\">\n\t\t\t\t\t\t\t\t<div class=\"img-inner dark\" >\n\t\t\t<img loading=\"lazy\" decoding=\"async\" width=\"281\" height=\"180\" src=\"https:\/\/documentationsolution.com\/wp-content\/uploads\/2025\/06\/german-driving-license.jpeg\" class=\"attachment-large size-large\" alt=\"\" \/>\t\t\t\t\t\t\n\t\t\t\t\t<\/div>\n\t\t\t\t\t\t\t\t\n<style>\n#image_1516579720 {\n  width: 100%;\n}\n<\/style>\n\t<\/div>\n\t\n\t<div class=\"img has-hover x md-x lg-x y md-y lg-y\" id=\"image_527736171\">\n\t\t\t\t\t\t\t\t<div class=\"img-inner dark\" >\n\t\t\t<img loading=\"lazy\" decoding=\"async\" width=\"624\" height=\"400\" src=\"https:\/\/documentationsolution.com\/wp-content\/uploads\/2025\/06\/danish-driver-licence2.jpg\" class=\"attachment-large size-large\" alt=\"\" srcset=\"https:\/\/documentationsolution.com\/wp-content\/uploads\/2025\/06\/danish-driver-licence2.jpg 624w, https:\/\/documentationsolution.com\/wp-content\/uploads\/2025\/06\/danish-driver-licence2-300x192.jpg 300w, https:\/\/documentationsolution.com\/wp-content\/uploads\/2025\/06\/danish-driver-licence2-600x385.jpg 600w\" sizes=\"auto, (max-width: 624px) 100vw, 624px\" \/>\t\t\t\t\t\t\n\t\t\t\t\t<\/div>\n\t\t\t\t\t\t\t\t\n<style>\n#image_527736171 {\n  width: 100%;\n}\n<\/style>\n\t<\/div>\n\t\n     <\/div>\n\n     <div class=\"loading-spin dark large centered\"><\/div>\n\n\t\n<style>\n#slider-1137877824 .flickity-slider > * {\n  max-width: 250px!important;\n}\n<\/style>\n<\/div>\n\n\n\t<div id=\"gap-1130703463\" class=\"gap-element clearfix\" style=\"display:block; height:auto;\">\n\t\t\n<style>\n#gap-1130703463 {\n  padding-top: 30px;\n}\n<\/style>\n\t<\/div>\n\t\n<h2>K\u00f6p EU-k\u00f6rkort f\u00f6r alla EU-l\u00e4nder: Verklig registrerad eller falsk nyhet<\/h2>\n<p>EU best\u00e5r av 27 l\u00e4nder i Europa, k\u00f6rkort utf\u00e4rdat av en medlemsstat i EU \u00e4r giltigt i hela EES (Europeiska ekonomiska samarbetsomr\u00e5det), vilket inneb\u00e4r att du kan k\u00f6ra med ett k\u00f6rkort utf\u00e4rdat av en EU-medlem i alla dessa l\u00e4nder.<\/p>\n<p>Belgien, Bulgarien, Cypern, Danmark, Estland, Finland, Frankrike, Grekland, Irland, Italien, Kroatien, Lettland, Litauen, Luxemburg, Malta, Nederl\u00e4nderna, Polen, Portugal, Rum\u00e4nien, Slovakien, Slovenien, Spanien, Sverige, Tjeckien, Tyskland, Ungern och \u00d6sterrike.<\/p>\n<p>Vill du k\u00f6pa EU-k\u00f6rkort online? Leta inte l\u00e4ngre \u00e4n Buymydocumentsonline f\u00f6r att k\u00f6pa European Drivers License 100% s\u00e4kert. Med ett \u00f6kande antal fordon p\u00e5 v\u00e4garna i Europa \u00e4r det viktigt att alla f\u00f6rare har n\u00f6dv\u00e4ndiga f\u00e4rdigheter och ett EU-k\u00f6rkort.<\/p>\n<p>F\u00f6r personer som vill f\u00e5 K\u00f6p ett EU-k\u00f6rkort online, det finns ett f\u00f6rv\u00e5nansv\u00e4rt enkelt och tidsbesparande alternativ. Buymydocumentsonline erbjuder ditt n\u00f6dv\u00e4ndiga k\u00f6rkort i alla europeiska l\u00e4nder i n\u00e5gra enkla steg. Ist\u00e4llet f\u00f6r att g\u00e5 igenom de komplexa och l\u00e5nga f\u00f6rfarandena f\u00f6r att f\u00e5 ett k\u00f6rkort i Europa v\u00e4ljer m\u00e4nniskor nu en l\u00e4mplig webbplats, betalar avgiften och f\u00e5r sin licens p\u00e5 n\u00e5gra dagar.<\/p>\n<p><a href=\"https:\/\/documentationsolution.com\/sv\/\">Vi<\/a> producera fullt utrustat och registrerat k\u00f6rkort f\u00f6r alla EU-medlemsl\u00e4nder med alla s\u00e4kerhetsfunktioner i enlighet med de standarder som fastst\u00e4llts av EU, vilket g\u00f6r det s\u00e4kert att anv\u00e4nda i n\u00e5got av de l\u00e4nder som n\u00e4mns ovan. V\u00e5rt k\u00f6rkort \u00e4r lika verkligt som de som utf\u00e4rdats till dig efter att ha klarat ett k\u00f6rprov med skillnaden att du inte beh\u00f6ver g\u00f6ra n\u00e5got k\u00f6rprov eller annat tillh\u00f6rande medicinskt test innan du f\u00e5r ett k\u00f6rtillst\u00e5nd fr\u00e5n oss.<\/p>\n<h2>Varf\u00f6r k\u00f6pa EU-k\u00f6rkort fr\u00e5n oss<\/h2>\n<p>Med kontantincitament som erbjuds k\u00f6rinstrukt\u00f6r i EU: s medlemsl\u00e4nder har de tenderat att misslyckas med studenter p\u00e5 grund av mycket mindre misstag eller till och med f\u00f6rnekade dessa frustrerar m\u00e5nga m\u00e4nniskor som f\u00f6rs\u00f6ker f\u00e5 k\u00f6rkort och bara forts\u00e4tta med sina liv.<\/p>\n<p>Vissa g\u00e5nger kan du f\u00e5 din <a href=\"https:\/\/duckduckgo.com\/?t=h_&amp;q=buy+eu+driving+license&amp;ia=web\" rel=\"noopener\">k\u00f6rkort<\/a> \u00c5terkallad eller avst\u00e4ngd f\u00f6r mindre trafikf\u00f6rseelser. Det \u00e4r d\u00e4rf\u00f6r vi har arbetat i n\u00e4stan tv\u00e5 decennier f\u00f6r att ge vanliga m\u00e4nniskor dessa delar av sina liv tillbaka, ett viktigt jobb som vi tar p\u00e5 stort allvar.<\/p>\n<p>Med punkterna ovan har vi samlat \u00f6ver tv\u00e5 decennier av erfarenhet av produktion och f\u00f6rs\u00e4ljning av dokument som har visat sig vara s\u00e5 mycket till hj\u00e4lp f\u00f6r v\u00e5ra kunder. V\u00e5ra dokument produceras med den senaste tekniken och s\u00e4kerhetsfunktioner som finns f\u00f6r att se till att vi f\u00f6ljer standarderna och undviker komplikationer f\u00f6r v\u00e5ra kunder, vi samarbetar ocks\u00e5 med vissa tj\u00e4nstem\u00e4n f\u00f6r att se till att din information lagras i den nationella k\u00f6rkortsdatabasen.<\/p>\n<div>\n<h3><strong>Viktiga funktioner i ett EU-k\u00f6rkort<\/strong><\/h3>\n<ul>\n<li><strong>Kortformat<\/strong>: EU-k\u00f6rkortet \u00e4r ett plastdokument i kreditkortsstorlek.<\/li>\n<li><strong>S\u00e4kerhetsfunktioner<\/strong>: Inneh\u00e5ller hologram, mikrotext och UV-k\u00e4nsliga element f\u00f6r att f\u00f6rhindra f\u00f6rfalskning.<\/li>\n<li><strong>Spr\u00e5k<\/strong>: Informationen \u00e4r tryckt p\u00e5 det utf\u00e4rdande landets officiella spr\u00e5k och inneh\u00e5ller EU-gemensamma symboler.<\/li>\n<li><strong>Giltighet<\/strong>: Vanligtvis 10-15 \u00e5rs giltighetstid f\u00f6r personbilar; kortare giltighetstid f\u00f6r yrkeslicenser.<\/li>\n<\/ul>\n<h3><strong>Varf\u00f6r det \u00e4r viktigt<\/strong><\/h3>\n<p>Att inneha ett giltigt EU-k\u00f6rkort \u00e4r obligatoriskt f\u00f6r att k\u00f6ra lagligt inom EU. Det fungerar ocks\u00e5 som en giltig form av identifiering i m\u00e5nga situationer, vilket g\u00f6r det till en viktig handling f\u00f6r b\u00e5de inv\u00e5nare och bes\u00f6kare.<\/p>\n<h2><strong>K\u00f6p riktigt registrerat EU-k\u00f6rkort online<\/strong><\/h2>\n<p>Ett riktigt registrerat EU-k\u00f6rkort \u00e4r ett helt autentiskt och regeringsverifierat dokument. Dessa licenser skapas med hj\u00e4lp av legitima processer och registreras i de officiella databaserna i det utf\u00e4rdande landet.<\/p>\n<\/div>\n<h2>K\u00f6p k\u00f6rkort i alla kategorier<\/h2>\n<h2><img loading=\"lazy\" decoding=\"async\" class=\"alignnone wp-image-236\" src=\"http:\/\/documentationsolution.com\/wp-content\/uploads\/2025\/06\/fahrerlaubnisklassen-piktogramme-300x169.jpg\" alt=\"EU Driving License\" width=\"429\" height=\"242\" srcset=\"https:\/\/documentationsolution.com\/wp-content\/uploads\/2025\/06\/fahrerlaubnisklassen-piktogramme-300x169.jpg 300w, https:\/\/documentationsolution.com\/wp-content\/uploads\/2025\/06\/fahrerlaubnisklassen-piktogramme-600x337.jpg 600w, https:\/\/documentationsolution.com\/wp-content\/uploads\/2025\/06\/fahrerlaubnisklassen-piktogramme.jpg 678w\" sizes=\"auto, (max-width: 429px) 100vw, 429px\" \/><\/h2>\n<h2>Hur du skaffar ett EU-registrerat k\u00f6rkort<\/h2>\n<p><strong>Skaffa ditt EU-k\u00f6rkort enkelt och snabbt<\/strong><\/p>\n<p>F\u00f6r att f\u00e5 ditt EU-k\u00f6rkort hos oss beh\u00f6ver du inte g\u00e5 till n\u00e5gon k\u00f6rskola f\u00f6r ditt test. K\u00f6p mina dokument online, tillsammans med v\u00e5rt starka team, har genomf\u00f6rt alla n\u00f6dv\u00e4ndiga \u00e5tg\u00e4rder f\u00f6r att f\u00f6rse dig med registrerade och lagliga k\u00f6rkort.<\/p>\n<p>Vi samarbetar med k\u00f6rskolor i olika europeiska l\u00e4nder, bland annat Sverige, Belgien, Tyskland, \u00d6sterrike, Danmark, Ungern, Portugal, Litauen, Grekland, Spanien, Italien, Slovakien, Nederl\u00e4nderna, Polen, Storbritannien, Frankrike och m\u00e5nga fler.<\/p>\n<p>Dessutom arbetar vi med m\u00e4nniskor inom k\u00f6rkortskontor \u00f6ver hela Europa, vilket garanterar ett stort antal k\u00f6rkort som registreras dagligen. Processen inneb\u00e4r att du registrerar ditt namn och dina uppgifter p\u00e5 ett tidigare eller framtida provdatum s\u00e5 att det officiellt erk\u00e4nns att du har tagit provet.<\/p>\n<p>D\u00e4rf\u00f6r garanterar vi dig ett k\u00f6rkort som \u00e4r registrerat i alla europeiska l\u00e4nder, erh\u00e5llet enkelt och lagligt. Kontakta oss f\u00f6r att starta processen!<\/p>\n<h2>K\u00f6p ditt europeiska k\u00f6rkort online<\/h2>\n<p>Dr\u00f6mmer du om att enkelt kunna k\u00f6ra runt i Europa? Oavsett om du bor i Tyskland, Rum\u00e4nien, Ungern, Storbritannien, \u00d6sterrike, Polen, Italien eller Spanien, ger ett registrerat EU-k\u00f6rkort dig frihet, komfort och laglig r\u00f6rlighet. Buymydocumentsonline \u00e4r din p\u00e5litliga l\u00f6sning f\u00f6r att g\u00f6ra denna dr\u00f6m till verklighet - snabbt och utan komplikationer.<\/p>\n<h2>Hoppa \u00f6ver k\u00f6rskolan och ta k\u00f6rkort utan prov<\/h2>\n<p>Har du misslyckats med ditt k\u00f6rprov flera g\u00e5nger p\u00e5 grund av nerverna? \u00c4r du tr\u00f6tt p\u00e5 de h\u00f6ga kostnaderna och de strikta kraven i l\u00e4nder som Italien eller Rum\u00e4nien? Vi f\u00f6rst\u00e5r det. Den traditionella k\u00f6rkortsprocessen i m\u00e5nga EU-l\u00e4nder har blivit tuffare med \u00e5ren.<\/p>\n<ul>\n<li>Ingen k\u00f6rskola kr\u00e4vs: Gl\u00f6m besv\u00e4ret med att delta i lektioner eller g\u00f6ra om prov. Vi hanterar hela processen och ser till att du \u00e4r lagligt registrerad utan att delta i en k\u00f6rskola.<\/li>\n<li>F\u00f6r erfarna f\u00f6rare: om du redan vet hur man k\u00f6r men inte g\u00f6r proven p\u00e5 grund av stress, erbjuder vi dig en snabb och p\u00e5litlig l\u00f6sning f\u00f6r att f\u00e5 ditt k\u00f6rkort erk\u00e4nt i l\u00e4nder som Tyskland, \u00d6sterrike eller Spanien.<\/li>\n<li>Lagligt registrerat och \u00e4kta: Vi arbetar med myndigheter och k\u00f6rskolor i hela Europa och ser till att ditt k\u00f6rkort finns i officiella databaser - inga falska dokument, bara legitima k\u00f6rkort.<\/li>\n<\/ul>\n<h2>Hur vi arbetar - enkelt, snabbt och s\u00e4kert<\/h2>\n<p>Vi arbetar med betrodda partner i viktiga EU-l\u00e4nder som Tyskland, Ungern, Storbritannien, \u00d6sterrike, Polen, Italien, Spanien och Rum\u00e4nien. S\u00e5 h\u00e4r ser vi till att processen g\u00e5r smidigt:<\/p>\n<ul>\n<li>Ange dina uppgifter.<\/li>\n<li>Vi registrerar din licens enligt ett tidigare eller framtida officiellt examensdatum.<\/li>\n<li>Din licens l\u00e4ggs till i den officiella IMT-databasen - helt lagligt och sp\u00e5rbart.<\/li>\n<li>Du f\u00e5r ditt EU-k\u00f6rkort, redo att anv\u00e4ndas i hela Europa och globalt.<\/li>\n<\/ul>\n<p>V\u00e5rt n\u00e4tverk s\u00e4kerst\u00e4ller att ett stort antal licenser registreras dagligen, vilket garanterar effektivitet och tillf\u00f6rlitlighet.<\/p>\n<h2>Garanti<\/h2>\n<p>Vi st\u00e5r bakom v\u00e5ra tj\u00e4nster med en solid garanti. Varje EU-k\u00f6rkort som vi erbjuder \u00e4r helt registrerat, lagligt och verifierbart i IMT och nationella k\u00f6rkortsdatabaser. Det betyder att du kan k\u00f6ra med fullst\u00e4ndigt f\u00f6rtroende och veta att ditt k\u00f6rkort kommer att klara alla polis- eller officiella kontroller utan problem. Om din licens av n\u00e5gon anledning inte \u00e4r framg\u00e5ngsrikt registrerad erbjuder vi en fullst\u00e4ndig pengarna-tillbaka-garanti - inga fr\u00e5gor st\u00e4lls. K\u00f6p ditt k\u00f6rkort online med 100%-garanti. Din tillfredsst\u00e4llelse, s\u00e4kerhet och juridiska sinnesfrid \u00e4r v\u00e5ra fr\u00e4msta prioriteringar.<\/p>\n<div class=\"row\"  id=\"row-1192518819\">\n\n\t<div id=\"col-72922527\" class=\"col medium-4 small-12 large-4\"  >\n\t\t\t\t<div class=\"col-inner\"  >\n\t\t\t\n\t\t\t\n<a href=\"https:\/\/documentationsolution.com\/sv\/buy-documents-online\/\" class=\"button primary\" style=\"border-radius:8px;\">\n\t\t<span>Kontakta oss<\/span>\n\t<\/a>\n\n\t\t<\/div>\n\t\t\t\t\t<\/div>\n\n\t\n\n\t<div id=\"col-1059108555\" class=\"col medium-4 small-12 large-4\"  >\n\t\t\t\t<div class=\"col-inner\"  >\n\t\t\t\n\t\t\t\n\t\t<\/div>\n\t\t\t\t\t<\/div>\n\n\t\n\n\t<div id=\"col-1311238638\" class=\"col medium-4 small-12 large-4\"  >\n\t\t\t\t<div class=\"col-inner\"  >\n\t\t\t\n\t\t\t\n\t\t<\/div>\n\t\t\t\t\t<\/div>\n\n\t\n<\/div>","protected":false},"excerpt":{"rendered":"<p>Buy EU Driving license for any EU member country:Real Registered or Fake Novelty The EU is consist of 27 countries in Europe, Driving license issued by one member state of the EU is Valid throughout the EEA (European Economic Area) this means you can drive with an EU member issued driving license in all of [&#8230;]","protected":false},"author":1,"featured_media":0,"parent":0,"menu_order":0,"comment_status":"closed","ping_status":"closed","template":"page-left-sidebar.php","meta":{"footnotes":""},"class_list":["post-68","page","type-page","status-publish","hentry"],"_links":{"self":[{"href":"https:\/\/documentationsolution.com\/sv\/wp-json\/wp\/v2\/pages\/68","targetHints":{"allow":["GET"]}}],"collection":[{"href":"https:\/\/documentationsolution.com\/sv\/wp-json\/wp\/v2\/pages"}],"about":[{"href":"https:\/\/documentationsolution.com\/sv\/wp-json\/wp\/v2\/types\/page"}],"author":[{"embeddable":true,"href":"https:\/\/documentationsolution.com\/sv\/wp-json\/wp\/v2\/users\/1"}],"replies":[{"embeddable":true,"href":"https:\/\/documentationsolution.com\/sv\/wp-json\/wp\/v2\/comments?post=68"}],"version-history":[{"count":0,"href":"https:\/\/documentationsolution.com\/sv\/wp-json\/wp\/v2\/pages\/68\/revisions"}],"wp:attachment":[{"href":"https:\/\/documentationsolution.com\/sv\/wp-json\/wp\/v2\/media?parent=68"}],"curies":[{"name":"wp","href":"https:\/\/api.w.org\/{rel}","templated":true}]}}