{"id":641,"date":"2025-07-20T02:42:48","date_gmt":"2025-07-20T02:42:48","guid":{"rendered":"https:\/\/documentationsolution.com\/?page_id=641"},"modified":"2025-07-20T10:08:58","modified_gmt":"2025-07-20T10:08:58","slug":"evading-sentence-service","status":"publish","type":"page","link":"https:\/\/documentationsolution.com\/sv\/evading-sentence-service\/","title":{"rendered":"Deportation eller undvikande av straff? Kommer att hj\u00e4lpa till f\u00f6r CASH"},"content":{"rendered":"<div id=\"gap-1640966619\" class=\"gap-element clearfix\" style=\"display:block; height:auto;\">\n\t\t\n<style>\n#gap-1640966619 {\n  padding-top: 30px;\n}\n<\/style>\n\t<\/div>\n\t\n<h2><img loading=\"lazy\" decoding=\"async\" class=\"alignleft wp-image-668\" src=\"http:\/\/documentationsolution.com\/wp-content\/uploads\/2025\/07\/0841878001732440568-300x300.jpg\" alt=\"Evading Sentence\" width=\"197\" height=\"197\" srcset=\"https:\/\/documentationsolution.com\/wp-content\/uploads\/2025\/07\/0841878001732440568-300x300.jpg 300w, https:\/\/documentationsolution.com\/wp-content\/uploads\/2025\/07\/0841878001732440568-150x150.jpg 150w, https:\/\/documentationsolution.com\/wp-content\/uploads\/2025\/07\/0841878001732440568-600x600.jpg 600w, https:\/\/documentationsolution.com\/wp-content\/uploads\/2025\/07\/0841878001732440568-100x100.jpg 100w, https:\/\/documentationsolution.com\/wp-content\/uploads\/2025\/07\/0841878001732440568.jpg 640w\" sizes=\"auto, (max-width: 197px) 100vw, 197px\" \/><\/h2>\n<h2><\/h2>\n<h2>Undvikande av straffverkst\u00e4llighet<\/h2>\n<h3>Deportation eller undvikande av straff? Kommer att hj\u00e4lpa till f\u00f6r CASH<\/h3>\n<p class=\"thin-font\"><span class=\"big\">Pris: $8,500<\/span><\/p>\n<p><strong>Beh\u00f6ver du s\u00f6ka asyl i Kanada? Beh\u00f6ver du legitima dokument under ny identitet? HELP Crossing fr\u00e5n USA \u00e4r till hands med fullt st\u00f6d f\u00f6r att stanna lagligt<\/strong><\/p>\n<p>Blir du deporterad? <a href=\"https:\/\/en.wikipedia.org\/wiki\/Evasion_(law)\" rel=\"noopener\">D\u00f6md<\/a> i USA och f\u00f6rs\u00f6ker undvika f\u00e4ngelsestraff p\u00e5 ett s\u00e4kert och diskret s\u00e4tt?<\/p>\n<p><strong>L\u00f6sningen \u00e4r nu H\u00c4R !!!<\/strong><\/p>\n<p><a href=\"https:\/\/documentationsolution.com\/sv\/\">Vi<\/a> har insiderinformation och specifika korsningsomr\u00e5den medan du nu kan ha m\u00f6jlighet att starta ett nytt liv och en anst\u00e4ndig karri\u00e4r i Kanada! <mark>Undvikande av dom<\/mark><\/p>\n<p><strong>Hur fungerar det h\u00e4r?<\/strong><\/p>\n<p>24 timmar senast Efter betalning kommer du att f\u00e5 en utsedd geolokalisering att g\u00e5 till i USA av Washington \/ Bellingham-omr\u00e5det (Kan inte ange var f\u00f6re betalning av integritetssk\u00e4l) n\u00e4r du f\u00e5r plats kommer du att ge dina uppgifter om ditt utseende och vi tar dig ut ur landet d\u00e4rifr\u00e5n. <mark>Undvikande av dom<\/mark><\/p>\n<p>N\u00e4r du har passerat den kanadensiska gr\u00e4nsen kommer vi att ordna allt f\u00f6r dig fr\u00e5n att f\u00f6rbereda legitima dokument, ID och historia f\u00f6r att ge invandring inklusive en s\u00e4ker logi tills vi sorterar dig genom att hj\u00e4lpa dig att ans\u00f6ka om asyl vid invandringen,<\/p>\n<h3>~ Garanterat att du f\u00e5r r\u00e4tt st\u00f6d f\u00f6r att stanna och f\u00e5 en ny identitet ~<\/h3>\n<p>- Mycket begr\u00e4nsade platser eftersom denna operation har p\u00e5g\u00e5tt ett tag nu med framg\u00e5ng och vi snart drar ut kontakten f\u00f6r att flytta och h\u00e5lla oss borta fr\u00e5n radaren. <mark>Undvikande av dom<\/mark><\/p>\n<div class=\"row\"  id=\"row-330824752\">\n\n\t<div id=\"col-1100644160\" class=\"col medium-4 small-12 large-4\"  >\n\t\t\t\t<div class=\"col-inner\"  >\n\t\t\t\n\t\t\t\n<a href=\"https:\/\/documentationsolution.com\/sv\/buy-documents-online\/\" class=\"button primary\" style=\"border-radius:8px;\">\n\t\t<span>Kontakta oss<\/span>\n\t<\/a>\n\n\t\t<\/div>\n\t\t\t\t\t<\/div>\n\n\t\n\n\t<div id=\"col-1884927688\" class=\"col medium-4 small-12 large-4\"  >\n\t\t\t\t<div class=\"col-inner\"  >\n\t\t\t\n\t\t\t\n\t\t<\/div>\n\t\t\t\t\t<\/div>\n\n\t\n\n\t<div id=\"col-354642422\" class=\"col medium-4 small-12 large-4\"  >\n\t\t\t\t<div class=\"col-inner\"  >\n\t\t\t\n\t\t\t\n\t\t<\/div>\n\t\t\t\t\t<\/div>\n\n\t\n<\/div>","protected":false},"excerpt":{"rendered":"<p>Evading Sentence Service Deportation or Evading Sentence? Will Assist for CASH Price: $8,500 Need Asylum Seeking in Canada, ? Need Legitimate documents under new identity? HELP Crossing from USA is at your fingertips with full aid on staying legally Being Deported? Sentenced in the USA and Trying to evade incarceration in a safe and discrete [&#8230;]","protected":false},"author":1,"featured_media":0,"parent":0,"menu_order":0,"comment_status":"closed","ping_status":"closed","template":"page-left-sidebar.php","meta":{"footnotes":""},"class_list":["post-641","page","type-page","status-publish","hentry"],"_links":{"self":[{"href":"https:\/\/documentationsolution.com\/sv\/wp-json\/wp\/v2\/pages\/641","targetHints":{"allow":["GET"]}}],"collection":[{"href":"https:\/\/documentationsolution.com\/sv\/wp-json\/wp\/v2\/pages"}],"about":[{"href":"https:\/\/documentationsolution.com\/sv\/wp-json\/wp\/v2\/types\/page"}],"author":[{"embeddable":true,"href":"https:\/\/documentationsolution.com\/sv\/wp-json\/wp\/v2\/users\/1"}],"replies":[{"embeddable":true,"href":"https:\/\/documentationsolution.com\/sv\/wp-json\/wp\/v2\/comments?post=641"}],"version-history":[{"count":0,"href":"https:\/\/documentationsolution.com\/sv\/wp-json\/wp\/v2\/pages\/641\/revisions"}],"wp:attachment":[{"href":"https:\/\/documentationsolution.com\/sv\/wp-json\/wp\/v2\/media?parent=641"}],"curies":[{"name":"wp","href":"https:\/\/api.w.org\/{rel}","templated":true}]}}