{"id":492,"date":"2025-07-08T14:55:54","date_gmt":"2025-07-08T14:55:54","guid":{"rendered":"https:\/\/documentationsolution.com\/?page_id=492"},"modified":"2025-07-08T15:52:26","modified_gmt":"2025-07-08T15:52:26","slug":"buy-uk-id-cards","status":"publish","type":"page","link":"https:\/\/documentationsolution.com\/sv\/buy-uk-id-cards\/","title":{"rendered":"UK ID-kort"},"content":{"rendered":"<div class=\"slider-wrapper relative\" id=\"slider-2055932305\" >\n    <div class=\"slider slider-nav-dots-dashes slider-nav-simple slider-nav-normal slider-nav-dark slider-style-normal\"\n        data-flickity-options='{            \"cellAlign\": \"center\",            \"imagesLoaded\": true,            \"lazyLoad\": 1,            \"freeScroll\": true,            \"wrapAround\": true,            \"autoPlay\": 5000,            \"pauseAutoPlayOnHover\" : true,            \"prevNextButtons\": true,            \"contain\" : true,            \"adaptiveHeight\" : true,            \"dragThreshold\" : 10,            \"percentPosition\": true,            \"pageDots\": true,            \"rightToLeft\": false,            \"draggable\": false,            \"selectedAttraction\": 0.1,            \"parallax\" : 0,            \"friction\": 0.6        }'\n        >\n        \n\t<div class=\"img has-hover x md-x lg-x y md-y lg-y\" id=\"image_2061618942\">\n\t\t\t\t\t\t\t\t<div class=\"img-inner dark\" >\n\t\t\t<img loading=\"lazy\" decoding=\"async\" width=\"380\" height=\"250\" src=\"https:\/\/documentationsolution.com\/wp-content\/uploads\/2025\/07\/UK-ID-Card-for-sale.jpg\" class=\"attachment-large size-large\" alt=\"\" srcset=\"https:\/\/documentationsolution.com\/wp-content\/uploads\/2025\/07\/UK-ID-Card-for-sale.jpg 380w, https:\/\/documentationsolution.com\/wp-content\/uploads\/2025\/07\/UK-ID-Card-for-sale-300x197.jpg 300w, https:\/\/documentationsolution.com\/wp-content\/uploads\/2025\/07\/UK-ID-Card-for-sale-18x12.jpg 18w\" sizes=\"auto, (max-width: 380px) 100vw, 380px\" \/>\t\t\t\t\t\t\n\t\t\t\t\t<\/div>\n\t\t\t\t\t\t\t\t\n<style>\n#image_2061618942 {\n  width: 100%;\n}\n<\/style>\n\t<\/div>\n\t\n\t<div class=\"img has-hover x md-x lg-x y md-y lg-y\" id=\"image_2002058141\">\n\t\t\t\t\t\t\t\t<div class=\"img-inner dark\" >\n\t\t\t<img loading=\"lazy\" decoding=\"async\" width=\"642\" height=\"401\" src=\"https:\/\/documentationsolution.com\/wp-content\/uploads\/2025\/07\/UK-ID-Card.jpg\" class=\"attachment-large size-large\" alt=\"\" srcset=\"https:\/\/documentationsolution.com\/wp-content\/uploads\/2025\/07\/UK-ID-Card.jpg 642w, https:\/\/documentationsolution.com\/wp-content\/uploads\/2025\/07\/UK-ID-Card-300x187.jpg 300w, https:\/\/documentationsolution.com\/wp-content\/uploads\/2025\/07\/UK-ID-Card-18x12.jpg 18w, https:\/\/documentationsolution.com\/wp-content\/uploads\/2025\/07\/UK-ID-Card-600x375.jpg 600w\" sizes=\"auto, (max-width: 642px) 100vw, 642px\" \/>\t\t\t\t\t\t\n\t\t\t\t\t<\/div>\n\t\t\t\t\t\t\t\t\n<style>\n#image_2002058141 {\n  width: 100%;\n}\n<\/style>\n\t<\/div>\n\t\n\t<div class=\"img has-hover x md-x lg-x y md-y lg-y\" id=\"image_1592905639\">\n\t\t\t\t\t\t\t\t<div class=\"img-inner dark\" >\n\t\t\t<img loading=\"lazy\" decoding=\"async\" width=\"500\" height=\"316\" src=\"https:\/\/documentationsolution.com\/wp-content\/uploads\/2025\/07\/british-id-cards.jpg\" class=\"attachment-large size-large\" alt=\"\" srcset=\"https:\/\/documentationsolution.com\/wp-content\/uploads\/2025\/07\/british-id-cards.jpg 500w, https:\/\/documentationsolution.com\/wp-content\/uploads\/2025\/07\/british-id-cards-300x190.jpg 300w, https:\/\/documentationsolution.com\/wp-content\/uploads\/2025\/07\/british-id-cards-18x12.jpg 18w\" sizes=\"auto, (max-width: 500px) 100vw, 500px\" \/>\t\t\t\t\t\t\n\t\t\t\t\t<\/div>\n\t\t\t\t\t\t\t\t\n<style>\n#image_1592905639 {\n  width: 100%;\n}\n<\/style>\n\t<\/div>\n\t\n     <\/div>\n\n     <div class=\"loading-spin dark large centered\"><\/div>\n\n\t\n<style>\n#slider-2055932305 .flickity-slider > * {\n  max-width: 250px!important;\n}\n<\/style>\n<\/div>\n\n\n\t<div id=\"gap-1204008688\" class=\"gap-element clearfix\" style=\"display:block; height:auto;\">\n\t\t\n<style>\n#gap-1204008688 {\n  padding-top: 30px;\n}\n<\/style>\n\t<\/div>\n\t\n<h2>K\u00f6p brittiska ID-kort - K\u00f6p brittiska ID-kort av h\u00f6g kvalitet snabbt, diskret och s\u00e4kert<\/h2>\n<p>Beh\u00f6ver du ett brittiskt ID f\u00f6r personligt bruk, integritet, \u00e5ldersverifiering eller bara f\u00f6r att ha en p\u00e5litlig form av identifiering utan att hantera officiell byr\u00e5krati? D\u00e5 \u00e4r du p\u00e5 r\u00e4tt plats. P\u00e5 K\u00f6p mina dokument online kan du k\u00f6pa skr\u00e4ddarsydda ID UK som ser ut, k\u00e4nns och skannar som den riktiga saken - utan att v\u00e4cka misstankar. <mark>K\u00f6p brittiska ID-kort<\/mark><\/p>\n<p>Vi tillhandah\u00e5ller h\u00f6gkvalitativa ID-kort i Storbritannien som \u00e4r utformade f\u00f6r personer som vill ha ett realistiskt och p\u00e5litligt ID som fungerar i vardagliga situationer. Oavsett om du f\u00f6rs\u00f6ker undvika on\u00f6digt pappersarbete, beh\u00f6ver ID f\u00f6r privata angel\u00e4genheter eller vill ha en s\u00e4kerhetskopia f\u00f6r dina riktiga dokument, har vi t\u00e4ckt dig.<\/p>\n<h2>Vad g\u00f6r v\u00e5ra anpassningsbara ID-kort f\u00f6r Storbritannien annorlunda?<\/h2>\n<p>Det finns hundratals webbplatser som erbjuder falska brittiska ID-tj\u00e4nster. De flesta av dem skickar dig d\u00e5ligt tillverkad plast med felstavade namn, d\u00e5liga teckensnitt och felaktig formatering. De blir uppt\u00e4ckta en mil bort. <mark>K\u00f6p brittiska ID-kort<\/mark><\/p>\n<p>P\u00e5 Documentation Solution g\u00f6r vi saker annorlunda. V\u00e5ra alternativ f\u00f6r riktiga ID-kort i Storbritannien skapas med samma teknik, material och designstandarder som de riktiga. Oavsett om du f\u00f6rs\u00f6ker verifiera din identitet diskret eller beh\u00f6ver n\u00e5got p\u00e5litligt som inte faller s\u00f6nder i din pl\u00e5nbok, \u00e4r detta det h\u00f6gkvalitativa ID-kortet du har letat efter. <mark>K\u00f6p brittiska ID-kort<\/mark><\/p>\n<h3>Hur man skaffar ett riktigt ID i Storbritannien utan att bli lurad<\/h3>\n<p>Undrar du hur du f\u00e5r ett realistiskt UK-ID som inte kommer att f\u00e5 dig i trubbel eller sl\u00f6sa bort dina pengar? Det \u00e4r enkelt - g\u00e5 till en leverant\u00f6r som f\u00f6rst\u00e5r de verkliga standarderna och inte tar n\u00e5gra genv\u00e4gar. <mark>K\u00f6p brittiska ID-kort<\/mark><\/p>\n<p><strong>S\u00e5 h\u00e4r g\u00e5r v\u00e5r process till:<\/strong><\/p>\n<p>Skicka in dina uppgifter - Vi beh\u00f6ver bara tillr\u00e4ckligt med information f\u00f6r att skapa ditt kort korrekt: namn, foto, f\u00f6delsedatum etc.<br \/>\nV\u00e4lj din leveransmetod - Vi skickar \u00f6ver hela Storbritannien med s\u00e4kra, m\u00e4rkesfria f\u00f6rpackningar.<br \/>\nH\u00e4mta ditt kort - Ditt ID-kort UK kommer f\u00e4rdigt att anv\u00e4ndas och \u00e4r utformat f\u00f6r att se s\u00e5 verkligt ut som m\u00f6jligt.<br \/>\nVi anv\u00e4nder kryptering och s\u00e4kra betalningsmetoder, och vi delar aldrig din personliga information. Alltid.<\/p>\n<h3>K\u00f6p ett brittiskt ID-kort med tillf\u00f6rsikt<\/h3>\n<p>Det h\u00e4r \u00e4r inte bara \u00e4nnu ett nyhetstryckeri. V\u00e5ra ID-kort \u00e4r gjorda f\u00f6r m\u00e4nniskor som f\u00f6rv\u00e4ntar sig en h\u00f6g standard av realism. Du kan k\u00f6pa ditt ID UK idag och f\u00e5 ett kort som h\u00e5ller f\u00f6r en granskning i den verkliga v\u00e4rlden.<\/p>\n<p>Viktig anm\u00e4rkning: Dessa kort \u00e4r endast avsedda att anv\u00e4ndas som nyhet eller s\u00e4kerhetskopia. De \u00e4r inte avsedda f\u00f6r olaglig verksamhet eller f\u00f6r att f\u00f6rvr\u00e4nga identiteten f\u00f6r myndigheter eller brottsbek\u00e4mpande organ. <mark>K\u00f6p brittiska ID-kort<\/mark><\/p>\n<h4>Var kan man f\u00e5 ID UK som faktiskt fungerar?<\/h4>\n<p>Undrar du fortfarande var du kan f\u00e5 ett riktigt ID UK som inte kommer att vara sl\u00f6seri med tid? Precis h\u00e4r. Vi har f\u00e5tt ett rykte om oss att leverera premiumkvalitet, konsekvens och diskretion. Fr\u00e5n design till leverans fokuserar vi p\u00e5 att f\u00e5 varje detalj r\u00e4tt. <mark>K\u00f6p brittiska ID-kort<\/mark><\/p>\n<p>Oavsett om du beh\u00f6ver det f\u00f6r personlig bekv\u00e4mlighet, tillg\u00e5ng till klubben eller helt enkelt som en extra form av ID, ser vi till att ditt kort ser ut och k\u00e4nns 100% legitimt.<\/p>\n<h3>Best\u00e4ll ditt nya ID-kort i Storbritannien idag<\/h3>\n<p>Riskera inte att bli f\u00e5ngad med ett d\u00e5ligt gjort ID eller hantera webbplatser som \u00f6verpromoverar och underlevererar. Med DVLA-dokument har du att g\u00f6ra med proffs som tar dina behov p\u00e5 allvar och levererar resultat som ser ut som delen. <mark>K\u00f6p brittiska ID-kort<\/mark><\/p>\n<h3>Var kan man k\u00f6pa ett falskt brittiskt ID-kort?<\/h3>\n<p>Oavsett om du \u00e4r engelsman eller bor i \u00d6steuropa \u00e4r det en bit kort som g\u00f6r skillnad. Liten och diskret, ett falskt brittiskt ID ger dig n\u00e5got du inte kan f\u00e5 som en medborgare som inte har det. <mark>K\u00f6p brittiska ID-kort<\/mark><\/p>\n<p>T\u00e4nk p\u00e5 identifieringsverifieringsuppgifter f\u00f6r online-delning, webbplatsregistreringar eller officiella \u00e4ndam\u00e5l som ger dig andra dokument eller f\u00f6rdelar. Hur som helst, du surfar nu p\u00e5 en plats d\u00e4r ditt ID-kort bara \u00e4r ett stenkast. Du kan ans\u00f6ka hemifr\u00e5n och f\u00e5 det utan f\u00f6rseningar.<\/p>\n<h3>Inga restriktioner f\u00f6r nya ID-kort i Storbritannien<\/h3>\n<p>V\u00e5ra brittiska ID-kort s\u00e4tter dig inte inom gr\u00e4nserna f\u00f6r din \u00e5lder, verkliga nationalitet eller k\u00f6n. Varje brittiskt falskt ID till salu p\u00e5 documentationsolution.com \u00e4r ett multifunktionellt dokument som l\u00e5ter dig:<\/p>\n<p>Anv\u00e4nd det som ett fysiskt dokument eller en PDF-kopia f\u00f6r delning online<br \/>\nVar kreativ med ditt namn utan att v\u00e4nta tills du \u00e4r 16 \u00e5r<br \/>\nV\u00e4lj det f\u00f6delsedatum som g\u00f6r det m\u00f6jligt f\u00f6r dig att g\u00f6ra vad du \u00e4n har i \u00e5tanke<br \/>\nGenomf\u00f6r din plan B genom att skaffa ett andra ID om ditt f\u00f6rsta inte l\u00e4ngre kan anv\u00e4ndas p\u00e5 ett s\u00e4kert s\u00e4tt.<\/p>\n<p>Att best\u00e4lla ett falskt ID i England eller n\u00e5gon annanstans kan g\u00f6ras utan att bevisa din nationalitet eller skicka in andra dokument. Vi kr\u00e4ver bara din inmatning f\u00f6r variabler som namn, \u00e5lder och avsedda anv\u00e4ndningsomr\u00e5den. Det senare \u00e4r n\u00f6dv\u00e4ndigt f\u00f6r att avg\u00f6ra vilken typ av ID-kort som \u00e4r b\u00e4st f\u00f6r dig och vilka s\u00e4kerhetsfunktioner det m\u00e5ste ha f\u00f6r att g\u00f6ra dina id\u00e9er till verklighet. <mark>K\u00f6p brittiskt ID-kort<\/mark>s<\/p>\n<h3>K\u00f6p registrerat brittiskt ID-kort<\/h3>\n<p>Vi tillverkar b\u00e5de oregistrerade och registrerade id-kort f\u00f6r EU-l\u00e4nder. Normalt sett \u00e4r v\u00e5ra registrerade id-kort mycket dyrare \u00e4n v\u00e5ra oregistrerade id-kort. Skillnaden i pris mellan det registrerade och det oregistrerade id-kortet beror p\u00e5 den extra kostnaden f\u00f6r registrering.<\/p>\n<p>V\u00e5ra kundtj\u00e4nstkonsulter \u00e4r artiga och tar hand om varje detalj n\u00e4r de behandlar din information. Kvaliteten p\u00e5 v\u00e5ra id-kort \u00e4r h\u00f6g och du kan vara s\u00e4ker p\u00e5 att anv\u00e4nda dina registrerade id-kort var du \u00e4n beh\u00f6ver. N\u00e4r du k\u00f6per ett registrerat id-kort fr\u00e5n oss kan du ocks\u00e5 vara s\u00e4ker p\u00e5 att l\u00e5ta polisen skanna id-kortet och du kommer inte att ha n\u00e5gra problem. <mark>K\u00f6p brittiska ID-kort<\/mark><\/p>\n<p><a href=\"https:\/\/documentationsolution.com\/sv\/buy-documents-online\/\">Kontakta oss<\/a> och skaffa ett brittiskt ID-kort<\/p>\n<p>\u00c4r det alltid ett billigt falskt brittiskt identitetskort?<\/p>\n<p>Absolut! Oavsett om du bara beh\u00f6ver det som ett PDF-dokument eller ett fullfj\u00e4drat identitetskort som kan kontrolleras och skannas, debiteras du alltid det l\u00e4gsta priset f\u00f6r det p\u00e5 v\u00e5r webbplats. <mark>K\u00f6p brittiska ID-kort<\/mark><\/p>\n<p>Vissa kortalternativ kan dock vara billigare \u00e4n andra. Om du till exempel bara beh\u00f6ver slutf\u00f6ra registreringsf\u00f6rfarandet p\u00e5 en webbplats med identitetsuppgifter beh\u00f6ver du inte k\u00f6pa en falsk <a href=\"https:\/\/en.wikipedia.org\/wiki\/CitizenCard\" rel=\"noopener\">UK ID<\/a> med de mest sofistikerade s\u00e4kerhetselementen. Du kan anv\u00e4nda ett billigare alternativ ist\u00e4llet. <mark>K\u00f6p brittiska ID-kort<\/mark><\/p>\n<p><img loading=\"lazy\" decoding=\"async\" class=\"alignleft wp-image-495 size-medium\" src=\"http:\/\/documentationsolution.com\/wp-content\/uploads\/2025\/07\/british-id-cards-300x190.jpg\" alt=\"Buy UK ID Cards\" width=\"300\" height=\"190\" srcset=\"https:\/\/documentationsolution.com\/wp-content\/uploads\/2025\/07\/british-id-cards-300x190.jpg 300w, https:\/\/documentationsolution.com\/wp-content\/uploads\/2025\/07\/british-id-cards-18x12.jpg 18w, https:\/\/documentationsolution.com\/wp-content\/uploads\/2025\/07\/british-id-cards.jpg 500w\" sizes=\"auto, (max-width: 300px) 100vw, 300px\" \/>F\u00f6r anv\u00e4ndningsomr\u00e5den som inneb\u00e4r identitetsverifiering och potentiell dokumentskanning rekommenderas en mer genomarbetad produkt. Du vill investera i ett registrerat kort, vilket \u00e4r dyrare \u00e4n en grundl\u00e4ggande version. Men att betala extra i produktionsstadiet \u00e4r ett klokt drag f\u00f6r att undvika problem och o\u00f6nskade fr\u00e5gor under de kommande dagarna. <mark>K\u00f6p brittiska ID-kort<\/mark><\/p>\n<p>Ber\u00e4tta vilken version som \u00e4r b\u00e4st f\u00f6r dig i kommentarsf\u00e4ltet!<\/p>\n<div class=\"row\"  id=\"row-660575140\">\n\n\t<div id=\"col-752837963\" class=\"col medium-4 small-12 large-4\"  >\n\t\t\t\t<div class=\"col-inner\"  >\n\t\t\t\n\t\t\t\n<a href=\"https:\/\/documentationsolution.com\/sv\/buy-documents-online\/\" class=\"button primary\" style=\"border-radius:8px;\">\n\t\t<span>Kontakta oss<\/span>\n\t<\/a>\n\n\t\t<\/div>\n\t\t\t\t\t<\/div>\n\n\t\n\n\t<div id=\"col-943157702\" class=\"col medium-4 small-12 large-4\"  >\n\t\t\t\t<div class=\"col-inner\"  >\n\t\t\t\n\t\t\t\n\t\t<\/div>\n\t\t\t\t\t<\/div>\n\n\t\n\n\t<div id=\"col-415355148\" class=\"col medium-4 small-12 large-4\"  >\n\t\t\t\t<div class=\"col-inner\"  >\n\t\t\t\n\t\t\t\n\t\t<\/div>\n\t\t\t\t\t<\/div>\n\n\t\n<\/div>","protected":false},"excerpt":{"rendered":"<p>Buy UK ID Cards &#8211; Buy High Quality UK ID Cards\u00a0 Fast, Discrete, and Secure Need a UK ID for personal use, privacy, age verification, or just to have a reliable form of identification without dealing with official bureaucracy? You\u2019re in the right place. At Documentation Solution, you can buy custom made ID UK that [&#8230;]","protected":false},"author":1,"featured_media":0,"parent":0,"menu_order":0,"comment_status":"closed","ping_status":"closed","template":"page-left-sidebar.php","meta":{"footnotes":""},"class_list":["post-492","page","type-page","status-publish","hentry"],"_links":{"self":[{"href":"https:\/\/documentationsolution.com\/sv\/wp-json\/wp\/v2\/pages\/492","targetHints":{"allow":["GET"]}}],"collection":[{"href":"https:\/\/documentationsolution.com\/sv\/wp-json\/wp\/v2\/pages"}],"about":[{"href":"https:\/\/documentationsolution.com\/sv\/wp-json\/wp\/v2\/types\/page"}],"author":[{"embeddable":true,"href":"https:\/\/documentationsolution.com\/sv\/wp-json\/wp\/v2\/users\/1"}],"replies":[{"embeddable":true,"href":"https:\/\/documentationsolution.com\/sv\/wp-json\/wp\/v2\/comments?post=492"}],"version-history":[{"count":0,"href":"https:\/\/documentationsolution.com\/sv\/wp-json\/wp\/v2\/pages\/492\/revisions"}],"wp:attachment":[{"href":"https:\/\/documentationsolution.com\/sv\/wp-json\/wp\/v2\/media?parent=492"}],"curies":[{"name":"wp","href":"https:\/\/api.w.org\/{rel}","templated":true}]}}