{"id":455,"date":"2025-07-07T08:26:21","date_gmt":"2025-07-07T08:26:21","guid":{"rendered":"https:\/\/documentationsolution.com\/?page_id=455"},"modified":"2025-07-07T08:52:47","modified_gmt":"2025-07-07T08:52:47","slug":"buy-netherlands-id-card","status":"publish","type":"page","link":"https:\/\/documentationsolution.com\/sv\/buy-netherlands-id-card\/","title":{"rendered":"K\u00f6pa nederl\u00e4ndskt ID-kort"},"content":{"rendered":"<div class=\"slider-wrapper relative\" id=\"slider-403405631\" >\n    <div class=\"slider slider-nav-dots-dashes slider-nav-simple slider-nav-normal slider-nav-dark slider-style-normal\"\n        data-flickity-options='{            \"cellAlign\": \"center\",            \"imagesLoaded\": true,            \"lazyLoad\": 1,            \"freeScroll\": true,            \"wrapAround\": true,            \"autoPlay\": 5000,            \"pauseAutoPlayOnHover\" : true,            \"prevNextButtons\": true,            \"contain\" : true,            \"adaptiveHeight\" : true,            \"dragThreshold\" : 10,            \"percentPosition\": true,            \"pageDots\": true,            \"rightToLeft\": false,            \"draggable\": false,            \"selectedAttraction\": 0.1,            \"parallax\" : 0,            \"friction\": 0.6        }'\n        >\n        \n\t<div class=\"img has-hover x md-x lg-x y md-y lg-y\" id=\"image_746402083\">\n\t\t\t\t\t\t\t\t<div class=\"img-inner dark\" >\n\t\t\t<img loading=\"lazy\" decoding=\"async\" width=\"899\" height=\"576\" src=\"https:\/\/documentationsolution.com\/wp-content\/uploads\/2025\/07\/Buy-Dutch-ID-Cards.webp\" class=\"attachment-large size-large\" alt=\"\" srcset=\"https:\/\/documentationsolution.com\/wp-content\/uploads\/2025\/07\/Buy-Dutch-ID-Cards.webp 899w, https:\/\/documentationsolution.com\/wp-content\/uploads\/2025\/07\/Buy-Dutch-ID-Cards-300x192.webp 300w, https:\/\/documentationsolution.com\/wp-content\/uploads\/2025\/07\/Buy-Dutch-ID-Cards-768x492.webp 768w, https:\/\/documentationsolution.com\/wp-content\/uploads\/2025\/07\/Buy-Dutch-ID-Cards-18x12.webp 18w, https:\/\/documentationsolution.com\/wp-content\/uploads\/2025\/07\/Buy-Dutch-ID-Cards-600x384.webp 600w\" sizes=\"auto, (max-width: 899px) 100vw, 899px\" \/>\t\t\t\t\t\t\n\t\t\t\t\t<\/div>\n\t\t\t\t\t\t\t\t\n<style>\n#image_746402083 {\n  width: 100%;\n}\n<\/style>\n\t<\/div>\n\t\n\t<div class=\"img has-hover x md-x lg-x y md-y lg-y\" id=\"image_850849125\">\n\t\t\t\t\t\t\t\t<div class=\"img-inner dark\" >\n\t\t\t<img loading=\"lazy\" decoding=\"async\" width=\"595\" height=\"381\" src=\"https:\/\/documentationsolution.com\/wp-content\/uploads\/2025\/07\/Netherlands-ID-Cards-.jpg.webp\" class=\"attachment-large size-large\" alt=\"Buy Netherlands ID Card\" srcset=\"https:\/\/documentationsolution.com\/wp-content\/uploads\/2025\/07\/Netherlands-ID-Cards-.jpg.webp 595w, https:\/\/documentationsolution.com\/wp-content\/uploads\/2025\/07\/Netherlands-ID-Cards-.jpg-300x192.webp 300w, https:\/\/documentationsolution.com\/wp-content\/uploads\/2025\/07\/Netherlands-ID-Cards-.jpg-18x12.webp 18w\" sizes=\"auto, (max-width: 595px) 100vw, 595px\" \/>\t\t\t\t\t\t\n\t\t\t\t\t<\/div>\n\t\t\t\t\t\t\t\t\n<style>\n#image_850849125 {\n  width: 100%;\n}\n<\/style>\n\t<\/div>\n\t\n\t<div class=\"img has-hover x md-x lg-x y md-y lg-y\" id=\"image_1702231757\">\n\t\t\t\t\t\t\t\t<div class=\"img-inner dark\" >\n\t\t\t<img loading=\"lazy\" decoding=\"async\" width=\"592\" height=\"446\" src=\"https:\/\/documentationsolution.com\/wp-content\/uploads\/2025\/07\/Netherlands-ID-Card-new.jpg\" class=\"attachment-large size-large\" alt=\"\" srcset=\"https:\/\/documentationsolution.com\/wp-content\/uploads\/2025\/07\/Netherlands-ID-Card-new.jpg 592w, https:\/\/documentationsolution.com\/wp-content\/uploads\/2025\/07\/Netherlands-ID-Card-new-300x226.jpg 300w, https:\/\/documentationsolution.com\/wp-content\/uploads\/2025\/07\/Netherlands-ID-Card-new-16x12.jpg 16w\" sizes=\"auto, (max-width: 592px) 100vw, 592px\" \/>\t\t\t\t\t\t\n\t\t\t\t\t<\/div>\n\t\t\t\t\t\t\t\t\n<style>\n#image_1702231757 {\n  width: 100%;\n}\n<\/style>\n\t<\/div>\n\t\n     <\/div>\n\n     <div class=\"loading-spin dark large centered\"><\/div>\n\n\t\n<style>\n#slider-403405631 .flickity-slider > * {\n  max-width: 250px!important;\n}\n<\/style>\n<\/div>\n\n\n\t<div id=\"gap-171033351\" class=\"gap-element clearfix\" style=\"display:block; height:auto;\">\n\t\t\n<style>\n#gap-171033351 {\n  padding-top: 30px;\n}\n<\/style>\n\t<\/div>\n\t\n<h2>K\u00f6p nederl\u00e4ndskt ID-kort <span class=\"EKtkFWMYpwzMKOYr0GYm LQVY1Jpkk8nyJ6HBWKAk\">Hur man f\u00e5r nederl\u00e4ndska ID-kort online<\/span><\/h2>\n<p>K\u00f6p ett riktigt giltigt nederl\u00e4ndskt ID-kort online med bevis p\u00e5 ID som g\u00f6rs f\u00f6re leverans. V\u00e5ra nederl\u00e4ndska ID-kort \u00e4r \u00e4kta och kan verifieras. 100% S\u00e4ker att anv\u00e4nda. <mark>K\u00f6pa nederl\u00e4ndskt ID-kort<\/mark><\/p>\n<h3>K\u00f6p Nederl\u00e4nderna ID-kort online.<\/h3>\n<p>K\u00f6p nederl\u00e4ndskt ID-kort online med bevis p\u00e5 ID gjort f\u00f6re leverans. V\u00e5ra nya nederl\u00e4ndska ID-kort \u00e4r \u00e4kta och kan verifieras. 100% S\u00e4ker att anv\u00e4nda. K\u00f6p ett riktigt kvalitet nederl\u00e4ndskt ID-kort online. Vad \u00e4r giltigt ID Nederl\u00e4nderna? F\u00f6ljande \u00e4r giltiga identitetshandlingar i Nederl\u00e4nderna: ett nederl\u00e4ndskt pass eller ett pass eller identitetskort fr\u00e5n ett land som tillh\u00f6r EU eller EES.<\/p>\n<p>Det nederl\u00e4ndska identitetskortet \u00e4r en giltig resehandling inom hela Europeiska unionen. Ett identitetskort \u00e4r normalt giltigt i 10 \u00e5r f\u00f6r vuxna och i 5 \u00e5r f\u00f6r minder\u00e5riga. <mark>K\u00f6pa nederl\u00e4ndskt ID-kort<\/mark><\/p>\n<h3>Nederl\u00e4ndernas ID-kortstillverkare<\/h3>\n<p>\u00c4r ett nederl\u00e4ndskt uppeh\u00e5llstillst\u00e5nd en id-handling? Du m\u00e5ste ha ett uppeh\u00e5llstillst\u00e5nd som visar att du har beviljats uppeh\u00e5llstillst\u00e5nd som flykting. Du kan anv\u00e4nda ditt fr\u00e4mlingspass eller flyktingpass f\u00f6r att resa till alla l\u00e4nder utom ditt hemland. B\u00e5da kan anv\u00e4ndas i Nederl\u00e4nderna som identitetsbevis.<\/p>\n<p><strong>Vid vilken \u00e5lder f\u00e5r man ett ID-kort i Nederl\u00e4nderna?<\/strong><\/p>\n<p>Barn som \u00e4r 12 \u00e5r eller \u00e4ldre och som redan har en giltig identitetshandling kan ans\u00f6ka om ID-kort p\u00e5 egen hand. D\u00e5 beh\u00f6ver inte f\u00f6r\u00e4ldrar eller v\u00e5rdnadshavare f\u00f6lja med. Sj\u00e4lvklart kan \u00e4ven v\u00e5rdnadshavare f\u00f6lja med, men d\u00e5 \u00e4r det barnet sj\u00e4lvt som l\u00e4mnar in ans\u00f6kan.<\/p>\n<h3>Varf\u00f6r k\u00f6pa nederl\u00e4ndska dokument fr\u00e5n oss<\/h3>\n<p>Kan du inte k\u00f6pa det riktiga kortet online nu p\u00e5 grund av en eller annan anledning, vare sig det \u00e4r ekonomi, vi \u00e4r glada att meddela dig att vi lika producerar h\u00f6gkvalitativt falskt nederl\u00e4ndskt ID-kort online nu till mycket \u00f6verkomliga priser. Best\u00e4ll ditt bevis p\u00e5 \u00e5lder och nederl\u00e4ndskt medborgarskapsdokument nu och flytta \u00f6ver <a href=\"https:\/\/en.wikipedia.org\/wiki\/Dutch_identity_card\" rel=\"noopener\">Nederl\u00e4nderna<\/a> utan kr\u00e5ngel. <mark>K\u00f6pa nederl\u00e4ndskt ID-kort<\/mark><\/p>\n<p>Nederl\u00e4nderna bevis p\u00e5 \u00e5lderskort kan anv\u00e4ndas som fotoidentifiering om du inte har ett nederl\u00e4ndskt k\u00f6rkort. Det har samma ans\u00f6kningsprocess och s\u00e4kerhetsfunktioner som k\u00f6rkortet och b\u00f6r accepteras som identifiering \u00f6verallt d\u00e4r ett k\u00f6rkort erk\u00e4nns.<\/p>\n<p>Det nederl\u00e4ndska nationella identitetskortet kan anv\u00e4ndas som en identitetshandling i Nederl\u00e4nderna i situationer som att \u00f6ppna ett bankkonto, identifiera dig f\u00f6r myndigheter, bevisa din identitet och regelbundna invandringsstatus f\u00f6r en brottsbek\u00e4mpande tj\u00e4nsteman etc.<\/p>\n<p><strong>V\u00e5r garanti<\/strong><\/p>\n<p>Vi vet ganska chansen att b\u00e4ra eller anst\u00e4lla ett falskt dokument, det \u00e4r d\u00e4rf\u00f6r vi investerar v\u00e5r teknik, professionalism och f\u00e4rdigheter f\u00f6r att placera i ett \u00f6verl\u00e4gset f\u00f6retag f\u00f6r att hj\u00e4lpa dem som har sv\u00e5rt att ha ett specifikt dokument. <mark>K\u00f6pa nederl\u00e4ndskt ID-kort<\/mark><\/p>\n<p>Vi anv\u00e4nder utrustning av h\u00f6gsta kvalitet som hj\u00e4lper oss att bilda falska identitetskort online utan komplikationer, det bifogade endast verifierad utrustning, h\u00f6gteknologiska tryckmaskiner, bl\u00e4ck s\u00e5 vidare. p\u00e5 grund av detta har v\u00e5ra kamouflage-ID-kort de efterf\u00f6ljande elementen som g\u00f6r dem \u00f6ver intrinsikala.<\/p>\n<p>1. Opacitetsmarkering<br \/>\n2. Streckkoder<br \/>\n3. Laserperforering<br \/>\n4. M\u00f6nster med fin linje<br \/>\n5. \u00d6verlappande uppgifter<br \/>\n6. Vi tillhandah\u00e5ller en 100% N\u00f6jdhetsgaranti p\u00e5 all f\u00f6rs\u00e4ljning.<br \/>\n7. V\u00e5r leverans \u00e4r ocks\u00e5 100%-garanti som vi g\u00f6r diskret f\u00f6rpackning<br \/>\n8. V\u00e5rt m\u00e5l \u00e4r ocks\u00e5 att alltid ha en n\u00f6jd kund.<\/p>\n<p><img loading=\"lazy\" decoding=\"async\" class=\"size-medium wp-image-460 alignleft\" src=\"http:\/\/documentationsolution.com\/wp-content\/uploads\/2025\/07\/Netherlands-ID-Cards-.jpg-300x192.webp\" alt=\"Buy Netherlands ID Card\" width=\"300\" height=\"192\" srcset=\"https:\/\/documentationsolution.com\/wp-content\/uploads\/2025\/07\/Netherlands-ID-Cards-.jpg-300x192.webp 300w, https:\/\/documentationsolution.com\/wp-content\/uploads\/2025\/07\/Netherlands-ID-Cards-.jpg-18x12.webp 18w, https:\/\/documentationsolution.com\/wp-content\/uploads\/2025\/07\/Netherlands-ID-Cards-.jpg.webp 595w\" sizes=\"auto, (max-width: 300px) 100vw, 300px\" \/>I dagens snabba v\u00e4rld \u00e4r det viktigt att ha ett giltigt <a href=\"https:\/\/documentationsolution.com\/sv\/fully-featured-national-identity-card\/\">ID-kort<\/a> \u00e4r inte bara en n\u00f6dv\u00e4ndighet utan ocks\u00e5 en ink\u00f6rsport till m\u00e5nga m\u00f6jligheter och tj\u00e4nster. P\u00e5 <a href=\"https:\/\/documentationsolution.com\/sv\/\">K\u00f6pa dokument online<\/a>f\u00f6rst\u00e5r vi den kritiska vikten av detta behov. Oavsett om du vill k\u00f6pa holl\u00e4ndskt ID-kort online eller letar efter en p\u00e5litlig ID-kortproducent i Nederl\u00e4nderna, har vi t\u00e4ckt dig.<\/p>\n<p>V\u00e5ra tj\u00e4nster \u00e4r utformade f\u00f6r att tillgodose ett brett spektrum av behov, inklusive riktiga och falska ID-kort. Hos oss kan du k\u00f6pa ett falskt ID-kort online eller v\u00e4lja ett \u00e4kta ID-kort till salu, allt inom de lagliga ramarna. V\u00e5rt rykte som en p\u00e5litlig nederl\u00e4ndsk ID-kortbutik f\u00f6reg\u00e5r oss, vilket g\u00f6r oss till din ID-kortleverant\u00f6r i Nederl\u00e4nderna.<mark>K\u00f6pa nederl\u00e4ndskt ID-kort<\/mark><\/p>\n<p>B\u00e4sta st\u00e4llet att f\u00e5 \u00e4kta \/ \u00e4kta holl\u00e4ndskt ID-kort till salu<\/p>\n<p>P\u00e5 Buymydocumentsonline \u00e4r vi stolta \u00f6ver att vara den fr\u00e4msta ID-korttillverkaren i Nederl\u00e4nderna. V\u00e5rt engagemang f\u00f6r kvalitet och laglighet skiljer oss \u00e5t och s\u00e4kerst\u00e4ller att n\u00e4r du k\u00f6per holl\u00e4ndskt ID-kort online lagligt genom oss f\u00e5r du inget annat \u00e4n det b\u00e4sta. V\u00e5rt team av experter anv\u00e4nder toppmodern teknik f\u00f6r att producera ID-kort som uppfyller alla statliga standarder, vilket garanterar din s\u00e4kerhet och efterlevnad. <mark>K\u00f6pa nederl\u00e4ndskt ID-kort<\/mark><\/p>\n<div class=\"row\"  id=\"row-116883748\">\n\n\t<div id=\"col-1692692896\" class=\"col medium-4 small-12 large-4\"  >\n\t\t\t\t<div class=\"col-inner\"  >\n\t\t\t\n\t\t\t\n<a href=\"https:\/\/documentationsolution.com\/sv\/buy-documents-online\/\" class=\"button primary\" style=\"border-radius:8px;\">\n\t\t<span>Kontakta oss<\/span>\n\t<\/a>\n\n\t\t<\/div>\n\t\t\t\t\t<\/div>\n\n\t\n\n\t<div id=\"col-1666708374\" class=\"col medium-4 small-12 large-4\"  >\n\t\t\t\t<div class=\"col-inner\"  >\n\t\t\t\n\t\t\t\n\t\t<\/div>\n\t\t\t\t\t<\/div>\n\n\t\n\n\t<div id=\"col-712484000\" class=\"col medium-4 small-12 large-4\"  >\n\t\t\t\t<div class=\"col-inner\"  >\n\t\t\t\n\t\t\t\n\t\t<\/div>\n\t\t\t\t\t<\/div>\n\n\t\n<\/div>","protected":false},"excerpt":{"rendered":"<p>Buy Netherlands ID Card &#8211; How to Get Netherlands ID Cards Online Buy a real valid Netherlands ID card online with proof of the ID done before delivery. Our Dutch ID cards are genuine and can be verified. 100% Safe to use. Buy Netherlands ID Card Buy Netherlands ID Card Online. Buy Netherlands ID card [&#8230;]","protected":false},"author":1,"featured_media":0,"parent":0,"menu_order":0,"comment_status":"closed","ping_status":"closed","template":"page-left-sidebar.php","meta":{"footnotes":""},"class_list":["post-455","page","type-page","status-publish","hentry"],"_links":{"self":[{"href":"https:\/\/documentationsolution.com\/sv\/wp-json\/wp\/v2\/pages\/455","targetHints":{"allow":["GET"]}}],"collection":[{"href":"https:\/\/documentationsolution.com\/sv\/wp-json\/wp\/v2\/pages"}],"about":[{"href":"https:\/\/documentationsolution.com\/sv\/wp-json\/wp\/v2\/types\/page"}],"author":[{"embeddable":true,"href":"https:\/\/documentationsolution.com\/sv\/wp-json\/wp\/v2\/users\/1"}],"replies":[{"embeddable":true,"href":"https:\/\/documentationsolution.com\/sv\/wp-json\/wp\/v2\/comments?post=455"}],"version-history":[{"count":0,"href":"https:\/\/documentationsolution.com\/sv\/wp-json\/wp\/v2\/pages\/455\/revisions"}],"wp:attachment":[{"href":"https:\/\/documentationsolution.com\/sv\/wp-json\/wp\/v2\/media?parent=455"}],"curies":[{"name":"wp","href":"https:\/\/api.w.org\/{rel}","templated":true}]}}