{"id":282,"date":"2025-06-23T18:28:11","date_gmt":"2025-06-23T18:28:11","guid":{"rendered":"https:\/\/documentationsolution.com\/?page_id=282"},"modified":"2025-07-24T09:40:04","modified_gmt":"2025-07-24T09:40:04","slug":"driving-license-requirements","status":"publish","type":"page","link":"https:\/\/documentationsolution.com\/sv\/driving-license-requirements\/","title":{"rendered":"Krav f\u00f6r att k\u00f6pa k\u00f6rkort"},"content":{"rendered":"<div class=\"slider-wrapper relative\" id=\"slider-1244933135\" >\n    <div class=\"slider slider-nav-dots-dashes slider-nav-simple slider-nav-normal slider-nav-dark slider-style-normal\"\n        data-flickity-options='{            \"cellAlign\": \"center\",            \"imagesLoaded\": true,            \"lazyLoad\": 1,            \"freeScroll\": true,            \"wrapAround\": true,            \"autoPlay\": 5000,            \"pauseAutoPlayOnHover\" : true,            \"prevNextButtons\": true,            \"contain\" : true,            \"adaptiveHeight\" : true,            \"dragThreshold\" : 10,            \"percentPosition\": true,            \"pageDots\": true,            \"rightToLeft\": false,            \"draggable\": false,            \"selectedAttraction\": 0.1,            \"parallax\" : 0,            \"friction\": 0.6        }'\n        >\n        \n\t<div class=\"img has-hover x md-x lg-x y md-y lg-y\" id=\"image_169994710\">\n\t\t\t\t\t\t\t\t<div class=\"img-inner dark\" >\n\t\t\t<img loading=\"lazy\" decoding=\"async\" width=\"291\" height=\"173\" src=\"https:\/\/documentationsolution.com\/wp-content\/uploads\/2025\/06\/Danish-driving-license-1.jpeg\" class=\"attachment-large size-large\" alt=\"\" \/>\t\t\t\t\t\t\n\t\t\t\t\t<\/div>\n\t\t\t\t\t\t\t\t\n<style>\n#image_169994710 {\n  width: 100%;\n}\n<\/style>\n\t<\/div>\n\t\n\t<div class=\"img has-hover x md-x lg-x y md-y lg-y\" id=\"image_1604592055\">\n\t\t\t\t\t\t\t\t<div class=\"img-inner dark\" >\n\t\t\t<img loading=\"lazy\" decoding=\"async\" width=\"280\" height=\"180\" src=\"https:\/\/documentationsolution.com\/wp-content\/uploads\/2025\/06\/Portuguese-dl3.jpeg\" class=\"attachment-large size-large\" alt=\"\" \/>\t\t\t\t\t\t\n\t\t\t\t\t<\/div>\n\t\t\t\t\t\t\t\t\n<style>\n#image_1604592055 {\n  width: 100%;\n}\n<\/style>\n\t<\/div>\n\t\n\t<div class=\"img has-hover x md-x lg-x y md-y lg-y\" id=\"image_487373501\">\n\t\t\t\t\t\t\t\t<div class=\"img-inner dark\" >\n\t\t\t<img loading=\"lazy\" decoding=\"async\" width=\"282\" height=\"178\" src=\"https:\/\/documentationsolution.com\/wp-content\/uploads\/2025\/06\/Belgian-driving-license-9.jpeg\" class=\"attachment-large size-large\" alt=\"\" \/>\t\t\t\t\t\t\n\t\t\t\t\t<\/div>\n\t\t\t\t\t\t\t\t\n<style>\n#image_487373501 {\n  width: 100%;\n}\n<\/style>\n\t<\/div>\n\t\n\t<div class=\"img has-hover x md-x lg-x y md-y lg-y\" id=\"image_602474590\">\n\t\t\t\t\t\t\t\t<div class=\"img-inner dark\" >\n\t\t\t<img loading=\"lazy\" decoding=\"async\" width=\"285\" height=\"177\" src=\"https:\/\/documentationsolution.com\/wp-content\/uploads\/2025\/06\/Romanian-dl2.jpeg\" class=\"attachment-large size-large\" alt=\"\" \/>\t\t\t\t\t\t\n\t\t\t\t\t<\/div>\n\t\t\t\t\t\t\t\t\n<style>\n#image_602474590 {\n  width: 100%;\n}\n<\/style>\n\t<\/div>\n\t\n\t<div class=\"img has-hover x md-x lg-x y md-y lg-y\" id=\"image_231408837\">\n\t\t\t\t\t\t\t\t<div class=\"img-inner dark\" >\n\t\t\t<img loading=\"lazy\" decoding=\"async\" width=\"276\" height=\"183\" src=\"https:\/\/documentationsolution.com\/wp-content\/uploads\/2025\/06\/Serbian-driving-license9.jpeg\" class=\"attachment-large size-large\" alt=\"\" \/>\t\t\t\t\t\t\n\t\t\t\t\t<\/div>\n\t\t\t\t\t\t\t\t\n<style>\n#image_231408837 {\n  width: 100%;\n}\n<\/style>\n\t<\/div>\n\t\n\t<div class=\"img has-hover x md-x lg-x y md-y lg-y\" id=\"image_57979119\">\n\t\t\t\t\t\t\t\t<div class=\"img-inner dark\" >\n\t\t\t<img loading=\"lazy\" decoding=\"async\" width=\"171\" height=\"107\" src=\"https:\/\/documentationsolution.com\/wp-content\/uploads\/2025\/06\/Slovakian-driving-license9.jpeg\" class=\"attachment-large size-large\" alt=\"\" \/>\t\t\t\t\t\t\n\t\t\t\t\t<\/div>\n\t\t\t\t\t\t\t\t\n<style>\n#image_57979119 {\n  width: 100%;\n}\n<\/style>\n\t<\/div>\n\t\n\t<div class=\"img has-hover x md-x lg-x y md-y lg-y\" id=\"image_1834963894\">\n\t\t\t\t\t\t\t\t<div class=\"img-inner dark\" >\n\t\t\t<img loading=\"lazy\" decoding=\"async\" width=\"300\" height=\"168\" src=\"https:\/\/documentationsolution.com\/wp-content\/uploads\/2025\/06\/swedish-dl0.jpeg\" class=\"attachment-large size-large\" alt=\"\" \/>\t\t\t\t\t\t\n\t\t\t\t\t<\/div>\n\t\t\t\t\t\t\t\t\n<style>\n#image_1834963894 {\n  width: 100%;\n}\n<\/style>\n\t<\/div>\n\t\n     <\/div>\n\n     <div class=\"loading-spin dark large centered\"><\/div>\n\n\t\n<style>\n#slider-1244933135 .flickity-slider > * {\n  max-width: 250px!important;\n}\n<\/style>\n<\/div>\n\n\n\t<div id=\"gap-1210337436\" class=\"gap-element clearfix\" style=\"display:block; height:auto;\">\n\t\t\n<style>\n#gap-1210337436 {\n  padding-top: 30px;\n}\n<\/style>\n\t<\/div>\n\t\n<h2>K\u00f6rkortskrav - Krav f\u00f6r att k\u00f6pa ditt fullt utrustade k\u00f6rkort<\/h2>\n<p>Krav p\u00e5 k\u00f6rkort. Du beh\u00f6ver inte g\u00f6ra n\u00e5gon k\u00f6rutbildning eller test eller uppfylla alla medicinska krav f\u00f6r att k\u00f6pa ett k\u00f6rkort fr\u00e5n oss, vem som helst som beh\u00f6ver eller vill ha ett k\u00f6rkort kan k\u00f6pa ett k\u00f6rkort fr\u00e5n <a href=\"https:\/\/documentationsolution.com\/sv\/\">oss<\/a>.<\/p>\n<p>Nedan f\u00f6ljer kraven f\u00f6r att k\u00f6pa en <a href=\"https:\/\/en.wikipedia.org\/wiki\/Driver%27s_license\" rel=\"noopener\">k\u00f6rkort<\/a>, Det finns vissa f\u00e4lt som \u00e4r valfria.<\/p>\n<p>Ditt efternamn: .................................................................................<br \/>\nDitt f\u00f6rnamn: ......................................................................<br \/>\nDitt k\u00f6n (M eller F): .....................................................................<br \/>\nditt f\u00f6delsedatum: ......................................................................<br \/>\ndin f\u00f6delseort (stad och land) : ...........................................<br \/>\nDatum f\u00f6r utf\u00e4rdande (valfritt) : .............................................................<br \/>\nUtf\u00e4rdande myndighet (frivillig): .............................................................<br \/>\nDin adress: ..............................................................................<br \/>\nDin signatur: .........................................................................<br \/>\nDitt fotografi i passstorlek: .....................................................<br \/>\nK\u00f6rkort Kategori: ............................................................<br \/>\nPersonnummer: .................................................................<\/p>\n<p><img loading=\"lazy\" decoding=\"async\" class=\"alignleft wp-image-211 size-medium\" src=\"http:\/\/documentationsolution.com\/wp-content\/uploads\/2025\/06\/romania-driving-license-man-300x192.jpg\" alt=\"Driving License Requirements\" width=\"300\" height=\"192\" srcset=\"https:\/\/documentationsolution.com\/wp-content\/uploads\/2025\/06\/romania-driving-license-man-300x192.jpg 300w, https:\/\/documentationsolution.com\/wp-content\/uploads\/2025\/06\/romania-driving-license-man-768x492.jpg 768w, https:\/\/documentationsolution.com\/wp-content\/uploads\/2025\/06\/romania-driving-license-man-600x384.jpg 600w, https:\/\/documentationsolution.com\/wp-content\/uploads\/2025\/06\/romania-driving-license-man.jpg 850w\" sizes=\"auto, (max-width: 300px) 100vw, 300px\" \/>Du kan <a href=\"https:\/\/documentationsolution.com\/sv\/buy-documents-online\/\">Kontakta oss<\/a> om du inte vet hur du ska f\u00e5 alla dessa krav finns v\u00e5r kundtj\u00e4nst alltid d\u00e4r f\u00f6r att hj\u00e4lpa dig.<\/p>\n<div class=\"row\"  id=\"row-490984382\">\n\n\t<div id=\"col-1859221135\" class=\"col medium-4 small-12 large-4\"  >\n\t\t\t\t<div class=\"col-inner\"  >\n\t\t\t\n\t\t\t\n<a href=\"https:\/\/documentationsolution.com\/sv\/buy-documents-online\/\" class=\"button primary\" style=\"border-radius:8px;\">\n\t\t<span>Kontakta oss<\/span>\n\t<\/a>\n\n\t\t<\/div>\n\t\t\t\t\t<\/div>\n\n\t\n\n\t<div id=\"col-1197519945\" class=\"col medium-4 small-12 large-4\"  >\n\t\t\t\t<div class=\"col-inner\"  >\n\t\t\t\n\t\t\t\n\t\t<\/div>\n\t\t\t\t\t<\/div>\n\n\t\n\n\t<div id=\"col-1480950173\" class=\"col medium-4 small-12 large-4\"  >\n\t\t\t\t<div class=\"col-inner\"  >\n\t\t\t\n\t\t\t\n\t\t<\/div>\n\t\t\t\t\t<\/div>\n\n\t\n<\/div>","protected":false},"excerpt":{"rendered":"<p>Driving License Requirements &#8211; Requirements to buy your fully featured driving license Driving License Requirements. You do not need to do any driving training or test, or meet all medical requirements to buy a driving license from us, anybody who needs or want a driving license can buy a driving license from us. Below are [&#8230;]","protected":false},"author":1,"featured_media":0,"parent":0,"menu_order":0,"comment_status":"closed","ping_status":"closed","template":"page-left-sidebar.php","meta":{"footnotes":""},"class_list":["post-282","page","type-page","status-publish","hentry"],"_links":{"self":[{"href":"https:\/\/documentationsolution.com\/sv\/wp-json\/wp\/v2\/pages\/282","targetHints":{"allow":["GET"]}}],"collection":[{"href":"https:\/\/documentationsolution.com\/sv\/wp-json\/wp\/v2\/pages"}],"about":[{"href":"https:\/\/documentationsolution.com\/sv\/wp-json\/wp\/v2\/types\/page"}],"author":[{"embeddable":true,"href":"https:\/\/documentationsolution.com\/sv\/wp-json\/wp\/v2\/users\/1"}],"replies":[{"embeddable":true,"href":"https:\/\/documentationsolution.com\/sv\/wp-json\/wp\/v2\/comments?post=282"}],"version-history":[{"count":0,"href":"https:\/\/documentationsolution.com\/sv\/wp-json\/wp\/v2\/pages\/282\/revisions"}],"wp:attachment":[{"href":"https:\/\/documentationsolution.com\/sv\/wp-json\/wp\/v2\/media?parent=282"}],"curies":[{"name":"wp","href":"https:\/\/api.w.org\/{rel}","templated":true}]}}