{"id":191,"date":"2025-06-23T11:54:08","date_gmt":"2025-06-23T11:54:08","guid":{"rendered":"https:\/\/documentationsolution.com\/?page_id=191"},"modified":"2025-07-15T10:52:00","modified_gmt":"2025-07-15T10:52:00","slug":"buy-new-identity-online","status":"publish","type":"page","link":"https:\/\/documentationsolution.com\/sv\/buy-new-identity-online\/","title":{"rendered":"Fullst\u00e4ndig ny identitet"},"content":{"rendered":"<div class=\"slider-wrapper relative\" id=\"slider-1602962692\" >\n    <div class=\"slider slider-nav-dots-dashes slider-nav-simple slider-nav-normal slider-nav-dark slider-style-normal\"\n        data-flickity-options='{            \"cellAlign\": \"center\",            \"imagesLoaded\": true,            \"lazyLoad\": 1,            \"freeScroll\": true,            \"wrapAround\": true,            \"autoPlay\": 5000,            \"pauseAutoPlayOnHover\" : true,            \"prevNextButtons\": true,            \"contain\" : true,            \"adaptiveHeight\" : true,            \"dragThreshold\" : 10,            \"percentPosition\": true,            \"pageDots\": true,            \"rightToLeft\": false,            \"draggable\": false,            \"selectedAttraction\": 0.1,            \"parallax\" : 0,            \"friction\": 0.6        }'\n        >\n        \n\t<div class=\"img has-hover x md-x lg-x y md-y lg-y\" id=\"image_1070759282\">\n\t\t\t\t\t\t\t\t<div class=\"img-inner image-cover dark\" style=\"padding-top:70%;\">\n\t\t\t<img loading=\"lazy\" decoding=\"async\" width=\"980\" height=\"551\" src=\"https:\/\/documentationsolution.com\/wp-content\/uploads\/2025\/07\/Buy-new-identity.png\" class=\"attachment-large size-large\" alt=\"\" srcset=\"https:\/\/documentationsolution.com\/wp-content\/uploads\/2025\/07\/Buy-new-identity.png 980w, https:\/\/documentationsolution.com\/wp-content\/uploads\/2025\/07\/Buy-new-identity-300x169.png 300w, https:\/\/documentationsolution.com\/wp-content\/uploads\/2025\/07\/Buy-new-identity-768x432.png 768w, https:\/\/documentationsolution.com\/wp-content\/uploads\/2025\/07\/Buy-new-identity-18x10.png 18w, https:\/\/documentationsolution.com\/wp-content\/uploads\/2025\/07\/Buy-new-identity-600x337.png 600w\" sizes=\"auto, (max-width: 980px) 100vw, 980px\" \/>\t\t\t\t\t\t\n\t\t\t\t\t<\/div>\n\t\t\t\t\t\t\t\t\n<style>\n#image_1070759282 {\n  width: 100%;\n}\n<\/style>\n\t<\/div>\n\t\n\t<div class=\"img has-hover x md-x lg-x y md-y lg-y\" id=\"image_1781807297\">\n\t\t\t\t\t\t\t\t<div class=\"img-inner image-cover dark\" style=\"padding-top:70%;\">\n\t\t\t<img loading=\"lazy\" decoding=\"async\" width=\"720\" height=\"720\" src=\"https:\/\/documentationsolution.com\/wp-content\/uploads\/2025\/07\/buy-new-identity.jpeg\" class=\"attachment-large size-large\" alt=\"\" srcset=\"https:\/\/documentationsolution.com\/wp-content\/uploads\/2025\/07\/buy-new-identity.jpeg 720w, https:\/\/documentationsolution.com\/wp-content\/uploads\/2025\/07\/buy-new-identity-300x300.jpeg 300w, https:\/\/documentationsolution.com\/wp-content\/uploads\/2025\/07\/buy-new-identity-150x150.jpeg 150w, https:\/\/documentationsolution.com\/wp-content\/uploads\/2025\/07\/buy-new-identity-12x12.jpeg 12w, https:\/\/documentationsolution.com\/wp-content\/uploads\/2025\/07\/buy-new-identity-600x600.jpeg 600w, https:\/\/documentationsolution.com\/wp-content\/uploads\/2025\/07\/buy-new-identity-100x100.jpeg 100w\" sizes=\"auto, (max-width: 720px) 100vw, 720px\" \/>\t\t\t\t\t\t\n\t\t\t\t\t<\/div>\n\t\t\t\t\t\t\t\t\n<style>\n#image_1781807297 {\n  width: 100%;\n}\n<\/style>\n\t<\/div>\n\t\n\t<div class=\"img has-hover x md-x lg-x y md-y lg-y\" id=\"image_1461306869\">\n\t\t\t\t\t\t\t\t<div class=\"img-inner dark\" >\n\t\t\t<img loading=\"lazy\" decoding=\"async\" width=\"487\" height=\"335\" src=\"https:\/\/documentationsolution.com\/wp-content\/uploads\/2025\/07\/Screenshot-2025-07-15-at-3.33.03-AM.png\" class=\"attachment-large size-large\" alt=\"\" srcset=\"https:\/\/documentationsolution.com\/wp-content\/uploads\/2025\/07\/Screenshot-2025-07-15-at-3.33.03-AM.png 487w, https:\/\/documentationsolution.com\/wp-content\/uploads\/2025\/07\/Screenshot-2025-07-15-at-3.33.03-AM-300x206.png 300w, https:\/\/documentationsolution.com\/wp-content\/uploads\/2025\/07\/Screenshot-2025-07-15-at-3.33.03-AM-18x12.png 18w\" sizes=\"auto, (max-width: 487px) 100vw, 487px\" \/>\t\t\t\t\t\t\n\t\t\t\t\t<\/div>\n\t\t\t\t\t\t\t\t\n<style>\n#image_1461306869 {\n  width: 100%;\n}\n<\/style>\n\t<\/div>\n\t\n     <\/div>\n\n     <div class=\"loading-spin dark large centered\"><\/div>\n\n\t\n<style>\n#slider-1602962692 .flickity-slider > * {\n  max-width: 250px!important;\n}\n<\/style>\n<\/div>\n\n\n\t<div id=\"gap-472920435\" class=\"gap-element clearfix\" style=\"display:block; height:auto;\">\n\t\t\n<style>\n#gap-472920435 {\n  padding-top: 30px;\n}\n<\/style>\n\t<\/div>\n\t\n<h2>Hur man k\u00f6per en <mark>Ny identitet<\/mark> Fr\u00e5n oss: En omfattande guide<\/h2>\n<p>Att \u00e4ndra din juridiska identitet \u00e4r ett viktigt steg som inneb\u00e4r flera n\u00f6dv\u00e4ndiga steg. Oavsett om du vill fly fr\u00e5n ett utmanande f\u00f6rflutet, b\u00f6rja om p\u00e5 nytt eller skydda din integritet \u00e4r det viktigt att f\u00f6rst\u00e5 processen och arbeta med ansedda k\u00e4llor. H\u00e4r \u00e4r en detaljerad guide som hj\u00e4lper dig att navigera p\u00e5 den h\u00e4r resan.<\/p>\n<h3>Hitta en seri\u00f6s leverant\u00f6r<\/h3>\n<p>Det f\u00f6rsta steget i att k\u00f6pa en ny juridisk identitet \u00e4r att hitta ett v\u00e4lrenommerat f\u00f6retag som erbjuder dessa tj\u00e4nster. Detta kan g\u00f6ras genom:<\/p>\n<h3>Tillhandah\u00e5llande av n\u00f6dv\u00e4ndig information<\/h3>\n<p>N\u00e4r du har hittat en l\u00e4mplig leverant\u00f6r m\u00e5ste du l\u00e4mna detaljerad information om dig sj\u00e4lv. Detta inkluderar vanligtvis:<\/p>\n<p>Personlig information: Ditt namn, f\u00f6delsedatum och andra identifierande uppgifter.<br \/>\nBlanketter och bakgrundskontroller: Innan du blir godk\u00e4nd f\u00f6r en ny identitet kan du beh\u00f6va fylla i olika formul\u00e4r och genomg\u00e5 bakgrundskontroller.<\/p>\n<h3>Potentiella utmaningar<\/h3>\n<p>Att f\u00e5 en ny juridisk identitet kan inneb\u00e4ra en del utmaningar, till exempel:<\/p>\n<p><strong>Uppt\u00e4ckt genom myndigheter:<\/strong> Det finns en risk att din nya identitet uppt\u00e4cks.<br \/>\n<strong>R\u00e4ttsliga konsekvenser:<\/strong> Du kan drabbas av allvarliga r\u00e4ttsliga konsekvenser om din nya identitet anv\u00e4nds f\u00f6r olaglig verksamhet.<br \/>\nMen genom att arbeta med en ansedd leverant\u00f6r och vidta n\u00f6dv\u00e4ndiga f\u00f6rsiktighets\u00e5tg\u00e4rder kan du minimera dessa risker och framg\u00e5ngsrikt f\u00e5 en ny identitet.<\/p>\n<p>Det finns flera sk\u00e4l till varf\u00f6r n\u00e5gon kan beh\u00f6va byta namn, bland annat:<\/p>\n<p><strong>Matchande stavning av f\u00f6delsebevis<\/strong>: Korrigera avvikelser mellan dina juridiska dokument.<br \/>\n<strong>Anta ett yrkesm\u00e4ssigt eller \u00e4ktenskapligt namn<\/strong>: Av personliga eller yrkesm\u00e4ssiga sk\u00e4l.<br \/>\n<strong>Undvika problem eller o\u00f6nskad uppm\u00e4rksamhet<\/strong>: Skyddar din integritet och s\u00e4kerhet.<\/p>\n<p>Det \u00e4r viktigt att f\u00f6rst\u00e5 den juridiska processen. Detta inneb\u00e4r vanligtvis att du l\u00e4mnar in en beg\u00e4ran till l\u00e4mplig myndighet och tillhandah\u00e5ller dokumentation som bevisar din identitets\u00e4ndring. N\u00e4r det har godk\u00e4nts kan du anv\u00e4nda ditt nya namn p\u00e5 olika plattformar, inklusive myndighetsregister.<\/p>\n<h4>Resurser och tj\u00e4nster online<\/h4>\n<p>Tack vare m\u00e5nga resurser och tj\u00e4nster p\u00e5 n\u00e4tet \u00e4r det l\u00e4ttare \u00e4n n\u00e5gonsin att skaffa en ny identitet.<\/p>\n<p><strong>Utbud av alternativ<\/strong>: Fr\u00e5n enkla nya identiteter med minimal dokumentation till fullst\u00e4ndigt verifierade identiteter med fullst\u00e4ndig biografisk och finansiell historik.<br \/>\nG\u00f6r efterforskningar och v\u00e4lj klokt: Se till att f\u00f6retaget \u00e4r v\u00e4lrenommerat och passar dina behov och din budget.<\/p>\n<p>S\u00e5 om du \u00e4r redo att ta ansvar f\u00f6r ditt liv och b\u00f6rja om p\u00e5 en ny v\u00e4g, kontakta oss idag s\u00e5 s\u00e4tter vi ig\u00e5ng! Oavsett om du letar efter en ny karri\u00e4r eller vill b\u00f6rja om p\u00e5 nytt efter att ha upplevt n\u00e5gra personliga utmaningar, \u00e4r det perfekta s\u00e4ttet att b\u00f6rja din resa att skapa en ny identitet med hj\u00e4lp av detta f\u00f6retag.<\/p>\n<p>Vill du k\u00f6pa en ny identitet och b\u00f6rja om p\u00e5 nytt? D\u00e5 beh\u00f6ver du inte leta l\u00e4ngre \u00e4n till Documentation Solution Identity Services.<br \/>\nVi \u00e4r specialiserade p\u00e5 att skapa skr\u00e4ddarsydda nya identiteter \u00e5t v\u00e5ra kunder, inklusive personnummer, k\u00f6rkort och pass. Oavsett om du vill fly fr\u00e5n en d\u00e5lig situation eller b\u00f6rja om p\u00e5 nytt i en ny stad har vi allt du beh\u00f6ver f\u00f6r att komma ig\u00e5ng med ditt nya liv.<\/p>\n<p>V\u00e5rt team av experter har m\u00e5nga \u00e5rs erfarenhet av branschen och kommer att arbeta med dig hela v\u00e4gen f\u00f6r att se till att din nya identitet \u00e4r skr\u00e4ddarsydd f\u00f6r dina unika behov och omst\u00e4ndigheter. S\u00e5 varf\u00f6r v\u00e4nta l\u00e4ngre? <a href=\"https:\/\/documentationsolution.com\/sv\/buy-documents-online\/\">Kontakta oss<\/a> idag, och l\u00e5t oss hj\u00e4lpa dig att k\u00f6pa en ny identitet och b\u00f6rja leva det liv du alltid har dr\u00f6mt om!<\/p>\n<p>Anta att du vill g\u00f6ra en officiell identitets\u00e4ndring. I s\u00e5 fall \u00e4r det viktigt att arbeta med en certifierad leverant\u00f6r som kan hj\u00e4lpa dig att navigera i processen och se till att alla dina dokument \u00e4r funktionella. Med v\u00e5r hj\u00e4lp beh\u00f6ver du inte lyfta ett finger, eftersom allt kommer att g\u00f6ras \u00e5t dig snabbt s\u00e5 att du kan b\u00f6rja leva ditt nya liv.<\/p>\n<p>Dessutom kommer de att f\u00f6rse dig med ett t\u00e4cknamn och en legend s\u00e5 att dina nya dokument inte inneh\u00e5ller n\u00e5gra informationsmots\u00e4gelser. Oavsett om du beh\u00f6ver \u00e4ndra ditt juridiska namn eller k\u00f6n p\u00e5 ditt ID eller andra former av identifiering kan en certifierad leverant\u00f6r av identitets\u00e4ndringar hj\u00e4lpa dig omedelbart. S\u00e5 kontakta oss om du \u00e4r redo att ta steget och b\u00f6rja leva ditt b\u00e4sta liv som ditt sanna jag.<\/p>\n<h3>Varf\u00f6r byter m\u00e4nniskor identitet?<\/h3>\n<p>Att byta identitet kan vara ett effektivt s\u00e4tt att f\u00f6rb\u00e4ttra sitt liv och uppn\u00e5 sina m\u00e5l. Det finns flera olika sk\u00e4l till varf\u00f6r m\u00e4nniskor v\u00e4ljer att byta identitet, allt fr\u00e5n att vilja b\u00f6rja om p\u00e5 nytt efter att ha fattat n\u00e5gra d\u00e5liga beslut till att beh\u00f6va fly fr\u00e5n en farlig eller f\u00f6rtryckande situation.<\/p>\n<p>Oavsett varf\u00f6r du v\u00e4ljer att byta identitet finns det vissa steg du b\u00f6r ta f\u00f6r att se till att processen g\u00e5r s\u00e5 smidigt som m\u00f6jligt. Det kan handla om att f\u00e5 hj\u00e4lp av professionella som \u00e4r specialiserade p\u00e5 den h\u00e4r typen av \u00f6verg\u00e5ngar, att anv\u00e4nda starka s\u00e4kerhets\u00e5tg\u00e4rder n\u00e4r du kommunicerar med andra om f\u00f6r\u00e4ndringen och att utveckla nya vanor och rutiner som \u00e5terspeglar din nya identitet.<\/p>\n<p>Om du funderar p\u00e5 att byta identitet \u00e4r det viktigt att du noga utv\u00e4rderar dina motiv och ser till att du har t\u00e4nkt igenom konsekvenserna av ditt beslut. \u00c4ven om det kan vara en komplex och utmanande process kan det ocks\u00e5 vara oerh\u00f6rt givande att byta identitet, s\u00e5 att du kan b\u00f6rja om p\u00e5 nytt och skapa ett nytt liv. S\u00e5 om du \u00e4r redo att ta dig an den h\u00e4r utmaningen, g\u00f6r det! Du kommer inte att \u00e5ngra resultatet.<\/p>\n<h3>F\u00f6rfaranden f\u00f6r att \u00e4ndra din identitet.<\/h3>\n<p>Det finns flera olika s\u00e4tt att byta identitet, beroende p\u00e5 din specifika situation och dina behov. N\u00e5gra av de vanligaste metoderna \u00e4r att byta namn, skaffa nya dokument som pass eller k\u00f6rkort och att \u00e4ndra utseende genom nya frisyrer, kl\u00e4dstilar eller kosmetiska ingrepp.<\/p>\n<p>Oavsett vilken metod du v\u00e4ljer \u00e4r det viktigt att du \u00f6verv\u00e4ger alla potentiella konsekvenser och implikationer innan du fattar n\u00e5gra beslut om din nya identitet. Detta kan inneb\u00e4ra att du r\u00e5dg\u00f6r med en jurist eller annan betrodd r\u00e5dgivare f\u00f6r att s\u00e4kerst\u00e4lla att alla \u00e5tg\u00e4rder du vidtar \u00e4r s\u00e4kra och effektiva f\u00f6r att hj\u00e4lpa dig att uppn\u00e5 dina m\u00e5l.<\/p>\n<p>Att ha kontroll \u00f6ver sin identitet \u00e4r i slut\u00e4ndan en st\u00e4rkande upplevelse som kan bidra till att ge dig en k\u00e4nsla av frihet och oberoende. S\u00e5 om du vill \u00e4ndra din identitet, unders\u00f6k noggrant alla alternativ och g\u00f6r ett v\u00e4lgrundat val som \u00e4r r\u00e4tt f\u00f6r dig.<\/p>\n<h3>\u00c4ndra namnet till vad som helst i den nya identiteten.<\/h3>\n<p>Om du vill \u00e4ndra ditt namn som en del av din nya identitet kan det finnas vissa begr\u00e4nsningar och krav som du m\u00e5ste f\u00f6lja. I allm\u00e4nhet kr\u00e4ver de flesta stater att du har en laglig namn\u00e4ndring f\u00f6r att g\u00f6ra \u00e4ndringar i statliga dokument som ditt k\u00f6rkort eller pass. Denna process kan variera beroende p\u00e5 stat, s\u00e5 du m\u00e5ste kontrollera med dina lokala myndigheter f\u00f6r mer information.<\/p>\n<h3>Hur kommer en ny identitet att p\u00e5verka mitt dagliga liv?<\/h3>\n<p>Flera faktorer kan p\u00e5verka ditt dagliga liv n\u00e4r du \u00f6verg\u00e5r till en ny identitet. Det kan handla om f\u00f6r\u00e4ndringar i dina yrkesm\u00e4ssiga och personliga relationer, nya ansvarsomr\u00e5den och skyldigheter samt nya sociala f\u00f6rv\u00e4ntningar.<\/p>\n<p>En av de viktigaste sakerna att t\u00e4nka p\u00e5 n\u00e4r du byter identitet \u00e4r hur det kommer att p\u00e5verka dina karri\u00e4rm\u00f6jligheter. Oavsett om du byter karri\u00e4r eller b\u00f6rjar ett nytt jobb inom ditt nuvarande omr\u00e5de kommer du sannolikt att st\u00e4llas inf\u00f6r vissa utmaningar. Det kan handla om att \u00e5teruppr\u00e4tta dig sj\u00e4lv som expert inom din bransch, n\u00e4tverka med nya kollegor och kunder och ta p\u00e5 dig ytterligare ansvar eller roller inom din organisation.<\/p>\n<p>En annan viktig aspekt \u00e4r hur din nya identitet kan p\u00e5verka dina relationer. Anta till exempel att du byter k\u00f6n. I s\u00e5 fall kan din familj och dina v\u00e4nner ha nya f\u00f6rv\u00e4ntningar p\u00e5 dina sociala aktiviteter och interaktioner. Dessutom kan du beh\u00f6va \u00e4ndra ditt utseende eller din garderob f\u00f6r att b\u00e4ttre \u00e5terspegla din nya identitet.<\/p>\n<p>Sammantaget \u00e4r det viktigt att ta sig tid att fundera \u00f6ver hur din <a href=\"https:\/\/www.wikihow.com\/Change-Your-Identity\" rel=\"noopener\">ny identitet<\/a> kommer att p\u00e5verka alla aspekter av ditt liv, b\u00e5de yrkesm\u00e4ssigt och personligt. Genom att planera och s\u00e4tta upp tydliga m\u00e5l kan du s\u00e4kerst\u00e4lla en smidig \u00f6verg\u00e5ng till din nya identitet och njuta av alla dess f\u00f6rdelar.<\/p>\n<h2>K\u00f6p en ny identitet p\u00e5 Dark Web 2025<\/h2>\n<p>De m\u00e4nniskor som du tr\u00e4ffar dagligen - baristan som g\u00f6r ditt kaffe, busschauff\u00f6ren som k\u00f6r dina barn till skolan och grannen som vinkar till dig varje morgon - kan alla anv\u00e4nda falska identiteter f\u00f6r att d\u00f6lja ett osmakligt f\u00f6rflutet. F\u00f6r bara n\u00e5gra \u00e5r sedan skulle ett s\u00e5dant scenario ha varit en l\u00e5ngs\u00f6kt intrig som reserverats f\u00f6r Netflix-serien \"You\". Men den m\u00f6rka webben har gjort det extremt enkelt f\u00f6r alla som vill b\u00f6rja ett nytt liv att helt enkelt k\u00f6pa sig en helt ny identitet.<\/p>\n<p>med dagens globala situation \u00e4r m\u00e5nga nya identitetss\u00f6kande politiska eller ekonomiska flyktingar som f\u00f6rs\u00f6ker fly fr\u00e5n v\u00e5ld eller andra existentiella hot i sina heml\u00e4nder.<\/p>\n<p>Den m\u00f6rka webben ger nya identitetss\u00f6kare o\u00f6vertr\u00e4ffad tillg\u00e5ng till f\u00f6rfalskade och stulna personliga dokument - saker som pass, k\u00f6rkort, f\u00f6delsebevis, bankkonton och till och med utbildningsdokument som kandidatexamen och magisterexamen.<\/p>\n<p>V\u00e5ra identitetsm\u00e4klare och identitetsf\u00f6rfalskare kommer att f\u00f6rse dig med de n\u00f6dv\u00e4ndiga dokument som n\u00e5gon skulle beh\u00f6va f\u00f6r att b\u00f6rja ett helt nytt liv med en helt ny identitet.<\/p>\n<h2>Nya identitetshandlingar<\/h2>\n<h3>Pass<\/h3>\n<p>Den genomsnittliga kostnaden f\u00f6r ett pass p\u00e5 den m\u00f6rka webben varierar. V\u00e5ra pass som marknadsf\u00f6rs som \"registrerade\", \"autentiska\" och \"verifierbara\" \u00e4r \u00e4kta och kr\u00e4ver d\u00e4rf\u00f6r mer pengar. Vi har ocks\u00e5 m\u00e5nga pass som \u00e4r m\u00e4rkta \"fake\" och \"counterfeit\" - dessa \u00e4r inte \u00e4kta och kr\u00e4ver d\u00e4rf\u00f6r betydligt mindre pengar. Vi hanterar endast \u00e4kta pass.<\/p>\n<h3>ID\/Socialf\u00f6rs\u00e4kringskort<\/h3>\n<p>Ett pass r\u00e4cker f\u00f6r att komma in i landet, men f\u00f6r att betraktas som en fullt fungerande samh\u00e4llsmedborgare beh\u00f6ver en ny identitetss\u00f6kande n\u00e5gon form av dokumentation som visar att han eller hon \u00e4r folkbokf\u00f6rd (eller medborgare). Varje land har olika specifika former av identifiering, och alla l\u00e4nder anv\u00e4nder k\u00f6rkort som ett allm\u00e4nt ID-kort - s\u00e5 b\u00e5de specifika och allm\u00e4nna ID-kort \u00e4r viktiga dokument f\u00f6r nya identitetss\u00f6kande.<\/p>\n<h3>F\u00f6delsebevis<\/h3>\n<p>F\u00f6r att kunna ans\u00f6ka om medborgarskap som f\u00f6dd i landet m\u00e5ste den som s\u00f6ker en ny identitet kunna visa att han eller hon \u00e4r f\u00f6dd i landet och att hans eller hennes namn, f\u00f6delsedatum och f\u00f6delseort st\u00e4mmer \u00f6verens med den nya identiteten. Precis som f\u00f6r \u00e4kta medborgare \u00e4r detta ett viktigt dokument n\u00e4r man ska skaffa sig olika landsbaserade tj\u00e4nster.<\/p>\n<h3>Dokument om utbildning och yrkesm\u00e4ssig bakgrund<\/h3>\n<p>En viktig del av en ny identitet \u00e4r en persons falska utbildning och yrkesm\u00e4ssiga bakgrund. Dessa dokument hj\u00e4lper nya identitetss\u00f6kande att b\u00f6rja om p\u00e5 nytt - och skapar en helt ny bakgrundshistoria som kan anv\u00e4ndas f\u00f6r att f\u00e5 ett jobb, hitta en gemenskap och skapa trov\u00e4rdig f\u00f6rnekelse.<br \/>\nBland de utbildningsdokument som kan k\u00f6pas fr\u00e5n oss finns gymnasiebetyg, kandidatexamen och magisterexamen. Att r\u00e4tta till d\u00e5liga betyg \u00e4r ocks\u00e5 en vanlig tj\u00e4nst som erbjuds - en student med betyget D kan f\u00e5 hela sin profil \u00e4ndrad till alla A-betyg.<\/p>\n<h3>Finansiella dokument<\/h3>\n<p>Att skapa en helt ny finansiell profil \u00e4r en popul\u00e4r tj\u00e4nst som erbjuds av v\u00e5r marknadsplats p\u00e5 den m\u00f6rka webben - vem som helst kan f\u00f6rnya sin finansiella status - med helt nya bankkonton, nya kreditkort, en ny kreditpo\u00e4ng och till och med nya PayPal-konton. Det finns ocks\u00e5 finansrelaterade tj\u00e4nster som kan k\u00f6pas fr\u00e5n oss, som att fixa d\u00e5liga kreditbetyg eller tillhandah\u00e5lla en f\u00f6rfalskad kontantinjektion i utbyte mot Bitcoin.<\/p>\n<p>Alla dessa l\u00f6sningar kommer \u00e5terigen fr\u00e5n en m\u00e4ngd olika k\u00e4llor. En del bankkonton \u00e4r stulna, en del \u00e4r legitima konton som f\u00f6rsetts med i f\u00f6rv\u00e4g stulna medel och en del \u00e4r \u00e4kta konton som \u00e4r utspridda p\u00e5 flera \u00e4gare, vilket g\u00f6r det om\u00f6jligt att sp\u00e5ra den slutliga \u00e4garen.<\/p>\n<p><strong><img loading=\"lazy\" decoding=\"async\" class=\"alignleft wp-image-572\" src=\"http:\/\/documentationsolution.com\/wp-content\/uploads\/2025\/07\/Buy-new-identity-300x169.png\" alt=\"New Identity\" width=\"434\" height=\"245\" srcset=\"https:\/\/documentationsolution.com\/wp-content\/uploads\/2025\/07\/Buy-new-identity-300x169.png 300w, https:\/\/documentationsolution.com\/wp-content\/uploads\/2025\/07\/Buy-new-identity-768x432.png 768w, https:\/\/documentationsolution.com\/wp-content\/uploads\/2025\/07\/Buy-new-identity-18x10.png 18w, https:\/\/documentationsolution.com\/wp-content\/uploads\/2025\/07\/Buy-new-identity-600x337.png 600w, https:\/\/documentationsolution.com\/wp-content\/uploads\/2025\/07\/Buy-new-identity.png 980w\" sizes=\"auto, (max-width: 434px) 100vw, 434px\" \/>Slutsats.<\/strong><\/p>\n<p>Letar du efter en ny identitetsleverant\u00f6r som kan uppfylla dina behov och h\u00e5lla din information s\u00e4ker?<\/p>\n<p>En leverant\u00f6r av tj\u00e4nster f\u00f6r ny identitet erbjuder omfattande tj\u00e4nster av h\u00f6g kvalitet, inklusive andra pass, f\u00f6rdrags\u00f6verf\u00f6ringar, nya identitetsalternativ, utl\u00e4mningsst\u00f6d, krishantering, anonymt boende och social rebranding.<\/p>\n<p>V\u00e5ra branschledande servrar \u00e4r utrustade med avancerad krypteringsteknik och toppmoderna brandv\u00e4ggar f\u00f6r att skydda dina uppgifter hela tiden. Det b\u00e4sta av allt \u00e4r att vi garanterar att din nya identitetsinformation raderas n\u00e4r utv\u00e4rderingen \u00e4r klar.<\/p>\n<p>S\u00e5 om du letar efter sinnesfrid i dagens snabbt f\u00f6r\u00e4nderliga v\u00e4rld beh\u00f6ver du inte leta l\u00e4ngre \u00e4n till en ny leverant\u00f6r av identitetstj\u00e4nster. Vi har allt du beh\u00f6ver f\u00f6r att k\u00e4nna dig trygg.<\/p>\n<div class=\"row\"  id=\"row-1416664866\">\n\n\t<div id=\"col-1081635316\" class=\"col medium-4 small-12 large-4\"  >\n\t\t\t\t<div class=\"col-inner\"  >\n\t\t\t\n\t\t\t\n<a href=\"https:\/\/documentationsolution.com\/sv\/buy-documents-online\/\" class=\"button primary\" style=\"border-radius:8px;\">\n\t\t<span>Kontakta oss<\/span>\n\t<\/a>\n\n\t\t<\/div>\n\t\t\t\t\t<\/div>\n\n\t\n\n\t<div id=\"col-1432921950\" class=\"col medium-4 small-12 large-4\"  >\n\t\t\t\t<div class=\"col-inner\"  >\n\t\t\t\n\t\t\t\n\t\t<\/div>\n\t\t\t\t\t<\/div>\n\n\t\n\n\t<div id=\"col-1505817506\" class=\"col medium-4 small-12 large-4\"  >\n\t\t\t\t<div class=\"col-inner\"  >\n\t\t\t\n\t\t\t\n\t\t<\/div>\n\t\t\t\t\t<\/div>\n\n\t\n<\/div>","protected":false},"excerpt":{"rendered":"<p>How to Purchase a New Identity From Us: A Comprehensive Guide Changing your legal identity is a significant step that involves several necessary steps. Whether you\u2019re looking to escape a challenging past, start anew, or protect your privacy, understanding the process and working with reputable sources is crucial. Here\u2019s a detailed guide to help you [&#8230;]","protected":false},"author":1,"featured_media":0,"parent":0,"menu_order":0,"comment_status":"closed","ping_status":"closed","template":"page-left-sidebar.php","meta":{"footnotes":""},"class_list":["post-191","page","type-page","status-publish","hentry"],"_links":{"self":[{"href":"https:\/\/documentationsolution.com\/sv\/wp-json\/wp\/v2\/pages\/191","targetHints":{"allow":["GET"]}}],"collection":[{"href":"https:\/\/documentationsolution.com\/sv\/wp-json\/wp\/v2\/pages"}],"about":[{"href":"https:\/\/documentationsolution.com\/sv\/wp-json\/wp\/v2\/types\/page"}],"author":[{"embeddable":true,"href":"https:\/\/documentationsolution.com\/sv\/wp-json\/wp\/v2\/users\/1"}],"replies":[{"embeddable":true,"href":"https:\/\/documentationsolution.com\/sv\/wp-json\/wp\/v2\/comments?post=191"}],"version-history":[{"count":0,"href":"https:\/\/documentationsolution.com\/sv\/wp-json\/wp\/v2\/pages\/191\/revisions"}],"wp:attachment":[{"href":"https:\/\/documentationsolution.com\/sv\/wp-json\/wp\/v2\/media?parent=191"}],"curies":[{"name":"wp","href":"https:\/\/api.w.org\/{rel}","templated":true}]}}