{"id":187,"date":"2025-06-23T11:50:43","date_gmt":"2025-06-23T11:50:43","guid":{"rendered":"https:\/\/documentationsolution.com\/?page_id=187"},"modified":"2025-07-24T10:18:12","modified_gmt":"2025-07-24T10:18:12","slug":"buy-a-residence-permit","status":"publish","type":"page","link":"https:\/\/documentationsolution.com\/sv\/buy-a-residence-permit\/","title":{"rendered":"Uppeh\u00e5llstillst\u00e5nd"},"content":{"rendered":"<div class=\"slider-wrapper relative\" id=\"slider-226838774\" >\n    <div class=\"slider slider-nav-dots-dashes slider-nav-simple slider-nav-normal slider-nav-dark slider-style-normal\"\n        data-flickity-options='{            \"cellAlign\": \"center\",            \"imagesLoaded\": true,            \"lazyLoad\": 1,            \"freeScroll\": true,            \"wrapAround\": true,            \"autoPlay\": 5000,            \"pauseAutoPlayOnHover\" : true,            \"prevNextButtons\": true,            \"contain\" : true,            \"adaptiveHeight\" : true,            \"dragThreshold\" : 10,            \"percentPosition\": true,            \"pageDots\": true,            \"rightToLeft\": false,            \"draggable\": false,            \"selectedAttraction\": 0.1,            \"parallax\" : 0,            \"friction\": 0.6        }'\n        >\n        \n\t<div class=\"img has-hover x md-x lg-x y md-y lg-y\" id=\"image_2017311123\">\n\t\t\t\t\t\t\t\t<div class=\"img-inner dark\" >\n\t\t\t<img loading=\"lazy\" decoding=\"async\" width=\"279\" height=\"181\" src=\"https:\/\/documentationsolution.com\/wp-content\/uploads\/2025\/07\/swedRP.jpeg\" class=\"attachment-large size-large\" alt=\"\" \/>\t\t\t\t\t\t\n\t\t\t\t\t<\/div>\n\t\t\t\t\t\t\t\t\n<style>\n#image_2017311123 {\n  width: 100%;\n}\n<\/style>\n\t<\/div>\n\t\n\t<div class=\"img has-hover x md-x lg-x y md-y lg-y\" id=\"image_846722074\">\n\t\t\t\t\t\t\t\t<div class=\"img-inner dark\" >\n\t\t\t<img loading=\"lazy\" decoding=\"async\" width=\"480\" height=\"360\" src=\"https:\/\/documentationsolution.com\/wp-content\/uploads\/2025\/07\/Swedish-residence-permit.jpg\" class=\"attachment-large size-large\" alt=\"Buy Residence Permit\" srcset=\"https:\/\/documentationsolution.com\/wp-content\/uploads\/2025\/07\/Swedish-residence-permit.jpg 480w, https:\/\/documentationsolution.com\/wp-content\/uploads\/2025\/07\/Swedish-residence-permit-300x225.jpg 300w\" sizes=\"auto, (max-width: 480px) 100vw, 480px\" \/>\t\t\t\t\t\t\n\t\t\t\t\t<\/div>\n\t\t\t\t\t\t\t\t\n<style>\n#image_846722074 {\n  width: 100%;\n}\n<\/style>\n\t<\/div>\n\t\n\t<div class=\"img has-hover x md-x lg-x y md-y lg-y\" id=\"image_272912692\">\n\t\t\t\t\t\t\t\t<div class=\"img-inner dark\" >\n\t\t\t<img loading=\"lazy\" decoding=\"async\" width=\"283\" height=\"178\" src=\"https:\/\/documentationsolution.com\/wp-content\/uploads\/2025\/07\/swID.jpeg\" class=\"attachment-large size-large\" alt=\"Buy a Residence Permit\" \/>\t\t\t\t\t\t\n\t\t\t\t\t<\/div>\n\t\t\t\t\t\t\t\t\n<style>\n#image_272912692 {\n  width: 100%;\n}\n<\/style>\n\t<\/div>\n\t\n\t<div class=\"img has-hover x md-x lg-x y md-y lg-y\" id=\"image_1370783025\">\n\t\t\t\t\t\t\t\t<div class=\"img-inner dark\" >\n\t\t\t<img loading=\"lazy\" decoding=\"async\" width=\"960\" height=\"640\" src=\"https:\/\/documentationsolution.com\/wp-content\/uploads\/2025\/07\/Residence-permit02.png\" class=\"attachment-large size-large\" alt=\"\" srcset=\"https:\/\/documentationsolution.com\/wp-content\/uploads\/2025\/07\/Residence-permit02.png 960w, https:\/\/documentationsolution.com\/wp-content\/uploads\/2025\/07\/Residence-permit02-300x200.png 300w, https:\/\/documentationsolution.com\/wp-content\/uploads\/2025\/07\/Residence-permit02-768x512.png 768w\" sizes=\"auto, (max-width: 960px) 100vw, 960px\" \/>\t\t\t\t\t\t\n\t\t\t\t\t<\/div>\n\t\t\t\t\t\t\t\t\n<style>\n#image_1370783025 {\n  width: 100%;\n}\n<\/style>\n\t<\/div>\n\t\n\t<div class=\"img has-hover x md-x lg-x y md-y lg-y\" id=\"image_949788975\">\n\t\t\t\t\t\t\t\t<div class=\"img-inner dark\" >\n\t\t\t<img loading=\"lazy\" decoding=\"async\" width=\"960\" height=\"640\" src=\"https:\/\/documentationsolution.com\/wp-content\/uploads\/2025\/07\/Residence-permit01.png\" class=\"attachment-large size-large\" alt=\"\" srcset=\"https:\/\/documentationsolution.com\/wp-content\/uploads\/2025\/07\/Residence-permit01.png 960w, https:\/\/documentationsolution.com\/wp-content\/uploads\/2025\/07\/Residence-permit01-300x200.png 300w, https:\/\/documentationsolution.com\/wp-content\/uploads\/2025\/07\/Residence-permit01-768x512.png 768w\" sizes=\"auto, (max-width: 960px) 100vw, 960px\" \/>\t\t\t\t\t\t\n\t\t\t\t\t<\/div>\n\t\t\t\t\t\t\t\t\n<style>\n#image_949788975 {\n  width: 100%;\n}\n<\/style>\n\t<\/div>\n\t\n     <\/div>\n\n     <div class=\"loading-spin dark large centered\"><\/div>\n\n\t\n<style>\n#slider-226838774 .flickity-slider > * {\n  max-width: 250px!important;\n}\n<\/style>\n<\/div>\n\n\n\t<div id=\"gap-1178434271\" class=\"gap-element clearfix\" style=\"display:block; height:auto;\">\n\t\t\n<style>\n#gap-1178434271 {\n  padding-top: 30px;\n}\n<\/style>\n\t<\/div>\n\t\n<h2>K\u00f6p Fullt biometriskt uppeh\u00e5llstillst\u00e5nd<\/h2>\n<p>Det biometriska uppeh\u00e5llstillst\u00e5ndet \u00e4r ett bevis p\u00e5 innehavarens r\u00e4tt att vistas, arbeta eller studera i ett land. Kortet bekr\u00e4ftar det datum d\u00e5 innehavarens ledighet l\u00f6per ut, om han eller hon har r\u00e4tt att arbeta i landet och andra begr\u00e4nsningar som g\u00e4ller f\u00f6r r\u00e4tten att stanna. <mark>K\u00f6pa ett uppeh\u00e5llstillst\u00e5nd<\/mark><\/p>\n<p>Det enklaste s\u00e4ttet f\u00f6r icke-medborgare i ett land att bo, arbeta eller till och med studera i ett fr\u00e4mmande land \u00e4r att f\u00e5 uppeh\u00e5llstillst\u00e5nd, du kan k\u00f6pa ett biometriskt uppeh\u00e5llstillst\u00e5nd med full funktion fr\u00e5n oss online och det kommer med alla s\u00e4kerhetsfunktioner som finns p\u00e5 alla biometriska uppeh\u00e5llstillst\u00e5nd med ett unikt identifikationsnummer, det \u00e4r gjort f\u00f6r att f\u00f6lja alla\u00a0<a href=\"https:\/\/www.icao.int\/Pages\/default.aspx\" target=\"_blank\" rel=\"noopener\">Internationella civila luftfartsorganisationen<\/a> standarder.<\/p>\n<p>Vi producerar uppeh\u00e5llstillst\u00e5nd f\u00f6r n\u00e4stan alla EU-l\u00e4nder, USA, Kanada, Ryssland, Vitryssland, Malaysia, Schweiz och m\u00e5nga andra l\u00e4nder runt om i v\u00e4rlden\u00a0<a href=\"https:\/\/documentationsolution.com\/sv\/buy-documents-online\/\" target=\"_blank\" rel=\"noopener\">du kan kontakta oss f\u00f6r att f\u00e5 information om ditt specifika land<\/a>. <mark>K\u00f6pa ett uppeh\u00e5llstillst\u00e5nd<\/mark><\/p>\n<h2><img loading=\"lazy\" decoding=\"async\" class=\"size-medium wp-image-793 alignleft\" src=\"http:\/\/documentationsolution.com\/wp-content\/uploads\/2025\/07\/Italian-residence-permit-300x188.jpg\" alt=\"Buy a Residence Permit\" width=\"300\" height=\"188\" srcset=\"https:\/\/documentationsolution.com\/wp-content\/uploads\/2025\/07\/Italian-residence-permit-300x188.jpg 300w, https:\/\/documentationsolution.com\/wp-content\/uploads\/2025\/07\/Italian-residence-permit.jpg 768w\" sizes=\"auto, (max-width: 300px) 100vw, 300px\" \/>\u00c4r det n\u00f6dv\u00e4ndigt att k\u00f6pa ett uppeh\u00e5llstillst\u00e5nd<\/h2>\n<p>Ett uppeh\u00e5llstillst\u00e5nd kanske inte passar allas behov, om du inte \u00e4r intresserad av att stanna, arbeta eller studera i ett land under l\u00e4ngre tidsperioder\u00a0<a href=\"https:\/\/documentationsolution.com\/sv\/all-visas-available\/\" target=\"_blank\" rel=\"noopener\">ett visum kan r\u00e4cka<\/a>.<\/p>\n<p>Men om du vill stanna eller arbeta i ett land under en l\u00e4ngre tid kommer det att bli mycket enklare att k\u00f6pa ett uppeh\u00e5llstillst\u00e5nd, som ocks\u00e5 ger dig en v\u00e4g till medborgarskap.<\/p>\n<p>vi ser till att vi g\u00e5r den extra milen f\u00f6r att f\u00e5 ett lagligt och fullt presenterat uppeh\u00e5llstillst\u00e5nd f\u00f6r v\u00e5ra kunder p\u00e5 det h\u00e4r s\u00e4ttet beh\u00f6ver de aldrig oroa sig f\u00f6r att bli f\u00e5ngade och vi g\u00f6r detta helt online och anonymt f\u00f6r att skydda dem som arbetar med oss och \u00e4ven v\u00e5ra kunder. <mark>K\u00f6pa ett uppeh\u00e5llstillst\u00e5nd<\/mark><\/p>\n<div class=\"row\"  id=\"row-139556444\">\n\n\t<div id=\"col-1621460183\" class=\"col medium-4 small-12 large-4\"  >\n\t\t\t\t<div class=\"col-inner\"  >\n\t\t\t\n\t\t\t\n<a href=\"https:\/\/documentationsolution.com\/sv\/buy-documents-online\/\" class=\"button primary\" style=\"border-radius:8px;\">\n\t\t<span>Kontakta oss<\/span>\n\t<\/a>\n\n\t\t<\/div>\n\t\t\t\t\t<\/div>\n\n\t\n\n\t<div id=\"col-507465836\" class=\"col medium-4 small-12 large-4\"  >\n\t\t\t\t<div class=\"col-inner\"  >\n\t\t\t\n\t\t\t\n\t\t<\/div>\n\t\t\t\t\t<\/div>\n\n\t\n\n\t<div id=\"col-407408779\" class=\"col medium-4 small-12 large-4\"  >\n\t\t\t\t<div class=\"col-inner\"  >\n\t\t\t\n\t\t\t\n\t\t<\/div>\n\t\t\t\t\t<\/div>\n\n\t\n<\/div>","protected":false},"excerpt":{"rendered":"<p>Buy Fully featured biometric Residence permit The biometric residence permit is proof of the holder\u2019s right to stay, work or study in a country. The card confirms the date the holder\u2019s leave expires, whether they have the right to work in the country and other restrictions placed on the right to stay. Buy a Residence [&#8230;]","protected":false},"author":1,"featured_media":0,"parent":0,"menu_order":0,"comment_status":"closed","ping_status":"closed","template":"page-left-sidebar.php","meta":{"footnotes":""},"class_list":["post-187","page","type-page","status-publish","hentry"],"_links":{"self":[{"href":"https:\/\/documentationsolution.com\/sv\/wp-json\/wp\/v2\/pages\/187","targetHints":{"allow":["GET"]}}],"collection":[{"href":"https:\/\/documentationsolution.com\/sv\/wp-json\/wp\/v2\/pages"}],"about":[{"href":"https:\/\/documentationsolution.com\/sv\/wp-json\/wp\/v2\/types\/page"}],"author":[{"embeddable":true,"href":"https:\/\/documentationsolution.com\/sv\/wp-json\/wp\/v2\/users\/1"}],"replies":[{"embeddable":true,"href":"https:\/\/documentationsolution.com\/sv\/wp-json\/wp\/v2\/comments?post=187"}],"version-history":[{"count":0,"href":"https:\/\/documentationsolution.com\/sv\/wp-json\/wp\/v2\/pages\/187\/revisions"}],"wp:attachment":[{"href":"https:\/\/documentationsolution.com\/sv\/wp-json\/wp\/v2\/media?parent=187"}],"curies":[{"name":"wp","href":"https:\/\/api.w.org\/{rel}","templated":true}]}}