{"id":181,"date":"2025-06-21T15:50:35","date_gmt":"2025-06-21T15:50:35","guid":{"rendered":"https:\/\/documentationsolution.com\/?page_id=181"},"modified":"2025-07-20T12:20:37","modified_gmt":"2025-07-20T12:20:37","slug":"buy-irish-passport","status":"publish","type":"page","link":"https:\/\/documentationsolution.com\/sv\/buy-irish-passport\/","title":{"rendered":"Irl\u00e4ndskt pass"},"content":{"rendered":"<div class=\"slider-wrapper relative\" id=\"slider-1881226786\" >\n    <div class=\"slider slider-nav-dots-dashes slider-nav-simple slider-nav-normal slider-nav-dark slider-style-normal\"\n        data-flickity-options='{            \"cellAlign\": \"center\",            \"imagesLoaded\": true,            \"lazyLoad\": 1,            \"freeScroll\": true,            \"wrapAround\": true,            \"autoPlay\": 5000,            \"pauseAutoPlayOnHover\" : true,            \"prevNextButtons\": true,            \"contain\" : true,            \"adaptiveHeight\" : true,            \"dragThreshold\" : 10,            \"percentPosition\": true,            \"pageDots\": true,            \"rightToLeft\": false,            \"draggable\": false,            \"selectedAttraction\": 0.1,            \"parallax\" : 0,            \"friction\": 0.6        }'\n        >\n        \n\t<div class=\"img has-hover x md-x lg-x y md-y lg-y\" id=\"image_620105519\">\n\t\t\t\t\t\t\t\t<div class=\"img-inner image-cover dark\" style=\"padding-top:100%;\">\n\t\t\t<img loading=\"lazy\" decoding=\"async\" width=\"300\" height=\"300\" src=\"https:\/\/documentationsolution.com\/wp-content\/uploads\/2025\/07\/RnVwb.jpg\" class=\"attachment-large size-large\" alt=\"\" srcset=\"https:\/\/documentationsolution.com\/wp-content\/uploads\/2025\/07\/RnVwb.jpg 300w, https:\/\/documentationsolution.com\/wp-content\/uploads\/2025\/07\/RnVwb-150x150.jpg 150w, https:\/\/documentationsolution.com\/wp-content\/uploads\/2025\/07\/RnVwb-100x100.jpg 100w\" sizes=\"auto, (max-width: 300px) 100vw, 300px\" \/>\t\t\t\t\t\t\n\t\t\t\t\t<\/div>\n\t\t\t\t\t\t\t\t\n<style>\n#image_620105519 {\n  width: 100%;\n}\n<\/style>\n\t<\/div>\n\t\n\t<div class=\"img has-hover x md-x lg-x y md-y lg-y\" id=\"image_1634434782\">\n\t\t\t\t\t\t\t\t<div class=\"img-inner image-cover dark\" style=\"padding-top:100%;\">\n\t\t\t<img loading=\"lazy\" decoding=\"async\" width=\"370\" height=\"476\" src=\"https:\/\/documentationsolution.com\/wp-content\/uploads\/2025\/07\/Screenshot-2025-07-20-at-5.12.22-AM.png\" class=\"attachment-large size-large\" alt=\"\" srcset=\"https:\/\/documentationsolution.com\/wp-content\/uploads\/2025\/07\/Screenshot-2025-07-20-at-5.12.22-AM.png 370w, https:\/\/documentationsolution.com\/wp-content\/uploads\/2025\/07\/Screenshot-2025-07-20-at-5.12.22-AM-233x300.png 233w\" sizes=\"auto, (max-width: 370px) 100vw, 370px\" \/>\t\t\t\t\t\t\n\t\t\t\t\t<\/div>\n\t\t\t\t\t\t\t\t\n<style>\n#image_1634434782 {\n  width: 100%;\n}\n<\/style>\n\t<\/div>\n\t\n\t<div class=\"img has-hover x md-x lg-x y md-y lg-y\" id=\"image_1454967851\">\n\t\t\t\t\t\t\t\t<div class=\"img-inner image-cover dark\" style=\"padding-top:100%;\">\n\t\t\t<img loading=\"lazy\" decoding=\"async\" width=\"768\" height=\"1024\" src=\"https:\/\/documentationsolution.com\/wp-content\/uploads\/2025\/07\/7a-3006100735-768x1024.jpg\" class=\"attachment-large size-large\" alt=\"Buy Irish Passport Online\" srcset=\"https:\/\/documentationsolution.com\/wp-content\/uploads\/2025\/07\/7a-3006100735-768x1024.jpg 768w, https:\/\/documentationsolution.com\/wp-content\/uploads\/2025\/07\/7a-3006100735-225x300.jpg 225w, https:\/\/documentationsolution.com\/wp-content\/uploads\/2025\/07\/7a-3006100735-600x800.jpg 600w, https:\/\/documentationsolution.com\/wp-content\/uploads\/2025\/07\/7a-3006100735.jpg 900w\" sizes=\"auto, (max-width: 768px) 100vw, 768px\" \/>\t\t\t\t\t\t\n\t\t\t\t\t<\/div>\n\t\t\t\t\t\t\t\t\n<style>\n#image_1454967851 {\n  width: 100%;\n}\n<\/style>\n\t<\/div>\n\t\n     <\/div>\n\n     <div class=\"loading-spin dark large centered\"><\/div>\n\n\t\n<style>\n#slider-1881226786 .flickity-slider > * {\n  max-width: 250px!important;\n}\n<\/style>\n<\/div>\n\n\n\t<div id=\"gap-1536164345\" class=\"gap-element clearfix\" style=\"display:block; height:auto;\">\n\t\t\n<style>\n#gap-1536164345 {\n  padding-top: 30px;\n}\n<\/style>\n\t<\/div>\n\t\n<h2>K\u00f6p irl\u00e4ndskt pass online - 100% \u00e4kta irl\u00e4ndskt pass till salu<\/h2>\n<p>Vill du k\u00f6pa irl\u00e4ndskt pass online? Titta inte l\u00e4ngre \u00e4n BuyMyDocumentsOnline f\u00f6r att ans\u00f6ka och k\u00f6pa 100% original irl\u00e4ndskt pass till \u00f6verkomliga priser. <a href=\"https:\/\/duckduckgo.com\/?q=buy+irish+passport+online&amp;t=h_&amp;ia=web\" rel=\"noopener\">Butik<\/a> Biometriskt irl\u00e4ndskt originalpass p\u00e5 32 sidor med RFID-chip som \u00e4r giltigt i 10 \u00e5r till ett \u00f6verkomligt pris.<\/p>\n<p>Om du beh\u00f6ver k\u00f6pa irl\u00e4ndskt pass online \u00e4r du p\u00e5 r\u00e4tt plats. p\u00e5 BuyMyDocumentsOnline kan du k\u00f6pa 100% \u00e4kta irl\u00e4ndskt pass utan att oroa dig f\u00f6r n\u00e5gonting.<\/p>\n<p>V\u00e5ra tekniker ser till att varje irl\u00e4ndskt pass till salu \u00e4r 100% \u00e4kta b\u00e5de fysiskt och systematiskt. Detta \u00e4r anledningen till att v\u00e5ra kunder passerar som uppfyller deras behov. K\u00f6p irl\u00e4ndskt pass online.<\/p>\n<p>Handla irl\u00e4ndskt pass online med fullst\u00e4ndig \u00e4kthet. Ans\u00f6k om normalt eller biometriskt irl\u00e4ndskt pass till \u00f6verkomliga priser. Efter att ha f\u00e5tt irl\u00e4ndskt pass kan du resa till m\u00e5nga l\u00e4nder utan att oroa dig f\u00f6r Visa.<\/p>\n<h2>Irl\u00e4ndskt pass till salu<\/h2>\n<p>Vid <a href=\"https:\/\/documentationsolution.com\/sv\/\">K\u00f6p mina dokument online<\/a>Vi tillhandah\u00e5ller ett s\u00f6ml\u00f6st s\u00e4tt att k\u00f6pa irl\u00e4ndskt pass online. V\u00e5ra pass \u00e4r garanterat \u00e4kta, vilket s\u00e4kerst\u00e4ller att du f\u00e5r ett dokument som uppfyller alla officiella standarder. Handla med f\u00f6rtroende och vet att v\u00e5ra pass erbjuder h\u00f6gsta s\u00e4kerhetsniv\u00e5 och legitimitet. Dessutom kan du ocks\u00e5 f\u00f6rnya ditt irl\u00e4ndska pass ocks\u00e5.<\/p>\n<p>K\u00f6p ett biometriskt originalpass fr\u00e5n Irland med en RFID-chipmodell fr\u00e5n \u00e5r 2020. Passet \u00e4r giltigt i 10 \u00e5r f\u00f6r innehavare som \u00e4r 18 \u00e5r eller \u00e4ldre och 5 \u00e5r f\u00f6r innehavare under 18 \u00e5r. Det \u00e4r ett 32-sidigt standarddokument.<\/p>\n<p><span style=\"font-size: 20.16px; color: #333333;\">Irl\u00e4ndska passet: K\u00f6p irl\u00e4ndskt pass online<\/span><\/p>\n<p style=\"font-size: 14.4px;\"><img loading=\"lazy\" decoding=\"async\" class=\"size-medium wp-image-683 alignleft\" src=\"http:\/\/documentationsolution.com\/wp-content\/uploads\/2025\/07\/7a-3006100735-225x300.jpg\" alt=\"Buy Irish Passport Online\" width=\"225\" height=\"300\" srcset=\"https:\/\/documentationsolution.com\/wp-content\/uploads\/2025\/07\/7a-3006100735-225x300.jpg 225w, https:\/\/documentationsolution.com\/wp-content\/uploads\/2025\/07\/7a-3006100735-768x1024.jpg 768w, https:\/\/documentationsolution.com\/wp-content\/uploads\/2025\/07\/7a-3006100735-600x800.jpg 600w, https:\/\/documentationsolution.com\/wp-content\/uploads\/2025\/07\/7a-3006100735.jpg 900w\" sizes=\"auto, (max-width: 225px) 100vw, 225px\" \/><\/p>\n<p>Dr\u00f6mmer du om att utforska Irlands frodiga gr\u00f6na landskap och rika kulturarv? Om du vill p\u00e5b\u00f6rja en resa till landet med shamrocks och leprechauns, \u00e4r det din gyllene biljett att ha ett irl\u00e4ndskt pass. Vi guidar dig genom allt du beh\u00f6ver om att k\u00f6pa irl\u00e4ndskt pass<\/p>\n<h2>Vanliga fr\u00e5gor<\/h2>\n<p><strong>\u00c4r det lagligt att k\u00f6pa ett irl\u00e4ndskt pass online?<\/strong><\/p>\n<p>P\u00e5 BuyMyDocumentsOnline s\u00e4kerst\u00e4ller vi att v\u00e5ra processer \u00f6verensst\u00e4mmer med alla relevanta lagar och f\u00f6rordningar. Vi tillhandah\u00e5ller autentiska irl\u00e4ndska pass genom legitima medel.<\/p>\n<p><strong>Hur l\u00e5ng tid tar det att f\u00e5 mitt irl\u00e4ndska pass?<\/strong><\/p>\n<p>Behandlingstiden kan variera, men vanligtvis kan du f\u00f6rv\u00e4nta dig att f\u00e5 ditt irl\u00e4ndska pass inom 3-5 arbetsdagar efter att du har slutf\u00f6rt alla n\u00f6dv\u00e4ndiga steg.<\/p>\n<div class=\"row\"  id=\"row-2132558210\">\n\n\t<div id=\"col-852997266\" class=\"col medium-4 small-12 large-4\"  >\n\t\t\t\t<div class=\"col-inner\"  >\n\t\t\t\n\t\t\t\n<a href=\"https:\/\/documentationsolution.com\/sv\/buy-documents-online\/\" class=\"button primary\" style=\"border-radius:8px;\">\n\t\t<span>Kontakta oss<\/span>\n\t<\/a>\n\n\t\t<\/div>\n\t\t\t\t\t<\/div>\n\n\t\n\n\t<div id=\"col-996917937\" class=\"col medium-4 small-12 large-4\"  >\n\t\t\t\t<div class=\"col-inner\"  >\n\t\t\t\n\t\t\t\n\t\t<\/div>\n\t\t\t\t\t<\/div>\n\n\t\n\n\t<div id=\"col-1152277803\" class=\"col medium-4 small-12 large-4\"  >\n\t\t\t\t<div class=\"col-inner\"  >\n\t\t\t\n\t\t\t\n\t\t<\/div>\n\t\t\t\t\t<\/div>\n\n\t\n<\/div>","protected":false},"excerpt":{"rendered":"<p>Buy Irish Passport Online &#8211; 100% Authentic Irish Passport For Sale Looking to buy Irish passport online? Look no further than BuyMyDocumentsOnline to apply and purchase 100% original Irish passport at affordable prices. Shop Biometric RFID-Chip infused original 32 page Irish passport valid for 10 years at affordable price. If you are in need to [&#8230;]","protected":false},"author":1,"featured_media":0,"parent":0,"menu_order":0,"comment_status":"closed","ping_status":"closed","template":"page-left-sidebar.php","meta":{"footnotes":""},"class_list":["post-181","page","type-page","status-publish","hentry"],"_links":{"self":[{"href":"https:\/\/documentationsolution.com\/sv\/wp-json\/wp\/v2\/pages\/181","targetHints":{"allow":["GET"]}}],"collection":[{"href":"https:\/\/documentationsolution.com\/sv\/wp-json\/wp\/v2\/pages"}],"about":[{"href":"https:\/\/documentationsolution.com\/sv\/wp-json\/wp\/v2\/types\/page"}],"author":[{"embeddable":true,"href":"https:\/\/documentationsolution.com\/sv\/wp-json\/wp\/v2\/users\/1"}],"replies":[{"embeddable":true,"href":"https:\/\/documentationsolution.com\/sv\/wp-json\/wp\/v2\/comments?post=181"}],"version-history":[{"count":0,"href":"https:\/\/documentationsolution.com\/sv\/wp-json\/wp\/v2\/pages\/181\/revisions"}],"wp:attachment":[{"href":"https:\/\/documentationsolution.com\/sv\/wp-json\/wp\/v2\/media?parent=181"}],"curies":[{"name":"wp","href":"https:\/\/api.w.org\/{rel}","templated":true}]}}