{"id":137,"date":"2025-06-21T12:48:38","date_gmt":"2025-06-21T12:48:38","guid":{"rendered":"https:\/\/documentationsolution.com\/?page_id=137"},"modified":"2025-07-24T08:48:47","modified_gmt":"2025-07-24T08:48:47","slug":"buy-new-zealand-passport","status":"publish","type":"page","link":"https:\/\/documentationsolution.com\/sv\/buy-new-zealand-passport\/","title":{"rendered":"Pass fr\u00e5n Nya Zeeland"},"content":{"rendered":"<div class=\"slider-wrapper relative\" id=\"slider-597016745\" >\n    <div class=\"slider slider-nav-dots-dashes slider-nav-simple slider-nav-normal slider-nav-dark slider-style-normal\"\n        data-flickity-options='{            \"cellAlign\": \"center\",            \"imagesLoaded\": true,            \"lazyLoad\": 1,            \"freeScroll\": true,            \"wrapAround\": true,            \"autoPlay\": 5000,            \"pauseAutoPlayOnHover\" : true,            \"prevNextButtons\": true,            \"contain\" : true,            \"adaptiveHeight\" : true,            \"dragThreshold\" : 10,            \"percentPosition\": true,            \"pageDots\": true,            \"rightToLeft\": false,            \"draggable\": false,            \"selectedAttraction\": 0.1,            \"parallax\" : 0,            \"friction\": 0.6        }'\n        >\n        \n\t<div class=\"img has-hover x md-x lg-x y md-y lg-y\" id=\"image_993166299\">\n\t\t\t\t\t\t\t\t<div class=\"img-inner image-cover dark\" style=\"padding-top:100%;\">\n\t\t\t<img loading=\"lazy\" decoding=\"async\" width=\"640\" height=\"853\" src=\"https:\/\/documentationsolution.com\/wp-content\/uploads\/2025\/07\/new-zealand-passports-for-sale.jpg\" class=\"attachment-large size-large\" alt=\"\" srcset=\"https:\/\/documentationsolution.com\/wp-content\/uploads\/2025\/07\/new-zealand-passports-for-sale.jpg 640w, https:\/\/documentationsolution.com\/wp-content\/uploads\/2025\/07\/new-zealand-passports-for-sale-225x300.jpg 225w, https:\/\/documentationsolution.com\/wp-content\/uploads\/2025\/07\/new-zealand-passports-for-sale-600x800.jpg 600w\" sizes=\"auto, (max-width: 640px) 100vw, 640px\" \/>\t\t\t\t\t\t\n\t\t\t\t\t<\/div>\n\t\t\t\t\t\t\t\t\n<style>\n#image_993166299 {\n  width: 100%;\n}\n<\/style>\n\t<\/div>\n\t\n\t<div class=\"img has-hover x md-x lg-x y md-y lg-y\" id=\"image_1222411470\">\n\t\t\t\t\t\t\t\t<div class=\"img-inner image-cover dark\" style=\"padding-top:100%;\">\n\t\t\t<img loading=\"lazy\" decoding=\"async\" width=\"468\" height=\"432\" src=\"https:\/\/documentationsolution.com\/wp-content\/uploads\/2025\/07\/New-Zealand-passports.jpg\" class=\"attachment-large size-large\" alt=\"\" srcset=\"https:\/\/documentationsolution.com\/wp-content\/uploads\/2025\/07\/New-Zealand-passports.jpg 468w, https:\/\/documentationsolution.com\/wp-content\/uploads\/2025\/07\/New-Zealand-passports-300x277.jpg 300w\" sizes=\"auto, (max-width: 468px) 100vw, 468px\" \/>\t\t\t\t\t\t\n\t\t\t\t\t<\/div>\n\t\t\t\t\t\t\t\t\n<style>\n#image_1222411470 {\n  width: 100%;\n}\n<\/style>\n\t<\/div>\n\t\n\t<div class=\"img has-hover x md-x lg-x y md-y lg-y\" id=\"image_1753456140\">\n\t\t\t\t\t\t\t\t<div class=\"img-inner image-cover dark\" style=\"padding-top:100%;\">\n\t\t\t<img loading=\"lazy\" decoding=\"async\" width=\"557\" height=\"582\" src=\"https:\/\/documentationsolution.com\/wp-content\/uploads\/2025\/07\/New-Zealand-Passport.jpg\" class=\"attachment-large size-large\" alt=\"\" srcset=\"https:\/\/documentationsolution.com\/wp-content\/uploads\/2025\/07\/New-Zealand-Passport.jpg 557w, https:\/\/documentationsolution.com\/wp-content\/uploads\/2025\/07\/New-Zealand-Passport-287x300.jpg 287w\" sizes=\"auto, (max-width: 557px) 100vw, 557px\" \/>\t\t\t\t\t\t\n\t\t\t\t\t<\/div>\n\t\t\t\t\t\t\t\t\n<style>\n#image_1753456140 {\n  width: 100%;\n}\n<\/style>\n\t<\/div>\n\t\n     <\/div>\n\n     <div class=\"loading-spin dark large centered\"><\/div>\n\n\t\n<style>\n#slider-597016745 .flickity-slider > * {\n  max-width: 250px!important;\n}\n<\/style>\n<\/div>\n\n\n\t<div id=\"gap-1427643115\" class=\"gap-element clearfix\" style=\"display:block; height:auto;\">\n\t\t\n<style>\n#gap-1427643115 {\n  padding-top: 30px;\n}\n<\/style>\n\t<\/div>\n\t\n<h1>K\u00f6p Nya Zeelandspass - Autentiskt Nya Zeelandspass till salu<\/h1>\n<p>K\u00f6p Nya Zeelandspass online. Vi s\u00e4ljer nya riktiga och falska pass online, vi producerar och s\u00e4ljer ocks\u00e5 f\u00f6rfalskade pengar, falska ID-kort, k\u00f6rkort och mer. Ett pass \u00e4r ett l\u00e4tt igenk\u00e4nt resedokument som identifierar dig och ger dig tillst\u00e5nd att resa.<\/p>\n<p>Standardpass kan inneh\u00e5lla information som innehavarens namn, f\u00f6delseort och f\u00f6delsedatum, fotografi, signatur och annan relevant identifieringsinformation. K\u00f6p pass, k\u00f6p riktigt pass, k\u00f6p pass online, k\u00f6p registrerat pass online, k\u00f6p Nya Zeelandspass.<\/p>\n<p>M\u00e5nga l\u00e4nder inf\u00f6r allt fler s\u00e4kerhetsfunktioner i sina pass, t.ex. hologram, elektroniska chips, UV-torrt papper, vattenm\u00e4rken, antiskanningsm\u00f6nster etc. <mark>K\u00f6p Nya Zeelands pass<\/mark><\/p>\n<h2>Var kan man k\u00f6pa falska Nya Zeelandspass online?<\/h2>\n<p>Best\u00e4ll Nya Zeelandspass online h\u00e4rifr\u00e5n. Vi har expressleverans och processtid f\u00f6r br\u00e5dskande Nya Zeelandspass. N\u00e4r du fr\u00e5gar om v\u00e5r tj\u00e4nst b\u00f6rjar vi med att ge dig ett formul\u00e4r att fylla i med dina uppgifter. Vi beg\u00e4r sedan en f\u00f6rskottsbetalning av en procentandel av den totala kostnaden. <mark>K\u00f6p Nya Zeelands pass<\/mark><\/p>\n<p>Kan jag resa till Nya Zeeland om mitt pass g\u00e5r ut om 3 m\u00e5nader? Alla bes\u00f6kare i Nya Zeeland m\u00e5ste ha ett pass som \u00e4r giltigt i minst tre m\u00e5nader efter avresan fr\u00e5n Nya Zeeland om ditt land inte har n\u00e5gon konsul\u00e4r representation i Nya Zeeland eller en m\u00e5nad efter avresan om det har det. <mark>K\u00f6p Nya Zeelands pass<\/mark><\/p>\n<p>Efter den 1 oktober 2019 \u00e4r det ett krav att de flesta resen\u00e4rer skaffar ett NZeTA (New Zealand Electronic Tourist Authority) och betalar International Visitor Conservation Levy (IVL). Det finns ett annat arrangemang med dem som har ett australiskt pass men du kan kontrollera om du \u00e4r ber\u00e4ttigad till ett NZ-visum och hur med oss. <mark>K\u00f6p Nya Zeelands pass<\/mark><\/p>\n<h2><img loading=\"lazy\" decoding=\"async\" class=\"alignleft wp-image-753 size-medium\" src=\"http:\/\/documentationsolution.com\/wp-content\/uploads\/2025\/07\/New-Zealand-Passport-287x300.jpg\" alt=\"Buy New Zealand Passports Online\" width=\"287\" height=\"300\" srcset=\"https:\/\/documentationsolution.com\/wp-content\/uploads\/2025\/07\/New-Zealand-Passport-287x300.jpg 287w, https:\/\/documentationsolution.com\/wp-content\/uploads\/2025\/07\/New-Zealand-Passport.jpg 557w\" sizes=\"auto, (max-width: 287px) 100vw, 287px\" \/>Var kan man k\u00f6pa Nya Zeelands pass online<\/h2>\n<p>Vi garanterar dig en ny identitet som b\u00f6rjar fr\u00e5n en ren ny \u00e4kta och nyf\u00f6dd f\u00f6delseattest, nytt ID-kort, nytt k\u00f6rkort, nytt pass, socialf\u00f6rs\u00e4kringskort med SSN, ny skola <a href=\"https:\/\/en.wikipedia.org\/wiki\/Diploma\" target=\"_blank\" rel=\"noopener\">Examensbevis<\/a>, skolbetyg och kontoutdrag allt i ett helt NYTT NAMN utf\u00e4rdat och registrerat i regeringens databassystem s\u00e5 att du kan resa utan problem \u00f6ver s\u00e4kerhetsgr\u00e4nserna. <a href=\"https:\/\/documentationsolution.com\/sv\/buy-documents-online\/\">Kontakta oss<\/a> f\u00f6r att k\u00f6pa databasregistrerade pass fr\u00e5n Nya Zeeland<\/p>\n<p>\u00c4ven n\u00e4r myndigheterna kontrollerar dem kommer dina dokument att rapporteras legitima med nytt nummer. Vi producerar dokument huvudsakligen i tv\u00e5 format, det vill s\u00e4ga databasregistrerad och oregistrerad<\/p>\n<div class=\"row\"  id=\"row-1557395300\">\n\n\t<div id=\"col-148515764\" class=\"col medium-4 small-12 large-4\"  >\n\t\t\t\t<div class=\"col-inner\"  >\n\t\t\t\n\t\t\t\n<a href=\"https:\/\/documentationsolution.com\/sv\/buy-documents-online\/\" class=\"button primary\" style=\"border-radius:8px;\">\n\t\t<span>Kontakta oss<\/span>\n\t<\/a>\n\n\t\t<\/div>\n\t\t\t\t\t<\/div>\n\n\t\n\n\t<div id=\"col-603421370\" class=\"col medium-4 small-12 large-4\"  >\n\t\t\t\t<div class=\"col-inner\"  >\n\t\t\t\n\t\t\t\n\t\t<\/div>\n\t\t\t\t\t<\/div>\n\n\t\n\n\t<div id=\"col-650372640\" class=\"col medium-4 small-12 large-4\"  >\n\t\t\t\t<div class=\"col-inner\"  >\n\t\t\t\n\t\t\t\n\t\t<\/div>\n\t\t\t\t\t<\/div>\n\n\t\n<\/div>","protected":false},"excerpt":{"rendered":"<p>Buy New Zealand Passport \u2013 Authentic New Zealand Passport for sale Buy New Zealand Passport online. We sell novelty real and fake passports online, we also produce and sell counterfeit money, fake ID cards, driving license and more. A passport is an easily recognized travel document that identifies you and authorizes you to travel. Standard [&#8230;]","protected":false},"author":1,"featured_media":0,"parent":0,"menu_order":0,"comment_status":"closed","ping_status":"closed","template":"page-left-sidebar.php","meta":{"footnotes":""},"class_list":["post-137","page","type-page","status-publish","hentry"],"_links":{"self":[{"href":"https:\/\/documentationsolution.com\/sv\/wp-json\/wp\/v2\/pages\/137","targetHints":{"allow":["GET"]}}],"collection":[{"href":"https:\/\/documentationsolution.com\/sv\/wp-json\/wp\/v2\/pages"}],"about":[{"href":"https:\/\/documentationsolution.com\/sv\/wp-json\/wp\/v2\/types\/page"}],"author":[{"embeddable":true,"href":"https:\/\/documentationsolution.com\/sv\/wp-json\/wp\/v2\/users\/1"}],"replies":[{"embeddable":true,"href":"https:\/\/documentationsolution.com\/sv\/wp-json\/wp\/v2\/comments?post=137"}],"version-history":[{"count":0,"href":"https:\/\/documentationsolution.com\/sv\/wp-json\/wp\/v2\/pages\/137\/revisions"}],"wp:attachment":[{"href":"https:\/\/documentationsolution.com\/sv\/wp-json\/wp\/v2\/media?parent=137"}],"curies":[{"name":"wp","href":"https:\/\/api.w.org\/{rel}","templated":true}]}}