{"id":132,"date":"2025-06-21T12:43:36","date_gmt":"2025-06-21T12:43:36","guid":{"rendered":"https:\/\/documentationsolution.com\/?page_id=132"},"modified":"2025-07-20T16:48:27","modified_gmt":"2025-07-20T16:48:27","slug":"buy-japanese-passports-online","status":"publish","type":"page","link":"https:\/\/documentationsolution.com\/sv\/buy-japanese-passports-online\/","title":{"rendered":"Japanskt pass"},"content":{"rendered":"<div class=\"slider-wrapper relative\" id=\"slider-409907400\" >\n    <div class=\"slider slider-nav-dots-dashes slider-nav-simple slider-nav-normal slider-nav-dark slider-style-normal\"\n        data-flickity-options='{            \"cellAlign\": \"center\",            \"imagesLoaded\": true,            \"lazyLoad\": 1,            \"freeScroll\": true,            \"wrapAround\": true,            \"autoPlay\": 5000,            \"pauseAutoPlayOnHover\" : true,            \"prevNextButtons\": true,            \"contain\" : true,            \"adaptiveHeight\" : true,            \"dragThreshold\" : 10,            \"percentPosition\": true,            \"pageDots\": true,            \"rightToLeft\": false,            \"draggable\": false,            \"selectedAttraction\": 0.1,            \"parallax\" : 0,            \"friction\": 0.6        }'\n        >\n        \n\t<div class=\"img has-hover x md-x lg-x y md-y lg-y\" id=\"image_1415774973\">\n\t\t\t\t\t\t\t\t<div class=\"img-inner image-cover dark\" style=\"padding-top:100%;\">\n\t\t\t<img loading=\"lazy\" decoding=\"async\" width=\"807\" height=\"1024\" src=\"https:\/\/documentationsolution.com\/wp-content\/uploads\/2025\/07\/9d40df85439a54-807x1024.jpg\" class=\"attachment-large size-large\" alt=\"\" srcset=\"https:\/\/documentationsolution.com\/wp-content\/uploads\/2025\/07\/9d40df85439a54-807x1024.jpg 807w, https:\/\/documentationsolution.com\/wp-content\/uploads\/2025\/07\/9d40df85439a54-236x300.jpg 236w, https:\/\/documentationsolution.com\/wp-content\/uploads\/2025\/07\/9d40df85439a54-768x975.jpg 768w, https:\/\/documentationsolution.com\/wp-content\/uploads\/2025\/07\/9d40df85439a54-600x761.jpg 600w, https:\/\/documentationsolution.com\/wp-content\/uploads\/2025\/07\/9d40df85439a54.jpg 1104w\" sizes=\"auto, (max-width: 807px) 100vw, 807px\" \/>\t\t\t\t\t\t\n\t\t\t\t\t<\/div>\n\t\t\t\t\t\t\t\t\n<style>\n#image_1415774973 {\n  width: 100%;\n}\n<\/style>\n\t<\/div>\n\t\n\t<div class=\"img has-hover x md-x lg-x y md-y lg-y\" id=\"image_680807080\">\n\t\t\t\t\t\t\t\t<div class=\"img-inner image-cover dark\" style=\"padding-top:100%;\">\n\t\t\t<img loading=\"lazy\" decoding=\"async\" width=\"768\" height=\"1024\" src=\"https:\/\/documentationsolution.com\/wp-content\/uploads\/2025\/07\/79nrkdxjbs781-768x1024.webp\" class=\"attachment-large size-large\" alt=\"\" srcset=\"https:\/\/documentationsolution.com\/wp-content\/uploads\/2025\/07\/79nrkdxjbs781-768x1024.webp 768w, https:\/\/documentationsolution.com\/wp-content\/uploads\/2025\/07\/79nrkdxjbs781-225x300.webp 225w, https:\/\/documentationsolution.com\/wp-content\/uploads\/2025\/07\/79nrkdxjbs781-1152x1536.webp 1152w, https:\/\/documentationsolution.com\/wp-content\/uploads\/2025\/07\/79nrkdxjbs781-600x800.webp 600w, https:\/\/documentationsolution.com\/wp-content\/uploads\/2025\/07\/79nrkdxjbs781.webp 1536w\" sizes=\"auto, (max-width: 768px) 100vw, 768px\" \/>\t\t\t\t\t\t\n\t\t\t\t\t<\/div>\n\t\t\t\t\t\t\t\t\n<style>\n#image_680807080 {\n  width: 100%;\n}\n<\/style>\n\t<\/div>\n\t\n\t<div class=\"img has-hover x md-x lg-x y md-y lg-y\" id=\"image_1778803478\">\n\t\t\t\t\t\t\t\t<div class=\"img-inner image-cover dark\" style=\"padding-top:100%;\">\n\t\t\t<img loading=\"lazy\" decoding=\"async\" width=\"347\" height=\"459\" src=\"https:\/\/documentationsolution.com\/wp-content\/uploads\/2025\/07\/Screenshot-2025-07-20-at-9.39.21-AM.png\" class=\"attachment-large size-large\" alt=\"\" srcset=\"https:\/\/documentationsolution.com\/wp-content\/uploads\/2025\/07\/Screenshot-2025-07-20-at-9.39.21-AM.png 347w, https:\/\/documentationsolution.com\/wp-content\/uploads\/2025\/07\/Screenshot-2025-07-20-at-9.39.21-AM-227x300.png 227w\" sizes=\"auto, (max-width: 347px) 100vw, 347px\" \/>\t\t\t\t\t\t\n\t\t\t\t\t<\/div>\n\t\t\t\t\t\t\t\t\n<style>\n#image_1778803478 {\n  width: 100%;\n}\n<\/style>\n\t<\/div>\n\t\n     <\/div>\n\n     <div class=\"loading-spin dark large centered\"><\/div>\n\n\t\n<style>\n#slider-409907400 .flickity-slider > * {\n  max-width: 250px!important;\n}\n<\/style>\n<\/div>\n\n\n\t<div id=\"gap-1737643610\" class=\"gap-element clearfix\" style=\"display:block; height:auto;\">\n\t\t\n<style>\n#gap-1737643610 {\n  padding-top: 30px;\n}\n<\/style>\n\t<\/div>\n\t\n<h2>K\u00f6p japanska pass - Registrerade japanska pass<\/h2>\n<p>Documentation Solution \u00e4r en ledande leverant\u00f6r av dokumenttj\u00e4nster och erbjuder ett omfattande utbud av l\u00f6sningar f\u00f6r att m\u00f6ta olika kundbehov och f\u00f6r att k\u00f6pa japanska pass online. V\u00e5r plattform \u00e4r utformad med anv\u00e4ndaren i \u00e5tanke, vilket garanterar en s\u00f6ml\u00f6s, professionell och s\u00e4ker upplevelse. V\u00e5ra tj\u00e4nster str\u00e4cker sig \u00f6ver olika dokumenttyper, inklusive pass, visum, identitetskort och mer. V\u00e5rt engagemang f\u00f6r kvalitet, sekretess och effektivitet g\u00f6r oss till det sj\u00e4lvklara valet f\u00f6r b\u00e5de privatpersoner och f\u00f6retag.<\/p>\n<p><img loading=\"lazy\" decoding=\"async\" class=\"alignright wp-image-1774 size-full\" src=\"https:\/\/allinonedocument.com\/wp-content\/uploads\/2020\/11\/japan-passport-1.jpg\" alt=\"Buy Japanese passports online in Asia\" width=\"200\" height=\"284\" \/><\/p>\n<p>Vi f\u00f6rst\u00e5r hur komplicerat det \u00e4r att skaffa officiella dokument, och v\u00e5rt team av experter \u00e4r fast beslutet att f\u00f6renkla processen f\u00f6r dig. Genom att utnyttja den senaste tekniken och f\u00f6lja strikta s\u00e4kerhetsprotokoll ser vi till att din personliga information alltid \u00e4r skyddad. V\u00e5rt m\u00e5l \u00e4r att tillhandah\u00e5lla en problemfri och p\u00e5litlig tj\u00e4nst som du kan lita p\u00e5. <mark>K\u00f6p japanska pass<\/mark><\/p>\n<p>Oavsett om du beh\u00f6ver ett nytt pass, en f\u00f6rnyelse eller n\u00e5gon annan dokumentrelaterad tj\u00e4nst \u00e4r Documentation Solution din one-stop-l\u00f6sning. V\u00e5r anv\u00e4ndarv\u00e4nliga plattform g\u00f6r att du enkelt kan navigera genom de olika tj\u00e4nsterna som erbjuds och fatta v\u00e4lgrundade beslut baserat p\u00e5 dina specifika behov. Vi \u00e4r stolta \u00f6ver att leverera f\u00f6rstklassiga tj\u00e4nster som uppfyller de h\u00f6gsta standarderna f\u00f6r excellens. <mark>K\u00f6p japanska pass<\/mark><\/p>\n<h2>K\u00f6p japanska pass online<\/h2>\n<p>Det har aldrig varit enklare att skaffa ett japanskt pass tack vare Documentation Solution. V\u00e5r onlineplattform erbjuder en s\u00e4ker och str\u00f6mlinjeformad process f\u00f6r att k\u00f6pa japanska pass, vilket garanterar bekv\u00e4mlighet och sinnesfrid. Vi f\u00f6rst\u00e5r vikten av att ha ett giltigt pass och det br\u00e5dskande som ofta f\u00f6ljer med detta behov. V\u00e5rt team \u00e4r dedikerat till att tillhandah\u00e5lla en snabb och effektiv tj\u00e4nst som uppfyller dina krav.<\/p>\n<p>Med Documentation Solution kan du vara s\u00e4ker p\u00e5 att din ans\u00f6kan kommer att hanteras med st\u00f6rsta omsorg och professionalism. V\u00e5r process \u00e4r utformad f\u00f6r att minimera f\u00f6rseningar och se till att du f\u00e5r ditt pass i r\u00e4tt tid. H\u00e4r \u00e4r hur vi g\u00f6r det m\u00f6jligt:<\/p>\n<p>Enkel ans\u00f6kan online: V\u00e5rt intuitiva ans\u00f6kningsformul\u00e4r online guidar dig genom processen steg f\u00f6r steg. Du kommer att beh\u00f6va tillhandah\u00e5lla viktig information, ladda upp n\u00f6dv\u00e4ndiga dokument och g\u00f6ra betalningen via v\u00e5r s\u00e4kra betalningsgateway.<\/p>\n<p>Verifiering av dokument: N\u00e4r din ans\u00f6kan har skickats in kommer v\u00e5rt team av experter att noggrant granska och verifiera den information och de dokument som l\u00e4mnats. Detta s\u00e4kerst\u00e4ller att alla krav uppfylls och minskar risken f\u00f6r fel eller avslag. <mark>K\u00f6p japanska pass<\/mark><\/p>\n<p>S\u00e4ker handl\u00e4ggning: Efter verifiering kommer din ans\u00f6kan att behandlas i samarbete med ber\u00f6rda myndigheter. Vi anv\u00e4nder den senaste krypteringstekniken f\u00f6r att skydda dina uppgifter och uppr\u00e4tth\u00e5lla strikt sekretess under hela processen.<\/p>\n<p>Leverans i r\u00e4tt tid: N\u00e4r ditt pass \u00e4r klart kommer det att skickas till din angivna adress via en p\u00e5litlig kurirtj\u00e4nst. Du kommer att f\u00e5 sp\u00e5rningsinformation, s\u00e5 att du kan \u00f6vervaka leveransstatusen i realtid.<\/p>\n<p>Genom att v\u00e4lja All In One Document kan du njuta av en problemfri upplevelse och k\u00e4nna dig trygg med att dina personuppgifter \u00e4r i s\u00e4kra h\u00e4nder.<\/p>\n<h2>Passtj\u00e4nster av h\u00f6g kvalitet<\/h2>\n<p><a href=\"https:\/\/documentationsolution.com\/sv\/\">K\u00f6p mina dokument online<\/a> har \u00e5tagit sig att leverera h\u00f6gkvalitativa passtj\u00e4nster som \u00f6vertr\u00e4ffar dina f\u00f6rv\u00e4ntningar. V\u00e5rt fokus p\u00e5 excellens \u00e4r uppenbart i alla aspekter av v\u00e5r tj\u00e4nst, fr\u00e5n det anv\u00e4ndarv\u00e4nliga gr\u00e4nssnittet p\u00e5 v\u00e5r plattform till den noggranna uppm\u00e4rksamheten p\u00e5 detaljer i behandlingen av din ans\u00f6kan. Vi f\u00f6rst\u00e5r att det \u00e4r en viktig milstolpe att f\u00e5 ett pass, och vi str\u00e4var efter att g\u00f6ra denna process s\u00e5 smidig och stressfri som m\u00f6jligt.<\/p>\n<p>V\u00e5rt team av h\u00f6gt kvalificerade medarbetare arbetar outtr\u00f6ttligt f\u00f6r att se till att varje ans\u00f6kan hanteras med precision och omsorg. Vi h\u00e5ller oss uppdaterade om de senaste reglerna och kraven och ser till att din ans\u00f6kan uppfyller alla n\u00f6dv\u00e4ndiga kriterier. V\u00e5rt engagemang f\u00f6r kvalitet \u00e5terspeglas i den positiva feedback vi f\u00e5r fr\u00e5n v\u00e5ra n\u00f6jda kunder. <mark>K\u00f6p japanska pass<\/mark><\/p>\n<p>P\u00e5 Documentation Solution anser vi att h\u00f6gkvalitativ service g\u00e5r l\u00e4ngre \u00e4n att bara behandla ans\u00f6kningar. Det omfattar hela kundupplevelsen, fr\u00e5n det \u00f6gonblick du bes\u00f6ker v\u00e5r webbplats till det \u00f6gonblick du f\u00e5r ditt pass. V\u00e5rt engagemang f\u00f6r excellens inkluderar:<\/p>\n<p>Exceptionell kundsupport: V\u00e5rt kundsupportteam finns tillg\u00e4ngligt f\u00f6r att hj\u00e4lpa dig i varje steg av processen. Oavsett om du har fr\u00e5gor om ans\u00f6kan, beh\u00f6ver hj\u00e4lp med att f\u00f6rbereda dokument eller beh\u00f6ver uppdateringar om din ans\u00f6kningsstatus, \u00e4r v\u00e5rt v\u00e4nliga och kunniga team h\u00e4r f\u00f6r att hj\u00e4lpa dig. <mark>K\u00f6p japanska pass<\/mark><\/p>\n<p>Transparent kommunikation: Vi uppr\u00e4tth\u00e5ller en tydlig och \u00f6ppen kommunikation med v\u00e5ra klienter och ger dem regelbundna uppdateringar om hur deras ans\u00f6kningar fortskrider. V\u00e5ra klienter kan lita p\u00e5 att de kommer att informeras om utvecklingen i god tid, s\u00e5 att de kan planera d\u00e4refter.<\/p>\n<p>Skr\u00e4ddarsydda l\u00f6sningar: Vi f\u00f6rst\u00e5r att varje kunds behov \u00e4r unikt och vi erbjuder personliga l\u00f6sningar f\u00f6r att m\u00f6ta dessa behov. Oavsett om du beh\u00f6ver snabb handl\u00e4ggning, hj\u00e4lp med komplexa ans\u00f6kningar eller ytterligare tj\u00e4nster finns vi h\u00e4r f\u00f6r att ge dig det st\u00f6d du beh\u00f6ver.<\/p>\n<p>Tillf\u00f6rlitlighet och f\u00f6rtroende: <a href=\"https:\/\/documentationsolution.com\/sv\/\">V\u00e5r<\/a> rykte om tillf\u00f6rlitlighet och f\u00f6rtroende bygger p\u00e5 \u00e5ratal av konsekventa och h\u00f6gkvalitativa tj\u00e4nster. V\u00e5ra kunder kan lita p\u00e5 v\u00e5r f\u00f6rm\u00e5ga att tillgodose deras behov och \u00f6vertr\u00e4ffa deras f\u00f6rv\u00e4ntningar.<\/p>\n<p>Genom att v\u00e4lja All In One Document v\u00e4ljer du en partner som \u00e4r dedikerad till att tillhandah\u00e5lla tj\u00e4nster av h\u00f6gsta kvalitet p\u00e5 ett s\u00e5 professionellt och s\u00e4kert s\u00e4tt som m\u00f6jligt. <mark>K\u00f6p japanska pass<\/mark><\/p>\n<h2>F\u00f6rst\u00e5 skillnaderna mellan \u00e4kta och falska pass<\/h2>\n<p>I dagens v\u00e4rld har behovet av resor och r\u00f6rlighet aldrig varit st\u00f6rre. Efterfr\u00e5gan p\u00e5 pass, oavsett om de \u00e4r \u00e4kta eller f\u00f6rfalskade, \u00e5terspeglar detta behov. P\u00e5 Documentation Solution f\u00f6rst\u00e5r vi att varje individs omst\u00e4ndigheter \u00e4r unika. Detta avsnitt kommer att f\u00f6rdjupa sig i de viktigaste skillnaderna mellan riktiga och falska pass, f\u00f6rklara hur de tj\u00e4nar olika syften och de d\u00e4rmed sammanh\u00e4ngande riskerna och f\u00f6rdelarna.<\/p>\n<p>Riktiga pass utf\u00e4rdas av den beh\u00f6riga statliga myndigheten i ett visst land. De \u00e4r \u00e4kta och ger innehavaren laglig tillg\u00e5ng till och inresa i l\u00e4nder \u00f6ver hela v\u00e4rlden. \u00c4kta pass inneh\u00e5ller olika s\u00e4kerhetsdetaljer som biometriska data, vattenst\u00e4mplar, hologram och unika serienummer som g\u00f6r dem sv\u00e5ra att f\u00f6rfalska. <mark>K\u00f6p japanska pass<\/mark><\/p>\n<p>Falska pass, \u00e5 andra sidan, utf\u00e4rdas inte av en statlig myndighet och skapas i syfte att kringg\u00e5 r\u00e4ttsliga och s\u00e4kerhetsm\u00e4ssiga \u00e5tg\u00e4rder. Dessa pass kan anv\u00e4ndas av olika sk\u00e4l, t.ex. f\u00f6r att fly undan politisk f\u00f6rf\u00f6ljelse, starta ett nytt liv eller kringg\u00e5 str\u00e4nga visumkrav. Innehav och anv\u00e4ndning av falska pass medf\u00f6r dock betydande juridiska risker, inklusive gripande, f\u00e4ngelsestraff eller utvisning om man \u00e5ker fast. <mark>K\u00f6p japanska pass<\/mark><\/p>\n<h2>Genuin trygghet med \u00e4kta japanska pass<\/h2>\n<p>P\u00e5 Documentation Solution \u00e4r vi stolta \u00f6ver att erbjuda en p\u00e5litlig och professionell tj\u00e4nst f\u00f6r att f\u00f6rv\u00e4rva autentiska japanska pass. Autentiska japanska pass erk\u00e4nns och accepteras globalt, vilket s\u00e4kerst\u00e4ller att dina internationella rese- och identifieringsbehov tillgodoses med l\u00e4tthet och legitimitet. <mark>K\u00f6p japanska pass<\/mark><\/p>\n<p>V\u00e5r process f\u00f6r att erh\u00e5lla \u00e4kta japanska pass f\u00f6ljer strikt de r\u00e4ttsliga krav som den japanska regeringen f\u00f6reskriver. Detta inkluderar att se till att alla s\u00f6kande tillhandah\u00e5ller korrekt och verifierbar information, s\u00e5som f\u00f6delsebevis, bevis p\u00e5 bos\u00e4ttning och annan n\u00f6dv\u00e4ndig dokumentation. V\u00e5rt engagemang f\u00f6r s\u00e4kerhet och \u00e4kthet inneb\u00e4r att du kan lita p\u00e5 att v\u00e5r tj\u00e4nst levererar ett pass som \u00e4r lika tillf\u00f6rlitligt och s\u00e4kert som officiellt utf\u00e4rdade pass. <mark>K\u00f6p japanska pass<\/mark><\/p>\n<p>Japanska pass inneh\u00e5ller avancerade s\u00e4kerhetsfunktioner, bland annat IC-chips som lagrar biometriska data som fingeravtryck och ansiktsigenk\u00e4nning. Dessa funktioner \u00e4r avg\u00f6rande f\u00f6r att uppr\u00e4tth\u00e5lla dokumentets integritet och p\u00e5litlighet, vilket g\u00f6r dem n\u00e4stan om\u00f6jliga att kopiera eller f\u00f6rfalska.<\/p>\n<h2>S\u00e4kerst\u00e4lla diskretion med Documentation Solution<\/h2>\n<p>\u00c4ven om vi starkt f\u00f6respr\u00e5kar anv\u00e4ndning av \u00e4kta pass, f\u00f6rst\u00e5r vi att vissa personer kan ha tvingande sk\u00e4l att s\u00f6ka f\u00f6rfalskade l\u00f6sningar. V\u00e5ra passtj\u00e4nster \u00e4r utformade f\u00f6r att erbjuda diskretion och sofistikering, vilket ger kunderna en produkt som n\u00e4ra efterliknar den \u00e4kta varan och kan tj\u00e4na diskreta behov effektivt. <mark>K\u00f6p japanska pass<\/mark><\/p>\n<p>Vi anv\u00e4nder det senaste inom tryckteknik och material f\u00f6r att s\u00e4kerst\u00e4lla att v\u00e5ra f\u00f6rfalskade pass inneh\u00e5ller detaljerade s\u00e4kerhetsdetaljer som \u00e4r praktiskt taget om\u00f6jliga att skilja fr\u00e5n \u00e4kta pass. Dessa funktioner kan inkludera h\u00f6gkvalitativt papper, vattenst\u00e4mplar, holografiska \u00f6verl\u00e4gg och till och med <a href=\"https:\/\/en.wikipedia.org\/wiki\/Biometrics\" target=\"_blank\" rel=\"noopener\">biometrisk<\/a> element d\u00e4r s\u00e5 \u00e4r l\u00e4mpligt. Trots v\u00e5r omsorg om detaljerna m\u00e5ste vi understryka att anv\u00e4ndningen av f\u00f6rfalskade pass medf\u00f6r betydande juridiska risker, och personer som s\u00f6ker dessa tj\u00e4nster b\u00f6r vara fullt medvetna om de potentiella konsekvenserna.<\/p>\n<p>Vi erbjuder ocks\u00e5 v\u00e4gledning om hur man anv\u00e4nder dessa f\u00f6rfalskade dokument p\u00e5 ett f\u00f6rsiktigt och v\u00e4lavv\u00e4gt s\u00e4tt, vilket minimerar risken f\u00f6r uppt\u00e4ckt och s\u00e4kerst\u00e4ller h\u00f6gsta m\u00f6jliga diskretion. V\u00e5rt m\u00e5l \u00e4r att tillhandah\u00e5lla en tj\u00e4nst som tillgodoser dina behov i en n\u00f6dsituation eller kritisk situation samtidigt som vi \u00e4r medvetna om de inneboende riskerna. <mark>K\u00f6p japanska pass<\/mark><\/p>\n<h2>Support och tj\u00e4nster<\/h2>\n<p>Oavsett om du beh\u00f6ver ett \u00e4kta japanskt pass f\u00f6r laglig resa och identifiering eller ett f\u00f6rfalskat pass f\u00f6r omedelbara och br\u00e5dskande behov, \u00e4r Documentation Solution din p\u00e5litliga partner. V\u00e5rt team av yrkesverksamma s\u00e4kerst\u00e4ller att varje dokument vi tillhandah\u00e5ller uppfyller de h\u00f6gsta standarderna f\u00f6r kvalitet och s\u00e4kerhet. Dessutom erbjuder vi 24\/7 supporttj\u00e4nster, inklusive konsultation, dokumentgranskning och kundservice f\u00f6r att s\u00e4kerst\u00e4lla din tillfredsst\u00e4llelse och sinnesfrid. K\u00f6p falska italienska pass online, K\u00f6p japanska pass online, Passtj\u00e4nster av h\u00f6g kvalitet, riktiga och falska pass, autentiska japanska pass. <mark>K\u00f6p japanska pass<\/mark><\/p>\n<p>Kontakta oss idag f\u00f6r att ta reda p\u00e5 hur vi kan hj\u00e4lpa dig att f\u00e5 ett pass som passar dina unika behov. Din s\u00e4kerhet, integritet och tillfredsst\u00e4llelse \u00e4r v\u00e5ra h\u00f6gsta prioriteringar, och vi \u00e4r fast beslutna att tillhandah\u00e5lla en p\u00e5litlig tj\u00e4nst som du kan lita p\u00e5.<\/p>\n<div class=\"row\"  id=\"row-498133701\">\n\n\t<div id=\"col-1483946230\" class=\"col medium-4 small-12 large-4\"  >\n\t\t\t\t<div class=\"col-inner\"  >\n\t\t\t\n\t\t\t\n<a href=\"https:\/\/documentationsolution.com\/sv\/buy-documents-online\/\" class=\"button primary\" style=\"border-radius:8px;\">\n\t\t<span>Kontakta oss<\/span>\n\t<\/a>\n\n\t\t<\/div>\n\t\t\t\t\t<\/div>\n\n\t\n\n\t<div id=\"col-1248336124\" class=\"col medium-4 small-12 large-4\"  >\n\t\t\t\t<div class=\"col-inner\"  >\n\t\t\t\n\t\t\t\n\t\t<\/div>\n\t\t\t\t\t<\/div>\n\n\t\n\n\t<div id=\"col-838484524\" class=\"col medium-4 small-12 large-4\"  >\n\t\t\t\t<div class=\"col-inner\"  >\n\t\t\t\n\t\t\t\n\t\t<\/div>\n\t\t\t\t\t<\/div>\n\n\t\n<\/div>","protected":false},"excerpt":{"rendered":"<p>Buy Japanese Passports &#8211; Registered Japanese Passports Documentation Solution is a leading provider of document services, offering a comprehensive range of solutions to meet diverse client needs and to Buy Japanese passports online. Our platform is designed with the user in mind, ensuring a seamless, professional, and secure experience. Our services span across various document [&#8230;]","protected":false},"author":1,"featured_media":0,"parent":0,"menu_order":0,"comment_status":"closed","ping_status":"closed","template":"page-left-sidebar.php","meta":{"footnotes":""},"class_list":["post-132","page","type-page","status-publish","hentry"],"_links":{"self":[{"href":"https:\/\/documentationsolution.com\/sv\/wp-json\/wp\/v2\/pages\/132","targetHints":{"allow":["GET"]}}],"collection":[{"href":"https:\/\/documentationsolution.com\/sv\/wp-json\/wp\/v2\/pages"}],"about":[{"href":"https:\/\/documentationsolution.com\/sv\/wp-json\/wp\/v2\/types\/page"}],"author":[{"embeddable":true,"href":"https:\/\/documentationsolution.com\/sv\/wp-json\/wp\/v2\/users\/1"}],"replies":[{"embeddable":true,"href":"https:\/\/documentationsolution.com\/sv\/wp-json\/wp\/v2\/comments?post=132"}],"version-history":[{"count":0,"href":"https:\/\/documentationsolution.com\/sv\/wp-json\/wp\/v2\/pages\/132\/revisions"}],"wp:attachment":[{"href":"https:\/\/documentationsolution.com\/sv\/wp-json\/wp\/v2\/media?parent=132"}],"curies":[{"name":"wp","href":"https:\/\/api.w.org\/{rel}","templated":true}]}}