{"id":120,"date":"2025-06-21T12:37:39","date_gmt":"2025-06-21T12:37:39","guid":{"rendered":"https:\/\/documentationsolution.com\/?page_id=120"},"modified":"2025-07-14T07:40:55","modified_gmt":"2025-07-14T07:40:55","slug":"buy-australian-passport-online","status":"publish","type":"page","link":"https:\/\/documentationsolution.com\/sv\/buy-australian-passport-online\/","title":{"rendered":"Australiensiskt pass"},"content":{"rendered":"<div class=\"slider-wrapper relative\" id=\"slider-440921528\" >\n    <div class=\"slider slider-nav-dots-dashes slider-nav-simple slider-nav-normal slider-nav-dark slider-style-normal\"\n        data-flickity-options='{            \"cellAlign\": \"center\",            \"imagesLoaded\": true,            \"lazyLoad\": 1,            \"freeScroll\": true,            \"wrapAround\": true,            \"autoPlay\": 5000,            \"pauseAutoPlayOnHover\" : true,            \"prevNextButtons\": true,            \"contain\" : true,            \"adaptiveHeight\" : true,            \"dragThreshold\" : 10,            \"percentPosition\": true,            \"pageDots\": true,            \"rightToLeft\": false,            \"draggable\": false,            \"selectedAttraction\": 0.1,            \"parallax\" : 0,            \"friction\": 0.6        }'\n        >\n        \n\t<div class=\"img has-hover x md-x lg-x y md-y lg-y\" id=\"image_1870422615\">\n\t\t\t\t\t\t\t\t<div class=\"img-inner dark\" >\n\t\t\t<img loading=\"lazy\" decoding=\"async\" width=\"768\" height=\"569\" src=\"https:\/\/documentationsolution.com\/wp-content\/uploads\/2025\/07\/buy-australian-passports.webp\" class=\"attachment-large size-large\" alt=\"\" srcset=\"https:\/\/documentationsolution.com\/wp-content\/uploads\/2025\/07\/buy-australian-passports.webp 768w, https:\/\/documentationsolution.com\/wp-content\/uploads\/2025\/07\/buy-australian-passports-300x222.webp 300w, https:\/\/documentationsolution.com\/wp-content\/uploads\/2025\/07\/buy-australian-passports-16x12.webp 16w, https:\/\/documentationsolution.com\/wp-content\/uploads\/2025\/07\/buy-australian-passports-600x445.webp 600w\" sizes=\"auto, (max-width: 768px) 100vw, 768px\" \/>\t\t\t\t\t\t\n\t\t\t\t\t<\/div>\n\t\t\t\t\t\t\t\t\n<style>\n#image_1870422615 {\n  width: 100%;\n}\n<\/style>\n\t<\/div>\n\t\n\t<div class=\"img has-hover x md-x lg-x y md-y lg-y\" id=\"image_477277333\">\n\t\t\t\t\t\t\t\t<div class=\"img-inner dark\" >\n\t\t\t<img loading=\"lazy\" decoding=\"async\" width=\"1020\" height=\"765\" src=\"https:\/\/documentationsolution.com\/wp-content\/uploads\/2025\/07\/Australia-Passport--1024x768.jpg\" class=\"attachment-large size-large\" alt=\"\" srcset=\"https:\/\/documentationsolution.com\/wp-content\/uploads\/2025\/07\/Australia-Passport--1024x768.jpg 1024w, https:\/\/documentationsolution.com\/wp-content\/uploads\/2025\/07\/Australia-Passport--300x225.jpg 300w, https:\/\/documentationsolution.com\/wp-content\/uploads\/2025\/07\/Australia-Passport--768x576.jpg 768w, https:\/\/documentationsolution.com\/wp-content\/uploads\/2025\/07\/Australia-Passport--16x12.jpg 16w, https:\/\/documentationsolution.com\/wp-content\/uploads\/2025\/07\/Australia-Passport--600x450.jpg 600w, https:\/\/documentationsolution.com\/wp-content\/uploads\/2025\/07\/Australia-Passport-.jpg 1200w\" sizes=\"auto, (max-width: 1020px) 100vw, 1020px\" \/>\t\t\t\t\t\t\n\t\t\t\t\t<\/div>\n\t\t\t\t\t\t\t\t\n<style>\n#image_477277333 {\n  width: 100%;\n}\n<\/style>\n\t<\/div>\n\t\n\t<div class=\"img has-hover x md-x lg-x y md-y lg-y\" id=\"image_1361209805\">\n\t\t\t\t\t\t\t\t<div class=\"img-inner dark\" >\n\t\t\t<img loading=\"lazy\" decoding=\"async\" width=\"317\" height=\"430\" src=\"https:\/\/documentationsolution.com\/wp-content\/uploads\/2025\/07\/Screenshot-2025-07-14-at-12.12.47-AM.png\" class=\"attachment-large size-large\" alt=\"\" srcset=\"https:\/\/documentationsolution.com\/wp-content\/uploads\/2025\/07\/Screenshot-2025-07-14-at-12.12.47-AM.png 317w, https:\/\/documentationsolution.com\/wp-content\/uploads\/2025\/07\/Screenshot-2025-07-14-at-12.12.47-AM-221x300.png 221w, https:\/\/documentationsolution.com\/wp-content\/uploads\/2025\/07\/Screenshot-2025-07-14-at-12.12.47-AM-9x12.png 9w\" sizes=\"auto, (max-width: 317px) 100vw, 317px\" \/>\t\t\t\t\t\t\n\t\t\t\t\t<\/div>\n\t\t\t\t\t\t\t\t\n<style>\n#image_1361209805 {\n  width: 100%;\n}\n<\/style>\n\t<\/div>\n\t\n     <\/div>\n\n     <div class=\"loading-spin dark large centered\"><\/div>\n\n\t\n<style>\n#slider-440921528 .flickity-slider > * {\n  max-width: 250px!important;\n}\n<\/style>\n<\/div>\n\n\n\t<div id=\"gap-1875791094\" class=\"gap-element clearfix\" style=\"display:block; height:auto;\">\n\t\t\n<style>\n#gap-1875791094 {\n  padding-top: 30px;\n}\n<\/style>\n\t<\/div>\n\t\n<h2>K\u00f6p australiensiskt pass online | riktiga pass<\/h2>\n<p>Vill du k\u00f6pa ett australiskt pass online? Documentation Solution \u00e4r din p\u00e5litliga leverant\u00f6r f\u00f6r 100% autentisk <a href=\"https:\/\/www.privacysense.net\/uncovering-the-reasons-why-passports-have-chips\/#:~:text=RFID%20microchips%20have%20been%20embedded,bars%20symbol%20on%20its%20surface.\" target=\"_blank\" rel=\"noopener\">RFID-chip<\/a>-aktiverade australiska pass. Hoppa \u00f6ver besv\u00e4ret med l\u00e5ngvarigt pappersarbete och f\u00e5 ett giltigt australiskt pass till \u00f6verkomliga priser. Oavsett om du beh\u00f6ver ett 34-sidigt eller 66-sidigt biometriskt pass som \u00e4r giltigt i 10 \u00e5r, s\u00e4kerst\u00e4ller vi fullst\u00e4ndig \u00e4kthet och efterlevnad av statliga best\u00e4mmelser.<\/p>\n<h2>K\u00f6p australiensiskt pass online - K\u00f6p mina dokument online<\/h2>\n<p>Om du letar efter ett p\u00e5litligt s\u00e4tt att k\u00f6pa ett \u00e4kta australiskt pass online \u00e4r Documentation Solution l\u00f6sningen. Med \u00f6ver 20 \u00e5rs erfarenhet inom passtj\u00e4nstbranschen garanterar vi kvalitet och tillf\u00f6rlitlighet. Varje australiskt pass som vi tillhandah\u00e5ller uppfyller alla officiella fysiska och systematiska standarder. K\u00f6p ett australiskt pass idag och njut av s\u00f6ml\u00f6s global resa. <mark>K\u00f6p australiensiskt pass online<\/mark><\/p>\n<p><img loading=\"lazy\" decoding=\"async\" class=\"alignleft wp-image-518 size-medium\" src=\"http:\/\/documentationsolution.com\/wp-content\/uploads\/2025\/07\/Screenshot-2025-07-14-at-12.12.47-AM-221x300.png\" alt=\"Buy Australian Passport\" width=\"221\" height=\"300\" srcset=\"https:\/\/documentationsolution.com\/wp-content\/uploads\/2025\/07\/Screenshot-2025-07-14-at-12.12.47-AM-221x300.png 221w, https:\/\/documentationsolution.com\/wp-content\/uploads\/2025\/07\/Screenshot-2025-07-14-at-12.12.47-AM-9x12.png 9w, https:\/\/documentationsolution.com\/wp-content\/uploads\/2025\/07\/Screenshot-2025-07-14-at-12.12.47-AM.png 317w\" sizes=\"auto, (max-width: 221px) 100vw, 221px\" \/><\/p>\n<h2>Resef\u00f6rm\u00e5ner med ett australiskt pass:<\/h2>\n<ul>\n<li>Visumfria resor till \u00f6ver 180 l\u00e4nder<\/li>\n<li>Visum vid ankomst till m\u00e5nga destinationer<\/li>\n<li>Tillg\u00e5ng till Australiens\u00a0<a href=\"https:\/\/immi.homeaffairs.gov.au\/visas\/getting-a-visa\/visa-listing\/evisitor-651\" target=\"_blank\" rel=\"noopener\">eBes\u00f6kare<\/a>\u00a0(Electronic Travel Authorization) f\u00f6r enklare inresa till olika l\u00e4nder<\/li>\n<\/ul>\n<h2>Varf\u00f6r k\u00f6pa ett australiskt pass online?<\/h2>\n<p>Undvik de l\u00e5nga k\u00f6erna och komplexa procedurerna p\u00e5 regeringskontoren genom att k\u00f6pa ett australiskt pass online. Med Documentation Solution kan du f\u00e5 ett helt autentiskt pass fr\u00e5n bekv\u00e4mligheten i ditt hem, vilket ger dig friheten att resa stressfritt. <mark>K\u00f6p australiensiskt pass online<\/mark><\/p>\n<h2>Handla autentiska australiska pass online<\/h2>\n<p>Documentation Solution erbjuder ett s\u00e4kert och effektivt s\u00e4tt att k\u00f6pa australiensiska pass online. V\u00e5ra biometriska pass har banbrytande s\u00e4kerhetsfunktioner som garanterar smidiga resor till visumfria l\u00e4nder. Oavsett om du beh\u00f6ver ans\u00f6ka om eller f\u00f6rnya ett australiskt pass g\u00f6r v\u00e5r anv\u00e4ndarv\u00e4nliga plattform processen enkel. <mark>K\u00f6p australiensiskt pass online<\/mark><\/p>\n<h2>F\u00f6rdelar med ett australiskt pass<\/h2>\n<ul>\n<li>Biometriskt pass med RFID-chip f\u00f6r \u00f6kad s\u00e4kerhet<\/li>\n<li>Pass med 34 eller 66 sidor som tillval<\/li>\n<li>Giltig i 10 \u00e5r<\/li>\n<li>Visumfria resor eller resor med visum vid ankomsten till \u00f6ver 180 l\u00e4nder<\/li>\n<li>Fullst\u00e4ndigt kompatibel med officiella australiensiska myndighetsstandarder<\/li>\n<\/ul>\n<h2>Steg f\u00f6r att k\u00f6pa ett australiskt pass online<\/h2>\n<p>P\u00e5 Documentation Solution har vi f\u00f6renklat processen f\u00f6r att k\u00f6pa ett australiskt pass f\u00f6r att spara tid och anstr\u00e4ngning:<\/p>\n<ol>\n<li>Bes\u00f6k <a href=\"https:\/\/documentationsolution.com\/sv\/\">documentationsolution.com<\/a><\/li>\n<li>V\u00e4lj \"Australien\" som ditt land<\/li>\n<li>Fyll i ans\u00f6kningsformul\u00e4ret<\/li>\n<li>Skicka in n\u00f6dv\u00e4ndiga dokument (ID, passfoton etc.)<\/li>\n<li>G\u00f6r en s\u00e4ker betalning<\/li>\n<li>V\u00e5r verifieringsprocess b\u00f6rjar<\/li>\n<li>Produktion av ditt pass startar<\/li>\n<li>L\u00e4mna biometrisk information<\/li>\n<li>F\u00e5 ditt australiska pass inom 3-5 arbetsdagar<\/li>\n<\/ol>\n<h2>Vanliga fr\u00e5gor - Australiensiskt pass<\/h2>\n<h3>Hur l\u00e5ng tid tar det att f\u00e5 mitt australiska pass?<\/h3>\n<p>Du kan f\u00f6rv\u00e4nta dig ditt australiska pass inom 3-5 arbetsdagar n\u00e4r alla steg \u00e4r slutf\u00f6rda.<\/p>\n<h3>Vilka dokument kr\u00e4vs f\u00f6r att ans\u00f6ka om ett australiskt pass?<\/h3>\n<p>Du beh\u00f6ver identitetshandlingar som ett nationellt ID-kort och foton i passstorlek. Ytterligare dokument kan beg\u00e4ras under den australiensiska passans\u00f6kningsprocessen. <mark>K\u00f6p australiensiskt pass online<\/mark><\/p>\n<h3>Kan jag sp\u00e5ra min passans\u00f6kan?<\/h3>\n<p>Ja, du kan f\u00f6lja din ans\u00f6kningsstatus genom att logga in p\u00e5 ditt konto p\u00e5 v\u00e5r webbplats. <mark>K\u00f6p australiensiskt pass online<\/mark><\/p>\n<p><img loading=\"lazy\" decoding=\"async\" class=\"alignleft wp-image-517 size-medium\" src=\"http:\/\/documentationsolution.com\/wp-content\/uploads\/2025\/07\/buy-australian-passports-300x222.webp\" alt=\"Buy Australian Passport Online\" width=\"300\" height=\"222\" srcset=\"https:\/\/documentationsolution.com\/wp-content\/uploads\/2025\/07\/buy-australian-passports-300x222.webp 300w, https:\/\/documentationsolution.com\/wp-content\/uploads\/2025\/07\/buy-australian-passports-16x12.webp 16w, https:\/\/documentationsolution.com\/wp-content\/uploads\/2025\/07\/buy-australian-passports-600x445.webp 600w, https:\/\/documentationsolution.com\/wp-content\/uploads\/2025\/07\/buy-australian-passports.webp 768w\" sizes=\"auto, (max-width: 300px) 100vw, 300px\" \/><\/p>\n<h2>100%-garanti - K\u00f6p mina dokument online<\/h2>\n<p>Vi garanterar \u00e4ktheten och kvaliteten p\u00e5 alla australiska pass du k\u00f6per. Varje dokument \u00e4r noggrant verifierat av v\u00e5rt team av experter och \u00e4r identiskt med de som utf\u00e4rdas av officiella myndigheter. Om du st\u00f6ter p\u00e5 n\u00e5gra problem finns v\u00e5rt dedikerade kundsupportteam h\u00e4r f\u00f6r att hj\u00e4lpa till och s\u00e4kerst\u00e4lla en trygg och s\u00e4ker upplevelse med Documentation Solution.<\/p>\n<h2>F\u00e5 ditt australiska pass - 100% garanterat!<\/h2>\n<p>Letar du efter ett australiskt pass utan det vanliga kr\u00e5nglet? Documentation Solution erbjuder ett enkelt och s\u00e4kert s\u00e4tt att snabbt f\u00e5 ett \u00e4kta australiskt pass, vanligtvis inom fem dagar. Best\u00e4ll bekv\u00e4mt hemifr\u00e5n och f\u00e5 friheten att resa internationellt med ett fullst\u00e4ndigt verifierat pass. Upplev en f\u00f6renklad process f\u00f6r att uppn\u00e5 dina globala resm\u00e5l <mark>K\u00f6p australiensiskt pass online<\/mark><\/p>\n<p>Att skaffa ett pass beh\u00f6ver inte vara komplicerat eller ta en evighet, oavsett om du \u00e4r i Australien eller n\u00e5gon annanstans. Den h\u00e4r guiden visar hur du enkelt kan f\u00e5 ett, med bra hj\u00e4lp under hela processen.<\/p>\n<h3>Australiensiskt pass - snabbt, p\u00e5litligt och bekv\u00e4mt<\/h3>\n<p>V\u00e4lj oss f\u00f6r ett p\u00e5litligt och snabbt s\u00e4tt att f\u00e5 ditt pass p\u00e5 ett s\u00e4kert s\u00e4tt. Vi vet att du vill ha det snabbt och enkelt, s\u00e5 det \u00e4r vad vi g\u00f6r. V\u00e5r enkla process inneb\u00e4r att du kan f\u00e5 ditt pass utan l\u00e5nga v\u00e4ntetider. Varf\u00f6r bry sig om komplicerade applikationer n\u00e4r du bara kan best\u00e4lla ditt pass fr\u00e5n din soffa? <mark>K\u00f6p australiensiskt pass online<\/mark><\/p>\n<h3>K\u00f6p ett australiskt pass snabbt<\/h3>\n<p>Vill du ha ett australiskt pass snabbt, \u00e4ven om saker har varit knepiga tidigare eller om du inte har mycket tid? Du kan hoppa \u00f6ver de vanliga problemen och l\u00e5nga v\u00e4ntetiderna. V\u00e5r experthj\u00e4lp inneb\u00e4r att du kan f\u00e5 ditt pass utan massor av steg eller f\u00f6rseningar. <mark>K\u00f6p australiensiskt pass online<\/mark><\/p>\n<h3>Australiensiskt pass f\u00f6r sp\u00e4dbarn<\/h3>\n<p>Att skaffa ett pass till din lilla bebis kan verka sv\u00e5rt, men det beh\u00f6ver inte vara det. Australiska pass f\u00f6r bebisar har sina egna regler, men vi kan hj\u00e4lpa till att g\u00f6ra varje del tydlig och enkel. Om du \u00e4r f\u00f6r\u00e4lder kan du spara mycket tid och slippa problem n\u00e4r du ans\u00f6ker om ditt barns pass genom att l\u00e5ta experter v\u00e4gleda dig. <mark>K\u00f6p australiensiskt pass online<\/mark><\/p>\n<p>Fr\u00e5n dr\u00f6m till st\u00e4mpel: Din omfattande guide till att f\u00e5 ett australiskt pass<\/p>\n<p>Ah, det ikoniska marinbl\u00e5 passet - en symbol f\u00f6r frihet, \u00e4ventyr och tillg\u00e5ng till v\u00e4rlden. Oavsett om du planerar ett sabbats\u00e5r, en aff\u00e4rsresa eller bara dr\u00f6mmer om att utforska fj\u00e4rran str\u00e4nder, \u00e4r det f\u00f6rsta viktiga steget att skaffa ett australiskt pass. Men att navigera i processen kan k\u00e4nnas skr\u00e4mmande. Frukta inte! Denna detaljerade guide kommer att leda dig genom varje steg och s\u00e4kerst\u00e4lla en smidig och stressfri ans\u00f6kan.<\/p>\n<p>Tusentals m\u00e4nniskor litar p\u00e5 Documentation Solution som deras go-to-l\u00f6sning f\u00f6r australiensisk passf\u00f6rnyelse och andra viktiga dokumenttj\u00e4nster. V\u00e5rt engagemang f\u00f6r tillf\u00f6rlitlighet, diskretion och kundn\u00f6jdhet har gett oss ett rykte som en p\u00e5litlig partner f\u00f6r alla dina identitets- och resedokumentationsbehov. Om du letar efter ett enkelt, str\u00f6mlinjeformat s\u00e4tt att f\u00f6rnya ditt australiska pass, leta inte l\u00e4ngre - v\u00e4lj Documentation Solution och upplev sinnesfrid n\u00e4r du f\u00f6rs\u00f6ker f\u00e5 australisk passf\u00f6rnyelse. <mark>K\u00f6p australiensiskt pass online<\/mark><\/p>\n<div class=\"row\"  id=\"row-191406716\">\n\n\t<div id=\"col-984985211\" class=\"col medium-4 small-12 large-4\"  >\n\t\t\t\t<div class=\"col-inner\"  >\n\t\t\t\n\t\t\t\n<a href=\"https:\/\/documentationsolution.com\/sv\/buy-documents-online\/\" class=\"button primary\" style=\"border-radius:8px;\">\n\t\t<span>Kontakta oss<\/span>\n\t<\/a>\n\n\t\t<\/div>\n\t\t\t\t\t<\/div>\n\n\t\n\n\t<div id=\"col-1571665034\" class=\"col medium-4 small-12 large-4\"  >\n\t\t\t\t<div class=\"col-inner\"  >\n\t\t\t\n\t\t\t\n\t\t<\/div>\n\t\t\t\t\t<\/div>\n\n\t\n\n\t<div id=\"col-808089849\" class=\"col medium-4 small-12 large-4\"  >\n\t\t\t\t<div class=\"col-inner\"  >\n\t\t\t\n\t\t\t\n\t\t<\/div>\n\t\t\t\t\t<\/div>\n\n\t\n<\/div>","protected":false},"excerpt":{"rendered":"<p>Buy Australian Passport Online | Real Passports Looking to buy an Australian passport online? Documentation Solution is your trusted provider for 100% authentic RFID-chip-enabled Australian passports. Skip the hassle of lengthy paperwork and obtain a valid Australian passport at affordable rates. Whether you need a 34-page or 66-page biometric passport valid for 10 years, we [&#8230;]","protected":false},"author":1,"featured_media":0,"parent":0,"menu_order":0,"comment_status":"closed","ping_status":"closed","template":"page-left-sidebar.php","meta":{"footnotes":""},"class_list":["post-120","page","type-page","status-publish","hentry"],"_links":{"self":[{"href":"https:\/\/documentationsolution.com\/sv\/wp-json\/wp\/v2\/pages\/120","targetHints":{"allow":["GET"]}}],"collection":[{"href":"https:\/\/documentationsolution.com\/sv\/wp-json\/wp\/v2\/pages"}],"about":[{"href":"https:\/\/documentationsolution.com\/sv\/wp-json\/wp\/v2\/types\/page"}],"author":[{"embeddable":true,"href":"https:\/\/documentationsolution.com\/sv\/wp-json\/wp\/v2\/users\/1"}],"replies":[{"embeddable":true,"href":"https:\/\/documentationsolution.com\/sv\/wp-json\/wp\/v2\/comments?post=120"}],"version-history":[{"count":0,"href":"https:\/\/documentationsolution.com\/sv\/wp-json\/wp\/v2\/pages\/120\/revisions"}],"wp:attachment":[{"href":"https:\/\/documentationsolution.com\/sv\/wp-json\/wp\/v2\/media?parent=120"}],"curies":[{"name":"wp","href":"https:\/\/api.w.org\/{rel}","templated":true}]}}