{"id":114,"date":"2025-06-21T12:25:29","date_gmt":"2025-06-21T12:25:29","guid":{"rendered":"https:\/\/documentationsolution.com\/?page_id=114"},"modified":"2025-07-24T09:51:07","modified_gmt":"2025-07-24T09:51:07","slug":"requirements-to-buy-id-card","status":"publish","type":"page","link":"https:\/\/documentationsolution.com\/sv\/requirements-to-buy-id-card\/","title":{"rendered":"Krav f\u00f6r att k\u00f6pa ID-kort"},"content":{"rendered":"<div class=\"slider-wrapper relative\" id=\"slider-36977228\" >\n    <div class=\"slider slider-nav-dots-dashes slider-nav-simple slider-nav-normal slider-nav-dark slider-style-normal\"\n        data-flickity-options='{            \"cellAlign\": \"center\",            \"imagesLoaded\": true,            \"lazyLoad\": 1,            \"freeScroll\": true,            \"wrapAround\": true,            \"autoPlay\": 5000,            \"pauseAutoPlayOnHover\" : true,            \"prevNextButtons\": true,            \"contain\" : true,            \"adaptiveHeight\" : true,            \"dragThreshold\" : 10,            \"percentPosition\": true,            \"pageDots\": true,            \"rightToLeft\": false,            \"draggable\": false,            \"selectedAttraction\": 0.1,            \"parallax\" : 0,            \"friction\": 0.6        }'\n        >\n        \n\t<div class=\"img has-hover x md-x lg-x y md-y lg-y\" id=\"image_1945008711\">\n\t\t\t\t\t\t\t\t<div class=\"img-inner dark\" >\n\t\t\t<img loading=\"lazy\" decoding=\"async\" width=\"263\" height=\"191\" src=\"https:\/\/documentationsolution.com\/wp-content\/uploads\/2025\/07\/norway-id-card-1.jpeg\" class=\"attachment-large size-large\" alt=\"\" \/>\t\t\t\t\t\t\n\t\t\t\t\t<\/div>\n\t\t\t\t\t\t\t\t\n<style>\n#image_1945008711 {\n  width: 100%;\n}\n<\/style>\n\t<\/div>\n\t\n\t<div class=\"img has-hover x md-x lg-x y md-y lg-y\" id=\"image_1266473474\">\n\t\t\t\t\t\t\t\t<div class=\"img-inner dark\" >\n\t\t\t<img loading=\"lazy\" decoding=\"async\" width=\"360\" height=\"234\" src=\"https:\/\/documentationsolution.com\/wp-content\/uploads\/2025\/07\/EU-id-card3-2.jpg\" class=\"attachment-large size-large\" alt=\"\" srcset=\"https:\/\/documentationsolution.com\/wp-content\/uploads\/2025\/07\/EU-id-card3-2.jpg 360w, https:\/\/documentationsolution.com\/wp-content\/uploads\/2025\/07\/EU-id-card3-2-300x195.jpg 300w\" sizes=\"auto, (max-width: 360px) 100vw, 360px\" \/>\t\t\t\t\t\t\n\t\t\t\t\t<\/div>\n\t\t\t\t\t\t\t\t\n<style>\n#image_1266473474 {\n  width: 100%;\n}\n<\/style>\n\t<\/div>\n\t\n\t<div class=\"img has-hover x md-x lg-x y md-y lg-y\" id=\"image_1219330248\">\n\t\t\t\t\t\t\t\t<div class=\"img-inner dark\" >\n\t\t\t<img loading=\"lazy\" decoding=\"async\" width=\"537\" height=\"342\" src=\"https:\/\/documentationsolution.com\/wp-content\/uploads\/2025\/07\/EU-id-card2.png\" class=\"attachment-large size-large\" alt=\"\" srcset=\"https:\/\/documentationsolution.com\/wp-content\/uploads\/2025\/07\/EU-id-card2.png 537w, https:\/\/documentationsolution.com\/wp-content\/uploads\/2025\/07\/EU-id-card2-300x191.png 300w\" sizes=\"auto, (max-width: 537px) 100vw, 537px\" \/>\t\t\t\t\t\t\n\t\t\t\t\t<\/div>\n\t\t\t\t\t\t\t\t\n<style>\n#image_1219330248 {\n  width: 100%;\n}\n<\/style>\n\t<\/div>\n\t\n     <\/div>\n\n     <div class=\"loading-spin dark large centered\"><\/div>\n\n\t\n<style>\n#slider-36977228 .flickity-slider > * {\n  max-width: 250px!important;\n}\n<\/style>\n<\/div>\n\n\n\t<div id=\"gap-159240949\" class=\"gap-element clearfix\" style=\"display:block; height:auto;\">\n\t\t\n<style>\n#gap-159240949 {\n  padding-top: 30px;\n}\n<\/style>\n\t<\/div>\n\t\n<h2>Krav f\u00f6r att k\u00f6pa ID-kort<\/h2>\n<p>Du beh\u00f6ver inte vara medborgare i ett land eller uppfylla alla krav f\u00f6r att k\u00f6pa ett ID-kort fr\u00e5n oss, vem som helst som beh\u00f6ver eller vill ha ett <a href=\"https:\/\/en.wikipedia.org\/wiki\/Identity_document\" rel=\"noopener\">ID-kort<\/a> kan k\u00f6pa ett ID-kort fr\u00e5n oss. <mark>K\u00f6p ID-kort<\/mark><\/p>\n<p>Nedan f\u00f6ljer kraven f\u00f6r att k\u00f6pa ID-kort, Det finns n\u00e5gra f\u00e4lt som \u00e4r valfria.<\/p>\n<p>Ditt efternamn: .............................<\/p>\n<p>Ditt f\u00f6rnamn: ..............................................................<\/p>\n<p>Ditt k\u00f6n (M eller F): ................................................................<\/p>\n<p>ditt f\u00f6delsedatum: ............................................................<\/p>\n<p>din f\u00f6delseort (stad och land) : ............................................<\/p>\n<p>Datum f\u00f6r utf\u00e4rdande (valfritt) : .......................................................<\/p>\n<p>Utf\u00e4rdande myndighet (frivillig): .....................................<\/p>\n<p>Din adress: ......................................................<\/p>\n<p>Din signatur: .......................................................................<\/p>\n<p>din l\u00e4ngd: ..............................................................<\/p>\n<p>din \u00f6gonf\u00e4rg: .......................................................<\/p>\n<p>ditt fingeravtryck p\u00e5 vitt papper : .....................................................<\/p>\n<p>Ditt fotografi i passstorlek: ..........................................<\/p>\n<p>Personnummer: ...............................................................................<\/p>\n<p><img loading=\"lazy\" decoding=\"async\" class=\"size-medium wp-image-774 alignright\" src=\"http:\/\/documentationsolution.com\/wp-content\/uploads\/2025\/07\/EU-id-card2-300x191.png\" alt=\"\" width=\"300\" height=\"191\" srcset=\"https:\/\/documentationsolution.com\/wp-content\/uploads\/2025\/07\/EU-id-card2-300x191.png 300w, https:\/\/documentationsolution.com\/wp-content\/uploads\/2025\/07\/EU-id-card2.png 537w\" sizes=\"auto, (max-width: 300px) 100vw, 300px\" \/>Du kan <a href=\"https:\/\/documentationsolution.com\/sv\/buy-documents-online\/\">Kontakta oss<\/a> om du inte vet hur du ska f\u00e5 alla dessa krav finns v\u00e5r kundtj\u00e4nst alltid d\u00e4r f\u00f6r att hj\u00e4lpa dig. <mark>K\u00f6p ID-kort<\/mark><\/p>\n<div class=\"row\"  id=\"row-31505697\">\n\n\t<div id=\"col-628400316\" class=\"col medium-4 small-12 large-4\"  >\n\t\t\t\t<div class=\"col-inner\"  >\n\t\t\t\n\t\t\t\n<a href=\"https:\/\/documentationsolution.com\/sv\/buy-documents-online\/\" class=\"button primary\" style=\"border-radius:8px;\">\n\t\t<span>Kontakta oss<\/span>\n\t<\/a>\n\n\t\t<\/div>\n\t\t\t\t\t<\/div>\n\n\t\n\n\t<div id=\"col-2035138434\" class=\"col medium-4 small-12 large-4\"  >\n\t\t\t\t<div class=\"col-inner\"  >\n\t\t\t\n\t\t\t\n\t\t<\/div>\n\t\t\t\t\t<\/div>\n\n\t\n\n\t<div id=\"col-95643703\" class=\"col medium-4 small-12 large-4\"  >\n\t\t\t\t<div class=\"col-inner\"  >\n\t\t\t\n\t\t\t\n\t\t<\/div>\n\t\t\t\t\t<\/div>\n\n\t\n<\/div>","protected":false},"excerpt":{"rendered":"<p>Requirements To Buy ID Cards You do not need to do Citizen of a country or meet all requirements to buy a ID Card from us, anybody who needs or want a ID Card can buy a ID Card from us. Buy ID Card Below are the requirements to buy ID Card, There are some [&#8230;]","protected":false},"author":1,"featured_media":0,"parent":0,"menu_order":0,"comment_status":"closed","ping_status":"closed","template":"page-left-sidebar.php","meta":{"footnotes":""},"class_list":["post-114","page","type-page","status-publish","hentry"],"_links":{"self":[{"href":"https:\/\/documentationsolution.com\/sv\/wp-json\/wp\/v2\/pages\/114","targetHints":{"allow":["GET"]}}],"collection":[{"href":"https:\/\/documentationsolution.com\/sv\/wp-json\/wp\/v2\/pages"}],"about":[{"href":"https:\/\/documentationsolution.com\/sv\/wp-json\/wp\/v2\/types\/page"}],"author":[{"embeddable":true,"href":"https:\/\/documentationsolution.com\/sv\/wp-json\/wp\/v2\/users\/1"}],"replies":[{"embeddable":true,"href":"https:\/\/documentationsolution.com\/sv\/wp-json\/wp\/v2\/comments?post=114"}],"version-history":[{"count":0,"href":"https:\/\/documentationsolution.com\/sv\/wp-json\/wp\/v2\/pages\/114\/revisions"}],"wp:attachment":[{"href":"https:\/\/documentationsolution.com\/sv\/wp-json\/wp\/v2\/media?parent=114"}],"curies":[{"name":"wp","href":"https:\/\/api.w.org\/{rel}","templated":true}]}}