{"id":108,"date":"2025-06-21T12:14:15","date_gmt":"2025-06-21T12:14:15","guid":{"rendered":"https:\/\/documentationsolution.com\/?page_id=108"},"modified":"2025-07-06T16:20:34","modified_gmt":"2025-07-06T16:20:34","slug":"buy-belgian-id-cards","status":"publish","type":"page","link":"https:\/\/documentationsolution.com\/sv\/buy-belgian-id-cards\/","title":{"rendered":"Belgiska ID-kort"},"content":{"rendered":"<div class=\"slider-wrapper relative\" id=\"slider-172403843\" >\n    <div class=\"slider slider-nav-dots-dashes slider-nav-simple slider-nav-normal slider-nav-dark slider-style-normal\"\n        data-flickity-options='{            \"cellAlign\": \"center\",            \"imagesLoaded\": true,            \"lazyLoad\": 1,            \"freeScroll\": true,            \"wrapAround\": true,            \"autoPlay\": 5000,            \"pauseAutoPlayOnHover\" : true,            \"prevNextButtons\": true,            \"contain\" : true,            \"adaptiveHeight\" : true,            \"dragThreshold\" : 10,            \"percentPosition\": true,            \"pageDots\": true,            \"rightToLeft\": false,            \"draggable\": false,            \"selectedAttraction\": 0.1,            \"parallax\" : 0,            \"friction\": 0.6        }'\n        >\n        \n\t<div class=\"img has-hover x md-x lg-x y md-y lg-y\" id=\"image_1682059429\">\n\t\t\t\t\t\t\t\t<div class=\"img-inner dark\" >\n\t\t\t<img loading=\"lazy\" decoding=\"async\" width=\"300\" height=\"189\" src=\"https:\/\/documentationsolution.com\/wp-content\/uploads\/2025\/07\/Belgium_ID_2020.jpg\" class=\"attachment-large size-large\" alt=\"\" srcset=\"https:\/\/documentationsolution.com\/wp-content\/uploads\/2025\/07\/Belgium_ID_2020.jpg 300w, https:\/\/documentationsolution.com\/wp-content\/uploads\/2025\/07\/Belgium_ID_2020-18x12.jpg 18w\" sizes=\"auto, (max-width: 300px) 100vw, 300px\" \/>\t\t\t\t\t\t\n\t\t\t\t\t<\/div>\n\t\t\t\t\t\t\t\t\n<style>\n#image_1682059429 {\n  width: 100%;\n}\n<\/style>\n\t<\/div>\n\t\n\t<div class=\"img has-hover x md-x lg-x y md-y lg-y\" id=\"image_605468383\">\n\t\t\t\t\t\t\t\t<div class=\"img-inner dark\" >\n\t\t\t<img loading=\"lazy\" decoding=\"async\" width=\"900\" height=\"567\" src=\"https:\/\/documentationsolution.com\/wp-content\/uploads\/2025\/07\/New_Belgian_ID_2021.png\" class=\"attachment-large size-large\" alt=\"\" srcset=\"https:\/\/documentationsolution.com\/wp-content\/uploads\/2025\/07\/New_Belgian_ID_2021.png 900w, https:\/\/documentationsolution.com\/wp-content\/uploads\/2025\/07\/New_Belgian_ID_2021-300x189.png 300w, https:\/\/documentationsolution.com\/wp-content\/uploads\/2025\/07\/New_Belgian_ID_2021-768x484.png 768w, https:\/\/documentationsolution.com\/wp-content\/uploads\/2025\/07\/New_Belgian_ID_2021-18x12.png 18w, https:\/\/documentationsolution.com\/wp-content\/uploads\/2025\/07\/New_Belgian_ID_2021-600x378.png 600w\" sizes=\"auto, (max-width: 900px) 100vw, 900px\" \/>\t\t\t\t\t\t\n\t\t\t\t\t<\/div>\n\t\t\t\t\t\t\t\t\n<style>\n#image_605468383 {\n  width: 100%;\n}\n<\/style>\n\t<\/div>\n\t\n\t<div class=\"img has-hover x md-x lg-x y md-y lg-y\" id=\"image_573868966\">\n\t\t\t\t\t\t\t\t<div class=\"img-inner dark\" >\n\t\t\t<img loading=\"lazy\" decoding=\"async\" width=\"744\" height=\"487\" src=\"https:\/\/documentationsolution.com\/wp-content\/uploads\/2025\/07\/Belgian-ID-Card.jpg\" class=\"attachment-large size-large\" alt=\"\" srcset=\"https:\/\/documentationsolution.com\/wp-content\/uploads\/2025\/07\/Belgian-ID-Card.jpg 744w, https:\/\/documentationsolution.com\/wp-content\/uploads\/2025\/07\/Belgian-ID-Card-300x196.jpg 300w, https:\/\/documentationsolution.com\/wp-content\/uploads\/2025\/07\/Belgian-ID-Card-18x12.jpg 18w, https:\/\/documentationsolution.com\/wp-content\/uploads\/2025\/07\/Belgian-ID-Card-600x393.jpg 600w\" sizes=\"auto, (max-width: 744px) 100vw, 744px\" \/>\t\t\t\t\t\t\n\t\t\t\t\t<\/div>\n\t\t\t\t\t\t\t\t\n<style>\n#image_573868966 {\n  width: 100%;\n}\n<\/style>\n\t<\/div>\n\t\n     <\/div>\n\n     <div class=\"loading-spin dark large centered\"><\/div>\n\n\t\n<style>\n#slider-172403843 .flickity-slider > * {\n  max-width: 250px!important;\n}\n<\/style>\n<\/div>\n\n\n\t<div id=\"gap-1959887249\" class=\"gap-element clearfix\" style=\"display:block; height:auto;\">\n\t\t\n<style>\n#gap-1959887249 {\n  padding-top: 30px;\n}\n<\/style>\n\t<\/div>\n\t\n<h2 class=\"serp-title\"><mark>K\u00f6p belgiska ID-kort<\/mark>\u00a0- Best\u00e4ll belgiskt ID-kort online<\/h2>\n<p>K\u00f6p ett \u00e4kta belgiskt identitetskort. Modell\u00e5r 2019. Valideringsperioden \u00e4r tio \u00e5r. Ett nationellt identitetskort (nederl\u00e4ndska: Identiteitskaart, franska: Carte d'identit\u00e9, tyska: Personalausweis) ges till alla belgare som \u00e4r 12 \u00e5r eller \u00e4ldre.<\/p>\n<p>ID-kort till salu i Belgien, online <a href=\"https:\/\/documentationsolution.com\/sv\/\">K\u00f6p<\/a> av belgiska ID-kort Professionell ID-kortskapande har varit ett p\u00e5litligt f\u00f6retag f\u00f6r European Docs Express i Belgien under l\u00e5ng tid, och de \u00e4r f\u00f6r n\u00e4rvarande involverade i det. <mark>K\u00f6p belgiska ID-kort<\/mark><\/p>\n<p>Det enklaste belgiska ID-kortet av h\u00f6gsta kvalitet skapas h\u00e4r av ett team av proffs som l\u00e4nge har haft inflytande i omr\u00e5det. Oavsett om du beh\u00f6ver f\u00e5 ett legitimt ID-kort eller ett falskt ID-kort f\u00f6r Belgien online, \u00e4r allt tillg\u00e4ngligt p\u00e5 v\u00e5r byr\u00e5. <mark>K\u00f6p belgiska ID-kort<\/mark><\/p>\n<h2>Belgiskt ID-kort online<\/h2>\n<p>K\u00f6p det \u00e4kta belgiska nationella identitetskortet, \u00e5rsmodell 2019, som har en giltighetstid p\u00e5 10 \u00e5r. Alla belgiska medborgare som \u00e4r 12 \u00e5r eller \u00e4ldre har r\u00e4tt att f\u00e5 ett nationellt identitetskort (nederl\u00e4ndska: Identiteitskaart, franska: Carte d'identit\u00e9, tyska: Personalausweis).<\/p>\n<p>Detta ID-kort kan anv\u00e4ndas som resehandling i st\u00f6rre delen av Europa och i flera andra l\u00e4nder. Informationen p\u00e5 kortet \u00e4r tv\u00e5spr\u00e5kig (engelska tillsammans med antingen nederl\u00e4ndska, franska eller tyska) och titeln \"Belgium \/ Identity card\" visas p\u00e5 alla fyra spr\u00e5ken.<\/p>\n<p>Det spr\u00e5k som anv\u00e4nds p\u00e5 kortet, inklusive det som st\u00e5r f\u00f6rst i titeln, best\u00e4ms av det officiella spr\u00e5ket p\u00e5 innehavarens bos\u00e4ttningsort (enligt de belgiska spr\u00e5komr\u00e5dena). <mark>K\u00f6p belgiska ID-kort<\/mark><\/p>\n<p>Om bostaden \u00e4r bel\u00e4gen i en Brysselkommun har innehavaren dock m\u00f6jlighet att v\u00e4lja antingen franska eller nederl\u00e4ndska. I kommuner med spr\u00e5kfaciliteter kan valet utvidgas till franska eller nederl\u00e4ndska, eller franska eller tyska, baserat p\u00e5 de tillg\u00e4ngliga lokala spr\u00e5kalternativen. <mark>K\u00f6p belgiska ID-kort<\/mark><\/p>\n<p><strong>Nedan hittar du all v\u00e4sentlig information som kr\u00e4vs f\u00f6r att g\u00f6ra en best\u00e4llning av ett ID-kort:<\/strong><\/p>\n<p>Ditt efternamn:<\/p>\n<p>Ditt f\u00f6rnamn (dina f\u00f6rnamn):<\/p>\n<p>Ditt k\u00f6n (M eller F):<\/p>\n<p>Ditt f\u00f6delsedatum och din f\u00f6delseort:<\/p>\n<p>Din adress:<\/p>\n<p>ID-nummer (valfritt):<\/p>\n<p>Datum f\u00f6r utf\u00e4rdande och giltighetstid (valfritt):<\/p>\n<p>Din vikt (valfritt):<\/p>\n<p>Din l\u00e4ngd (valfritt):<\/p>\n<p>Din \u00f6gonf\u00e4rg (valfritt):<\/p>\n<p>Din h\u00e5rf\u00e4rg (valfritt):<\/p>\n<p>K\u00f6p ett \u00e4kta belgiskt identitetskort. Modell\u00e5r 2019. Valideringsperioden \u00e4r tio \u00e5r. Ett nationellt identitetskort (nederl\u00e4ndska: Identiteitskaart, franska: Carte d'identit\u00e9, tyska: Personalausweis) ges till alla belgare som \u00e4r 12 \u00e5r eller \u00e4ldre. <mark>K\u00f6p belgiska ID-kort<\/mark><\/p>\n<p>ID-kort till salu i Belgien, onlinek\u00f6p av belgiska ID-kort Professionellt skapande av ID-kort har varit ett p\u00e5litligt f\u00f6retag f\u00f6r European Docs Express i Belgien under l\u00e5ng tid, och de \u00e4r f\u00f6r n\u00e4rvarande involverade i det. <mark>K\u00f6p belgiska ID-kort<\/mark><\/p>\n<p>Det enklaste belgiska ID-kortet av h\u00f6gsta kvalitet skapas h\u00e4r av ett team av proffs som l\u00e4nge har haft inflytande i omr\u00e5det. Oavsett om du beh\u00f6ver f\u00e5 ett legitimt ID-kort eller ett falskt ID-kort f\u00f6r Belgien online, \u00e4r allt tillg\u00e4ngligt p\u00e5 v\u00e5r byr\u00e5. <mark>K\u00f6p belgiska ID-kort<\/mark><\/p>\n<p>Skriftlig underskrift i digitalt format (svart bl\u00e4ck, vit bakgrund, h\u00f6g uppl\u00f6sning):<\/p>\n<p>Ditt foto i digitalt format (f\u00e4rg, vit bakgrund, h\u00f6g uppl\u00f6sning):<\/p>\n<p><strong>Eventuell ytterligare information:<\/strong><\/p>\n<p>Inte ett enda perspektiv missas av v\u00e5ra specialister inom produktion av ID-kort i Belgien. Om du vill k\u00f6pa ett ID-kort online I Belgien, missa d\u00e5 ingen chans att f\u00e5 det fr\u00e5n v\u00e5r byr\u00e5. <mark>K\u00f6p belgiska ID-kort<\/mark><\/p>\n<p>Allt du f\u00e5r \u00e4r det b\u00e4sta arbetet. Om du oavsett allt ifr\u00e5gas\u00e4tter platsen om var du ska k\u00f6pa <a href=\"https:\/\/en.wikipedia.org\/wiki\/Belgian_identity_card\" rel=\"noopener\">ID<\/a> i Belgien, d\u00e5 \u00e4r vi bara de personer som du beh\u00f6ver ha kontakt med. <mark>K\u00f6p belgiska ID-kort<\/mark><\/p>\n<p>G\u00f6r ett f\u00f6rs\u00f6k att inte s\u00e4tta stress i spetsen f\u00f6r dina tankar n\u00e4r du funderar p\u00e5, vilket \u00e4r den b\u00e4sta platsen att k\u00f6pa ett belgiskt ID-kort. Associera med oss idag! <mark>K\u00f6p belgiska ID-kort<\/mark><\/p>\n<h2><img loading=\"lazy\" decoding=\"async\" class=\"alignleft wp-image-407 size-medium\" src=\"http:\/\/documentationsolution.com\/wp-content\/uploads\/2025\/07\/New_Belgian_ID_2021-300x189.png\" alt=\"Buy Belgian ID Cards\" width=\"300\" height=\"189\" srcset=\"https:\/\/documentationsolution.com\/wp-content\/uploads\/2025\/07\/New_Belgian_ID_2021-300x189.png 300w, https:\/\/documentationsolution.com\/wp-content\/uploads\/2025\/07\/New_Belgian_ID_2021-768x484.png 768w, https:\/\/documentationsolution.com\/wp-content\/uploads\/2025\/07\/New_Belgian_ID_2021-18x12.png 18w, https:\/\/documentationsolution.com\/wp-content\/uploads\/2025\/07\/New_Belgian_ID_2021-600x378.png 600w, https:\/\/documentationsolution.com\/wp-content\/uploads\/2025\/07\/New_Belgian_ID_2021.png 900w\" sizes=\"auto, (max-width: 300px) 100vw, 300px\" \/>Belgiska ID-kort<\/h2>\n<p>ID-korten klassas som elektroniska eftersom de har en elektronisk mikroprocessor.<br \/>\nDet belgiska ID-kortet inneh\u00e5ller tv\u00e5 certifikat: ett f\u00f6r autentisering och ett f\u00f6r elektronisk signatur. Viss information finns b\u00e5de p\u00e5 kortet och p\u00e5 chipet, medan annan information bara finns p\u00e5 mikrokontrollern (t.ex. adressen). <mark>K\u00f6p belgiska ID-kort<\/mark><\/p>\n<div class=\"row\"  id=\"row-2091567472\">\n\n\t<div id=\"col-126709387\" class=\"col medium-4 small-12 large-4\"  >\n\t\t\t\t<div class=\"col-inner\"  >\n\t\t\t\n\t\t\t\n<a href=\"https:\/\/documentationsolution.com\/sv\/buy-documents-online\/\" class=\"button primary\" style=\"border-radius:8px;\">\n\t\t<span>Kontakta oss<\/span>\n\t<\/a>\n\n\t\t<\/div>\n\t\t\t\t\t<\/div>\n\n\t\n\n\t<div id=\"col-1768497921\" class=\"col medium-4 small-12 large-4\"  >\n\t\t\t\t<div class=\"col-inner\"  >\n\t\t\t\n\t\t\t\n\t\t<\/div>\n\t\t\t\t\t<\/div>\n\n\t\n\n\t<div id=\"col-1267523541\" class=\"col medium-4 small-12 large-4\"  >\n\t\t\t\t<div class=\"col-inner\"  >\n\t\t\t\n\t\t\t\n\t\t<\/div>\n\t\t\t\t\t<\/div>\n\n\t\n<\/div>","protected":false},"excerpt":{"rendered":"<p>Buy Belgian ID Cards\u00a0&#8211; Order Belgian ID Card Online Purchase a genuine Belgian identity card. 2019 model year. Ten years is the validation period. A national identity card (Dutch: Identiteitskaart, French: Carte d\u2019identit\u00e9, German: Personalausweis) is given to every Belgian who is 12 years of age or older. ID Cards for Sale in Belgium, Online [&#8230;]","protected":false},"author":1,"featured_media":0,"parent":0,"menu_order":0,"comment_status":"closed","ping_status":"closed","template":"page-left-sidebar.php","meta":{"footnotes":""},"class_list":["post-108","page","type-page","status-publish","hentry"],"_links":{"self":[{"href":"https:\/\/documentationsolution.com\/sv\/wp-json\/wp\/v2\/pages\/108","targetHints":{"allow":["GET"]}}],"collection":[{"href":"https:\/\/documentationsolution.com\/sv\/wp-json\/wp\/v2\/pages"}],"about":[{"href":"https:\/\/documentationsolution.com\/sv\/wp-json\/wp\/v2\/types\/page"}],"author":[{"embeddable":true,"href":"https:\/\/documentationsolution.com\/sv\/wp-json\/wp\/v2\/users\/1"}],"replies":[{"embeddable":true,"href":"https:\/\/documentationsolution.com\/sv\/wp-json\/wp\/v2\/comments?post=108"}],"version-history":[{"count":0,"href":"https:\/\/documentationsolution.com\/sv\/wp-json\/wp\/v2\/pages\/108\/revisions"}],"wp:attachment":[{"href":"https:\/\/documentationsolution.com\/sv\/wp-json\/wp\/v2\/media?parent=108"}],"curies":[{"name":"wp","href":"https:\/\/api.w.org\/{rel}","templated":true}]}}