{"id":104,"date":"2025-06-21T12:12:06","date_gmt":"2025-06-21T12:12:06","guid":{"rendered":"https:\/\/documentationsolution.com\/?page_id=104"},"modified":"2025-07-06T09:09:46","modified_gmt":"2025-07-06T09:09:46","slug":"buy-austrian-id-cards","status":"publish","type":"page","link":"https:\/\/documentationsolution.com\/sv\/buy-austrian-id-cards\/","title":{"rendered":"\u00d6sterrikiska ID-kort"},"content":{"rendered":"<div class=\"slider-wrapper relative\" id=\"slider-166489671\" >\n    <div class=\"slider slider-nav-dots-dashes slider-nav-simple slider-nav-normal slider-nav-dark slider-style-normal\"\n        data-flickity-options='{            \"cellAlign\": \"center\",            \"imagesLoaded\": true,            \"lazyLoad\": 1,            \"freeScroll\": true,            \"wrapAround\": true,            \"autoPlay\": 5000,            \"pauseAutoPlayOnHover\" : true,            \"prevNextButtons\": true,            \"contain\" : true,            \"adaptiveHeight\" : true,            \"dragThreshold\" : 10,            \"percentPosition\": true,            \"pageDots\": true,            \"rightToLeft\": false,            \"draggable\": false,            \"selectedAttraction\": 0.1,            \"parallax\" : 0,            \"friction\": 0.6        }'\n        >\n        \n\t<div class=\"img has-hover x md-x lg-x y md-y lg-y\" id=\"image_827978865\">\n\t\t\t\t\t\t\t\t<div class=\"img-inner dark\" >\n\t\t\t<img loading=\"lazy\" decoding=\"async\" width=\"460\" height=\"289\" src=\"https:\/\/documentationsolution.com\/wp-content\/uploads\/2025\/07\/austrianid-cards.jpg\" class=\"attachment-large size-large\" alt=\"\" srcset=\"https:\/\/documentationsolution.com\/wp-content\/uploads\/2025\/07\/austrianid-cards.jpg 460w, https:\/\/documentationsolution.com\/wp-content\/uploads\/2025\/07\/austrianid-cards-300x188.jpg 300w, https:\/\/documentationsolution.com\/wp-content\/uploads\/2025\/07\/austrianid-cards-18x12.jpg 18w\" sizes=\"auto, (max-width: 460px) 100vw, 460px\" \/>\t\t\t\t\t\t\n\t\t\t\t\t<\/div>\n\t\t\t\t\t\t\t\t\n<style>\n#image_827978865 {\n  width: 100%;\n}\n<\/style>\n\t<\/div>\n\t\n\t<div class=\"img has-hover x md-x lg-x y md-y lg-y\" id=\"image_1709965620\">\n\t\t\t\t\t\t\t\t<div class=\"img-inner dark\" >\n\t\t\t<img loading=\"lazy\" decoding=\"async\" width=\"409\" height=\"252\" src=\"https:\/\/documentationsolution.com\/wp-content\/uploads\/2025\/07\/austria-id-online.jpg\" class=\"attachment-large size-large\" alt=\"\" srcset=\"https:\/\/documentationsolution.com\/wp-content\/uploads\/2025\/07\/austria-id-online.jpg 409w, https:\/\/documentationsolution.com\/wp-content\/uploads\/2025\/07\/austria-id-online-300x185.jpg 300w, https:\/\/documentationsolution.com\/wp-content\/uploads\/2025\/07\/austria-id-online-18x12.jpg 18w\" sizes=\"auto, (max-width: 409px) 100vw, 409px\" \/>\t\t\t\t\t\t\n\t\t\t\t\t<\/div>\n\t\t\t\t\t\t\t\t\n<style>\n#image_1709965620 {\n  width: 100%;\n}\n<\/style>\n\t<\/div>\n\t\n\t<div class=\"img has-hover x md-x lg-x y md-y lg-y\" id=\"image_1814937261\">\n\t\t\t\t\t\t\t\t<div class=\"img-inner dark\" >\n\t\t\t<img loading=\"lazy\" decoding=\"async\" width=\"1020\" height=\"637\" src=\"https:\/\/documentationsolution.com\/wp-content\/uploads\/2025\/07\/c670c635bb04cc-1024x639.jpg\" class=\"attachment-large size-large\" alt=\"Buy Austrian ID Cards\" srcset=\"https:\/\/documentationsolution.com\/wp-content\/uploads\/2025\/07\/c670c635bb04cc-1024x639.jpg 1024w, https:\/\/documentationsolution.com\/wp-content\/uploads\/2025\/07\/c670c635bb04cc-300x187.jpg 300w, https:\/\/documentationsolution.com\/wp-content\/uploads\/2025\/07\/c670c635bb04cc-768x479.jpg 768w, https:\/\/documentationsolution.com\/wp-content\/uploads\/2025\/07\/c670c635bb04cc-18x12.jpg 18w, https:\/\/documentationsolution.com\/wp-content\/uploads\/2025\/07\/c670c635bb04cc-600x374.jpg 600w, https:\/\/documentationsolution.com\/wp-content\/uploads\/2025\/07\/c670c635bb04cc.jpg 1045w\" sizes=\"auto, (max-width: 1020px) 100vw, 1020px\" \/>\t\t\t\t\t\t\n\t\t\t\t\t<\/div>\n\t\t\t\t\t\t\t\t\n<style>\n#image_1814937261 {\n  width: 100%;\n}\n<\/style>\n\t<\/div>\n\t\n     <\/div>\n\n     <div class=\"loading-spin dark large centered\"><\/div>\n\n\t\n<style>\n#slider-166489671 .flickity-slider > * {\n  max-width: 250px!important;\n}\n<\/style>\n<\/div>\n\n\n\t<div id=\"gap-1973381431\" class=\"gap-element clearfix\" style=\"display:block; height:auto;\">\n\t\t\n<style>\n#gap-1973381431 {\n  padding-top: 30px;\n}\n<\/style>\n\t<\/div>\n\t\n<h2>K\u00f6p \u00f6sterrikiska ID-kort - K\u00f6p \u00d6sterrike eCard online - Snabb identitet<\/h2>\n<p>Bli en del av den \u00f6sterrikiska kulturen genom att k\u00f6pa ett \u00f6sterrikiskt identitetskort online. Detta indikerar att det \u00e4r acceptabelt i \u00d6sterrike som bevis p\u00e5 identitet. Dessutom, Morover Dessutom kan du anv\u00e4nda det f\u00f6r att skapa ett bankkonto, bevisa din identitet till myndigheter och regelbunden invandringsstatus till brottsbek\u00e4mpning, bland annat. P\u00e5 liknande s\u00e4tt ut\u00f6var \u00f6sterrikare sin fria r\u00f6rlighet i en annan EU\/EES-medlemsstat. <mark>K\u00f6p \u00f6sterrikiska ID-kort<\/mark><\/p>\n<h2>ANVISNINGAR F\u00d6R EN ONLINE-ANS\u00d6KAN OM \u00d6STERRIKISKT ID-KORT<\/h2>\n<p>Det finns en vanlig fr\u00e5ga om hur man ans\u00f6ker online om ett \u00f6sterrikiskt ID-kort. Denna fr\u00e5ga leder m\u00e5nga m\u00e4nniskor i fel riktning. Med v\u00e5ra 100% premiumtj\u00e4nster \u00e4r vi h\u00e4r. Eftersom autentiskt dokument \u00e4r medvetet om farorna med att b\u00e4ra eller anv\u00e4nda ett falskt dokument, <mark>K\u00f6p \u00f6sterrikiska ID-kort<\/mark><\/p>\n<p><a href=\"https:\/\/documentationsolution.com\/sv\/\">Vi<\/a> kombinerar v\u00e5r expertis, professionalism och tekniska kunnande f\u00f6r att bilda en f\u00f6rstklassig verksamhet som hj\u00e4lper dem som har sv\u00e5rt att f\u00e5 specifika dokument. I femton \u00e5r har vi producerat falska identitetshandlingar. Vi skapar autentiska falska ID-handlingar varje dag. Vi svarar snabbt och ger utm\u00e4rkt kundservice. <mark>K\u00f6p \u00f6sterrikiska ID-kort<\/mark><\/p>\n<p class=\"\" data-start=\"667\" data-end=\"1053\">Om du beh\u00f6ver\u00a0<strong data-start=\"682\" data-end=\"706\">k\u00f6pa ett Austria eCard<\/strong>som fungerar b\u00e5de som ett juridiskt\u00a0<strong data-start=\"737\" data-end=\"759\">ID- och h\u00e4lsokort<\/strong>erbjuder vi ett p\u00e5litligt, snabbt och s\u00e4kert s\u00e4tt att f\u00e5 en - inget pappersarbete, inget m\u00f6te och ingen stress. Oavsett om du \u00e4r i \u00d6sterrike eller ans\u00f6ker fr\u00e5n utlandet kan du nu\u00a0<strong data-start=\"923\" data-end=\"959\">Best\u00e4ll ditt \u00f6sterrikiska eCard online<\/strong>\u00a0och f\u00e5 en\u00a0<strong data-start=\"974\" data-end=\"1004\">registrerat, skannbart kort<\/strong>\u00a0med en\u00a0<strong data-start=\"1012\" data-end=\"1052\">biometriskt chip och digital signatur<\/strong>.<\/p>\n<p class=\"\" data-start=\"1055\" data-end=\"1273\">Vi tillhandah\u00e5ller fullt verifierbara\u00a0<strong data-start=\"1083\" data-end=\"1116\">\u00d6sterrike eCards f\u00f6r utl\u00e4nningar<\/strong>,\u00a0<strong data-start=\"1118\" data-end=\"1135\">icke-bosatta<\/strong>,\u00a0<strong data-start=\"1137\" data-end=\"1152\">EU-medborgare<\/strong>,\u00a0<strong data-start=\"1154\" data-end=\"1164\">utvandrare<\/strong>, och\u00a0<strong data-start=\"1170\" data-end=\"1180\">lokalbefolkningen<\/strong>\u00a0- alla utformade f\u00f6r att ge b\u00e5de\u00a0<strong data-start=\"1210\" data-end=\"1235\">Identitetsverifiering<\/strong>\u00a0och\u00a0<strong data-start=\"1240\" data-end=\"1261\">tillg\u00e5ng till h\u00e4lso- och sjukv\u00e5rd<\/strong> i \u00d6sterrike. <mark>K\u00f6p \u00f6sterrikiska ID-kort<\/mark><\/p>\n<hr class=\"\" data-start=\"1275\" data-end=\"1278\" \/>\n<h2 class=\"\" data-start=\"1280\" data-end=\"1322\">\ud83d\udee1\ufe0f Varf\u00f6r m\u00e4nniskor k\u00f6per \u00d6sterrike eCard online<\/h2>\n<p class=\"\" data-start=\"1324\" data-end=\"1475\">Varje dag kommer m\u00e4nniskor till oss f\u00f6r att\u00a0<strong data-start=\"1356\" data-end=\"1392\">k\u00f6pa ett riktigt \u00f6sterrikiskt ID-kort<\/strong>\u00a0eller\u00a0<strong data-start=\"1396\" data-end=\"1426\">k\u00f6pa ett \u00f6sterrikiskt h\u00e4lsokort<\/strong>\u00a0med fullst\u00e4ndig nationell registrering. Det \u00e4r d\u00e4rf\u00f6r:<\/p>\n<p class=\"\" data-start=\"1479\" data-end=\"1532\">-Kortet inneh\u00e5ller b\u00e5de identitet och sjukv\u00e5rd i ett och samma<\/p>\n<p class=\"\" data-start=\"1535\" data-end=\"1603\">-V\u00e5ra kort \u00e4r lagligt registrerade i den \u00f6sterrikiska nationella databasen<\/p>\n<p class=\"\" data-start=\"1606\" data-end=\"1698\">-Varje e-kort inneh\u00e5ller ett <strong data-start=\"1628\" data-end=\"1646\">biometriskt chip<\/strong>, unik\u00a0<strong data-start=\"1655\" data-end=\"1669\">digitalt ID<\/strong>, och\u00a0<strong data-start=\"1675\" data-end=\"1696\">skannbar streckkod<\/strong><\/p>\n<p class=\"\" data-start=\"1701\" data-end=\"1783\">De accepteras f\u00f6r allt - sjukv\u00e5rd, arbete, resor, uppeh\u00e5llstillst\u00e5nd och mycket mer<\/p>\n<p class=\"\" data-start=\"1785\" data-end=\"1950\">Oavsett om du ska ers\u00e4tta ett f\u00f6rlorat ID-kort eller ans\u00f6ka f\u00f6r f\u00f6rsta g\u00e5ngen kan du nu\u00a0<strong data-start=\"1864\" data-end=\"1916\">k\u00f6p ditt Austria eCard online med snabb leverans<\/strong>\u00a0och\u00a0<strong data-start=\"1921\" data-end=\"1949\">inget personligt m\u00f6te<\/strong>. <mark>K\u00f6p \u00f6sterrikiska ID-kort<\/mark><\/p>\n<hr class=\"\" data-start=\"1952\" data-end=\"1955\" \/>\n<h2 class=\"\" data-start=\"1957\" data-end=\"1990\">\u2705 Vem beh\u00f6ver ett \u00f6sterrikiskt e-kort?<\/h2>\n<p class=\"\" data-start=\"1992\" data-end=\"2050\">Du kan beh\u00f6va\u00a0<strong data-start=\"2008\" data-end=\"2039\">ans\u00f6ka om ett \u00f6sterrikiskt eCard<\/strong>\u00a0om du \u00e4r:<\/p>\n<p class=\"\" data-start=\"2054\" data-end=\"2093\">-En inv\u00e5nare som har tappat bort eller beh\u00f6ver ett nytt ID<\/p>\n<p class=\"\" data-start=\"2096\" data-end=\"2127\">-En utl\u00e4nning som flyttar till \u00d6sterrike<\/p>\n<p class=\"\" data-start=\"2130\" data-end=\"2165\">-En EU-medborgare som bos\u00e4tter sig i \u00d6sterrike<\/p>\n<p class=\"\" data-start=\"2168\" data-end=\"2215\">-En student eller arbetstagare som beh\u00f6ver tillg\u00e5ng till sjukv\u00e5rd<\/p>\n<p class=\"\" data-start=\"2218\" data-end=\"2257\">-En icke-resident som ans\u00f6ker om uppeh\u00e5llstillst\u00e5nd<\/p>\n<p class=\"\" data-start=\"2260\" data-end=\"2306\">-En expat som beh\u00f6ver verifierad ID-handling och f\u00f6rs\u00e4kring<\/p>\n<p class=\"\" data-start=\"2308\" data-end=\"2435\">Med v\u00e5r service kan du\u00a0<strong data-start=\"2334\" data-end=\"2366\">skaffa ett \u00f6sterrikiskt eCard online<\/strong>\u00a0med minimal dokumentation, oavsett om du befinner dig inom eller utanf\u00f6r EU.<\/p>\n<hr class=\"\" data-start=\"2437\" data-end=\"2440\" \/>\n<h2 class=\"\" data-start=\"2442\" data-end=\"2477\">\ud83d\udcbc Vad ing\u00e5r i ditt e-kort<\/h2>\n<p class=\"\" data-start=\"2479\" data-end=\"2539\">N\u00e4r du\u00a0<strong data-start=\"2488\" data-end=\"2525\">Best\u00e4ll ett \u00f6sterrikiskt e-kort med chip<\/strong>f\u00e5r du:<\/p>\n<p class=\"\" data-start=\"2543\" data-end=\"2589\">A\u00a0<strong data-start=\"2545\" data-end=\"2587\">riktiga \u00d6sterrike <a href=\"https:\/\/www.staatsdruckerei.at\/en\/high-security-documents\/identity-card\/\" rel=\"noopener\">eKort<\/a> med biometriska data<\/strong><\/p>\n<p class=\"\" data-start=\"2592\" data-end=\"2634\">A\u00a0<strong data-start=\"2594\" data-end=\"2632\">registrerat ID-kort som juridiskt bevis<\/strong><\/p>\n<p class=\"\" data-start=\"2637\" data-end=\"2686\">Full tillg\u00e5ng till\u00a0<strong data-start=\"2652\" data-end=\"2684\">Sjukv\u00e5rdstj\u00e4nster i \u00d6sterrike<\/strong><\/p>\n<p class=\"\" data-start=\"2689\" data-end=\"2741\">Ett eCard registrerat i \u00d6sterrikes nationella databas<\/p>\n<p class=\"\" data-start=\"2744\" data-end=\"2802\">Giltig\u00a0<strong data-start=\"2750\" data-end=\"2785\">\u00d6sterrikiskt socialf\u00f6rs\u00e4kringsnummer<\/strong>\u00a0f\u00f6r h\u00e4lsobruk<\/p>\n<p class=\"\" data-start=\"2805\" data-end=\"2862\">Ett lagligt, skannbart kort som \u00e4r redo f\u00f6r identitetsverifiering<\/p>\n<p class=\"\" data-start=\"2864\" data-end=\"3044\">Du kan \u00e4ven\u00a0<strong data-start=\"2877\" data-end=\"2920\">k\u00f6pa ett Austria eCard f\u00f6r medicinsk tillg\u00e5ng<\/strong>\u00a0om du \u00e4r utl\u00e4nning, och\u00a0<strong data-start=\"2948\" data-end=\"2996\">k\u00f6pa ditt eCard f\u00f6r resor inom EU<\/strong>\u00a0eller f\u00f6r att hj\u00e4lpa till med\u00a0<strong data-start=\"3013\" data-end=\"3043\">laglig bos\u00e4ttning i \u00d6sterrike<\/strong>. <mark>K\u00f6p \u00f6sterrikiska ID-kort<\/mark><\/p>\n<hr class=\"\" data-start=\"3046\" data-end=\"3049\" \/>\n<h2 class=\"\" data-start=\"3051\" data-end=\"3100\">\ud83c\udf0d Ans\u00f6k fr\u00e5n var som helst - inga papper kr\u00e4vs<\/h2>\n<p class=\"\" data-start=\"3102\" data-end=\"3208\">M\u00e5nga kunder\u00a0<strong data-start=\"3117\" data-end=\"3156\">ans\u00f6ka om Austria eCard fr\u00e5n utlandet<\/strong>\u00a0eller\u00a0<strong data-start=\"3160\" data-end=\"3181\">utan pappersarbete<\/strong>s\u00e4rskilt de som \u00e4r det:<\/p>\n<p class=\"\" data-start=\"3212\" data-end=\"3255\">Utl\u00e4nningar som beh\u00f6ver verifierat ID i \u00d6sterrike<\/p>\n<p class=\"\" data-start=\"3258\" data-end=\"3288\">Expats som bor utanf\u00f6r EU<\/p>\n<p class=\"\" data-start=\"3291\" data-end=\"3330\">Studenter och arbetstagare som reser in i \u00d6sterrike<\/p>\n<p class=\"\" data-start=\"3333\" data-end=\"3386\">Turister som stannar l\u00e4nge och beh\u00f6ver sjukv\u00e5rdsf\u00f6rs\u00e4kring<\/p>\n<p class=\"\" data-start=\"3389\" data-end=\"3425\">Individer som ans\u00f6ker om uppeh\u00e5llstillst\u00e5nd<\/p>\n<p class=\"\" data-start=\"3427\" data-end=\"3569\">Vi g\u00f6r det enkelt att\u00a0<strong data-start=\"3446\" data-end=\"3481\">Best\u00e4ll \u00d6sterrike ID-kort hemifr\u00e5n<\/strong>\u00a0eller till och med\u00a0<strong data-start=\"3490\" data-end=\"3543\">k\u00f6pa ett \u00f6sterrikiskt e-kort med personnummer<\/strong>\u00a0direkt fr\u00e5n din telefon.<\/p>\n<h3><img loading=\"lazy\" decoding=\"async\" class=\"size-medium wp-image-401 alignleft\" src=\"http:\/\/documentationsolution.com\/wp-content\/uploads\/2025\/07\/c670c635bb04cc-300x187.jpg\" alt=\"Buy Austrian ID Cards\" width=\"300\" height=\"187\" srcset=\"https:\/\/documentationsolution.com\/wp-content\/uploads\/2025\/07\/c670c635bb04cc-300x187.jpg 300w, https:\/\/documentationsolution.com\/wp-content\/uploads\/2025\/07\/c670c635bb04cc-1024x639.jpg 1024w, https:\/\/documentationsolution.com\/wp-content\/uploads\/2025\/07\/c670c635bb04cc-768x479.jpg 768w, https:\/\/documentationsolution.com\/wp-content\/uploads\/2025\/07\/c670c635bb04cc-18x12.jpg 18w, https:\/\/documentationsolution.com\/wp-content\/uploads\/2025\/07\/c670c635bb04cc-600x374.jpg 600w, https:\/\/documentationsolution.com\/wp-content\/uploads\/2025\/07\/c670c635bb04cc.jpg 1045w\" sizes=\"auto, (max-width: 300px) 100vw, 300px\" \/>Vikten av att ha ett \u00f6sterrikiskt id-kort<\/h3>\n<p>Att f\u00f6rv\u00e4rva ett \u00f6sterrikiskt ID-kort har stor betydelse av olika sk\u00e4l:<\/p>\n<p>Identifiering: Det \u00f6sterrikiska ID-kortet fungerar som en officiell verifiering av din identitet och inneh\u00e5ller viktiga detaljer som ditt namn, fotografi, f\u00f6delsedatum och annan identifierande information. Oavsett om du registrerar dig f\u00f6r tj\u00e4nster, ans\u00f6ker om anst\u00e4llning eller \u00f6ppnar ett bankkonto kan det vara obligatoriskt att visa upp ditt ID-kort. <mark>K\u00f6p \u00f6sterrikiska ID-kort<\/mark><\/p>\n<p>Resa inom landet: Inom Europeiska unionen (EU) och Europeiska ekonomiska samarbetsomr\u00e5det (EES) ger ditt \u00f6sterrikiska ID-kort dig f\u00f6rm\u00e5nen att resa utan pass. Det fungerar som ett tillf\u00f6rlitligt s\u00e4tt att identifiera sig under resor och underl\u00e4ttar inresa till andra EU- och EES-l\u00e4nder.<\/p>\n<p>Tillg\u00e5ng till tj\u00e4nster: Innehav av ett \u00f6sterrikiskt ID-kort kan l\u00e5sa upp olika tj\u00e4nster, inklusive rabatter p\u00e5 kollektivtrafik, ber\u00e4ttigande till sociala v\u00e4lf\u00e4rdsf\u00f6rm\u00e5ner och tillg\u00e5ng till sjukv\u00e5rdstj\u00e4nster i \u00d6sterrike. Dessutom fungerar det som ett medlemskort f\u00f6r anl\u00e4ggningar som gym och bibliotek, vilket effektiviserar identitetsverifieringen. <mark>K\u00f6p \u00f6sterrikiska ID-kort<\/mark><\/p>\n<p>K\u00f6rning: Det \u00f6sterrikiska ID-kortet erk\u00e4nns inte bara i \u00d6sterrike utan ocks\u00e5 i hela EU och EES-l\u00e4nderna och \u00e4r en giltig form av identifiering f\u00f6r k\u00f6r\u00e4ndam\u00e5l. Det kan ocks\u00e5 kr\u00e4vas f\u00f6r att hyra fordon eller k\u00f6pa bilf\u00f6rs\u00e4kring. <mark>K\u00f6p \u00f6sterrikiska ID-kort<\/mark><\/p>\n<p>F\u00f6r s\u00f6ml\u00f6st f\u00f6rv\u00e4rv av ditt \u00f6sterrikiska ID-kort online, n\u00e5 ut till oss idag. L\u00e5s upp de f\u00f6rdelar och bekv\u00e4mlighet som det erbjuder med bara n\u00e5gra f\u00e5 klick. <mark>K\u00f6p \u00f6sterrikiska ID-kort<\/mark><\/p>\n<div class=\"row\"  id=\"row-1526170108\">\n\n\t<div id=\"col-1606653244\" class=\"col medium-4 small-12 large-4\"  >\n\t\t\t\t<div class=\"col-inner\"  >\n\t\t\t\n\t\t\t\n<a href=\"https:\/\/documentationsolution.com\/sv\/buy-documents-online\/\" class=\"button primary\" style=\"border-radius:8px;\">\n\t\t<span>Kontakta oss<\/span>\n\t<\/a>\n\n\t\t<\/div>\n\t\t\t\t\t<\/div>\n\n\t\n\n\t<div id=\"col-457253643\" class=\"col medium-4 small-12 large-4\"  >\n\t\t\t\t<div class=\"col-inner\"  >\n\t\t\t\n\t\t\t\n\t\t<\/div>\n\t\t\t\t\t<\/div>\n\n\t\n\n\t<div id=\"col-685550468\" class=\"col medium-4 small-12 large-4\"  >\n\t\t\t\t<div class=\"col-inner\"  >\n\t\t\t\n\t\t\t\n\t\t<\/div>\n\t\t\t\t\t<\/div>\n\n\t\n<\/div>","protected":false},"excerpt":{"rendered":"<p>Buy Austrian ID Cards &#8211; Buy Austria eCard Online \u2013 Fast Identity Become a part of Austrian culture by purchasing an Austrian identity card online. This indicates that it is acceptable in Austria as proof of identity. Moreover, Morover Additionally, you can use it to create a bank account, prove your identity to government agencies, [&#8230;]","protected":false},"author":1,"featured_media":0,"parent":0,"menu_order":0,"comment_status":"closed","ping_status":"closed","template":"page-left-sidebar.php","meta":{"footnotes":""},"class_list":["post-104","page","type-page","status-publish","hentry"],"_links":{"self":[{"href":"https:\/\/documentationsolution.com\/sv\/wp-json\/wp\/v2\/pages\/104","targetHints":{"allow":["GET"]}}],"collection":[{"href":"https:\/\/documentationsolution.com\/sv\/wp-json\/wp\/v2\/pages"}],"about":[{"href":"https:\/\/documentationsolution.com\/sv\/wp-json\/wp\/v2\/types\/page"}],"author":[{"embeddable":true,"href":"https:\/\/documentationsolution.com\/sv\/wp-json\/wp\/v2\/users\/1"}],"replies":[{"embeddable":true,"href":"https:\/\/documentationsolution.com\/sv\/wp-json\/wp\/v2\/comments?post=104"}],"version-history":[{"count":0,"href":"https:\/\/documentationsolution.com\/sv\/wp-json\/wp\/v2\/pages\/104\/revisions"}],"wp:attachment":[{"href":"https:\/\/documentationsolution.com\/sv\/wp-json\/wp\/v2\/media?parent=104"}],"curies":[{"name":"wp","href":"https:\/\/api.w.org\/{rel}","templated":true}]}}