{"id":102,"date":"2025-06-21T12:11:23","date_gmt":"2025-06-21T12:11:23","guid":{"rendered":"https:\/\/documentationsolution.com\/?page_id=102"},"modified":"2025-07-06T20:09:06","modified_gmt":"2025-07-06T20:09:06","slug":"buy-german-id-cards","status":"publish","type":"page","link":"https:\/\/documentationsolution.com\/sv\/buy-german-id-cards\/","title":{"rendered":"Tyska ID-kort"},"content":{"rendered":"<div class=\"slider-wrapper relative\" id=\"slider-1217815061\" >\n    <div class=\"slider slider-nav-dots-dashes slider-nav-simple slider-nav-normal slider-nav-dark slider-style-normal\"\n        data-flickity-options='{            \"cellAlign\": \"center\",            \"imagesLoaded\": true,            \"lazyLoad\": 1,            \"freeScroll\": true,            \"wrapAround\": true,            \"autoPlay\": 5000,            \"pauseAutoPlayOnHover\" : true,            \"prevNextButtons\": true,            \"contain\" : true,            \"adaptiveHeight\" : true,            \"dragThreshold\" : 10,            \"percentPosition\": true,            \"pageDots\": true,            \"rightToLeft\": false,            \"draggable\": false,            \"selectedAttraction\": 0.1,            \"parallax\" : 0,            \"friction\": 0.6        }'\n        >\n        \n\t<div class=\"img has-hover x md-x lg-x y md-y lg-y\" id=\"image_2101199499\">\n\t\t\t\t\t\t\t\t<div class=\"img-inner dark\" >\n\t\t\t<img loading=\"lazy\" decoding=\"async\" width=\"719\" height=\"451\" src=\"https:\/\/documentationsolution.com\/wp-content\/uploads\/2025\/07\/German-ID-Card.jpg\" class=\"attachment-large size-large\" alt=\"\" srcset=\"https:\/\/documentationsolution.com\/wp-content\/uploads\/2025\/07\/German-ID-Card.jpg 719w, https:\/\/documentationsolution.com\/wp-content\/uploads\/2025\/07\/German-ID-Card-300x188.jpg 300w, https:\/\/documentationsolution.com\/wp-content\/uploads\/2025\/07\/German-ID-Card-18x12.jpg 18w, https:\/\/documentationsolution.com\/wp-content\/uploads\/2025\/07\/German-ID-Card-600x376.jpg 600w\" sizes=\"auto, (max-width: 719px) 100vw, 719px\" \/>\t\t\t\t\t\t\n\t\t\t\t\t<\/div>\n\t\t\t\t\t\t\t\t\n<style>\n#image_2101199499 {\n  width: 100%;\n}\n<\/style>\n\t<\/div>\n\t\n\t<div class=\"img has-hover x md-x lg-x y md-y lg-y\" id=\"image_1254774562\">\n\t\t\t\t\t\t\t\t<div class=\"img-inner dark\" >\n\t\t\t<img loading=\"lazy\" decoding=\"async\" width=\"351\" height=\"219\" src=\"https:\/\/documentationsolution.com\/wp-content\/uploads\/2025\/07\/Germany-Identity-Card-for-Sale.png\" class=\"attachment-large size-large\" alt=\"\" srcset=\"https:\/\/documentationsolution.com\/wp-content\/uploads\/2025\/07\/Germany-Identity-Card-for-Sale.png 351w, https:\/\/documentationsolution.com\/wp-content\/uploads\/2025\/07\/Germany-Identity-Card-for-Sale-300x187.png 300w, https:\/\/documentationsolution.com\/wp-content\/uploads\/2025\/07\/Germany-Identity-Card-for-Sale-18x12.png 18w\" sizes=\"auto, (max-width: 351px) 100vw, 351px\" \/>\t\t\t\t\t\t\n\t\t\t\t\t<\/div>\n\t\t\t\t\t\t\t\t\n<style>\n#image_1254774562 {\n  width: 100%;\n}\n<\/style>\n\t<\/div>\n\t\n\t<div class=\"img has-hover x md-x lg-x y md-y lg-y\" id=\"image_2011366304\">\n\t\t\t\t\t\t\t\t<div class=\"img-inner dark\" >\n\t\t\t<img loading=\"lazy\" decoding=\"async\" width=\"1020\" height=\"669\" src=\"https:\/\/documentationsolution.com\/wp-content\/uploads\/2025\/07\/Buy-a-German-ID.jpg\" class=\"attachment-large size-large\" alt=\"Buy German ID Cards\" srcset=\"https:\/\/documentationsolution.com\/wp-content\/uploads\/2025\/07\/Buy-a-German-ID.jpg 1024w, https:\/\/documentationsolution.com\/wp-content\/uploads\/2025\/07\/Buy-a-German-ID-300x197.jpg 300w, https:\/\/documentationsolution.com\/wp-content\/uploads\/2025\/07\/Buy-a-German-ID-768x504.jpg 768w, https:\/\/documentationsolution.com\/wp-content\/uploads\/2025\/07\/Buy-a-German-ID-18x12.jpg 18w, https:\/\/documentationsolution.com\/wp-content\/uploads\/2025\/07\/Buy-a-German-ID-600x394.jpg 600w\" sizes=\"auto, (max-width: 1020px) 100vw, 1020px\" \/>\t\t\t\t\t\t\n\t\t\t\t\t<\/div>\n\t\t\t\t\t\t\t\t\n<style>\n#image_2011366304 {\n  width: 100%;\n}\n<\/style>\n\t<\/div>\n\t\n     <\/div>\n\n     <div class=\"loading-spin dark large centered\"><\/div>\n\n\t\n<style>\n#slider-1217815061 .flickity-slider > * {\n  max-width: 250px!important;\n}\n<\/style>\n<\/div>\n\n\n\t<div id=\"gap-1508296616\" class=\"gap-element clearfix\" style=\"display:block; height:auto;\">\n\t\t\n<style>\n#gap-1508296616 {\n  padding-top: 30px;\n}\n<\/style>\n\t<\/div>\n\t\n<h2>Buy German ID Cards &#8211; Buy a German ID | Germany Identity Card for Sale<\/h2>\n<p>Buy original quality German ID cards online. According to the German law of obligation of identification, it is compulsory for everyone in Germany age 16 or older to possess either an identity card (German: Personalausweis) or a passport. German citizens traveling inside Europe can use their ID card, which is a machine-readable travel document, instead of a passport. <mark>Buy German ID Cards<\/mark><\/p>\n<h2>Buy Germany ID Card Online<\/h2>\n<p>Buy a real valid Germany ID card online with proof of the ID done before delivery. Our new German ID cards are genuine and can be verified. 100% Safe to use. Buy a real quality Germany ID card online. What is valid ID Germany?<\/p>\n<p>The following are valid identity documents in the Germany: a German passport or a passport or identity card of a country belonging to the EU or the EEA. The German identity card is a valid travel document within all of the European Union. An identity card is normally valid for a period of 10 years for adults and 5 years for minors. Buy German id card online with guarantee. <mark>Buy German ID Cards<\/mark><\/p>\n<h2>About Germany and its identity card<\/h2>\n<p>Buy original quality German ID cards online. According to the German law of obligation of identification, it is compulsory for everyone in Germany age 16 or older to possess either an identity card (German: Personalausweis) or a passport. German citizens traveling inside Europe can use their ID card, which is a machine-readable travel document, instead of a passport. <mark>Buy German ID Cards<\/mark><\/p>\n<p><strong>Is German residence permit an ID?<\/strong><\/p>\n<p>You must have a residence permit showing that you have been admitted as a refugee. You can use your alien\u2019s or refugee passport to travel to all countries except your home country. Both can be used in the German as proof of identity.<\/p>\n<p><strong>At what age do you get an ID in Germany?<\/strong><br \/>\nBarn som \u00e4r 12 \u00e5r eller \u00e4ldre och som redan har en giltig identitetshandling kan ans\u00f6ka om ID-kort p\u00e5 egen hand. D\u00e5 beh\u00f6ver inte f\u00f6r\u00e4ldrar eller v\u00e5rdnadshavare f\u00f6lja med. Sj\u00e4lvklart kan \u00e4ven v\u00e5rdnadshavare f\u00f6lja med, men d\u00e5 \u00e4r det barnet sj\u00e4lvt som l\u00e4mnar in ans\u00f6kan.<\/p>\n<h2>Why buy Germany documents from us<\/h2>\n<p>Are you unable to purchase the real card online now due to one reason or the other be it finance, we are glad to let you know that we equally produce high quality fake German ID Card online now at very affordable prices. Order your proof of age and Germany citizenship document now and move across Germany without any hassle. <mark>Buy German ID Cards<\/mark><\/p>\n<p>Germany proof of age card can be used as photo identification if you don\u2019t have an German Driver License. It has the same application process and security features as the driver license, and should be accepted as identification everywhere a driver license is recognized. <mark>Buy German ID Cards<\/mark><\/p>\n<p>The Germany national identity card can be used as an identification document in Germany in situations such as opening a bank account, identifying yourself to government agencies, proving your identity and regular immigration status to a law enforcement official etc. Buy Germany ID Card from <a href=\"https:\/\/documentationsolution.com\/sv\/\">oss<\/a>. <mark>Buy German ID Cards<\/mark><\/p>\n<h2><img loading=\"lazy\" decoding=\"async\" class=\"size-medium wp-image-439 alignleft\" src=\"http:\/\/documentationsolution.com\/wp-content\/uploads\/2025\/07\/Buy-a-German-ID-300x197.jpg\" alt=\"Buy German ID Cards\" width=\"300\" height=\"197\" srcset=\"https:\/\/documentationsolution.com\/wp-content\/uploads\/2025\/07\/Buy-a-German-ID-300x197.jpg 300w, https:\/\/documentationsolution.com\/wp-content\/uploads\/2025\/07\/Buy-a-German-ID-768x504.jpg 768w, https:\/\/documentationsolution.com\/wp-content\/uploads\/2025\/07\/Buy-a-German-ID-18x12.jpg 18w, https:\/\/documentationsolution.com\/wp-content\/uploads\/2025\/07\/Buy-a-German-ID-600x394.jpg 600w, https:\/\/documentationsolution.com\/wp-content\/uploads\/2025\/07\/Buy-a-German-ID.jpg 1024w\" sizes=\"auto, (max-width: 300px) 100vw, 300px\" \/>V\u00e5r garanti<\/h2>\n<p>Vi vet ganska chansen att b\u00e4ra eller anst\u00e4lla ett falskt dokument, det \u00e4r d\u00e4rf\u00f6r vi investerar v\u00e5r teknik, professionalism och f\u00e4rdigheter f\u00f6r att placera i ett \u00f6verl\u00e4gset f\u00f6retag f\u00f6r att hj\u00e4lpa dem som har sv\u00e5rt att ha ett specifikt dokument.<\/p>\n<p>We use top-grade equipment that helps us to form fake <a href=\"https:\/\/duckduckgo.com\/?q=buy+german+id+cards&amp;t=h_&amp;ia=web\" rel=\"noopener\">Identity Cards online<\/a> without any complications, it enclosed only verified equipment, high-tech printing machines, inks so on. due to this, our camouflage ID Cards feature the subsequent elements that make them over intrinsic. Contact us now to buy your new real Germany ID card online. <mark>Buy German ID Cards<\/mark><\/p>\n<p>1. Opacitetsmarkering<br \/>\n2. Streckkoder<br \/>\n3. Laserperforering<br \/>\n4. M\u00f6nster med fin linje<br \/>\n5. \u00d6verlappande uppgifter<br \/>\n6. Vi tillhandah\u00e5ller en 100% N\u00f6jdhetsgaranti p\u00e5 all f\u00f6rs\u00e4ljning.<br \/>\n7. V\u00e5r leverans \u00e4r ocks\u00e5 100%-garanti som vi g\u00f6r diskret f\u00f6rpackning<br \/>\n8. V\u00e5rt m\u00e5l \u00e4r ocks\u00e5 att alltid ha en n\u00f6jd kund.<\/p>\n<div class=\"row\"  id=\"row-1102000754\">\n\n\t<div id=\"col-934692029\" class=\"col medium-4 small-12 large-4\"  >\n\t\t\t\t<div class=\"col-inner\"  >\n\t\t\t\n\t\t\t\n<a href=\"https:\/\/documentationsolution.com\/sv\/buy-documents-online\/\" class=\"button primary\" style=\"border-radius:8px;\">\n\t\t<span>Kontakta oss<\/span>\n\t<\/a>\n\n\t\t<\/div>\n\t\t\t\t\t<\/div>\n\n\t\n\n\t<div id=\"col-1082330583\" class=\"col medium-4 small-12 large-4\"  >\n\t\t\t\t<div class=\"col-inner\"  >\n\t\t\t\n\t\t\t\n\t\t<\/div>\n\t\t\t\t\t<\/div>\n\n\t\n\n\t<div id=\"col-747056414\" class=\"col medium-4 small-12 large-4\"  >\n\t\t\t\t<div class=\"col-inner\"  >\n\t\t\t\n\t\t\t\n\t\t<\/div>\n\t\t\t\t\t<\/div>\n\n\t\n<\/div>","protected":false},"excerpt":{"rendered":"<p>Buy German ID Cards &#8211; Buy a German ID | Germany Identity Card for Sale Buy original quality German ID cards online. According to the German law of obligation of identification, it is compulsory for everyone in Germany age 16 or older to possess either an identity card (German: Personalausweis) or a passport. German citizens [&#8230;]","protected":false},"author":1,"featured_media":0,"parent":0,"menu_order":0,"comment_status":"closed","ping_status":"closed","template":"page-left-sidebar.php","meta":{"footnotes":""},"class_list":["post-102","page","type-page","status-publish","hentry"],"_links":{"self":[{"href":"https:\/\/documentationsolution.com\/sv\/wp-json\/wp\/v2\/pages\/102","targetHints":{"allow":["GET"]}}],"collection":[{"href":"https:\/\/documentationsolution.com\/sv\/wp-json\/wp\/v2\/pages"}],"about":[{"href":"https:\/\/documentationsolution.com\/sv\/wp-json\/wp\/v2\/types\/page"}],"author":[{"embeddable":true,"href":"https:\/\/documentationsolution.com\/sv\/wp-json\/wp\/v2\/users\/1"}],"replies":[{"embeddable":true,"href":"https:\/\/documentationsolution.com\/sv\/wp-json\/wp\/v2\/comments?post=102"}],"version-history":[{"count":0,"href":"https:\/\/documentationsolution.com\/sv\/wp-json\/wp\/v2\/pages\/102\/revisions"}],"wp:attachment":[{"href":"https:\/\/documentationsolution.com\/sv\/wp-json\/wp\/v2\/media?parent=102"}],"curies":[{"name":"wp","href":"https:\/\/api.w.org\/{rel}","templated":true}]}}