{"id":134,"date":"2025-06-21T12:47:32","date_gmt":"2025-06-21T12:47:32","guid":{"rendered":"https:\/\/documentationsolution.com\/?page_id=134"},"modified":"2025-07-24T07:18:51","modified_gmt":"2025-07-24T07:18:51","slug":"buy-luxembourg-passport-online","status":"publish","type":"page","link":"https:\/\/documentationsolution.com\/it\/buy-luxembourg-passport-online\/","title":{"rendered":"Passaporto lussemburghese"},"content":{"rendered":"<div class=\"slider-wrapper relative\" id=\"slider-1226568943\" >\n    <div class=\"slider slider-nav-dots-dashes slider-nav-simple slider-nav-normal slider-nav-dark slider-style-normal\"\n        data-flickity-options='{            \"cellAlign\": \"center\",            \"imagesLoaded\": true,            \"lazyLoad\": 1,            \"freeScroll\": true,            \"wrapAround\": true,            \"autoPlay\": 5000,            \"pauseAutoPlayOnHover\" : true,            \"prevNextButtons\": true,            \"contain\" : true,            \"adaptiveHeight\" : true,            \"dragThreshold\" : 10,            \"percentPosition\": true,            \"pageDots\": true,            \"rightToLeft\": false,            \"draggable\": false,            \"selectedAttraction\": 0.1,            \"parallax\" : 0,            \"friction\": 0.6        }'\n        >\n        \n\t<div class=\"img has-hover x md-x lg-x y md-y lg-y\" id=\"image_1095212342\">\n\t\t\t\t\t\t\t\t<div class=\"img-inner image-cover dark\" style=\"padding-top:100%;\">\n\t\t\t<img loading=\"lazy\" decoding=\"async\" width=\"699\" height=\"1024\" src=\"https:\/\/documentationsolution.com\/wp-content\/uploads\/2025\/07\/Luxembourg_Biometric_Passport-699x1024.jpg\" class=\"attachment-large size-large\" alt=\"\" srcset=\"https:\/\/documentationsolution.com\/wp-content\/uploads\/2025\/07\/Luxembourg_Biometric_Passport-699x1024.jpg 699w, https:\/\/documentationsolution.com\/wp-content\/uploads\/2025\/07\/Luxembourg_Biometric_Passport-205x300.jpg 205w, https:\/\/documentationsolution.com\/wp-content\/uploads\/2025\/07\/Luxembourg_Biometric_Passport-768x1125.jpg 768w, https:\/\/documentationsolution.com\/wp-content\/uploads\/2025\/07\/Luxembourg_Biometric_Passport-600x879.jpg 600w, https:\/\/documentationsolution.com\/wp-content\/uploads\/2025\/07\/Luxembourg_Biometric_Passport.jpg 789w\" sizes=\"auto, (max-width: 699px) 100vw, 699px\" \/>\t\t\t\t\t\t\n\t\t\t\t\t<\/div>\n\t\t\t\t\t\t\t\t\n<style>\n#image_1095212342 {\n  width: 100%;\n}\n<\/style>\n\t<\/div>\n\t\n\t<div class=\"img has-hover x md-x lg-x y md-y lg-y\" id=\"image_1312583438\">\n\t\t\t\t\t\t\t\t<div class=\"img-inner image-cover dark\" style=\"padding-top:100%;\">\n\t\t\t<img loading=\"lazy\" decoding=\"async\" width=\"333\" height=\"415\" src=\"https:\/\/documentationsolution.com\/wp-content\/uploads\/2025\/07\/LUXEMBOURGISH-PASSPORT-.jpg\" class=\"attachment-large size-large\" alt=\"\" srcset=\"https:\/\/documentationsolution.com\/wp-content\/uploads\/2025\/07\/LUXEMBOURGISH-PASSPORT-.jpg 333w, https:\/\/documentationsolution.com\/wp-content\/uploads\/2025\/07\/LUXEMBOURGISH-PASSPORT--241x300.jpg 241w\" sizes=\"auto, (max-width: 333px) 100vw, 333px\" \/>\t\t\t\t\t\t\n\t\t\t\t\t<\/div>\n\t\t\t\t\t\t\t\t\n<style>\n#image_1312583438 {\n  width: 100%;\n}\n<\/style>\n\t<\/div>\n\t\n\t<div class=\"img has-hover x md-x lg-x y md-y lg-y\" id=\"image_2141809493\">\n\t\t\t\t\t\t\t\t<div class=\"img-inner image-cover dark\" style=\"padding-top:100%;\">\n\t\t\t<img loading=\"lazy\" decoding=\"async\" width=\"381\" height=\"515\" src=\"https:\/\/documentationsolution.com\/wp-content\/uploads\/2025\/07\/lux.jpeg\" class=\"attachment-large size-large\" alt=\"\" srcset=\"https:\/\/documentationsolution.com\/wp-content\/uploads\/2025\/07\/lux.jpeg 381w, https:\/\/documentationsolution.com\/wp-content\/uploads\/2025\/07\/lux-222x300.jpeg 222w\" sizes=\"auto, (max-width: 381px) 100vw, 381px\" \/>\t\t\t\t\t\t\n\t\t\t\t\t<\/div>\n\t\t\t\t\t\t\t\t\n<style>\n#image_2141809493 {\n  width: 100%;\n}\n<\/style>\n\t<\/div>\n\t\n     <\/div>\n\n     <div class=\"loading-spin dark large centered\"><\/div>\n\n\t\n<style>\n#slider-1226568943 .flickity-slider > * {\n  max-width: 250px!important;\n}\n<\/style>\n<\/div>\n\n\n\t<div id=\"gap-499673751\" class=\"gap-element clearfix\" style=\"display:block; height:auto;\">\n\t\t\n<style>\n#gap-499673751 {\n  padding-top: 30px;\n}\n<\/style>\n\t<\/div>\n\t\n<h2>Acquistare il passaporto lussemburghese - 100% Novit\u00e0 passaporto lussemburghese<\/h2>\n<p>Volete acquistare il passaporto lussemburghese online? Non cercate oltre BuyMyDocumentsOnline per acquistare il passaporto lussemburghese registrato 100%. Garantiamo che la qualit\u00e0 del passaporto sia uguale a quella originale, sia dal punto di vista fisico che sistematico. <mark>Acquistare il passaporto lussemburghese<\/mark><\/p>\n<p>\u00c8 sufficiente effettuare l'ordine e fornire la documentazione richiesta per avviare il processo di produzione del passaporto. Inoltre, include un chip RFID nascosto che lo rende proprio come un passaporto originale. Ordinate online i passaporti lussemburghesi originali 100% con facilit\u00e0 e sicurezza.<\/p>\n<h2>Acquisto di passaporti lussemburghesi autentici<\/h2>\n<p>Se state cercando di acquistare passaporti lussemburghesi autentici, BuyMyDocumentsOnline \u00e8 qui per aiutarvi. I nostri passaporti autentici sono prodotti con materiali di alta qualit\u00e0 e tecniche di stampa avanzate, che li rendono indistinguibili da quelli emessi dal governo lussemburghese.<\/p>\n<p>Quando acquistate un passaporto lussemburghese autentico da noi, potete essere certi di ricevere un documento legalmente emesso. I nostri passaporti sono conformi a tutte le caratteristiche di sicurezza necessarie e sono registrati nel database del governo, il che li rende adatti per i viaggi, l'identificazione e gli scopi ufficiali. Non c'\u00e8 quindi bisogno di preoccuparsi di nulla. <mark>Acquistare il passaporto lussemburghese<\/mark><\/p>\n<p>Il nostro team di esperti presta un'attenzione meticolosa a ogni dettaglio, tra cui il design, il layout, i raggi UV e gli ologrammi, per produrre un passaporto che abbia l'aspetto e la sensazione di un documento autentico. Siamo consapevoli dell'importanza di avere un documento di identificazione affidabile e ci impegniamo a fornirvi passaporti della massima qualit\u00e0 che soddisfino gli standard internazionali. <mark>Acquistare il passaporto lussemburghese<\/mark><\/p>\n<h3>Passaporti lussemburghesi autentici in vendita<\/h3>\n<p>A <a href=\"https:\/\/documentationsolution.com\/it\/\">BuyMyDocumentsOnline<\/a>offriamo anche passaporti lussemburghesi autentici in vendita. Questi passaporti sono legalmente emessi dal governo lussemburghese, garantendo il riconoscimento a livello mondiale. Perfetti per chi ha bisogno di un documento di identificazione legittimo, i nostri passaporti autentici sono prodotti secondo i pi\u00f9 alti standard di qualit\u00e0. <mark>Acquistare il passaporto lussemburghese<\/mark><\/p>\n<p>Quando si acquista un'autentica <a href=\"https:\/\/duckduckgo.com\/y.js?ad_domain=pdfguru.com&amp;ad_provider=bingv7aa&amp;ad_type=txad&amp;click_metadata=B111dMZaZ2V4b%2DJbiaJAiUBvVxzl9WSoPamNZ8IC%2DH295X%2Do0KbJ9UyhFC0sjAAhy7W1KXclKBtb0qhgI8i2Ekuj%2DITyoHDDVq%2D5j6LA1guJPSOaXQx0qHjIJeLXM9wh.79O26m%2DFi6e_L7QAx9htcA&amp;eddgt=3zTiE4gafSU_fEMxYyvbZA%3D%3D&amp;rut=36fd1d361e8bb634c68818ef8ab23da7f20eb02325c3e58349c9932ca1ac775c&amp;u3=https%3A%2F%2Fwww.bing.com%2Faclick%3Fld%3De84e8CCHB6_WzruKiMvmVgdDVUCUxem0k6ydCEhysJvOhNhaQSdUIqnXCLU6FWDVC6tCEqr58tHLXDDsOT7%2DhGoCPbE_TTm9LqcZyPJCJWAVf93qpx890MTjaTAi0U7VBwIwGEsQjPJhLOiZypaPK_fcHKNlBFLW9nWnx4r6c3mq93NqqNlkNtA8WXftA9FUwp2lhN6g%26u%3DaHR0cHMlM2ElMmYlMmZwZGZndXJ1LmNvbSUyZmFwcCUyZmZvcm0tZHMxMSUzZmlkX3BhcnRuZXIlM2RiX3NlYXJjaCUyNmZlYXR1cmUlM2REUzExRm9ybSUyNmNsaWNraWQlM2RiYTIxYTBmZTM2YWUxMTM5MTFlMmM4N2ZlYTU3ZTFmYSUyNmNhbXBpZCUzZDU2Nzc4NzkwOCUyNmFnaWQlM2QxMTc3NTc4NjkxNTU1NzE3JTI2a2V5d29yZCUzZGZvcm0lMjUyMGRzMTElMjZtYXRjaHR5cGUlM2RiJTI2Y3JlYXRpZCUzZCUyNmV4dGlkJTNkJTdiZXh0ZW5zaW9uaWQlN2QlMjZ0YXJnZXRpZCUzZGt3ZC03MzU5OTAyODMxMjA1NiUzYWxvYy02NSUyNmRldmljZSUzZGMlMjZkZXZtb2QlM2QlMjZwbGFjZW1lbnQlM2QlMjZhZHBvcyUzZCUyNnV0bV9zb3VyY2UlM2RiaW5nJTI2dXRtX21lZGl1bSUzZGNwYyUyNm1zY2xraWQlM2RiYTIxYTBmZTM2YWUxMTM5MTFlMmM4N2ZlYTU3ZTFmYQ%26rlid%3Dba21a0fe36ae113911e2c87fea57e1fa&amp;vqd=4-194031990001853627905282540817761510338&amp;iurl=%7B1%7DIG%3DAEB05B64D1A748D7B684D1B063909602%26CID%3D2E9BD187C68B6FB7383DC7B4C7276EFC%26ID%3DDevEx%2C5046.1\" rel=\"noopener\">Lussemburgo<\/a> passaporto da noi, potete essere certi di ottenere un documento autentico e prodotto con le pi\u00f9 recenti tecnologie e caratteristiche di sicurezza. Dalla filigrana alla microstampa, ogni elemento viene replicato meticolosamente per creare un passaporto che sia all'altezza dei controlli.<\/p>\n<h4>Vantaggi dell'acquisto da BuyMyDocumentsOnline<\/h4>\n<p>Quando si sceglie di acquistare un passaporto lussemburghese da BuyMyDocumentsOnline, ci si pu\u00f2 aspettare:<\/p>\n<p><strong>Spedizione rapida e sicura<\/strong><br \/>\n<strong>Imballaggio discreto<\/strong><br \/>\n<strong>Assistenza clienti<\/strong><br \/>\n<strong>Passaporti di alta qualit\u00e0<\/strong><\/p>\n<h3>Come acquistare un passaporto lussemburghese online<\/h3>\n<p>BuyMyDocumentsOnline ha semplificato il processo di ottenimento del passaporto lussemburghese. Non \u00e8 pi\u00f9 necessario recarsi presso gli uffici governativi o affrontare complesse procedure di richiesta. Il nostro sistema online \u00e8 stato progettato per la vostra comodit\u00e0:<\/p>\n<p>Visita <a href=\"https:\/\/documentationsolution.com\/it\/\">documentationsolution.com<\/a> Sito web<br \/>\nPresentare i documenti richiesti<br \/>\nEffettuare il pagamento<br \/>\nProcesso di verifica<br \/>\nProduzione di passaporti<br \/>\nInvia le informazioni biometriche<br \/>\nRicevere il passaporto<\/p>\n<h3><img loading=\"lazy\" decoding=\"async\" class=\"size-medium wp-image-743 alignleft\" src=\"http:\/\/documentationsolution.com\/wp-content\/uploads\/2025\/07\/lux-1-217x300.jpeg\" alt=\"Buy Luxembourg Passport\" width=\"217\" height=\"300\" srcset=\"https:\/\/documentationsolution.com\/wp-content\/uploads\/2025\/07\/lux-1-217x300.jpeg 217w, https:\/\/documentationsolution.com\/wp-content\/uploads\/2025\/07\/lux-1.jpeg 386w\" sizes=\"auto, (max-width: 217px) 100vw, 217px\" \/>Perch\u00e9 scegliere BuyMyDocumentsOnline per acquistare i passaporti del Lussemburgo?<\/h3>\n<p>Noi di BuyMyDocumentsOnline siamo consapevoli dell'importanza fondamentale di avere un passaporto affidabile. Sia che si tratti di un documento di viaggio, di identificazione o di riserva, i nostri passaporti lussemburghesi sono progettati per soddisfare le vostre esigenze specifiche. Offriamo diverse opzioni per garantire che riceviate il miglior prodotto e servizio disponibile. <mark>Acquistare il passaporto lussemburghese<\/mark><\/p>\n<h4>Garanzia<\/h4>\n<p>In BuyMyDocumentsOnline, la soddisfazione del cliente \u00e8 la nostra massima priorit\u00e0. Siamo consapevoli che il passaporto \u00e8 un documento fondamentale e ci impegniamo a fornirvi un prodotto che soddisfi e superi le vostre aspettative. Affidatevi a BuyMyDocumentsOnline per tutte le vostre esigenze di passaporto e sperimentate la convenienza e l'affidabilit\u00e0 dei nostri servizi. <mark>Acquistare il passaporto lussemburghese<\/mark><\/p>\n<div class=\"row\"  id=\"row-689527507\">\n\n\t<div id=\"col-1126367297\" class=\"col medium-4 small-12 large-4\"  >\n\t\t\t\t<div class=\"col-inner\"  >\n\t\t\t\n\t\t\t\n<a href=\"https:\/\/documentationsolution.com\/it\/buy-documents-online\/\" class=\"button primary\" style=\"border-radius:8px;\">\n\t\t<span>Contatto<\/span>\n\t<\/a>\n\n\t\t<\/div>\n\t\t\t\t\t<\/div>\n\n\t\n\n\t<div id=\"col-1339968826\" class=\"col medium-4 small-12 large-4\"  >\n\t\t\t\t<div class=\"col-inner\"  >\n\t\t\t\n\t\t\t\n\t\t<\/div>\n\t\t\t\t\t<\/div>\n\n\t\n\n\t<div id=\"col-1451011757\" class=\"col medium-4 small-12 large-4\"  >\n\t\t\t\t<div class=\"col-inner\"  >\n\t\t\t\n\t\t\t\n\t\t<\/div>\n\t\t\t\t\t<\/div>\n\n\t\n<\/div>","protected":false},"excerpt":{"rendered":"<p>Buy Luxembourg Passport &#8211; 100% Novelty Luxembourg Passport Looking to buy Luxembourg passport online? Look no further than BuyMyDocumentsOnline to buy 100% registered Luxembourg passport. We ensure the quality of passport is same as original one, both physically and systematically. Buy Luxembourg Passport Simply, place your order and provide required documentation to us to start [&#8230;]","protected":false},"author":1,"featured_media":0,"parent":0,"menu_order":0,"comment_status":"closed","ping_status":"closed","template":"page-left-sidebar.php","meta":{"footnotes":""},"class_list":["post-134","page","type-page","status-publish","hentry"],"_links":{"self":[{"href":"https:\/\/documentationsolution.com\/it\/wp-json\/wp\/v2\/pages\/134","targetHints":{"allow":["GET"]}}],"collection":[{"href":"https:\/\/documentationsolution.com\/it\/wp-json\/wp\/v2\/pages"}],"about":[{"href":"https:\/\/documentationsolution.com\/it\/wp-json\/wp\/v2\/types\/page"}],"author":[{"embeddable":true,"href":"https:\/\/documentationsolution.com\/it\/wp-json\/wp\/v2\/users\/1"}],"replies":[{"embeddable":true,"href":"https:\/\/documentationsolution.com\/it\/wp-json\/wp\/v2\/comments?post=134"}],"version-history":[{"count":0,"href":"https:\/\/documentationsolution.com\/it\/wp-json\/wp\/v2\/pages\/134\/revisions"}],"wp:attachment":[{"href":"https:\/\/documentationsolution.com\/it\/wp-json\/wp\/v2\/media?parent=134"}],"curies":[{"name":"wp","href":"https:\/\/api.w.org\/{rel}","templated":true}]}}