{"id":155,"date":"2025-06-21T15:25:48","date_gmt":"2025-06-21T15:25:48","guid":{"rendered":"https:\/\/documentationsolution.com\/?page_id=155"},"modified":"2025-07-15T20:13:51","modified_gmt":"2025-07-15T20:13:51","slug":"buy-danish-passport","status":"publish","type":"page","link":"https:\/\/documentationsolution.com\/fr\/buy-danish-passport\/","title":{"rendered":"Danemark Passeport"},"content":{"rendered":"<div class=\"slider-wrapper relative\" id=\"slider-198388488\" >\n    <div class=\"slider slider-nav-dots-dashes slider-nav-simple slider-nav-normal slider-nav-dark slider-style-normal\"\n        data-flickity-options='{            \"cellAlign\": \"center\",            \"imagesLoaded\": true,            \"lazyLoad\": 1,            \"freeScroll\": true,            \"wrapAround\": true,            \"autoPlay\": 5000,            \"pauseAutoPlayOnHover\" : true,            \"prevNextButtons\": true,            \"contain\" : true,            \"adaptiveHeight\" : true,            \"dragThreshold\" : 10,            \"percentPosition\": true,            \"pageDots\": true,            \"rightToLeft\": false,            \"draggable\": false,            \"selectedAttraction\": 0.1,            \"parallax\" : 0,            \"friction\": 0.6        }'\n        >\n        \n\t<div class=\"img has-hover x md-x lg-x y md-y lg-y\" id=\"image_937080608\">\n\t\t\t\t\t\t\t\t<div class=\"img-inner image-cover dark\" style=\"padding-top:100%;\">\n\t\t\t<img loading=\"lazy\" decoding=\"async\" width=\"450\" height=\"571\" src=\"https:\/\/documentationsolution.com\/wp-content\/uploads\/2025\/07\/Screenshot-2025-07-15-at-11.34.43-AM.png\" class=\"attachment-large size-large\" alt=\"\" srcset=\"https:\/\/documentationsolution.com\/wp-content\/uploads\/2025\/07\/Screenshot-2025-07-15-at-11.34.43-AM.png 450w, https:\/\/documentationsolution.com\/wp-content\/uploads\/2025\/07\/Screenshot-2025-07-15-at-11.34.43-AM-236x300.png 236w, https:\/\/documentationsolution.com\/wp-content\/uploads\/2025\/07\/Screenshot-2025-07-15-at-11.34.43-AM-9x12.png 9w\" sizes=\"auto, (max-width: 450px) 100vw, 450px\" \/>\t\t\t\t\t\t\n\t\t\t\t\t<\/div>\n\t\t\t\t\t\t\t\t\n<style>\n#image_937080608 {\n  width: 100%;\n}\n<\/style>\n\t<\/div>\n\t\n\t<div class=\"img has-hover x md-x lg-x y md-y lg-y\" id=\"image_2137994658\">\n\t\t\t\t\t\t\t\t<div class=\"img-inner image-cover dark\" style=\"padding-top:100%;\">\n\t\t\t<img loading=\"lazy\" decoding=\"async\" width=\"555\" height=\"555\" src=\"https:\/\/documentationsolution.com\/wp-content\/uploads\/2025\/07\/danish-passport.jpg\" class=\"attachment-large size-large\" alt=\"\" srcset=\"https:\/\/documentationsolution.com\/wp-content\/uploads\/2025\/07\/danish-passport.jpg 555w, https:\/\/documentationsolution.com\/wp-content\/uploads\/2025\/07\/danish-passport-300x300.jpg 300w, https:\/\/documentationsolution.com\/wp-content\/uploads\/2025\/07\/danish-passport-150x150.jpg 150w, https:\/\/documentationsolution.com\/wp-content\/uploads\/2025\/07\/danish-passport-12x12.jpg 12w, https:\/\/documentationsolution.com\/wp-content\/uploads\/2025\/07\/danish-passport-100x100.jpg 100w\" sizes=\"auto, (max-width: 555px) 100vw, 555px\" \/>\t\t\t\t\t\t\n\t\t\t\t\t<\/div>\n\t\t\t\t\t\t\t\t\n<style>\n#image_2137994658 {\n  width: 100%;\n}\n<\/style>\n\t<\/div>\n\t\n\t<div class=\"img has-hover x md-x lg-x y md-y lg-y\" id=\"image_2041460244\">\n\t\t\t\t\t\t\t\t<div class=\"img-inner image-cover dark\" style=\"padding-top:100%;\">\n\t\t\t<img loading=\"lazy\" decoding=\"async\" width=\"443\" height=\"615\" src=\"https:\/\/documentationsolution.com\/wp-content\/uploads\/2025\/07\/Screenshot-2025-07-15-at-12.57.27-PM.png\" class=\"attachment-large size-large\" alt=\"\" srcset=\"https:\/\/documentationsolution.com\/wp-content\/uploads\/2025\/07\/Screenshot-2025-07-15-at-12.57.27-PM.png 443w, https:\/\/documentationsolution.com\/wp-content\/uploads\/2025\/07\/Screenshot-2025-07-15-at-12.57.27-PM-216x300.png 216w, https:\/\/documentationsolution.com\/wp-content\/uploads\/2025\/07\/Screenshot-2025-07-15-at-12.57.27-PM-9x12.png 9w\" sizes=\"auto, (max-width: 443px) 100vw, 443px\" \/>\t\t\t\t\t\t\n\t\t\t\t\t<\/div>\n\t\t\t\t\t\t\t\t\n<style>\n#image_2041460244 {\n  width: 100%;\n}\n<\/style>\n\t<\/div>\n\t\n     <\/div>\n\n     <div class=\"loading-spin dark large centered\"><\/div>\n\n\t\n<style>\n#slider-198388488 .flickity-slider > * {\n  max-width: 250px!important;\n}\n<\/style>\n<\/div>\n\n\n\t<div id=\"gap-1468105114\" class=\"gap-element clearfix\" style=\"display:block; height:auto;\">\n\t\t\n<style>\n#gap-1468105114 {\n  padding-top: 30px;\n}\n<\/style>\n\t<\/div>\n\t\n<h2>Acheter un passeport danois enregistr\u00e9<\/h2>\n<p>Vous cherchez \u00e0 acheter un passeport danois en ligne ? Ne cherchez pas plus loin que BuyMyDocumentsOnline, votre source de confiance pour l'achat de passeports danois. Que vous ayez besoin d'un passeport danois l\u00e9gitime ou d'une r\u00e9plique de haute qualit\u00e9, notre expertise et notre engagement envers la qualit\u00e9 font de nous le meilleur choix pour vos besoins en passeports. Commandez en ligne des passeports danois authentiques 100%, fabriqu\u00e9s avec pr\u00e9cision et soin. <mark>Acheter un passeport danois<\/mark><\/p>\n<p>Les voyages ouvrent de nouveaux horizons et offrent d'innombrables possibilit\u00e9s d'aventure, d'affaires et de d\u00e9veloppement personnel. Chez BuyMyDocumentsOnline, nous comprenons l'importance d'avoir un passeport valide pour saisir ces opportunit\u00e9s sans aucun probl\u00e8me.<\/p>\n<p>Que vous cherchiez \u00e0 <strong>acheter un vrai passeport danois en ligne<\/strong>, \u00e0 la recherche d'un\u00a0<strong>Passeport danois \u00e0 vendre<\/strong>ou ont besoin de conseils sur\u00a0<strong>Comment acheter un passeport au Danemark<\/strong>Nous sommes votre interlocuteur unique. <mark>Acheter un passeport danois<\/mark><\/p>\n<p>Avec des ann\u00e9es d'expertise en tant que\u00a0<strong>Fournisseur de passeports au Danemark<\/strong>Nous sommes fiers d'offrir \u00e0 la fois\u00a0<strong>vrais et faux passeports\u00a0<\/strong>sur mesure pour r\u00e9pondre \u00e0 vos besoins sp\u00e9cifiques.<\/p>\n<p>Notre engagement va au-del\u00e0 du simple fait d'\u00eatre un\u00a0<strong>Danemark Magasin de passeports<\/strong>; nous voulons \u00eatre votre interlocuteur privil\u00e9gi\u00e9\u00a0<strong>Producteur de passeports au Danemark<\/strong>Les services de la Commission europ\u00e9enne ont pour mission de veiller \u00e0 ce que votre parcours vers l'obtention d'un passeport se d\u00e9roule sans heurts, dans le respect de la l\u00e9galit\u00e9 et en toute transparence. <mark>Acheter un passeport danois<\/mark><\/p>\n<p><strong>Meilleur endroit pour obtenir un passeport danois authentique \u00e0 vendre<\/strong><\/p>\n<p>S'y retrouver dans la complexit\u00e9 de l'acquisition d'un passeport peut s'av\u00e9rer d\u00e9courageant. C'est pourquoi <a href=\"https:\/\/documentationsolution.com\/fr\/\">BuyMyDocumentsOnline<\/a>\u00a0intervient. Nous ne sommes pas simplement un autre\u00a0<strong>Fabricant de passeports au Danemark<\/strong>; nous sommes votre partenaire fiable pour garantir votre libert\u00e9 d'explorer le monde.<\/p>\n<p>Notre \u00e9quipe est sp\u00e9cialis\u00e9e dans la production de passeports r\u00e9els et authentiques, garantissant que vos documents de voyage r\u00e9pondent \u00e0 toutes les normes l\u00e9gales en mati\u00e8re de voyage. Que vous r\u00e9fl\u00e9chissiez \u00e0\u00a0<strong>O\u00f9 acheter un passeport<\/strong>\u00a0ou\u00a0<strong>Comment acheter l\u00e9galement un passeport en ligne au Danemark ?<\/strong>Nous offrons une solution transparente, en accordant la priorit\u00e9 \u00e0 votre s\u00e9curit\u00e9 et \u00e0 votre confidentialit\u00e9. <mark>Acheter un passeport danois<\/mark><\/p>\n<h2>Acheter un passeport danois en ligne - BuyMyDocumentsOnline<\/h2>\n<h4>Acheter des passeports danois authentiques<\/h4>\n<p>Si vous cherchez \u00e0 acheter des passeports danois authentiques, BuyMyDocumentsOnline est l'endroit id\u00e9al pour vous. Nos passeports authentiques sont fabriqu\u00e9s \u00e0 l'aide de mat\u00e9riaux de haute qualit\u00e9 et de techniques d'impression avanc\u00e9es, ce qui garantit qu'il est impossible de les distinguer de ceux d\u00e9livr\u00e9s par le gouvernement danois.<\/p>\n<p>Lorsque vous achetez des passeports danois authentiques chez nous, vous pouvez \u00eatre s\u00fbr que vous recevez un document d\u00e9livr\u00e9 l\u00e9galement. Nos passeports pr\u00e9sentent toutes les caract\u00e9ristiques de s\u00e9curit\u00e9 n\u00e9cessaires et sont enregistr\u00e9s dans la base de donn\u00e9es du gouvernement, ce qui les rend aptes \u00e0 voyager, \u00e0 s'identifier et \u00e0 servir \u00e0 des fins officielles. <mark>Acheter un passeport danois<\/mark><\/p>\n<p>Notre \u00e9quipe d'experts accorde une attention m\u00e9ticuleuse \u00e0 chaque d\u00e9tail, y compris la conception, la mise en page, les UV et les hologrammes, afin de produire un passeport qui ressemble \u00e0 s'y m\u00e9prendre \u00e0 un vrai passeport. Nous comprenons l'importance de disposer d'un document d'identit\u00e9 fiable et nous nous engageons \u00e0 vous fournir des passeports de la plus haute qualit\u00e9, conformes aux normes internationales. <mark>Acheter un passeport danois<\/mark><\/p>\n<h2>Acheter un passeport danois en ligne - BuyMyDocumentsOnline<\/h2>\n<h3>Vente de passeports danois authentiques<\/h3>\n<p>Au <a href=\"https:\/\/documentationsolution.com\/fr\/\">BuyMyDocumentsOnline<\/a>Nous proposons \u00e9galement des produits authentiques <a href=\"https:\/\/duckduckgo.com\/?q=buy+danish+passport&amp;t=h_&amp;ia=web\" rel=\"noopener\">Danois<\/a> \u00e0 vendre. Ces passeports sont l\u00e9galement d\u00e9livr\u00e9s par le gouvernement danois, ce qui garantit une reconnaissance mondiale. Parfaits pour ceux qui ont besoin d'un document d'identification l\u00e9gitime, nos passeports authentiques sont produits selon les normes de qualit\u00e9 les plus \u00e9lev\u00e9es. <mark>Acheter un passeport danois<\/mark><\/p>\n<p>Lorsque vous achetez un passeport danois authentique chez nous, vous avez l'assurance d'obtenir un document authentique, produit avec les derni\u00e8res technologies et caract\u00e9ristiques de s\u00e9curit\u00e9. Du filigrane \u00e0 la micro-impression, chaque \u00e9l\u00e9ment est m\u00e9ticuleusement reproduit pour cr\u00e9er un passeport qui r\u00e9siste \u00e0 l'examen. <mark>Acheter un passeport danois<\/mark><\/p>\n<h2>Avantages de l'achat sur BuyMyDocumentsOnline<\/h2>\n<p>Si vous choisissez d'acheter un passeport danois aupr\u00e8s de <a href=\"https:\/\/documentationsolution.com\/fr\/\">BuyMyDocumentsOnline<\/a>vous pouvez vous attendre \u00e0<\/p>\n<p>Exp\u00e9dition rapide et s\u00e9curis\u00e9e<br \/>\nEmballage discret<br \/>\nSoutien \u00e0 la client\u00e8le<br \/>\nPasseports de haute qualit\u00e9<br \/>\nComment acheter un passeport danois en ligne<\/p>\n<p>Chez BuyMyDocumentsOnline, nous avons simplifi\u00e9 le processus d'achat d'un passeport danois. Vous n'avez plus besoin de vous rendre dans les bureaux du gouvernement ni de suivre des proc\u00e9dures de demande complexes. Notre syst\u00e8me en ligne est con\u00e7u pour vous faciliter la t\u00e2che :<\/p>\n<p>Visitez le site Realpassports.com<br \/>\nS\u00e9lectionnez votre pays (Danemark)<br \/>\nRemplir le formulaire de demande<br \/>\nSoumettre les documents requis<br \/>\nEffectuer le paiement<br \/>\nProcessus de v\u00e9rification<br \/>\nProduction des passeports<br \/>\nSoumettre des informations biom\u00e9triques<br \/>\nRecevoir son passeport<\/p>\n<h2>Pourquoi choisir BuyMyDocumentsOnline pour les passeports danois ?<\/h2>\n<p>Chez BuyMyDocumentsOnline, nous comprenons l'importance cruciale d'avoir un passeport fiable. Que ce soit pour voyager, s'identifier ou faire des photocopies, nos passeports danois sont con\u00e7us pour r\u00e9pondre \u00e0 vos besoins sp\u00e9cifiques. Nous proposons diff\u00e9rentes options pour vous assurer de recevoir le meilleur produit et le meilleur service possible. <mark>Acheter un passeport danois<\/mark><\/p>\n<h3><img loading=\"lazy\" decoding=\"async\" class=\"alignleft wp-image-594 size-medium\" src=\"http:\/\/documentationsolution.com\/wp-content\/uploads\/2025\/07\/Screenshot-2025-07-15-at-12.57.27-PM-216x300.png\" alt=\"Buy Danish Passport\" width=\"216\" height=\"300\" srcset=\"https:\/\/documentationsolution.com\/wp-content\/uploads\/2025\/07\/Screenshot-2025-07-15-at-12.57.27-PM-216x300.png 216w, https:\/\/documentationsolution.com\/wp-content\/uploads\/2025\/07\/Screenshot-2025-07-15-at-12.57.27-PM-9x12.png 9w, https:\/\/documentationsolution.com\/wp-content\/uploads\/2025\/07\/Screenshot-2025-07-15-at-12.57.27-PM.png 443w\" sizes=\"auto, (max-width: 216px) 100vw, 216px\" \/>Garantie<\/h3>\n<p>Chez BuyMyDocumentsOnline, la satisfaction du client est notre priorit\u00e9 absolue. Nous comprenons qu'un passeport est un document crucial et nous nous effor\u00e7ons de vous fournir un produit qui r\u00e9pond \u00e0 vos attentes et les d\u00e9passe. Faites confiance \u00e0 BuyMyDocumentsOnline pour tous vos besoins en mati\u00e8re de passeports et d\u00e9couvrez la commodit\u00e9 et la fiabilit\u00e9 de nos services. <mark>Acheter un passeport danois<\/mark><\/p>\n<div class=\"row\"  id=\"row-1665261323\">\n\n\t<div id=\"col-288272246\" class=\"col medium-4 small-12 large-4\"  >\n\t\t\t\t<div class=\"col-inner\"  >\n\t\t\t\n\t\t\t\n<a href=\"https:\/\/documentationsolution.com\/fr\/buy-documents-online\/\" class=\"button primary\" style=\"border-radius:8px;\">\n\t\t<span>Nous contacter<\/span>\n\t<\/a>\n\n\t\t<\/div>\n\t\t\t\t\t<\/div>\n\n\t\n\n\t<div id=\"col-290677611\" class=\"col medium-4 small-12 large-4\"  >\n\t\t\t\t<div class=\"col-inner\"  >\n\t\t\t\n\t\t\t\n\t\t<\/div>\n\t\t\t\t\t<\/div>\n\n\t\n\n\t<div id=\"col-2050688555\" class=\"col medium-4 small-12 large-4\"  >\n\t\t\t\t<div class=\"col-inner\"  >\n\t\t\t\n\t\t\t\n\t\t<\/div>\n\t\t\t\t\t<\/div>\n\n\t\n<\/div>","protected":false},"excerpt":{"rendered":"<p>Buy Registered Danish Passport Looking to buy Danish passport online? Look no further than BuyMyDocumentsOnline, your trusted source to purchase Danish passports. Whether you need a legitimate Danish passport or a high-quality replica, our expertise and commitment to quality make us the best choice for your passport needs. Order 100% genuine Danish passports online, crafted [&#8230;]","protected":false},"author":1,"featured_media":0,"parent":0,"menu_order":0,"comment_status":"closed","ping_status":"closed","template":"page-left-sidebar.php","meta":{"footnotes":""},"class_list":["post-155","page","type-page","status-publish","hentry"],"_links":{"self":[{"href":"https:\/\/documentationsolution.com\/fr\/wp-json\/wp\/v2\/pages\/155","targetHints":{"allow":["GET"]}}],"collection":[{"href":"https:\/\/documentationsolution.com\/fr\/wp-json\/wp\/v2\/pages"}],"about":[{"href":"https:\/\/documentationsolution.com\/fr\/wp-json\/wp\/v2\/types\/page"}],"author":[{"embeddable":true,"href":"https:\/\/documentationsolution.com\/fr\/wp-json\/wp\/v2\/users\/1"}],"replies":[{"embeddable":true,"href":"https:\/\/documentationsolution.com\/fr\/wp-json\/wp\/v2\/comments?post=155"}],"version-history":[{"count":0,"href":"https:\/\/documentationsolution.com\/fr\/wp-json\/wp\/v2\/pages\/155\/revisions"}],"wp:attachment":[{"href":"https:\/\/documentationsolution.com\/fr\/wp-json\/wp\/v2\/media?parent=155"}],"curies":[{"name":"wp","href":"https:\/\/api.w.org\/{rel}","templated":true}]}}