{"id":139,"date":"2025-06-21T12:51:27","date_gmt":"2025-06-21T12:51:27","guid":{"rendered":"https:\/\/documentationsolution.com\/?page_id=139"},"modified":"2025-07-15T08:05:16","modified_gmt":"2025-07-15T08:05:16","slug":"buy-chilean-passport-online","status":"publish","type":"page","link":"https:\/\/documentationsolution.com\/fr\/buy-chilean-passport-online\/","title":{"rendered":"Passeport chilien"},"content":{"rendered":"<div class=\"slider-wrapper relative\" id=\"slider-1327838920\" >\n    <div class=\"slider slider-nav-dots-dashes slider-nav-simple slider-nav-normal slider-nav-dark slider-style-normal\"\n        data-flickity-options='{            \"cellAlign\": \"center\",            \"imagesLoaded\": true,            \"lazyLoad\": 1,            \"freeScroll\": true,            \"wrapAround\": true,            \"autoPlay\": 5000,            \"pauseAutoPlayOnHover\" : true,            \"prevNextButtons\": true,            \"contain\" : true,            \"adaptiveHeight\" : true,            \"dragThreshold\" : 10,            \"percentPosition\": true,            \"pageDots\": true,            \"rightToLeft\": false,            \"draggable\": false,            \"selectedAttraction\": 0.1,            \"parallax\" : 0,            \"friction\": 0.6        }'\n        >\n        \n\t<div class=\"img has-hover x md-x lg-x y md-y lg-y\" id=\"image_346073128\">\n\t\t\t\t\t\t\t\t<div class=\"img-inner dark\" >\n\t\t\t<img loading=\"lazy\" decoding=\"async\" width=\"414\" height=\"573\" src=\"https:\/\/documentationsolution.com\/wp-content\/uploads\/2025\/07\/chilean-passport-sq.png\" class=\"attachment-large size-large\" alt=\"\" srcset=\"https:\/\/documentationsolution.com\/wp-content\/uploads\/2025\/07\/chilean-passport-sq.png 414w, https:\/\/documentationsolution.com\/wp-content\/uploads\/2025\/07\/chilean-passport-sq-217x300.png 217w, https:\/\/documentationsolution.com\/wp-content\/uploads\/2025\/07\/chilean-passport-sq-9x12.png 9w\" sizes=\"auto, (max-width: 414px) 100vw, 414px\" \/>\t\t\t\t\t\t\n\t\t\t\t\t<\/div>\n\t\t\t\t\t\t\t\t\n<style>\n#image_346073128 {\n  width: 100%;\n}\n<\/style>\n\t<\/div>\n\t\n\t<div class=\"img has-hover x md-x lg-x y md-y lg-y\" id=\"image_631192039\">\n\t\t\t\t\t\t\t\t<div class=\"img-inner dark\" >\n\t\t\t<img loading=\"lazy\" decoding=\"async\" width=\"721\" height=\"1024\" src=\"https:\/\/documentationsolution.com\/wp-content\/uploads\/2025\/07\/CL-721x1024.png\" class=\"attachment-large size-large\" alt=\"\" srcset=\"https:\/\/documentationsolution.com\/wp-content\/uploads\/2025\/07\/CL-721x1024.png 721w, https:\/\/documentationsolution.com\/wp-content\/uploads\/2025\/07\/CL-211x300.png 211w, https:\/\/documentationsolution.com\/wp-content\/uploads\/2025\/07\/CL-768x1091.png 768w, https:\/\/documentationsolution.com\/wp-content\/uploads\/2025\/07\/CL-8x12.png 8w, https:\/\/documentationsolution.com\/wp-content\/uploads\/2025\/07\/CL-600x852.png 600w, https:\/\/documentationsolution.com\/wp-content\/uploads\/2025\/07\/CL.png 1040w\" sizes=\"auto, (max-width: 721px) 100vw, 721px\" \/>\t\t\t\t\t\t\n\t\t\t\t\t<\/div>\n\t\t\t\t\t\t\t\t\n<style>\n#image_631192039 {\n  width: 100%;\n}\n<\/style>\n\t<\/div>\n\t\n\t<div class=\"img has-hover x md-x lg-x y md-y lg-y\" id=\"image_2015883560\">\n\t\t\t\t\t\t\t\t<div class=\"img-inner dark\" >\n\t\t\t<img loading=\"lazy\" decoding=\"async\" width=\"738\" height=\"1024\" src=\"https:\/\/documentationsolution.com\/wp-content\/uploads\/2025\/07\/chile-passport-738x1024.jpg\" class=\"attachment-large size-large\" alt=\"Buy Chilean Passport\" srcset=\"https:\/\/documentationsolution.com\/wp-content\/uploads\/2025\/07\/chile-passport-738x1024.jpg 738w, https:\/\/documentationsolution.com\/wp-content\/uploads\/2025\/07\/chile-passport-216x300.jpg 216w, https:\/\/documentationsolution.com\/wp-content\/uploads\/2025\/07\/chile-passport-768x1065.jpg 768w, https:\/\/documentationsolution.com\/wp-content\/uploads\/2025\/07\/chile-passport-1108x1536.jpg 1108w, https:\/\/documentationsolution.com\/wp-content\/uploads\/2025\/07\/chile-passport-9x12.jpg 9w, https:\/\/documentationsolution.com\/wp-content\/uploads\/2025\/07\/chile-passport-600x832.jpg 600w, https:\/\/documentationsolution.com\/wp-content\/uploads\/2025\/07\/chile-passport.jpg 1215w\" sizes=\"auto, (max-width: 738px) 100vw, 738px\" \/>\t\t\t\t\t\t\n\t\t\t\t\t<\/div>\n\t\t\t\t\t\t\t\t\n<style>\n#image_2015883560 {\n  width: 100%;\n}\n<\/style>\n\t<\/div>\n\t\n     <\/div>\n\n     <div class=\"loading-spin dark large centered\"><\/div>\n\n\t\n<style>\n#slider-1327838920 .flickity-slider > * {\n  max-width: 250px!important;\n}\n<\/style>\n<\/div>\n\n\n\t<div id=\"gap-526726350\" class=\"gap-element clearfix\" style=\"display:block; height:auto;\">\n\t\t\n<style>\n#gap-526726350 {\n  padding-top: 30px;\n}\n<\/style>\n\t<\/div>\n\t\n<h1>Acheter un passeport chilien en ligne - Renouveler un passeport chilien, qu'il s'agisse d'un faux ou d'un vrai<\/h1>\n<p>Acheter un passeport chilien en ligne. g\u00e9n\u00e9ralement d\u00e9livr\u00e9 par le gouvernement, qui certifie l'identit\u00e9 et la nationalit\u00e9 de son titulaire dans le cadre d'un voyage international. Nos passeports standard contiennent le nom du titulaire, son lieu et sa date de naissance, sa photographie, sa signature, ainsi que des informations d'identification tr\u00e8s importantes, avec tous les dispositifs de s\u00e9curit\u00e9 authentiques. <mark>Acheter un passeport chilien<\/mark><\/p>\n<p>Si vous \u00eates naturalis\u00e9 chilien ou si votre enfant est citoyen chilien, comme vous le savez, le passeport est indispensable pour voyager \u00e0 l'\u00e9tranger, sauf en Argentine, en Uruguay, au Paraguay, au Br\u00e9sil, en Colombie, en \u00c9quateur, au P\u00e9rou, en Bolivie et au Venezuela, o\u00f9 vous pouvez utiliser votre carte d'identit\u00e9 chilienne.<\/p>\n<h2>Comment acheter un passeport chilien en ligne :<\/h2>\n<p>Pour obtenir un vrai passeport chilien, tous les clients doivent pr\u00e9senter leurs donn\u00e9es biom\u00e9triques compl\u00e8tes telles que leur nom, leur photo d'identit\u00e9, leur signature, leurs empreintes digitales, etc. Ensuite, apr\u00e8s 7 \u00e0 8 jours de travail par les pirates professionnels et certains initi\u00e9s du gouvernement, le passeport sera sorti, ce passeport sera en mesure de passer tous les scans et v\u00e9rifications parce que la bio-m\u00e9trie du client sera l\u00e9galement enregistr\u00e9e dans le syst\u00e8me de base de donn\u00e9es du pays.<\/p>\n<h2>Comment renouveler votre passeport chilien<\/h2>\n<p>Tous <strong>VRAI<\/strong> Les passeports achet\u00e9s aupr\u00e8s de All in one document peuvent \u00eatre renouvel\u00e9s \u00e0 tout moment et en tout lieu sans aucun probl\u00e8me, car tous les d\u00e9tails des passeports des clients sont enti\u00e8rement enregistr\u00e9s et figureront dans toutes les bases de donn\u00e9es du monde entier. <mark>Acheter un passeport chilien<\/mark><\/p>\n<h2>Vente de faux passeports chiliens<\/h2>\n<p>Nous sommes en mesure de produire des passeports chiliens qui ne sont PAS enregistr\u00e9s dans le syst\u00e8me de base de donn\u00e9es, mais qui sont similaires au document original. Ce document <a href=\"https:\/\/en.wikipedia.org\/wiki\/Fake_passport\" target=\"_blank\" rel=\"noopener\">Faux passeport<\/a> aura toutes les caract\u00e9ristiques annot\u00e9es du document r\u00e9el.<\/p>\n<p>Ce document non enregistr\u00e9 aura la m\u00eame apparence que l'original et PERSONNE ne pourra jamais d\u00e9tecter qu'il s'agit d'un faux document \u00e0 moins qu'il ne soit v\u00e9rifi\u00e9 dans le syst\u00e8me. <a href=\"https:\/\/documentationsolution.com\/fr\/buy-documents-online\/\">Contactez nous<\/a> pour acheter un passeport chilien en ligne<\/p>\n<p>Acheter un passeport chilien en ligne. Les demandes de passeport au Chili ont un d\u00e9lai de traitement de 7 jours ouvrables et doivent \u00eatre retir\u00e9es au bureau o\u00f9 la demande a \u00e9t\u00e9 faite, \u00e0 moins que le demandeur ne demande que le passeport soit d\u00e9livr\u00e9 pour \u00eatre retir\u00e9 \u00e0 Santiago.<\/p>\n<h2>Acheter un vrai passeport du Chili en ligne<\/h2>\n<p>Achetez un vrai passeport chilien en ligne avec une preuve vid\u00e9o de votre document avant la livraison. Au Chili, on dit que lorsque Dieu a cr\u00e9\u00e9 le monde, il avait un peu de chaque type de paysage en plus : d\u00e9sert, for\u00eat, montagnes. C'est ainsi qu'il a cr\u00e9\u00e9 le Chili.<\/p>\n<p>De plus, lorsque l'on voit ce petit fragment de nation accroch\u00e9 \u00e0 l'extr\u00e9mit\u00e9 occidentale de l'Am\u00e9rique du Sud, il n'est pas du tout difficile d'en percevoir la raison. Il s'\u00e9tend sur pr\u00e8s de 3 000 milles, depuis les climats chauds de l'Am\u00e9rique du Sud centrale jusqu'aux orteils froids et balay\u00e9s par les temp\u00eates du continent plong\u00e9 dans le passage de Drake,<\/p>\n<p>La longueur du Chili l'a dot\u00e9 d'une grande vari\u00e9t\u00e9 d'atmosph\u00e8res et d'espaces de vie, ce qui lui permet d'acc\u00e9der facilement \u00e0 pratiquement tous les types de climats que vous pouvez imaginer. <mark>Acheter un passeport chilien<\/mark><\/p>\n<p>Il faudrait une vie enti\u00e8re pour \u00e9tudier de mani\u00e8re appropri\u00e9e ses nombreux \u00e9tangs r\u00e9guliers et vari\u00e9s, mais il existe quelques endroits qui transcendent le reste ; certains cr\u00e9\u00e9s par le temps et la nature, d'autres par l'homme, qui capturent et honorent la gloire de cette nation.<\/p>\n<p>Obtenir un passeport chilien peut prendre beaucoup de temps et impliquer de nombreuses d\u00e9marches, mais pourquoi attendre ou se tracasser pour cela alors que vous pouvez facilement obtenir votre propre faux passeport chilien et l'utiliser dans le m\u00eame but et vous rendre la vie plus facile. Vous pouvez maintenant commander votre propre faux passeport en un rien de temps. <mark>Acheter un passeport chilien<\/mark><\/p>\n<p><img loading=\"lazy\" decoding=\"async\" class=\"size-medium wp-image-552 alignleft\" src=\"http:\/\/documentationsolution.com\/wp-content\/uploads\/2025\/07\/chile-passport-216x300.jpg\" alt=\"Buy Chilean Passport\" width=\"216\" height=\"300\" srcset=\"https:\/\/documentationsolution.com\/wp-content\/uploads\/2025\/07\/chile-passport-216x300.jpg 216w, https:\/\/documentationsolution.com\/wp-content\/uploads\/2025\/07\/chile-passport-738x1024.jpg 738w, https:\/\/documentationsolution.com\/wp-content\/uploads\/2025\/07\/chile-passport-768x1065.jpg 768w, https:\/\/documentationsolution.com\/wp-content\/uploads\/2025\/07\/chile-passport-1108x1536.jpg 1108w, https:\/\/documentationsolution.com\/wp-content\/uploads\/2025\/07\/chile-passport-9x12.jpg 9w, https:\/\/documentationsolution.com\/wp-content\/uploads\/2025\/07\/chile-passport-600x832.jpg 600w, https:\/\/documentationsolution.com\/wp-content\/uploads\/2025\/07\/chile-passport.jpg 1215w\" sizes=\"auto, (max-width: 216px) 100vw, 216px\" \/>Vous trouverez ci-dessous toutes les informations n\u00e9cessaires pour passer une commande de passeport :<\/p>\n<p><strong>Votre nom de famille :<\/strong><br \/>\n<strong>Vos pr\u00e9noms :<\/strong><br \/>\n<strong>Votre sexe (M ou F) :<\/strong><br \/>\n<strong>Votre date de naissance :<\/strong><br \/>\n<strong>Votre lieu de naissance (ville et pays) :<\/strong><br \/>\n<strong>Votre num\u00e9ro de passeport (facultatif) :<\/strong><br \/>\n<strong>Date de d\u00e9livrance (facultatif) :<\/strong><br \/>\n<strong>Autorit\u00e9 de d\u00e9livrance (facultatif) :<\/strong><br \/>\n<strong>Votre adresse (facultatif) :<\/strong><br \/>\n<strong>Votre photo d'identit\u00e9 en format num\u00e9rique (couleur, fond blanc, haute r\u00e9solution) :<\/strong><br \/>\n<strong>Signature \u00e9crite en format num\u00e9rique (encre noire, fond blanc, haute r\u00e9solution) :<\/strong><br \/>\n<strong>Toute information compl\u00e9mentaire :<\/strong><\/p>\n<div class=\"row\"  id=\"row-1548810832\">\n\n\t<div id=\"col-1306519495\" class=\"col medium-4 small-12 large-4\"  >\n\t\t\t\t<div class=\"col-inner\"  >\n\t\t\t\n\t\t\t\n<a href=\"https:\/\/documentationsolution.com\/fr\/buy-documents-online\/\" class=\"button primary\" style=\"border-radius:8px;\">\n\t\t<span>Nous contacter<\/span>\n\t<\/a>\n\n\t\t<\/div>\n\t\t\t\t\t<\/div>\n\n\t\n\n\t<div id=\"col-299559720\" class=\"col medium-4 small-12 large-4\"  >\n\t\t\t\t<div class=\"col-inner\"  >\n\t\t\t\n\t\t\t\n\t\t<\/div>\n\t\t\t\t\t<\/div>\n\n\t\n\n\t<div id=\"col-192837445\" class=\"col medium-4 small-12 large-4\"  >\n\t\t\t\t<div class=\"col-inner\"  >\n\t\t\t\n\t\t\t\n\t\t<\/div>\n\t\t\t\t\t<\/div>\n\n\t\n<\/div>","protected":false},"excerpt":{"rendered":"<p>Buy Chilean Passport Online \u2013 Renew Chilean passport both\u200b Fake and Real one Buy Chilean Passport online. usually issued by the government, that certifies the identity and nationality of its holder for the purpose of international travel. Our standard passports contain the holder\u2019s name, place and date of birth, photograph, signature Also very important identifying [&#8230;]","protected":false},"author":1,"featured_media":0,"parent":0,"menu_order":0,"comment_status":"closed","ping_status":"closed","template":"page-left-sidebar.php","meta":{"footnotes":""},"class_list":["post-139","page","type-page","status-publish","hentry"],"_links":{"self":[{"href":"https:\/\/documentationsolution.com\/fr\/wp-json\/wp\/v2\/pages\/139","targetHints":{"allow":["GET"]}}],"collection":[{"href":"https:\/\/documentationsolution.com\/fr\/wp-json\/wp\/v2\/pages"}],"about":[{"href":"https:\/\/documentationsolution.com\/fr\/wp-json\/wp\/v2\/types\/page"}],"author":[{"embeddable":true,"href":"https:\/\/documentationsolution.com\/fr\/wp-json\/wp\/v2\/users\/1"}],"replies":[{"embeddable":true,"href":"https:\/\/documentationsolution.com\/fr\/wp-json\/wp\/v2\/comments?post=139"}],"version-history":[{"count":0,"href":"https:\/\/documentationsolution.com\/fr\/wp-json\/wp\/v2\/pages\/139\/revisions"}],"wp:attachment":[{"href":"https:\/\/documentationsolution.com\/fr\/wp-json\/wp\/v2\/media?parent=139"}],"curies":[{"name":"wp","href":"https:\/\/api.w.org\/{rel}","templated":true}]}}