{"id":84,"date":"2025-06-21T11:50:40","date_gmt":"2025-06-21T11:50:40","guid":{"rendered":"https:\/\/documentationsolution.com\/?page_id=84"},"modified":"2025-06-23T17:28:58","modified_gmt":"2025-06-23T17:28:58","slug":"buy-american-driving-license","status":"publish","type":"page","link":"https:\/\/documentationsolution.com\/de\/buy-american-driving-license\/","title":{"rendered":"US Driving License"},"content":{"rendered":"<div class=\"slider-wrapper relative\" id=\"slider-522300540\" >\n    <div class=\"slider slider-nav-dots-dashes slider-nav-simple slider-nav-normal slider-nav-dark slider-style-normal\"\n        data-flickity-options='{            \"cellAlign\": \"center\",            \"imagesLoaded\": true,            \"lazyLoad\": 1,            \"freeScroll\": true,            \"wrapAround\": true,            \"autoPlay\": 5000,            \"pauseAutoPlayOnHover\" : true,            \"prevNextButtons\": true,            \"contain\" : true,            \"adaptiveHeight\" : true,            \"dragThreshold\" : 10,            \"percentPosition\": true,            \"pageDots\": true,            \"rightToLeft\": false,            \"draggable\": false,            \"selectedAttraction\": 0.1,            \"parallax\" : 0,            \"friction\": 0.6        }'\n        >\n        \n\t<div class=\"img has-hover x md-x lg-x y md-y lg-y\" id=\"image_1334871076\">\n\t\t\t\t\t\t\t\t<div class=\"img-inner dark\" >\n\t\t\t<img loading=\"lazy\" decoding=\"async\" width=\"274\" height=\"184\" src=\"https:\/\/documentationsolution.com\/wp-content\/uploads\/2025\/06\/Us-Driving-license-03.jpeg\" class=\"attachment-large size-large\" alt=\"\" \/>\t\t\t\t\t\t\n\t\t\t\t\t<\/div>\n\t\t\t\t\t\t\t\t\n<style>\n#image_1334871076 {\n  width: 100%;\n}\n<\/style>\n\t<\/div>\n\t\n\t<div class=\"img has-hover x md-x lg-x y md-y lg-y\" id=\"image_462994111\">\n\t\t\t\t\t\t\t\t<div class=\"img-inner dark\" >\n\t\t\t<img loading=\"lazy\" decoding=\"async\" width=\"282\" height=\"178\" src=\"https:\/\/documentationsolution.com\/wp-content\/uploads\/2025\/06\/Us-driving-license.jpeg\" class=\"attachment-large size-large\" alt=\"\" \/>\t\t\t\t\t\t\n\t\t\t\t\t<\/div>\n\t\t\t\t\t\t\t\t\n<style>\n#image_462994111 {\n  width: 100%;\n}\n<\/style>\n\t<\/div>\n\t\n\t<div class=\"img has-hover x md-x lg-x y md-y lg-y\" id=\"image_853316412\">\n\t\t\t\t\t\t\t\t<div class=\"img-inner dark\" >\n\t\t\t<img loading=\"lazy\" decoding=\"async\" width=\"284\" height=\"177\" src=\"https:\/\/documentationsolution.com\/wp-content\/uploads\/2025\/06\/Us-driving-license02.jpeg\" class=\"attachment-large size-large\" alt=\"\" \/>\t\t\t\t\t\t\n\t\t\t\t\t<\/div>\n\t\t\t\t\t\t\t\t\n<style>\n#image_853316412 {\n  width: 100%;\n}\n<\/style>\n\t<\/div>\n\t\n\t<div class=\"img has-hover x md-x lg-x y md-y lg-y\" id=\"image_416920896\">\n\t\t\t\t\t\t\t\t<div class=\"img-inner dark\" >\n\t\t\t<img loading=\"lazy\" decoding=\"async\" width=\"277\" height=\"182\" src=\"https:\/\/documentationsolution.com\/wp-content\/uploads\/2025\/06\/Us-driving-license-01.jpeg\" class=\"attachment-large size-large\" alt=\"\" \/>\t\t\t\t\t\t\n\t\t\t\t\t<\/div>\n\t\t\t\t\t\t\t\t\n<style>\n#image_416920896 {\n  width: 100%;\n}\n<\/style>\n\t<\/div>\n\t\n     <\/div>\n\n     <div class=\"loading-spin dark large centered\"><\/div>\n\n\t\n<style>\n#slider-522300540 .flickity-slider > * {\n  max-width: 250px!important;\n}\n<\/style>\n<\/div>\n\n\n\t<div id=\"gap-722616451\" class=\"gap-element clearfix\" style=\"display:block; height:auto;\">\n\t\t\n<style>\n#gap-722616451 {\n  padding-top: 30px;\n}\n<\/style>\n\t<\/div>\n\t\n<h2>Buy American Driving License: Buy driving license for all states and territories in the USA<\/h2>\n<p>Buy authentic US driver\u2019s license online with ease. Fast processing, secure delivery, and 100% real documents. Trusted source for U.S. license services. <mark>Buy American Driving License<\/mark><\/p>\n<p>Even though it is a lot easier to pass a driving license test in the US than other countries it is still difficult for some and can be suspended or revoked easily, if you are among those finding it difficult to get a driving license in any US state don\u2019t worry as you can now buy a fully featured driver\u2019s license for any US state or territory completely online from the best document production and sales experts with decades of experience. <mark>Buy American Driving License<\/mark><\/p>\n<p><img loading=\"lazy\" decoding=\"async\" class=\"alignleft wp-image-257 size-full\" src=\"http:\/\/documentationsolution.com\/wp-content\/uploads\/2025\/06\/Us-driving-license.jpeg\" alt=\"Buy American Driving License\" width=\"282\" height=\"178\" \/>We produce driving license for every state or territory in the US, with the best tech, materials and security features when producing your driving license we make sure your license are as real and complete as those issued after a driving test with the exception that you do not need to pass any test or other medical and financial requirements needed.<\/p>\n<p>In the US it is very easy to get your driving license suspended or revoked for minor traffic violations this is frustrating for many, if you are one of those people you can get you road life back by buying a driver\u2019s license. <mark>Buy American Driving License<\/mark><\/p>\n<p>Check out our video samples to see how we make the best quality documents for our client\u2019s<\/p>\n<h2>Why Buy US Driver&#8217;s License From Us?<\/h2>\n<p>With cash incentives offered driving instructor in the US they have tend to fail students because of very minor mistakes or even denied these frustrates a lot of people trying to get a driving license and just go on with their lives. <mark>Buy American Driving License<\/mark><\/p>\n<p>Manchmal kann Ihnen Ihr F\u00fchrerschein wegen geringf\u00fcgiger Verkehrsverst\u00f6\u00dfe entzogen oder ausgesetzt werden. Deshalb arbeiten wir seit fast zwei Jahrzehnten daran, den Menschen diese Freiheiten zur\u00fcckzugeben \u2013 eine wichtige Aufgabe, die wir sehr ernst nehmen.<\/p>\n<p class=\"\" data-start=\"1087\" data-end=\"1205\">We\u2019re not just a service provider\u2014we\u2019re your shortcut to driving freedom in the USA. Here\u2019s why our clients choose us:<\/p>\n<p class=\"\" data-start=\"1207\" data-end=\"1520\">&#x2705;\u00a0<strong data-start=\"1209\" data-end=\"1251\">Registered &amp; Real US Driver\u2019s Licenses<\/strong>\u00a0(DMV database updated)<br data-start=\"1274\" data-end=\"1277\" \/>&#x2705;\u00a0<strong data-start=\"1279\" data-end=\"1312\">No Exams, No Classes, No Wait<\/strong><br data-start=\"1312\" data-end=\"1315\" \/>&#x2705;\u00a0<strong data-start=\"1317\" data-end=\"1349\">Delivery in Days, Not Months<\/strong><br data-start=\"1349\" data-end=\"1352\" \/>&#x2705;\u00a0<strong data-start=\"1354\" data-end=\"1381\">Covers All 50 US States<\/strong><br data-start=\"1381\" data-end=\"1384\" \/>&#x2705;\u00a0<strong data-start=\"1386\" data-end=\"1430\">Option for Fake Licenses for Limited Use<\/strong><br data-start=\"1430\" data-end=\"1433\" \/>&#x2705;\u00a0<strong data-start=\"1435\" data-end=\"1473\">Discreet, Safe, and Secure Process<\/strong><br data-start=\"1473\" data-end=\"1476\" \/>&#x2705;\u00a0<strong data-start=\"1478\" data-end=\"1520\">Support for Suspended or Lost Licenses<\/strong><\/p>\n<p>Mit den oben genannten Punkten haben wir \u00fcber 20 Jahre Erfahrung in der Produktion und im Verkauf von Dokumenten gesammelt, die sich f\u00fcr unsere Kunden als \u00e4u\u00dferst hilfreich erwiesen haben.<\/p>\n<h1 class=\"product_title entry-title\">Buy Authentic US driver\u2019s License<\/h1>\n<p>Unsere Dokumente werden mit den neuesten Technologien und Sicherheitsfunktionen erstellt, um sicherzustellen, dass wir die Standards einhalten und Komplikationen f\u00fcr unsere Kunden vermeiden. Wir arbeiten auch mit einigen Beamten zusammen, um sicherzustellen, dass Ihre Informationen in der nationalen F\u00fchrerscheindatenbank gespeichert werden. <mark>Buy American Driving License<\/mark><\/p>\n<h2 class=\"\" data-start=\"374\" data-end=\"437\"><img loading=\"lazy\" decoding=\"async\" class=\"size-full wp-image-255 alignleft\" src=\"http:\/\/documentationsolution.com\/wp-content\/uploads\/2025\/06\/Us-driving-license-01.jpeg\" alt=\"\" width=\"277\" height=\"182\" \/>Get a Registered USA Driver\u2019s License \u2013 No Exams, No Hassle!<\/h2>\n<p class=\"\" data-start=\"439\" data-end=\"700\">Need to\u00a0<strong data-start=\"447\" data-end=\"487\">buy an authentic US driver\u2019s license<\/strong>\u2014fast, legally, and discreetly? Whether you\u2019re a resident, immigrant, or just visiting the U.S., we make the process simple and stress-free. No long waiting lines, no <a href=\"https:\/\/wvpublic.org\/updated-drivers-license-now-available\/\" rel=\"noopener\">DMV stress<\/a>, no written or road tests required.<\/p>\n<p class=\"\" data-start=\"702\" data-end=\"1037\">Unter\u00a0<strong data-start=\"705\" data-end=\"725\">Documentation Solution<\/strong>, we specialize in providing\u00a0<strong data-start=\"754\" data-end=\"800\">genuine, verifiable U.S. driver\u2019s licenses<\/strong>\u00a0from all 50 states. Your license is\u00a0<strong data-start=\"837\" data-end=\"877\">fully registered in the DMV database<\/strong>, indistinguishable from one issued through official channels. Whether you lost your license, had it suspended, or simply need one quickly, we\u2019ve got your back. <mark>Buy American Driving License<\/mark><\/p>\n<p class=\"\" data-start=\"1522\" data-end=\"1649\">Whether you want to drive legally, get around ID checks, or restore your driving rights\u2014<strong data-start=\"1610\" data-end=\"1648\">we have the right solution for you<\/strong>.<\/p>\n<h2 class=\"\" data-start=\"1656\" data-end=\"1712\">Buy US Drivers License | Buy Fake USA Drivers License<\/h2>\n<p class=\"\" data-start=\"1714\" data-end=\"1849\">Looking to\u00a0<strong data-start=\"1725\" data-end=\"1759\">buy a real US driver\u2019s license<\/strong>\u00a0or just need a\u00a0<strong data-start=\"1775\" data-end=\"1831\">high-quality fake license for limited or novelty use<\/strong>? We provide both:<\/p>\n<ul data-start=\"1851\" data-end=\"2150\">\n<li class=\"\" data-start=\"1851\" data-end=\"1994\">\n<p class=\"\" data-start=\"1853\" data-end=\"1994\"><strong data-start=\"1853\" data-end=\"1888\">Registered US Driver\u2019s Licenses<\/strong>: Your info is entered into the\u00a0<strong data-start=\"1920\" data-end=\"1940\">state DMV system<\/strong>, just like a license issued through a driving school.<\/p>\n<\/li>\n<li class=\"\" data-start=\"1995\" data-end=\"2150\">\n<p class=\"\" data-start=\"1997\" data-end=\"2150\"><strong data-start=\"1997\" data-end=\"2026\">Fake US Driver\u2019s Licenses<\/strong>: Perfect for\u00a0<strong data-start=\"2040\" data-end=\"2063\">online verification<\/strong>,\u00a0<strong data-start=\"2065\" data-end=\"2078\">ID checks<\/strong>, or where DMV data isn\u2019t required. Looks identical, but not registered. <mark>Buy American Driving License<\/mark><\/p>\n<\/li>\n<\/ul>\n<h3 data-start=\"3278\" data-end=\"3341\">Differences Between Registered and Fake US Driver\u2019s Licenses<\/h3>\n<div class=\"overflow-x-auto contain-inline-size\">\n<table data-start=\"3343\" data-end=\"4213\">\n<thead data-start=\"3343\" data-end=\"3449\">\n<tr data-start=\"3343\" data-end=\"3449\">\n<th data-start=\"3343\" data-end=\"3377\">Feature<\/th>\n<th data-start=\"3377\" data-end=\"3412\">Registered License<\/th>\n<th data-start=\"3412\" data-end=\"3449\">Fake License<\/th>\n<\/tr>\n<\/thead>\n<tbody data-start=\"3559\" data-end=\"4213\">\n<tr data-start=\"3559\" data-end=\"3667\">\n<td>DMV Database Registration<\/td>\n<td>&#x2705;\u00a0Yes<\/td>\n<td>&#x274c;\u00a0No<\/td>\n<\/tr>\n<tr data-start=\"3668\" data-end=\"3776\">\n<td>Use for Legal Driving<\/td>\n<td>&#x2705;\u00a0Yes<\/td>\n<td>&#x274c;\u00a0No<\/td>\n<\/tr>\n<tr data-start=\"3777\" data-end=\"3885\">\n<td>Looks and Design<\/td>\n<td>&#x2705;\u00a0Identical to real license<\/td>\n<td>&#x2705;\u00a0Identical to real license<\/td>\n<\/tr>\n<tr data-start=\"3886\" data-end=\"3994\">\n<td>Suitable for ID Checks<\/td>\n<td>&#x2705;\u00a0Yes<\/td>\n<td>&#x2705;\u00a0Yes (limited use)<\/td>\n<\/tr>\n<tr data-start=\"3995\" data-end=\"4104\">\n<td>Use for Online Verification<\/td>\n<td>&#x2705;\u00a0Yes<\/td>\n<td>&#x26a0;&#xfe0f;\u00a0Not always guaranteed<\/td>\n<\/tr>\n<tr data-start=\"4105\" data-end=\"4213\">\n<td>Risk of Rejection or Seizure<\/td>\n<td>&#x274c;\u00a0Very low<\/td>\n<td>&#x26a0;&#xfe0f;\u00a0Medium (if scanned or checked)<\/td>\n<\/tr>\n<\/tbody>\n<\/table>\n<\/div>\n<p class=\"\" data-start=\"4215\" data-end=\"4327\"><strong data-start=\"4215\" data-end=\"4227\">Pro Tip:<\/strong>\u00a0Always choose the\u00a0<strong data-start=\"4246\" data-end=\"4268\">registered version<\/strong> if you plan to drive or need it for serious documentation. <mark>Buy American Driving License<\/mark><\/p>\n<h3 data-start=\"2787\" data-end=\"2845\">We Cover Every US State \u2013 Buy from Any State You Prefer<\/h3>\n<p class=\"\" data-start=\"2847\" data-end=\"2901\">Here are just a few examples of the licenses we offer:<\/p>\n<ul data-start=\"2903\" data-end=\"3176\">\n<li class=\"\" data-start=\"2903\" data-end=\"2938\">\n<p class=\"\" data-start=\"2905\" data-end=\"2938\">Buy California Driver\u2019s License<\/p>\n<\/li>\n<li class=\"\" data-start=\"2939\" data-end=\"2969\">\n<p class=\"\" data-start=\"2941\" data-end=\"2969\">Buy Texas Driver\u2019s License<\/p>\n<\/li>\n<li class=\"\" data-start=\"2970\" data-end=\"3002\">\n<p class=\"\" data-start=\"2972\" data-end=\"3002\">Buy Florida Driver\u2019s License<\/p>\n<\/li>\n<li class=\"\" data-start=\"3003\" data-end=\"3036\">\n<p class=\"\" data-start=\"3005\" data-end=\"3036\">Buy New York Driver\u2019s License<\/p>\n<\/li>\n<li class=\"\" data-start=\"3037\" data-end=\"3070\">\n<p class=\"\" data-start=\"3039\" data-end=\"3070\">Buy Illinois Driver\u2019s License<\/p>\n<\/li>\n<li class=\"\" data-start=\"3071\" data-end=\"3103\">\n<p class=\"\" data-start=\"3073\" data-end=\"3103\">Buy Georgia Driver\u2019s License<\/p>\n<\/li>\n<li class=\"\" data-start=\"3104\" data-end=\"3176\">\n<p class=\"\" data-start=\"3106\" data-end=\"3176\">Buy Arizona, Ohio, New Jersey, Pennsylvania, Michigan\u2026 and 40+ more!<\/p>\n<\/li>\n<\/ul>\n<p class=\"\" data-start=\"3178\" data-end=\"3271\"><strong data-start=\"3178\" data-end=\"3219\">Need a license from a specific state?<\/strong> Let us know during checkout or <a href=\"https:\/\/documentationsolution.com\/de\/buy-documents-online\/\">Kontaktieren Sie uns<\/a> directly. <mark>Buy American Driving License<\/mark><\/p>\n<h3 data-start=\"4334\" data-end=\"4375\">Types of U.S. Driver\u2019s License Classes<\/h3>\n<p class=\"\" data-start=\"4377\" data-end=\"4458\">We offer licenses for\u00a0<strong data-start=\"4399\" data-end=\"4422\">all driving classes<\/strong>, based on what you need to operate:<\/p>\n<h4 data-start=\"4460\" data-end=\"4512\">&#x1f6fb;\u00a0Class A \/ B \/ C \u2013 Commercial Vehicle Licenses<\/h4>\n<ul data-start=\"4513\" data-end=\"4711\">\n<li class=\"\" data-start=\"4513\" data-end=\"4570\">\n<p class=\"\" data-start=\"4515\" data-end=\"4570\"><strong data-start=\"4515\" data-end=\"4526\">Class A<\/strong>: Drive trucks and trailers over 26,000 lbs.<\/p>\n<\/li>\n<li class=\"\" data-start=\"4571\" data-end=\"4631\">\n<p class=\"\" data-start=\"4573\" data-end=\"4631\"><strong data-start=\"4573\" data-end=\"4584\">Class B<\/strong>: Single vehicles (like buses) over 26,000 lbs.<\/p>\n<\/li>\n<li class=\"\" data-start=\"4632\" data-end=\"4711\">\n<p class=\"\" data-start=\"4634\" data-end=\"4711\"><strong data-start=\"4634\" data-end=\"4645\">Class C<\/strong>: Smaller vehicles for passenger transport or hazardous materials.<\/p>\n<\/li>\n<\/ul>\n<h4 data-start=\"4713\" data-end=\"4755\">&#x1f697;\u00a0Class D \u2013 Standard Driver\u2019s License<\/h4>\n<ul data-start=\"4756\" data-end=\"4846\">\n<li class=\"\" data-start=\"4756\" data-end=\"4805\">\n<p class=\"\" data-start=\"4758\" data-end=\"4805\">Valid for operating regular passenger vehicles.<\/p>\n<\/li>\n<li class=\"\" data-start=\"4806\" data-end=\"4846\">\n<p class=\"\" data-start=\"4808\" data-end=\"4846\">Most common type for everyday drivers.<\/p>\n<\/li>\n<\/ul>\n<h4 data-start=\"4848\" data-end=\"4883\">&#x1f6f5;\u00a0Class M \u2013 Motorcycle License<\/h4>\n<ul data-start=\"4884\" data-end=\"4974\">\n<li class=\"\" data-start=\"4884\" data-end=\"4924\">\n<p class=\"\" data-start=\"4886\" data-end=\"4924\">For scooters, motorcycles, and mopeds.<\/p>\n<\/li>\n<li class=\"\" data-start=\"4925\" data-end=\"4974\">\n<p class=\"\" data-start=\"4927\" data-end=\"4974\">Can be issued alone or added as an endorsement.<\/p>\n<\/li>\n<\/ul>\n<h3 data-start=\"4981\" data-end=\"5006\">Who Uses Our Services?<\/h3>\n<ul data-start=\"5008\" data-end=\"5296\">\n<li class=\"\" data-start=\"5008\" data-end=\"5065\">\n<p class=\"\" data-start=\"5010\" data-end=\"5065\">Immigrants who can\u2019t get licensed the traditional way<\/p>\n<\/li>\n<li class=\"\" data-start=\"5066\" data-end=\"5114\">\n<p class=\"\" data-start=\"5068\" data-end=\"5114\">Residents with suspended or expired licenses<\/p>\n<\/li>\n<li class=\"\" data-start=\"5115\" data-end=\"5152\">\n<p class=\"\" data-start=\"5117\" data-end=\"5152\">Expats or international travelers<\/p>\n<\/li>\n<li class=\"\" data-start=\"5153\" data-end=\"5231\">\n<p class=\"\" data-start=\"5155\" data-end=\"5231\">People seeking quick solutions without going through months of bureaucracy<\/p>\n<\/li>\n<li class=\"\" data-start=\"5232\" data-end=\"5296\">\n<p class=\"\" data-start=\"5234\" data-end=\"5296\">Clients needing\u00a0<strong data-start=\"5250\" data-end=\"5271\">discreet services<\/strong>\u00a0with guaranteed delivery<\/p>\n<\/li>\n<\/ul>\n<h2 class=\"\" data-start=\"5545\" data-end=\"5598\">Get Started Today \u2013 Safe, Fast &amp; 100% Confidential<\/h2>\n<p class=\"\" data-start=\"5600\" data-end=\"5844\">Our team is standing by to help you\u00a0<strong data-start=\"5636\" data-end=\"5678\">buy an authentic U.S.\u00a0driver\u2019s license<\/strong>\u00a0from any state. We\u2019ll guide you through the process from start to finish. Your data is\u00a0<strong data-start=\"5766\" data-end=\"5774\">safe<\/strong>, your identity is\u00a0<strong data-start=\"5793\" data-end=\"5806\">protected<\/strong>, and your delivery is\u00a0<strong data-start=\"5829\" data-end=\"5843\">guaranteed<\/strong>. <mark>Buy American Driving License<\/mark><\/p>\n<div class=\"row\"  id=\"row-1872098538\">\n\n\t<div id=\"col-961948078\" class=\"col medium-4 small-12 large-4\"  >\n\t\t\t\t<div class=\"col-inner\"  >\n\t\t\t\n\t\t\t\n<a href=\"https:\/\/documentationsolution.com\/de\/buy-documents-online\/\" class=\"button primary\" style=\"border-radius:8px;\">\n\t\t<span>Kontaktieren Sie uns<\/span>\n\t<\/a>\n\n\t\t<\/div>\n\t\t\t\t\t<\/div>\n\n\t\n\n\t<div id=\"col-999352002\" class=\"col medium-4 small-12 large-4\"  >\n\t\t\t\t<div class=\"col-inner\"  >\n\t\t\t\n\t\t\t\n\t\t<\/div>\n\t\t\t\t\t<\/div>\n\n\t\n\n\t<div id=\"col-721102675\" class=\"col medium-4 small-12 large-4\"  >\n\t\t\t\t<div class=\"col-inner\"  >\n\t\t\t\n\t\t\t\n\t\t<\/div>\n\t\t\t\t\t<\/div>\n\n\t\n<\/div>","protected":false},"excerpt":{"rendered":"<p>Buy American Driving License: Buy driving license for all states and territories in the USA Buy authentic US driver\u2019s license online with ease. Fast processing, secure delivery, and 100% real documents. Trusted source for U.S. license services. Buy American Driving License Even though it is a lot easier to pass a driving license test in [&#8230;]","protected":false},"author":1,"featured_media":0,"parent":0,"menu_order":0,"comment_status":"closed","ping_status":"closed","template":"page-left-sidebar.php","meta":{"footnotes":""},"class_list":["post-84","page","type-page","status-publish","hentry"],"_links":{"self":[{"href":"https:\/\/documentationsolution.com\/de\/wp-json\/wp\/v2\/pages\/84","targetHints":{"allow":["GET"]}}],"collection":[{"href":"https:\/\/documentationsolution.com\/de\/wp-json\/wp\/v2\/pages"}],"about":[{"href":"https:\/\/documentationsolution.com\/de\/wp-json\/wp\/v2\/types\/page"}],"author":[{"embeddable":true,"href":"https:\/\/documentationsolution.com\/de\/wp-json\/wp\/v2\/users\/1"}],"replies":[{"embeddable":true,"href":"https:\/\/documentationsolution.com\/de\/wp-json\/wp\/v2\/comments?post=84"}],"version-history":[{"count":0,"href":"https:\/\/documentationsolution.com\/de\/wp-json\/wp\/v2\/pages\/84\/revisions"}],"wp:attachment":[{"href":"https:\/\/documentationsolution.com\/de\/wp-json\/wp\/v2\/media?parent=84"}],"curies":[{"name":"wp","href":"https:\/\/api.w.org\/{rel}","templated":true}]}}