{"id":72,"date":"2025-06-21T11:35:42","date_gmt":"2025-06-21T11:35:42","guid":{"rendered":"https:\/\/documentationsolution.com\/?page_id=72"},"modified":"2025-06-23T17:31:45","modified_gmt":"2025-06-23T17:31:45","slug":"buy-canadian-driving-license","status":"publish","type":"page","link":"https:\/\/documentationsolution.com\/de\/buy-canadian-driving-license\/","title":{"rendered":"Kanadischen F\u00fchrerschein kaufen"},"content":{"rendered":"<div class=\"slider-wrapper relative\" id=\"slider-1257797702\" >\n    <div class=\"slider slider-nav-dots-dashes slider-nav-simple slider-nav-normal slider-nav-dark slider-style-normal\"\n        data-flickity-options='{            \"cellAlign\": \"center\",            \"imagesLoaded\": true,            \"lazyLoad\": 1,            \"freeScroll\": true,            \"wrapAround\": true,            \"autoPlay\": 5000,            \"pauseAutoPlayOnHover\" : true,            \"prevNextButtons\": true,            \"contain\" : true,            \"adaptiveHeight\" : true,            \"dragThreshold\" : 10,            \"percentPosition\": true,            \"pageDots\": true,            \"rightToLeft\": false,            \"draggable\": false,            \"selectedAttraction\": 0.1,            \"parallax\" : 0,            \"friction\": 0.6        }'\n        >\n        \n\t<div class=\"img has-hover x md-x lg-x y md-y lg-y\" id=\"image_182773609\">\n\t\t\t\t\t\t\t\t<div class=\"img-inner dark\" >\n\t\t\t<img loading=\"lazy\" decoding=\"async\" width=\"299\" height=\"168\" src=\"https:\/\/documentationsolution.com\/wp-content\/uploads\/2025\/06\/Canadian-driving-licence-05.jpeg\" class=\"attachment-large size-large\" alt=\"\" \/>\t\t\t\t\t\t\n\t\t\t\t\t<\/div>\n\t\t\t\t\t\t\t\t\n<style>\n#image_182773609 {\n  width: 100%;\n}\n<\/style>\n\t<\/div>\n\t\n\t<div class=\"img has-hover x md-x lg-x y md-y lg-y\" id=\"image_1609227787\">\n\t\t\t\t\t\t\t\t<div class=\"img-inner dark\" >\n\t\t\t<img loading=\"lazy\" decoding=\"async\" width=\"285\" height=\"177\" src=\"https:\/\/documentationsolution.com\/wp-content\/uploads\/2025\/06\/Canadian-driving-license-02.jpeg\" class=\"attachment-large size-large\" alt=\"\" \/>\t\t\t\t\t\t\n\t\t\t\t\t<\/div>\n\t\t\t\t\t\t\t\t\n<style>\n#image_1609227787 {\n  width: 100%;\n}\n<\/style>\n\t<\/div>\n\t\n\t<div class=\"img has-hover x md-x lg-x y md-y lg-y\" id=\"image_1738936185\">\n\t\t\t\t\t\t\t\t<div class=\"img-inner dark\" >\n\t\t\t<img loading=\"lazy\" decoding=\"async\" width=\"299\" height=\"168\" src=\"https:\/\/documentationsolution.com\/wp-content\/uploads\/2025\/06\/Canadian-driving-licence-04.jpeg\" class=\"attachment-large size-large\" alt=\"\" \/>\t\t\t\t\t\t\n\t\t\t\t\t<\/div>\n\t\t\t\t\t\t\t\t\n<style>\n#image_1738936185 {\n  width: 100%;\n}\n<\/style>\n\t<\/div>\n\t\n     <\/div>\n\n     <div class=\"loading-spin dark large centered\"><\/div>\n\n\t\n<style>\n#slider-1257797702 .flickity-slider > * {\n  max-width: 250px!important;\n}\n<\/style>\n<\/div>\n\n\n\t<div id=\"gap-872911442\" class=\"gap-element clearfix\" style=\"display:block; height:auto;\">\n\t\t\n<style>\n#gap-872911442 {\n  padding-top: 30px;\n}\n<\/style>\n\t<\/div>\n\t\n<h2>Kanadischen F\u00fchrerschein kaufen<\/h2>\n<p><a href=\"https:\/\/documentationsolution.com\/de\/\">We<\/a> make it easy for you to obtain a driver\u2019s license from any part of Canada without ever having to do a driving license test or examination. <mark>Buy Canadian Driving license<\/mark><\/p>\n<p>People buy Canadian driving license from us because their driving license are denied, Revoked, Restricted or they keep failing the driving test which is made worse by cash incentives given to driving instructors when less people pass the test each year. <mark>Buy Canadian Driving license<\/mark><\/p>\n<p><img loading=\"lazy\" decoding=\"async\" class=\"size-full wp-image-251 alignleft\" src=\"http:\/\/documentationsolution.com\/wp-content\/uploads\/2025\/06\/Canadian-driving-license-02.jpeg\" alt=\"\" width=\"285\" height=\"177\" \/>When you buy a <a href=\"https:\/\/duckduckgo.com\/?q=Buy+Canadian+driving+license&amp;t=h_&amp;ia=web\" rel=\"noopener\">Canadian driver\u2019s license<\/a> from <a href=\"https:\/\/documentationsolution.com\/de\/\">uns<\/a> you should not worry about getting in trouble with road security since our driving license are made with the best available tech, materials and security features with your information stored in the driving license database,<\/p>\n<p>This makes your driving license the same as the ones issued after you pass a driving test with the difference being you do not need to pass a test or any other medical requirements we just need some information about you to produce you a Canadian driving license.<\/p>\n<p>Buy Canadian driver\u2019s licence produced with same quality like the original document online. Validation period 5 years. In Canada, driver\u2019s licenses are issued by the government of the province or territory in which the driver is residing.<\/p>\n<p><a href=\"https:\/\/documentationsolution.com\/de\/driving-license-requirements\/\">Requirements to Buy a Driver\u2019s license<\/a><\/p>\n<h2>Why buy Canadian driver&#8217;s license from us<\/h2>\n<p>With cash incentives offered driving instructor in the Canada they have tend to fail students because of very minor mistakes or even denied these frustrates a lot of people trying to get a driving license and just go on with their lives.<\/p>\n<p>Manchmal kann Ihnen Ihr F\u00fchrerschein wegen geringf\u00fcgiger Verkehrsverst\u00f6\u00dfe entzogen oder ausgesetzt werden. Deshalb arbeiten wir seit fast zwei Jahrzehnten daran, den Menschen diese Freiheiten zur\u00fcckzugeben \u2013 eine wichtige Aufgabe, die wir sehr ernst nehmen.<\/p>\n<p>Mit den oben genannten Punkten haben wir \u00fcber 20 Jahre Erfahrung in der Produktion und im Verkauf von Dokumenten gesammelt, die sich f\u00fcr unsere Kunden als \u00e4u\u00dferst hilfreich erwiesen haben. <mark>Buy Canadian Driving license<\/mark><\/p>\n<p>Unsere Dokumente werden mit den neuesten Technologien und Sicherheitsfunktionen erstellt, um sicherzustellen, dass wir die Standards einhalten und Komplikationen f\u00fcr unsere Kunden vermeiden. Wir arbeiten auch mit einigen Beamten zusammen, um sicherzustellen, dass Ihre Informationen in der nationalen F\u00fchrerscheindatenbank gespeichert werden.<\/p>\n<h2>Buy Registered Canadian Driving License Online<\/h2>\n<p>Are you looking to <mark>Buy Canadian Driving license<\/mark> online? Do you need a driving grant in Canada? Have you been attempting to venture out to Canada? Do you need archives you cannot have? You are in the perfect spot at the perfect time if your answer is yes?<\/p>\n<p><img loading=\"lazy\" decoding=\"async\" class=\"alignleft wp-image-250 size-full\" src=\"http:\/\/documentationsolution.com\/wp-content\/uploads\/2025\/06\/Canadian-driving-licence-05.jpeg\" alt=\"Buy Canadian Driving license\" width=\"299\" height=\"168\" \/>As the most renowned driver\u2019s license for sale online in Canada, USA, UK, and Europe, we have a team of most competent, experienced and skilled employees who know how to recreate the exact features in the same way as the Department of Motor Vehicles (DMV) performs. If you are searching for the best place to get a Unregistered driver\u2019s license online for Canada, USA, UK, and Europe, look no further than <a href=\"https:\/\/documentationsolution.com\/de\/\">documentationsolution.com<\/a>.<\/p>\n<p><mark>Buy Canadian Driving license<\/mark> produced with same quality like the original document online. Validation period 5 years. In Canada, driver\u2019s licenses are issued by the government of the province or territory in which the driver is residing. All provinces have provisions allowing non-residents to use licenses issued by other provinces and territories, out-of-country licenses, and International Driving Permits. Canadian driver\u2019s licenses are also valid in many other countries due to various international agreements and treaties. <mark>Buy Canadian Driving license<\/mark><\/p>\n<p>Canada\u2019s driving age is determined on a province-by-province basis.<mark>Buy Canadian Driving license.<\/mark> The age to begin learning is 16 in most provinces. The provinces use a GDL (Graduated Driver Licensing) system for a standard car and light-truck license to ensure the proficiency of drivers.<\/p>\n<p>Buy real and fake Canadian driver\u2019s license online, How to get a fake Canadian driver\u2019s license, Buy real and fake Ontario driver\u2019s license, Buy real and fake Alberta driver\u2019s license, Buy real and fake British Columbia driver\u2019s license, Buy real and fake Manitoba driver\u2019s license.<\/p>\n<p>Buy real and fake Qu\u00e9bec driver\u2019s license, How to get Ontario driver\u2019s license online, How to get a Canadian driver\u2019s license as a US citizen, How to get a Canadian driver\u2019s license for international students, Canadian driver\u2019s license test online.<\/p>\n<div class=\"row\"  id=\"row-1728827005\">\n\n\t<div id=\"col-1960944090\" class=\"col medium-4 small-12 large-4\"  >\n\t\t\t\t<div class=\"col-inner\"  >\n\t\t\t\n\t\t\t\n<a href=\"https:\/\/documentationsolution.com\/de\/buy-documents-online\/\" class=\"button primary\" style=\"border-radius:8px;\">\n\t\t<span>Kontaktieren Sie uns<\/span>\n\t<\/a>\n\n\t\t<\/div>\n\t\t\t\t\t<\/div>\n\n\t\n\n\t<div id=\"col-2036261201\" class=\"col medium-4 small-12 large-4\"  >\n\t\t\t\t<div class=\"col-inner\"  >\n\t\t\t\n\t\t\t\n\t\t<\/div>\n\t\t\t\t\t<\/div>\n\n\t\n\n\t<div id=\"col-1011514375\" class=\"col medium-4 small-12 large-4\"  >\n\t\t\t\t<div class=\"col-inner\"  >\n\t\t\t\n\t\t\t\n\t\t<\/div>\n\t\t\t\t\t<\/div>\n\n\t\n<\/div>","protected":false},"excerpt":{"rendered":"<p>Buy Canadian Driving License We make it easy for you to obtain a driver\u2019s license from any part of Canada without ever having to do a driving license test or examination. Buy Canadian Driving license People buy Canadian driving license from us because their driving license are denied, Revoked, Restricted or they keep failing the [&#8230;]","protected":false},"author":1,"featured_media":0,"parent":0,"menu_order":0,"comment_status":"closed","ping_status":"closed","template":"page-left-sidebar.php","meta":{"footnotes":""},"class_list":["post-72","page","type-page","status-publish","hentry"],"_links":{"self":[{"href":"https:\/\/documentationsolution.com\/de\/wp-json\/wp\/v2\/pages\/72","targetHints":{"allow":["GET"]}}],"collection":[{"href":"https:\/\/documentationsolution.com\/de\/wp-json\/wp\/v2\/pages"}],"about":[{"href":"https:\/\/documentationsolution.com\/de\/wp-json\/wp\/v2\/types\/page"}],"author":[{"embeddable":true,"href":"https:\/\/documentationsolution.com\/de\/wp-json\/wp\/v2\/users\/1"}],"replies":[{"embeddable":true,"href":"https:\/\/documentationsolution.com\/de\/wp-json\/wp\/v2\/comments?post=72"}],"version-history":[{"count":0,"href":"https:\/\/documentationsolution.com\/de\/wp-json\/wp\/v2\/pages\/72\/revisions"}],"wp:attachment":[{"href":"https:\/\/documentationsolution.com\/de\/wp-json\/wp\/v2\/media?parent=72"}],"curies":[{"name":"wp","href":"https:\/\/api.w.org\/{rel}","templated":true}]}}